{"id":54089,"date":"2025-05-23T16:57:50","date_gmt":"2025-05-23T16:57:50","guid":{"rendered":"https:\/\/snus-malmo.se\/?post_type=product&#038;p=54089"},"modified":"2025-11-24T20:33:13","modified_gmt":"2025-11-24T20:33:13","slug":"velo-breezy-mango-6mg","status":"publish","type":"product","link":"https:\/\/snus-malmo.se\/sv\/produkt\/velo-breezy-mango-6mg\/","title":{"rendered":"VELO Breezy Mango 6mg"},"content":{"rendered":"<h1>VELO Breezy Mango 6mg<\/h1>\n<h2 data-start=\"251\" data-end=\"307\">VELO Breezy Mango \u2013 L\u00e4tt, fruktig &amp; tropiskt s\u00f6t smak<\/h2>\n<p data-start=\"309\" data-end=\"598\"><strong data-start=\"309\" data-end=\"330\">VELO Breezy Mango<\/strong> \u00e4r ett tobaksfritt vitt snus med en <strong data-start=\"367\" data-end=\"399\">l\u00e4tt, solmogen smak av mango<\/strong>. Med sin tropiska karakt\u00e4r och milda s\u00f6tma ger denna nikotinportion en <strong data-start=\"471\" data-end=\"508\">avslappnad och fruktig upplevelse<\/strong>, perfekt f\u00f6r dig som f\u00f6redrar snus med en mjukare smakprofil men \u00e4nd\u00e5 en tydlig karakt\u00e4r.<\/p>\n<p data-start=\"600\" data-end=\"836\">Portionerna levereras i <strong data-start=\"624\" data-end=\"639\">slim-format<\/strong>, vilket g\u00f6r dem diskreta under l\u00e4ppen och bekv\u00e4ma att anv\u00e4nda i alla situationer. Produkten \u00e4r helt tobaksfri, men inneh\u00e5ller nikotin \u2013 en perfekt kombination f\u00f6r dig som vill ha smak f\u00f6re styrka.<\/p>\n<hr data-start=\"838\" data-end=\"841\" \/>\n<h3 data-start=\"843\" data-end=\"880\">\u2714\ufe0f F\u00f6rdelar med VELO Breezy Mango<\/h3>\n<ul data-start=\"882\" data-end=\"1103\">\n<li data-start=\"882\" data-end=\"912\">\n<p data-start=\"884\" data-end=\"912\"><strong data-start=\"884\" data-end=\"910\">Mjuk och s\u00f6t mangosmak<\/strong><\/p>\n<\/li>\n<li data-start=\"913\" data-end=\"954\">\n<p data-start=\"915\" data-end=\"954\"><strong data-start=\"915\" data-end=\"952\">Slim-format \u2013 diskret och bekv\u00e4mt<\/strong><\/p>\n<\/li>\n<li data-start=\"955\" data-end=\"991\">\n<p data-start=\"957\" data-end=\"991\"><strong data-start=\"957\" data-end=\"989\">Tobaksfritt snus med nikotin<\/strong><\/p>\n<\/li>\n<li data-start=\"992\" data-end=\"1052\">\n<p data-start=\"994\" data-end=\"1052\"><strong data-start=\"994\" data-end=\"1050\">Passar perfekt till dig som f\u00f6redrar fruktiga smaker<\/strong><\/p>\n<\/li>\n<li data-start=\"1053\" data-end=\"1103\">\n<p data-start=\"1055\" data-end=\"1103\"><strong data-start=\"1055\" data-end=\"1103\">Producerad av British American Tobacco (BAT)<\/strong><\/p>\n<\/li>\n<\/ul>\n<hr data-start=\"1105\" data-end=\"1108\" \/>\n<h3 data-start=\"1110\" data-end=\"1140\">\ud83e\udd6d Produktspecifikationer:<\/h3>\n<ul data-start=\"1142\" data-end=\"1466\">\n<li data-start=\"1142\" data-end=\"1176\">\n<p data-start=\"1144\" data-end=\"1176\"><strong data-start=\"1144\" data-end=\"1156\">Produkt:<\/strong> VELO Breezy Mango<\/p>\n<\/li>\n<li data-start=\"1177\" data-end=\"1221\">\n<p data-start=\"1179\" data-end=\"1221\"><strong data-start=\"1179\" data-end=\"1188\">Smak:<\/strong> Mango \u2013 fruktig, s\u00f6t &amp; tropisk<\/p>\n<\/li>\n<li data-start=\"1222\" data-end=\"1258\">\n<p data-start=\"1224\" data-end=\"1258\"><strong data-start=\"1224\" data-end=\"1232\">Typ:<\/strong> Vitt snus (tobaksfritt)<\/p>\n<\/li>\n<li data-start=\"1259\" data-end=\"1279\">\n<p data-start=\"1261\" data-end=\"1279\"><strong data-start=\"1261\" data-end=\"1272\">Format:<\/strong> Slim<\/p>\n<\/li>\n<li data-start=\"1280\" data-end=\"1327\">\n<p data-start=\"1282\" data-end=\"1327\"><strong data-start=\"1282\" data-end=\"1293\">Styrka:<\/strong> Normal (medelstark nikotinniv\u00e5)<\/p>\n<\/li>\n<li data-start=\"1328\" data-end=\"1379\">\n<p data-start=\"1330\" data-end=\"1379\"><strong data-start=\"1330\" data-end=\"1346\">Nikotinhalt:<\/strong> ca 10 mg\/portion (kan variera)<\/p>\n<\/li>\n<li data-start=\"1380\" data-end=\"1416\">\n<p data-start=\"1382\" data-end=\"1416\"><strong data-start=\"1382\" data-end=\"1411\">Antal portioner per dosa:<\/strong> 20<\/p>\n<\/li>\n<li data-start=\"1417\" data-end=\"1466\">\n<p data-start=\"1419\" data-end=\"1466\"><strong data-start=\"1419\" data-end=\"1435\">Tillverkare:<\/strong> British American Tobacco (BAT)<\/p>\n<\/li>\n<\/ul>\n<hr data-start=\"1468\" data-end=\"1471\" \/>\n<h2 data-start=\"1473\" data-end=\"1509\">\ud83c\udf08 VELO-sortimentet hos Veloop.se<\/h2>\n<p data-start=\"1511\" data-end=\"1629\">Oavsett om du gillar stark mint eller mjuka frukttoner, har vi r\u00e4tt VELO f\u00f6r dig! Utforska v\u00e5rt uppdaterade sortiment:<\/p>\n<ul data-start=\"1631\" data-end=\"3560\">\n<li data-start=\"1631\" data-end=\"1694\">\n<p data-start=\"1633\" data-end=\"1694\"><strong data-start=\"1633\" data-end=\"1659\">VELO Arctic Grapefruit<\/strong> \u2013 Frisk grapefrukt med kylig ton<\/p>\n<\/li>\n<li data-start=\"1695\" data-end=\"1750\">\n<p data-start=\"1697\" data-end=\"1750\"><strong data-start=\"1697\" data-end=\"1720\">VELO Blue Raspberry<\/strong> \u2013 S\u00f6t och syrlig bl\u00e5 hallon<\/p>\n<\/li>\n<li data-start=\"1751\" data-end=\"1801\">\n<p data-start=\"1753\" data-end=\"1801\"><strong data-start=\"1753\" data-end=\"1774\">VELO Blushy Berry<\/strong> \u2013 Mjuk smak av ljusa b\u00e4r<\/p>\n<\/li>\n<li data-start=\"1802\" data-end=\"1855\">\n<p data-start=\"1804\" data-end=\"1855\"><strong data-start=\"1804\" data-end=\"1825\">VELO Breezy Mango<\/strong> \u2013 L\u00e4tt och tropisk mangoton<\/p>\n<\/li>\n<li data-start=\"1856\" data-end=\"1915\">\n<p data-start=\"1858\" data-end=\"1915\"><strong data-start=\"1858\" data-end=\"1888\">VELO Bright Spearmint Mini<\/strong> \u2013 Mild och s\u00f6t spearmint<\/p>\n<\/li>\n<li data-start=\"1916\" data-end=\"1984\">\n<p data-start=\"1918\" data-end=\"1984\"><strong data-start=\"1918\" data-end=\"1949\">VELO Crispy Peppermint Mini<\/strong> \u2013 Stark pepparmint i mini-format<\/p>\n<\/li>\n<li data-start=\"1985\" data-end=\"2061\">\n<p data-start=\"1987\" data-end=\"2061\"><strong data-start=\"1987\" data-end=\"2018\">VELO Crispy Peppermint Slim<\/strong> \u2013 Klassisk pepparmint med kylande effekt<\/p>\n<\/li>\n<li data-start=\"2062\" data-end=\"2135\">\n<p data-start=\"2064\" data-end=\"2135\"><strong data-start=\"2064\" data-end=\"2095\">VELO Crispy Peppermint Zero<\/strong> \u2013 Tobaksfri och nikotinfri pepparmint<\/p>\n<\/li>\n<li data-start=\"2136\" data-end=\"2219\">\n<p data-start=\"2138\" data-end=\"2219\"><strong data-start=\"2138\" data-end=\"2174\">VELO Freezing Peppermint 10,9 MG<\/strong> \u2013 Isig och frisk pepparmint, medium styrka<\/p>\n<\/li>\n<li data-start=\"2220\" data-end=\"2292\">\n<p data-start=\"2222\" data-end=\"2292\"><strong data-start=\"2222\" data-end=\"2256\">VELO Freezing Peppermint 14 MG<\/strong> \u2013 Iskall pepparmint, stark styrka<\/p>\n<\/li>\n<li data-start=\"2293\" data-end=\"2362\">\n<p data-start=\"2295\" data-end=\"2362\"><strong data-start=\"2295\" data-end=\"2329\">VELO Freezing Peppermint 17 MG<\/strong> \u2013 Maxad kyla och nikotinstyrka<\/p>\n<\/li>\n<li data-start=\"2363\" data-end=\"2428\">\n<p data-start=\"2365\" data-end=\"2428\"><strong data-start=\"2365\" data-end=\"2389\">VELO Green Spearmint<\/strong> \u2013 Fr\u00e4sch spearmint med mjuk karakt\u00e4r<\/p>\n<\/li>\n<li data-start=\"2429\" data-end=\"2497\">\n<p data-start=\"2431\" data-end=\"2497\"><strong data-start=\"2431\" data-end=\"2457\">VELO Groovy Grape Mini<\/strong> \u2013 L\u00e4tt och s\u00f6t druvsmak i mini-format<\/p>\n<\/li>\n<li data-start=\"2498\" data-end=\"2550\">\n<p data-start=\"2500\" data-end=\"2550\"><strong data-start=\"2500\" data-end=\"2520\">VELO Icy Berries<\/strong> \u2013 B\u00e4rmix med kylande k\u00e4nsla<\/p>\n<\/li>\n<li data-start=\"2551\" data-end=\"2607\">\n<p data-start=\"2553\" data-end=\"2607\"><strong data-start=\"2553\" data-end=\"2572\">VELO Icy Cherry<\/strong> \u2013 S\u00f6t k\u00f6rsb\u00e4rssmak med sval mint<\/p>\n<\/li>\n<li data-start=\"2608\" data-end=\"2661\">\n<p data-start=\"2610\" data-end=\"2661\"><strong data-start=\"2610\" data-end=\"2629\">VELO Lime Flame<\/strong> \u2013 Syrlig lime med citrussting<\/p>\n<\/li>\n<li data-start=\"2662\" data-end=\"2720\">\n<p data-start=\"2664\" data-end=\"2720\"><strong data-start=\"2664\" data-end=\"2684\">VELO Mango Flame<\/strong> \u2013 Fruktig mango med kryddig hetta<\/p>\n<\/li>\n<li data-start=\"2721\" data-end=\"2779\">\n<p data-start=\"2723\" data-end=\"2779\"><strong data-start=\"2723\" data-end=\"2752\">VELO McLaren Sweet Papaya<\/strong> \u2013 Exotisk och s\u00f6t papaya<\/p>\n<\/li>\n<li data-start=\"2780\" data-end=\"2836\">\n<p data-start=\"2782\" data-end=\"2836\"><strong data-start=\"2782\" data-end=\"2803\">VELO Orange Spark<\/strong> \u2013 Frisk apelsin med citruskick<\/p>\n<\/li>\n<li data-start=\"2837\" data-end=\"2909\">\n<p data-start=\"2839\" data-end=\"2909\"><strong data-start=\"2839\" data-end=\"2864\">VELO Peppermint Storm<\/strong> \u2013 Intensiv pepparmint med kraftfull effekt<\/p>\n<\/li>\n<li data-start=\"2910\" data-end=\"2969\">\n<p data-start=\"2912\" data-end=\"2969\"><strong data-start=\"2912\" data-end=\"2937\">VELO Punchy Lime Mini<\/strong> \u2013 Skarp lime i kompakt format<\/p>\n<\/li>\n<li data-start=\"2970\" data-end=\"3037\">\n<p data-start=\"2972\" data-end=\"3037\"><strong data-start=\"2972\" data-end=\"2998\">VELO Purple Grape Mini<\/strong> \u2013 S\u00f6t och saftig druva i mini-format<\/p>\n<\/li>\n<li data-start=\"3038\" data-end=\"3108\">\n<p data-start=\"3040\" data-end=\"3108\"><strong data-start=\"3040\" data-end=\"3068\">VELO Purple Grape Strong<\/strong> \u2013 Djup druvsmak med stark nikotinkick<\/p>\n<\/li>\n<li data-start=\"3109\" data-end=\"3172\">\n<p data-start=\"3111\" data-end=\"3172\"><strong data-start=\"3111\" data-end=\"3135\">VELO Salty Liquorice<\/strong> \u2013 Saltlakrits med kraftig karakt\u00e4r<\/p>\n<\/li>\n<li data-start=\"3173\" data-end=\"3236\">\n<p data-start=\"3175\" data-end=\"3236\"><strong data-start=\"3175\" data-end=\"3205\">VELO Simply Spearmint Mini<\/strong> \u2013 Enkel och fr\u00e4sch spearmint<\/p>\n<\/li>\n<li data-start=\"3237\" data-end=\"3302\">\n<p data-start=\"3239\" data-end=\"3302\"><strong data-start=\"3239\" data-end=\"3262\">VELO Sour Lime Mini<\/strong> \u2013 Syrlig lime med tydlig citrusprofil<\/p>\n<\/li>\n<li data-start=\"3303\" data-end=\"3370\">\n<p data-start=\"3305\" data-end=\"3370\"><strong data-start=\"3305\" data-end=\"3334\">VELO Tropical Mango 14 MG<\/strong> \u2013 S\u00f6t mango med tropisk fyllighet<\/p>\n<\/li>\n<li data-start=\"3371\" data-end=\"3424\">\n<p data-start=\"3373\" data-end=\"3424\"><strong data-start=\"3373\" data-end=\"3401\">VELO Tropical Mango Zero<\/strong> \u2013 Mango utan nikotin<\/p>\n<\/li>\n<li data-start=\"3425\" data-end=\"3490\">\n<p data-start=\"3427\" data-end=\"3490\"><strong data-start=\"3427\" data-end=\"3458\">VELO Wintry Watermelon Mini<\/strong> \u2013 Vattenmelon med mintig kyla<\/p>\n<\/li>\n<li data-start=\"3491\" data-end=\"3560\">\n<p data-start=\"3493\" data-end=\"3560\"><strong data-start=\"3493\" data-end=\"3519\">VELO Zesty Elderflower<\/strong> \u2013 Blommig fl\u00e4der med frisk citrusnyans<\/p>\n<\/li>\n<\/ul>\n<hr data-start=\"3562\" data-end=\"3565\" \/>\n<h2 data-start=\"3567\" data-end=\"3612\">\ud83d\ude80 Best\u00e4ll VELO Breezy Mango hos Veloop.se<\/h2>\n<p data-start=\"3614\" data-end=\"3788\">Vill du ha en <strong data-start=\"3628\" data-end=\"3666\">mjuk och fruktig nikotinupplevelse<\/strong> med tropiska toner? D\u00e5 \u00e4r VELO Breezy Mango ett utm\u00e4rkt val. Best\u00e4ll enkelt online och utforska hela VELO-serien hos oss.<\/p>\n<p data-start=\"3790\" data-end=\"3900\">\ud83d\uded2 <strong data-start=\"3793\" data-end=\"3900\"><a class=\"\" href=\"https:\/\/snus-malmo.se\/sv\/produkt-kategori\/velo\/\" target=\"_new\" rel=\"noopener\" data-start=\"3795\" data-end=\"3898\">Klicka hem din favorit fr\u00e5n VELO idag \u2013 bara hos Veloop.se!<\/a><\/strong><\/p>","protected":false},"excerpt":{"rendered":"<h1>VELO Breezy Mango 6mg<\/h1>\n<h2 data-start=\"251\" data-end=\"307\">VELO Breezy Mango \u2013 L\u00e4tt, fruktig &amp; tropiskt s\u00f6t smak<\/h2>\n<p data-start=\"3614\" data-end=\"3788\">VELO Breezy Mango \u2013 fruktig mangosmak i slim-format. Tobaksfritt vitt snus med nikotin. Handla enkelt online hos Veloop.se!<\/p>\n<p data-start=\"3790\" data-end=\"3900\">\ud83d\uded2 <strong data-start=\"3793\" data-end=\"3900\"><a class=\"\" href=\"https:\/\/snus-malmo.se\/sv\/produkt-kategori\/velo\/\" target=\"_new\" rel=\"noopener\" data-start=\"3795\" data-end=\"3898\">Klicka hem din favorit fr\u00e5n VELO idag \u2013 bara hos Veloop.se!<\/a><\/strong><\/p>","protected":false},"featured_media":60589,"comment_status":"open","ping_status":"closed","template":"","meta":[],"product_brand":[326],"product_cat":[136,137,255],"product_tag":[],"class_list":{"0":"post-54089","1":"product","2":"type-product","3":"status-publish","4":"has-post-thumbnail","6":"product_brand-velo","7":"product_cat-all-whites","8":"product_cat-slim","9":"product_cat-velo","11":"first","12":"instock","13":"taxable","14":"shipping-taxable","15":"purchasable","16":"product-type-variable"},"_links":{"self":[{"href":"https:\/\/snus-malmo.se\/sv\/wp-json\/wp\/v2\/product\/54089","targetHints":{"allow":["GET"]}}],"collection":[{"href":"https:\/\/snus-malmo.se\/sv\/wp-json\/wp\/v2\/product"}],"about":[{"href":"https:\/\/snus-malmo.se\/sv\/wp-json\/wp\/v2\/types\/product"}],"replies":[{"embeddable":true,"href":"https:\/\/snus-malmo.se\/sv\/wp-json\/wp\/v2\/comments?post=54089"}],"version-history":[{"count":0,"href":"https:\/\/snus-malmo.se\/sv\/wp-json\/wp\/v2\/product\/54089\/revisions"}],"wp:featuredmedia":[{"embeddable":true,"href":"https:\/\/snus-malmo.se\/sv\/wp-json\/wp\/v2\/media\/60589"}],"wp:attachment":[{"href":"https:\/\/snus-malmo.se\/sv\/wp-json\/wp\/v2\/media?parent=54089"}],"wp:term":[{"taxonomy":"product_brand","embeddable":true,"href":"https:\/\/snus-malmo.se\/sv\/wp-json\/wp\/v2\/product_brand?post=54089"},{"taxonomy":"product_cat","embeddable":true,"href":"https:\/\/snus-malmo.se\/sv\/wp-json\/wp\/v2\/product_cat?post=54089"},{"taxonomy":"product_tag","embeddable":true,"href":"https:\/\/snus-malmo.se\/sv\/wp-json\/wp\/v2\/product_tag?post=54089"}],"curies":[{"name":"wp","href":"https:\/\/api.w.org\/{rel}","templated":true}]}}