{"id":54093,"date":"2025-05-23T16:57:50","date_gmt":"2025-05-23T16:57:50","guid":{"rendered":"https:\/\/snus-malmo.se\/?post_type=product&#038;p=54093"},"modified":"2025-07-16T12:29:28","modified_gmt":"2025-07-16T12:29:28","slug":"bagz-chilli-lime-x-strong","status":"publish","type":"product","link":"https:\/\/snus-malmo.se\/sv\/produkt\/bagz-chilli-lime-x-strong\/","title":{"rendered":"BAGZ Chilli Lime X-strong"},"content":{"rendered":"<div class=\"product__description rte quick-add-hidden\">\n<h2><strong>BAGZ Chilli Lime X-strong<\/strong><\/h2>\n<p>En fascinerande kombination av kryddig chili och syrlig limefrukt med en stark nikotinhalt.<\/p>\n<p>Bagz Chili Lime \u00e4r idealiskt f\u00f6r snusare som f\u00f6redrar ett kraftfull snus, med en nikotinstyrka p\u00e5 20 mg\/g. Den intensiva smaken av chili med subtila toner av lime passar perfekt f\u00f6r dem som uppskattar en kryddig och syrlig smak. Nikotinp\u00e5sarnas fuktighet \u00e4r noggrant balanserad f\u00f6r att s\u00e4kerst\u00e4lla en j\u00e4mn fris\u00e4ttning av b\u00e5de smak och nikotin under en l\u00e4ngre tid.<\/p>\n<p>Varje dosa av Bagz Chili Lime inneh\u00e5ller 22 v\u00e4lformade nikotinp\u00e5sar, vilket ger en konsekvent och p\u00e5litlig dos av nikotin. Detta \u00e4r en snusprodukt som erbjuder en kraftfull nikotineffekt utan att kompromissa med smak eller kvalitet.<\/p>\n<p><strong>Info om BAGZ Berry Cool X-Strong:<\/strong><\/p>\n<p>Smak: Kryddig chili med lime<\/p>\n<p>Format: Slim<\/p>\n<p>Styrka: Extra Stark<\/p>\n<p>Nikotinstyrka mg\/portion: 18 mg<\/p>\n<p>Nikotinstyrka: mg\/g: 20 mg<\/p>\n<p>Antal Portioner\u00a0per dosa: 22<\/p>\n<p>Tillverkare:\u00a0Flameclub SWEDEN AB<\/p>\n<\/div>\n<p>&nbsp;<\/p>","protected":false},"excerpt":{"rendered":"<h2><strong>BAGZ Chilli Lime X-strong<\/strong><\/h2>\n<p>En fascinerande kombination av kryddig chili och syrlig limefrukt med en stark nikotinhalt.<\/p>\n<p>Bagz Chili Lime \u00e4r idealiskt f\u00f6r snusare som f\u00f6redrar ett kraftfull snus, med en nikotinstyrka p\u00e5 20 mg\/g. Den intensiva smaken av chili med subtila toner av lime passar perfekt f\u00f6r dem som uppskattar en kryddig och syrlig smak. Nikotinp\u00e5sarnas fuktighet \u00e4r noggrant balanserad f\u00f6r att s\u00e4kerst\u00e4lla en j\u00e4mn fris\u00e4ttning av b\u00e5de smak och nikotin under en l\u00e4ngre tid.<\/p>","protected":false},"featured_media":18975,"comment_status":"open","ping_status":"closed","template":"","meta":[],"product_brand":[],"product_cat":[136],"product_tag":[],"class_list":{"0":"post-54093","1":"product","2":"type-product","3":"status-publish","4":"has-post-thumbnail","6":"product_cat-all-whites","8":"first","9":"instock","10":"taxable","11":"shipping-taxable","12":"purchasable","13":"product-type-variable"},"_links":{"self":[{"href":"https:\/\/snus-malmo.se\/sv\/wp-json\/wp\/v2\/product\/54093","targetHints":{"allow":["GET"]}}],"collection":[{"href":"https:\/\/snus-malmo.se\/sv\/wp-json\/wp\/v2\/product"}],"about":[{"href":"https:\/\/snus-malmo.se\/sv\/wp-json\/wp\/v2\/types\/product"}],"replies":[{"embeddable":true,"href":"https:\/\/snus-malmo.se\/sv\/wp-json\/wp\/v2\/comments?post=54093"}],"version-history":[{"count":0,"href":"https:\/\/snus-malmo.se\/sv\/wp-json\/wp\/v2\/product\/54093\/revisions"}],"wp:featuredmedia":[{"embeddable":true,"href":"https:\/\/snus-malmo.se\/sv\/wp-json\/wp\/v2\/media\/18975"}],"wp:attachment":[{"href":"https:\/\/snus-malmo.se\/sv\/wp-json\/wp\/v2\/media?parent=54093"}],"wp:term":[{"taxonomy":"product_brand","embeddable":true,"href":"https:\/\/snus-malmo.se\/sv\/wp-json\/wp\/v2\/product_brand?post=54093"},{"taxonomy":"product_cat","embeddable":true,"href":"https:\/\/snus-malmo.se\/sv\/wp-json\/wp\/v2\/product_cat?post=54093"},{"taxonomy":"product_tag","embeddable":true,"href":"https:\/\/snus-malmo.se\/sv\/wp-json\/wp\/v2\/product_tag?post=54093"}],"curies":[{"name":"wp","href":"https:\/\/api.w.org\/{rel}","templated":true}]}}