{"id":54135,"date":"2025-05-23T16:57:52","date_gmt":"2025-05-23T16:57:52","guid":{"rendered":"https:\/\/snus-malmo.se\/?post_type=product&#038;p=54135"},"modified":"2025-11-29T10:48:43","modified_gmt":"2025-11-29T10:48:43","slug":"on-plus-smooth-mint-slim","status":"publish","type":"product","link":"https:\/\/snus-malmo.se\/sv\/produkt\/on-plus-smooth-mint-slim\/","title":{"rendered":"On! Plus Smooth Mint Slim"},"content":{"rendered":"<article class=\"product-text\">Nikotinp\u00e5sarna On! Plus Smooth Mint Slim har ett slimmat format och en smak av mint. En prilla Plus Smooth Mint Slim har nikotinstyrka 2\/4 vilket r\u00e4knas som normal styrka.<\/article>\n<div class=\"buy-pane\">\n<div class=\"tab-content buy-tabs-content\">\n<div id=\"buy\" class=\"tab-pane active\">\n<div>\n<div class=\"variants list\">\n<h2>Om produkten On! Plus Smooth Mint Slim<\/h2>\n<p>Den helvita prillan On! Plus Smooth Mint Slim \u00e4r en nikotinp\u00e5se helt fri fr\u00e5n tobak. Det h\u00e4r \u00e4r en mjuk prilla som \u00e4r tillverkad av v\u00e4xtfiber och som inneh\u00e5ller nikotin utvunnet ur tobaksplantan. P\u00e5sen inneh\u00e5ller ocks\u00e5 aromer som ger prillan en smak av mint. En dosa Plus Smooth Mint Slim fr\u00e5n On! rymmer 20 stycken nikotinportioner.<\/p>\n<ul>\n<li>Varum\u00e4rke: On!<\/li>\n<li>Tillverkare: Helix Sweden<\/li>\n<li>Smak: Mint<\/li>\n<li>Format: Slim<\/li>\n<li>Produkttyp: All white portion<\/li>\n<li>Antal per dosa: 20<\/li>\n<li>Nikotinhalt: 8,4 mg\/g<\/li>\n<li>Styrka: Normal<\/li>\n<\/ul>\n<h2>Nikotinhalt i On! Plus Smooth Mint Slim<\/h2>\n<p>Portionerna i Plus Smooth Mint Slim \u00e4r nikotinp\u00e5sar med en normal nikotinstyrka som har ett nikotininneh\u00e5ll p\u00e5 8,4 milligram nikotin per gram. On! Plus Smooth Mint Slim inneh\u00e5ller tillsatt nikotinsalt.<\/p>\n<h2>Om On! all white portioner<\/h2>\n<p>I sortimentet fr\u00e5n svensktillverkade varum\u00e4rket\u00a0On!\u00a0finns all white-portioner med olika smak och nikotinstyrka. Som exempelvis Plus Smooth Mint Slim med normal styrka.<\/p>\n<\/div>\n<\/div>\n<\/div>\n<\/div>\n<\/div>","protected":false},"excerpt":{"rendered":"<article class=\"product-text\">Nikotinp\u00e5sarna On! Plus Smooth Mint Slim har ett slimmat format och en smak av mint. En prilla Plus Smooth Mint Slim har nikotinstyrka 2\/4 vilket r\u00e4knas som normal styrka.<\/article>\n<div class=\"buy-pane\">\n<div class=\"tab-content buy-tabs-content\">\n<div id=\"buy\" class=\"tab-pane active\">\n<div>\n<div class=\"variants list\">\n<h2>Om produkten On! Plus Smooth Mint Slim<\/h2>\n<p>Den helvita prillan On! Plus Smooth Mint Slim \u00e4r en nikotinp\u00e5se helt fri fr\u00e5n tobak. Det h\u00e4r \u00e4r en mjuk prilla som \u00e4r tillverkad av v\u00e4xtfiber och som inneh\u00e5ller nikotin utvunnet ur tobaksplantan. P\u00e5sen inneh\u00e5ller ocks\u00e5 aromer som ger prillan en smak av mint. En dosa Plus Smooth Mint Slim fr\u00e5n On! rymmer 20 stycken nikotinportioner.<\/p>\n<\/div>\n<\/div>\n<\/div>\n<\/div>\n<\/div>","protected":false},"featured_media":19033,"comment_status":"open","ping_status":"closed","template":"","meta":[],"product_brand":[],"product_cat":[136],"product_tag":[],"class_list":{"0":"post-54135","1":"product","2":"type-product","3":"status-publish","4":"has-post-thumbnail","6":"product_cat-all-whites","8":"first","9":"instock","10":"taxable","11":"shipping-taxable","12":"purchasable","13":"product-type-variable"},"_links":{"self":[{"href":"https:\/\/snus-malmo.se\/sv\/wp-json\/wp\/v2\/product\/54135","targetHints":{"allow":["GET"]}}],"collection":[{"href":"https:\/\/snus-malmo.se\/sv\/wp-json\/wp\/v2\/product"}],"about":[{"href":"https:\/\/snus-malmo.se\/sv\/wp-json\/wp\/v2\/types\/product"}],"replies":[{"embeddable":true,"href":"https:\/\/snus-malmo.se\/sv\/wp-json\/wp\/v2\/comments?post=54135"}],"version-history":[{"count":0,"href":"https:\/\/snus-malmo.se\/sv\/wp-json\/wp\/v2\/product\/54135\/revisions"}],"wp:featuredmedia":[{"embeddable":true,"href":"https:\/\/snus-malmo.se\/sv\/wp-json\/wp\/v2\/media\/19033"}],"wp:attachment":[{"href":"https:\/\/snus-malmo.se\/sv\/wp-json\/wp\/v2\/media?parent=54135"}],"wp:term":[{"taxonomy":"product_brand","embeddable":true,"href":"https:\/\/snus-malmo.se\/sv\/wp-json\/wp\/v2\/product_brand?post=54135"},{"taxonomy":"product_cat","embeddable":true,"href":"https:\/\/snus-malmo.se\/sv\/wp-json\/wp\/v2\/product_cat?post=54135"},{"taxonomy":"product_tag","embeddable":true,"href":"https:\/\/snus-malmo.se\/sv\/wp-json\/wp\/v2\/product_tag?post=54135"}],"curies":[{"name":"wp","href":"https:\/\/api.w.org\/{rel}","templated":true}]}}