{"id":54136,"date":"2025-05-23T16:57:52","date_gmt":"2025-05-23T16:57:52","guid":{"rendered":"https:\/\/snus-malmo.se\/?post_type=product&#038;p=54136"},"modified":"2025-11-29T10:48:40","modified_gmt":"2025-11-29T10:48:40","slug":"on-grapefruit-spritz","status":"publish","type":"product","link":"https:\/\/snus-malmo.se\/sv\/produkt\/on-grapefruit-spritz\/","title":{"rendered":"On! Grapefruit Spritz"},"content":{"rendered":"<article class=\"product-text\">Nikotinp\u00e5sen On! Grapefruit Spritz regular \u00e4r en all white-portion som har en normalstark halt av nikotin. Den h\u00e4r varianten av On! snus \u00e4r smaksatt med grapefrukt och vita vinb\u00e4r.<\/article>\n<div class=\"buy-pane\">\n<div class=\"tab-content buy-tabs-content\">\n<div id=\"buy\" class=\"tab-pane active\">\n<div>\n<div class=\"variants list\"><\/div>\n<div class=\"variants list\">\n<h2>Om produkten On! Grapefruit Spritz<\/h2>\n<p><strong>All white On! Grapefruit Spritz regular<\/strong><br \/>\nNikotinportion Grapefruit Spritz regular fr\u00e5n On! \u00e4r en tobaksfri all white-prilla som har l\u00e5g rinnighet. Prillan kommer best\u00e5r av en p\u00e5se i miniformat d\u00e4r dess yta \u00e4r torr och perforerad, medan inneh\u00e5llet \u00e4r fuktigt. I en dosa On! Grapefruit Spritz regular finns 20 stycken portioner och i locket finns ett extra utrymme f\u00f6r anv\u00e4nda p\u00e5sar.<\/p>\n<ul>\n<li>Varum\u00e4rke: On!<\/li>\n<li>Tillverkare: R\u00e5\u00e5<\/li>\n<li>Smak: Citrus<\/li>\n<li>Format: Mini<\/li>\n<li>Produkttyp: All white<\/li>\n<li>Antal per dosa: 20<\/li>\n<li>Nikotinhalt: 9,5 mg\/g<\/li>\n<li>Styrka: Normal<\/li>\n<\/ul>\n<p><strong>Nikotinhalt i On! Grapefruit Spritz regular<\/strong><br \/>\nDen h\u00e4r prillan fr\u00e5n On! har en nikotinhalt som r\u00e4knas som normalstark styrka. On! Grapefruit Spritz regular best\u00e5r av nikotinp\u00e5sar med ett inneh\u00e5ll av nikotin p\u00e5 9,5 milligram nikotin per gram.<\/p>\n<p><strong>Om On! normal styrka<\/strong><br \/>\nNikotinp\u00e5sar fr\u00e5n On!\u00a0finns att k\u00f6pa i flera olika smaker och med varierande styrka. Varianten Grapefruit Spritz regular tillh\u00f6r varum\u00e4rkets sortiment av normalstarka all white-p\u00e5sar med nikotinstyrka 2\/4.<\/p>\n<\/div>\n<\/div>\n<\/div>\n<\/div>\n<\/div>","protected":false},"excerpt":{"rendered":"<article class=\"product-text\">Nikotinp\u00e5sen On! Grapefruit Spritz regular \u00e4r en all white-portion som har en normalstark halt av nikotin. Den h\u00e4r varianten av On! snus \u00e4r smaksatt med grapefrukt och vita vinb\u00e4r.<\/article>\n<div class=\"buy-pane\">\n<div class=\"tab-content buy-tabs-content\">\n<div id=\"buy\" class=\"tab-pane active\">\n<div>\n<div class=\"variants list\"><\/div>\n<div class=\"variants list\">\n<h2>Om produkten On! Grapefruit Spritz<\/h2>\n<p><strong>All white On! Grapefruit Spritz regular<\/strong><br \/>\nNikotinportion Grapefruit Spritz regular fr\u00e5n On! \u00e4r en tobaksfri all white-prilla som har l\u00e5g rinnighet. Prillan kommer best\u00e5r av en p\u00e5se i miniformat d\u00e4r dess yta \u00e4r torr och perforerad, medan inneh\u00e5llet \u00e4r fuktigt. I en dosa On! Grapefruit Spritz regular finns 20 stycken portioner och i locket finns ett extra utrymme f\u00f6r anv\u00e4nda p\u00e5sar.<\/p>\n<\/div>\n<\/div>\n<\/div>\n<\/div>\n<\/div>","protected":false},"featured_media":19036,"comment_status":"open","ping_status":"closed","template":"","meta":[],"product_brand":[],"product_cat":[136],"product_tag":[],"class_list":{"0":"post-54136","1":"product","2":"type-product","3":"status-publish","4":"has-post-thumbnail","6":"product_cat-all-whites","8":"first","9":"instock","10":"taxable","11":"shipping-taxable","12":"purchasable","13":"product-type-variable"},"_links":{"self":[{"href":"https:\/\/snus-malmo.se\/sv\/wp-json\/wp\/v2\/product\/54136","targetHints":{"allow":["GET"]}}],"collection":[{"href":"https:\/\/snus-malmo.se\/sv\/wp-json\/wp\/v2\/product"}],"about":[{"href":"https:\/\/snus-malmo.se\/sv\/wp-json\/wp\/v2\/types\/product"}],"replies":[{"embeddable":true,"href":"https:\/\/snus-malmo.se\/sv\/wp-json\/wp\/v2\/comments?post=54136"}],"version-history":[{"count":0,"href":"https:\/\/snus-malmo.se\/sv\/wp-json\/wp\/v2\/product\/54136\/revisions"}],"wp:featuredmedia":[{"embeddable":true,"href":"https:\/\/snus-malmo.se\/sv\/wp-json\/wp\/v2\/media\/19036"}],"wp:attachment":[{"href":"https:\/\/snus-malmo.se\/sv\/wp-json\/wp\/v2\/media?parent=54136"}],"wp:term":[{"taxonomy":"product_brand","embeddable":true,"href":"https:\/\/snus-malmo.se\/sv\/wp-json\/wp\/v2\/product_brand?post=54136"},{"taxonomy":"product_cat","embeddable":true,"href":"https:\/\/snus-malmo.se\/sv\/wp-json\/wp\/v2\/product_cat?post=54136"},{"taxonomy":"product_tag","embeddable":true,"href":"https:\/\/snus-malmo.se\/sv\/wp-json\/wp\/v2\/product_tag?post=54136"}],"curies":[{"name":"wp","href":"https:\/\/api.w.org\/{rel}","templated":true}]}}