{"id":54137,"date":"2025-05-23T16:57:53","date_gmt":"2025-05-23T16:57:53","guid":{"rendered":"https:\/\/snus-malmo.se\/?post_type=product&#038;p=54137"},"modified":"2025-07-16T22:02:59","modified_gmt":"2025-07-16T22:02:59","slug":"kapz-hot-watermelon-mint-mini-strong","status":"publish","type":"product","link":"https:\/\/snus-malmo.se\/sv\/produkt\/kapz-hot-watermelon-mint-mini-strong\/","title":{"rendered":"Kapz Hot Watermelon Mint Mini Strong"},"content":{"rendered":"<article class=\"product-text\">Nikotinportionerna Kapz Hot Watermelon Mint \u00e4r prillor med smak av frukt. Den h\u00e4r varianten av nikotinp\u00e5se fr\u00e5n Kapz snus kommer i ett miniformat och prillan har en stark nikotinstyrka.<\/article>\n<div class=\"buy-pane\">\n<div class=\"tab-content buy-tabs-content\">\n<div id=\"buy\" class=\"tab-pane active\">\n<div>\n<div class=\"variants list\">\n<h2>Om produkten Kapz Hot Watermelon Mint Mini Strong<\/h2>\n<p><strong>Kapz Hot Watermelon Mint med smakkapsel<\/strong><br \/>\nPrillan Kapz Hot Watermelon Mint kommer med en ny smakteknologi i form av en kapsel inuti p\u00e5sen. Den h\u00e4r varianten fr\u00e5n Kapz snus har smak av melon, chili och mint. De helvita p\u00e5sarna \u00e4r tillverkade av v\u00e4xtfiber och inneh\u00e5ller bland annat nikotin, smakaromer och vatten. P\u00e5sens yta \u00e4r torr samtidigt som inneh\u00e5llet \u00e4r fuktigt, vilket g\u00f6r att p\u00e5sen rinner mindre.<\/p>\n<ul>\n<li>Varum\u00e4rke: Kapz<\/li>\n<li>Tillverkare: Kapz AB<\/li>\n<li>Smak: Frukt<\/li>\n<li>Format: Mini<\/li>\n<li>Produkttyp: All white<\/li>\n<li>Antal per dosa: 20<\/li>\n<li>Nikotinhalt: 18.6 mg\/g<\/li>\n<li>Styrka: Stark<\/li>\n<\/ul>\n<p><strong>Nikotinhalt i Kapz Hot Watermelon Mint<\/strong><br \/>\nEn prilla Kapz Hot Watermelon Mint har en halt av nikotin som klassas som stark styrka. Hot Watermelon Mint \u00e4r nikotinp\u00e5sar som har ett nikotininneh\u00e5ll p\u00e5 18,6 milligram per gram.<\/p>\n<p><strong>Om Kapz snus stark styrka<\/strong><br \/>\nVarum\u00e4rket Kapz tillverkas i Sverige av Kapz AB. I sitt sortiment har de tobaksfria nikotinp\u00e5sar med bland annat fruktsmaker. All white p\u00e5sarna finns \u00e4ven med olika styrka, s\u00e5 som Hot Watermelon Mint med nikotinstyrka 3\/4.<\/p>\n<\/div>\n<\/div>\n<\/div>\n<\/div>\n<\/div>","protected":false},"excerpt":{"rendered":"<h2>Om produkten Kapz Hot Watermelon Mint Mini Strong<\/h2>\n<p><strong>Kapz Hot Watermelon Mint med smakkapsel<\/strong><br \/>\nPrillan Kapz Hot Watermelon Mint kommer med en ny smakteknologi i form av en kapsel inuti p\u00e5sen. Den h\u00e4r varianten fr\u00e5n Kapz snus har smak av melon, chili och mint. De helvita p\u00e5sarna \u00e4r tillverkade av v\u00e4xtfiber och inneh\u00e5ller bland annat nikotin, smakaromer och vatten. P\u00e5sens yta \u00e4r torr samtidigt som inneh\u00e5llet \u00e4r fuktigt, vilket g\u00f6r att p\u00e5sen rinner mindre.<\/p>","protected":false},"featured_media":19046,"comment_status":"open","ping_status":"closed","template":"","meta":[],"product_brand":[415],"product_cat":[136,214,137],"product_tag":[],"class_list":{"0":"post-54137","1":"product","2":"type-product","3":"status-publish","4":"has-post-thumbnail","6":"product_brand-kapz","7":"product_cat-all-whites","8":"product_cat-kapz","9":"product_cat-slim","11":"first","12":"instock","13":"taxable","14":"shipping-taxable","15":"purchasable","16":"product-type-variable"},"_links":{"self":[{"href":"https:\/\/snus-malmo.se\/sv\/wp-json\/wp\/v2\/product\/54137","targetHints":{"allow":["GET"]}}],"collection":[{"href":"https:\/\/snus-malmo.se\/sv\/wp-json\/wp\/v2\/product"}],"about":[{"href":"https:\/\/snus-malmo.se\/sv\/wp-json\/wp\/v2\/types\/product"}],"replies":[{"embeddable":true,"href":"https:\/\/snus-malmo.se\/sv\/wp-json\/wp\/v2\/comments?post=54137"}],"version-history":[{"count":0,"href":"https:\/\/snus-malmo.se\/sv\/wp-json\/wp\/v2\/product\/54137\/revisions"}],"wp:featuredmedia":[{"embeddable":true,"href":"https:\/\/snus-malmo.se\/sv\/wp-json\/wp\/v2\/media\/19046"}],"wp:attachment":[{"href":"https:\/\/snus-malmo.se\/sv\/wp-json\/wp\/v2\/media?parent=54137"}],"wp:term":[{"taxonomy":"product_brand","embeddable":true,"href":"https:\/\/snus-malmo.se\/sv\/wp-json\/wp\/v2\/product_brand?post=54137"},{"taxonomy":"product_cat","embeddable":true,"href":"https:\/\/snus-malmo.se\/sv\/wp-json\/wp\/v2\/product_cat?post=54137"},{"taxonomy":"product_tag","embeddable":true,"href":"https:\/\/snus-malmo.se\/sv\/wp-json\/wp\/v2\/product_tag?post=54137"}],"curies":[{"name":"wp","href":"https:\/\/api.w.org\/{rel}","templated":true}]}}