{"id":54141,"date":"2025-05-23T16:57:53","date_gmt":"2025-05-23T16:57:53","guid":{"rendered":"https:\/\/snus-malmo.se\/?post_type=product&#038;p=54141"},"modified":"2025-07-28T14:52:30","modified_gmt":"2025-07-28T14:52:30","slug":"vid-cola-sour-strong","status":"publish","type":"product","link":"https:\/\/snus-malmo.se\/sv\/produkt\/vid-cola-sour-strong\/","title":{"rendered":"VID Cola Sour Strong"},"content":{"rendered":"<article class=\"product-text\">Med VID Cola Sour (Fresh Cola) Slim Extra Strong All White Portion f\u00e5r du nikotinp\u00e5sar med extra stark styrka i ett slimmat format. De h\u00e4r tobaksfria vita nikotinp\u00e5sarna har en smak av cola.<\/p>\n<\/article>\n<div class=\"buy-pane\">\n<div class=\"tab-content buy-tabs-content\">\n<div id=\"buy\" class=\"tab-pane active\">\n<div>\n<div class=\"variants list\">\n<h2>Om produkten VID Fresh Cola Slim Strong<\/h2>\n<p>VID Fresh Cola Slim Extra Strong All White Portion har en smak av drycken Coca-Cola och har en extra stark nikotinstyrka. Portionerna \u00e4r i formatet slim vilket g\u00f6r dem diskreta s\u00e5v\u00e4l som bekv\u00e4ma under l\u00e4ppen. Eftersom det \u00e4r helt vita portioner inneh\u00e5ller den h\u00e4r produkten ingen tobak. I varje dosa f\u00e5r du 20 stycken nikotinp\u00e5sar.<\/p>\n<ul>\n<li>Nikotinstyrka: 16 mg\/g<\/li>\n<li>Smak: Cola<\/li>\n<li>Format: Slim<\/li>\n<li>Varum\u00e4rke: VID<\/li>\n<li>Antal nikotinp\u00e5sar i en dosa: 20 stycken<\/li>\n<\/ul>\n<h2>Nikotinhalt VID Fresh Cola Slim Strong All White Portion<\/h2>\n<p>Det h\u00e4r \u00e4r nikotinp\u00e5sar med en nikotinhalt som \u00e4r klassad som extra stark. De klassas med fyra av fem om vi r\u00e4knar i VID:s egna m\u00e5tt, som \u00e4ven erbjuder smaken med tv\u00e5 av fem i styrka.<\/p>\n<h2>VID Strong<\/h2>\n<p>Nikotinp\u00e5sarna fr\u00e5n VID finns med varierande smaks\u00e4ttningar och \u00e4ven med olika nikotinhalter. De har produkter med nikotinstyrka 4\/4, men ocks\u00e5 mildare alternativ.\u00a0Vi erbjuder flera av smakalternativen fr\u00e5n VID i v\u00e5rt breda utbud.<\/p>\n<table class=\"product-specs\">\n<thead>\n<tr>\n<th>Fakta om produkten<\/th>\n<th class=\"text-right\"><\/th>\n<\/tr>\n<\/thead>\n<tbody>\n<tr>\n<td class=\"spec-key\">Varum\u00e4rke<\/td>\n<td class=\"spec-value text-right\">VID<\/td>\n<\/tr>\n<tr>\n<td class=\"spec-key\">Produkttyp<\/td>\n<td class=\"spec -value text-right\">all white portion<\/td>\n<\/tr>\n<tr>\n<td class=\"spec-key\">Nikotinstyrka<\/td>\n<td class=\"spec -value text-right\">extra stark<\/td>\n<\/tr>\n<tr>\n<td class=\"spec-key\">Nikotinhalt<\/td>\n<td class=\"spec -value text-right\">16 mg\/g<\/td>\n<\/tr>\n<tr>\n<td class=\"spec-key\">Smak<\/td>\n<td class=\"spec -value text-right\">Cola<\/td>\n<\/tr>\n<tr>\n<td class=\"spec-key\">Inneh\u00e5ll\/f\u00f6rpackning<\/td>\n<td class=\"spec -value text-right\">14 g<\/td>\n<\/tr>\n<tr>\n<td class=\"spec-key\">Snustyp<\/td>\n<td class=\"spec -value text-right\">Slim All White Extra Strong<\/td>\n<\/tr>\n<tr>\n<td class=\"spec-key\">Format<\/td>\n<td class=\"spec -value text-right\">Slim<\/td>\n<\/tr>\n<tr>\n<td class=\"spec-key\">Producent<\/td>\n<td class=\"spec-value text-right\">Kurbits Snus AB<\/td>\n<\/tr>\n<\/tbody>\n<\/table>\n<\/div>\n<\/div>\n<\/div>\n<\/div>\n<\/div>","protected":false},"excerpt":{"rendered":"<article class=\"product-text\">Med VID Cola Sour (Fresh Cola) Slim Extra Strong All White Portion f\u00e5r du nikotinp\u00e5sar med extra stark styrka i ett slimmat format. De h\u00e4r tobaksfria vita nikotinp\u00e5sarna har en smak av cola.<\/p>\n<\/article>\n<div class=\"buy-pane\">\n<div class=\"tab-content buy-tabs-content\">\n<div id=\"buy\" class=\"tab-pane active\">\n<div>\n<div class=\"variants list\">\n<h2>Om produkten VID Fresh Cola Slim Strong<\/h2>\n<p>VID Fresh Cola Slim Extra Strong All White Portion har en smak av drycken Coca-Cola och har en extra stark nikotinstyrka. Portionerna \u00e4r i formatet slim vilket g\u00f6r dem diskreta s\u00e5v\u00e4l som bekv\u00e4ma under l\u00e4ppen. Eftersom det \u00e4r helt vita portioner inneh\u00e5ller den h\u00e4r produkten ingen tobak. I varje dosa f\u00e5r du 20 stycken nikotinp\u00e5sar.<\/p>\n<\/div>\n<\/div>\n<\/div>\n<\/div>\n<\/div>","protected":false},"featured_media":19078,"comment_status":"open","ping_status":"closed","template":"","meta":[],"product_brand":[],"product_cat":[136],"product_tag":[],"class_list":{"0":"post-54141","1":"product","2":"type-product","3":"status-publish","4":"has-post-thumbnail","6":"product_cat-all-whites","8":"first","9":"instock","10":"taxable","11":"shipping-taxable","12":"purchasable","13":"product-type-variable"},"_links":{"self":[{"href":"https:\/\/snus-malmo.se\/sv\/wp-json\/wp\/v2\/product\/54141","targetHints":{"allow":["GET"]}}],"collection":[{"href":"https:\/\/snus-malmo.se\/sv\/wp-json\/wp\/v2\/product"}],"about":[{"href":"https:\/\/snus-malmo.se\/sv\/wp-json\/wp\/v2\/types\/product"}],"replies":[{"embeddable":true,"href":"https:\/\/snus-malmo.se\/sv\/wp-json\/wp\/v2\/comments?post=54141"}],"version-history":[{"count":0,"href":"https:\/\/snus-malmo.se\/sv\/wp-json\/wp\/v2\/product\/54141\/revisions"}],"wp:featuredmedia":[{"embeddable":true,"href":"https:\/\/snus-malmo.se\/sv\/wp-json\/wp\/v2\/media\/19078"}],"wp:attachment":[{"href":"https:\/\/snus-malmo.se\/sv\/wp-json\/wp\/v2\/media?parent=54141"}],"wp:term":[{"taxonomy":"product_brand","embeddable":true,"href":"https:\/\/snus-malmo.se\/sv\/wp-json\/wp\/v2\/product_brand?post=54141"},{"taxonomy":"product_cat","embeddable":true,"href":"https:\/\/snus-malmo.se\/sv\/wp-json\/wp\/v2\/product_cat?post=54141"},{"taxonomy":"product_tag","embeddable":true,"href":"https:\/\/snus-malmo.se\/sv\/wp-json\/wp\/v2\/product_tag?post=54141"}],"curies":[{"name":"wp","href":"https:\/\/api.w.org\/{rel}","templated":true}]}}