{"id":54150,"date":"2025-05-23T16:57:53","date_gmt":"2025-05-23T16:57:53","guid":{"rendered":"https:\/\/snus-malmo.se\/?post_type=product&#038;p=54150"},"modified":"2025-11-29T10:38:47","modified_gmt":"2025-11-29T10:38:47","slug":"kelly-white-cool-mint-slim-strong","status":"publish","type":"product","link":"https:\/\/snus-malmo.se\/sv\/produkt\/kelly-white-cool-mint-slim-strong\/","title":{"rendered":"Kelly White Cool Mint Slim Strong"},"content":{"rendered":"<article class=\"product-text\">Nikotinp\u00e5sen Kelly White Cool Mint Slim\u00a0Strong All White Portion \u00e4r en stark prilla med en smak av mentol samt pepparmint. Den h\u00e4r p\u00e5sen kommer \u00e4ven i ett slimmat format med en nikotinhalt p\u00e5 14 mg\/g.<\/p>\n<\/article>\n<div class=\"buy-pane\">\n<div class=\"tab-content buy-tabs-content\">\n<div id=\"buy\" class=\"tab-pane active\">\n<div>\n<div class=\"variants list\">\n<h2>Om produkten Kelly White Cool Mint Slim Strong<\/h2>\n<p>Tillverkad av cellulosa, med extra mycket tillsatt nikotin, \u00e4r Kelly White Cool Mint Slim\u00a0Strong en stark portion. Den h\u00e4r nikotinprodukten \u00e4r dessutom helt fri fr\u00e5n tobak. P\u00e5sen \u00e4r \u00e4ven l\u00e4tt fuktig och har en smak av mentol samt pepparmint. Dosan kommer ocks\u00e5 i en vit design.<\/p>\n<ul>\n<li>Varum\u00e4rke: Kelly White<\/li>\n<li>Smak: Mentol\/pepparmint<\/li>\n<li>Format: Slim<\/li>\n<li>Nikotinhalt: 14 mg\/g<\/li>\n<li>Antal portioner: 20st<\/li>\n<\/ul>\n<p><strong><big>Nikotinstyrka i Kelly White Cool Mint<\/big><\/strong><\/p>\n<p>Det h\u00e4r \u00e4r vita nikotinp\u00e5sar av typen All White portion. Med en styrka p\u00e5 14 mg\/g nikotin \u00e4r Cool Mint en stark prilla med snabb fris\u00e4ttning av nikotin och smak. Som gjord f\u00f6r den mer erfarne anv\u00e4ndaren.<\/p>\n<p><strong><big>Kelly White All White<\/big><\/strong><\/p>\n<p>Med starkt intresse f\u00f6r mode i \u00e5tanke skapades Kelly White. De ville utveckla produkter som andas njutning och sj\u00e4lvs\u00e4kerhet. Med detta i bakhuvudet har de bland annat tillverkat smaken &#8220;Cool Mint&#8221; med nikotinstyrka 3\/4<\/p>\n<table class=\"product-specs\">\n<thead>\n<tr>\n<th>Fakta om produkten<\/th>\n<th class=\"text-right\"><\/th>\n<\/tr>\n<\/thead>\n<tbody>\n<tr>\n<td class=\"spec-key\">Varum\u00e4rke<\/td>\n<td class=\"spec-value text-right\">Kelly White<\/td>\n<\/tr>\n<tr>\n<td class=\"spec-key\">Produkttyp<\/td>\n<td class=\"spec -value text-right\">all white portion<\/td>\n<\/tr>\n<tr>\n<td class=\"spec-key\">Nikotinstyrka<\/td>\n<td class=\"spec -value text-right\">stark<\/td>\n<\/tr>\n<tr>\n<td class=\"spec-key\">Nikotinhalt<\/td>\n<td class=\"spec -value text-right\">14 mg\/g<\/td>\n<\/tr>\n<tr>\n<td class=\"spec-key\">Smak<\/td>\n<td class=\"spec -value text-right\">mint<\/td>\n<\/tr>\n<tr>\n<td class=\"spec-key\">Inneh\u00e5ll\/f\u00f6rpackning<\/td>\n<td class=\"spec -value text-right\">14 g<\/td>\n<\/tr>\n<tr>\n<td class=\"spec-key\">Snustyp<\/td>\n<td class=\"spec -value text-right\">Slim All White Extra Stark<\/td>\n<\/tr>\n<tr>\n<td class=\"spec-key\">Format<\/td>\n<td class=\"spec -value text-right\">Slim<\/td>\n<\/tr>\n<tr>\n<td class=\"spec-key\">Producent<\/td>\n<td class=\"spec-value text-right\">White Industries AB<\/td>\n<\/tr>\n<\/tbody>\n<\/table>\n<\/div>\n<\/div>\n<\/div>\n<\/div>\n<\/div>","protected":false},"excerpt":{"rendered":"<article class=\"product-text\">Nikotinp\u00e5sen Kelly White Cool Mint Slim\u00a0Strong All White Portion \u00e4r en stark prilla med en smak av mentol samt pepparmint. Den h\u00e4r p\u00e5sen kommer \u00e4ven i ett slimmat format med en nikotinhalt p\u00e5 14 mg\/g.<\/p>\n<\/article>\n<div class=\"buy-pane\">\n<div class=\"tab-content buy-tabs-content\">\n<div id=\"buy\" class=\"tab-pane active\">\n<div>\n<div class=\"variants list\">\n<h2>Om produkten Kelly White Cool Mint Slim Strong<\/h2>\n<p>Tillverkad av cellulosa, med extra mycket tillsatt nikotin, \u00e4r Kelly White Cool Mint Slim\u00a0Strong en stark portion. Den h\u00e4r nikotinprodukten \u00e4r dessutom helt fri fr\u00e5n tobak. P\u00e5sen \u00e4r \u00e4ven l\u00e4tt fuktig och har en smak av mentol samt pepparmint. Dosan kommer ocks\u00e5 i en vit design.<\/p>\n<\/div>\n<\/div>\n<\/div>\n<\/div>\n<\/div>","protected":false},"featured_media":19102,"comment_status":"open","ping_status":"closed","template":"","meta":[],"product_brand":[],"product_cat":[136,215,137,354],"product_tag":[],"class_list":{"0":"post-54150","1":"product","2":"type-product","3":"status-publish","4":"has-post-thumbnail","6":"product_cat-all-whites","7":"product_cat-kelly","8":"product_cat-slim","9":"product_cat-strongstark","11":"first","12":"instock","13":"taxable","14":"shipping-taxable","15":"purchasable","16":"product-type-variable"},"_links":{"self":[{"href":"https:\/\/snus-malmo.se\/sv\/wp-json\/wp\/v2\/product\/54150","targetHints":{"allow":["GET"]}}],"collection":[{"href":"https:\/\/snus-malmo.se\/sv\/wp-json\/wp\/v2\/product"}],"about":[{"href":"https:\/\/snus-malmo.se\/sv\/wp-json\/wp\/v2\/types\/product"}],"replies":[{"embeddable":true,"href":"https:\/\/snus-malmo.se\/sv\/wp-json\/wp\/v2\/comments?post=54150"}],"version-history":[{"count":0,"href":"https:\/\/snus-malmo.se\/sv\/wp-json\/wp\/v2\/product\/54150\/revisions"}],"wp:featuredmedia":[{"embeddable":true,"href":"https:\/\/snus-malmo.se\/sv\/wp-json\/wp\/v2\/media\/19102"}],"wp:attachment":[{"href":"https:\/\/snus-malmo.se\/sv\/wp-json\/wp\/v2\/media?parent=54150"}],"wp:term":[{"taxonomy":"product_brand","embeddable":true,"href":"https:\/\/snus-malmo.se\/sv\/wp-json\/wp\/v2\/product_brand?post=54150"},{"taxonomy":"product_cat","embeddable":true,"href":"https:\/\/snus-malmo.se\/sv\/wp-json\/wp\/v2\/product_cat?post=54150"},{"taxonomy":"product_tag","embeddable":true,"href":"https:\/\/snus-malmo.se\/sv\/wp-json\/wp\/v2\/product_tag?post=54150"}],"curies":[{"name":"wp","href":"https:\/\/api.w.org\/{rel}","templated":true}]}}