{"id":54151,"date":"2025-05-23T16:57:53","date_gmt":"2025-05-23T16:57:53","guid":{"rendered":"https:\/\/snus-malmo.se\/?post_type=product&#038;p=54151"},"modified":"2025-07-16T22:02:31","modified_gmt":"2025-07-16T22:02:31","slug":"kapz-double-mint-mini-all-white-portion","status":"publish","type":"product","link":"https:\/\/snus-malmo.se\/sv\/produkt\/kapz-double-mint-mini-all-white-portion\/","title":{"rendered":"Kapz Double Mint Mini All White Portion"},"content":{"rendered":"<article class=\"product-text\">I KAPZ Double Mint f\u00e5r du nikotin av normal styrka i p\u00e5sar i miniformat. Mintsmaken blandas med pepparmint och mynta, d\u00e4r en del av smaken finns i en kapsel.<\/p>\n<\/article>\n<div class=\"buy-pane\">\n<div class=\"tab-content buy-tabs-content\">\n<div id=\"buy\" class=\"tab-pane active\">\n<div>\n<div class=\"variants list\">\n<h2>Om produkten Kapz Double Mint Mini All White Portion<\/h2>\n<p>Kapz Double Mint har en mintsmak som varar l\u00e4nge. Efter n\u00e5gra minuter sm\u00e4lter kapseln i nikotinp\u00e5sen och ger \u00e4nnu en mintkick. Du kan ocks\u00e5 kn\u00e4cka kapseln med t\u00e4nderna f\u00f6r en omedelbar, intensiv mintsmak. De tobaksfria vita nikotinp\u00e5sarna har en nikotinstyrka p\u00e5 2\/4, vilket motsvarar en normal styrka. P\u00e5sarna \u00e4r i ett beh\u00e4ndigt miniformat.<\/p>\n<ul>\n<li>Nikotinstyrka: 9,36 mg\/g<\/li>\n<li>Smak: Spearmint, mynta och pepparmint<\/li>\n<li>Antal portioner i en dosa: 20<\/li>\n<li>Format: Mini<\/li>\n<\/ul>\n<h2>Nikotinstyrka KAPZ Double Mint<\/h2>\n<p>KAPZ Double Mint nikotinp\u00e5sar med mintsmak har en normal nikotinhalt. Nikotinstyrkan ligger p\u00e5 tv\u00e5 av fyra pluppar och KAPZ anv\u00e4nder en ny teknologi f\u00f6r att nikotinet ska bli frisl\u00e4ppt b\u00e5de snabbt och fullst\u00e4ndigt.<\/p>\n<h2>Om KAPZ vitt snus<\/h2>\n<p>KAPZ \u00e4r ett helt nytt varum\u00e4rke inom tobaksfria vita nikotinp\u00e5sar. De har dessutom en unik kapselfunktion f\u00f6r extra smak efter n\u00e5gra minuter. Ut\u00f6ver mint finns ocks\u00e5 fruktiga smaker.<\/p>\n<p>Klicka h\u00e4r f\u00f6r att se samtliga\u00a0produkter i Kapz-serien.<\/p>\n<table class=\"product-specs\">\n<thead>\n<tr>\n<th>Fakta om produkten<\/th>\n<th class=\"text-right\"><\/th>\n<\/tr>\n<\/thead>\n<tbody>\n<tr>\n<td class=\"spec-key\">Varum\u00e4rke<\/td>\n<td class=\"spec-value text-right\">Kapz<\/td>\n<\/tr>\n<tr>\n<td class=\"spec-key\">Produkttyp<\/td>\n<td class=\"spec -value text-right\">all white portion<\/td>\n<\/tr>\n<tr>\n<td class=\"spec-key\">Nikotinstyrka<\/td>\n<td class=\"spec -value text-right\">normal<\/td>\n<\/tr>\n<tr>\n<td class=\"spec-key\">Nikotinhalt<\/td>\n<td class=\"spec -value text-right\">9,36 mg\/g<\/td>\n<\/tr>\n<tr>\n<td class=\"spec-key\">Smak<\/td>\n<td class=\"spec -value text-right\">mint<\/td>\n<\/tr>\n<tr>\n<td class=\"spec-key\">Inneh\u00e5ll\/f\u00f6rpackning<\/td>\n<td class=\"spec -value text-right\">8,5 g<\/td>\n<\/tr>\n<tr>\n<td class=\"spec-key\">Snustyp<\/td>\n<td class=\"spec -value text-right\">All White Portion<\/td>\n<\/tr>\n<tr>\n<td class=\"spec-key\">Format<\/td>\n<td class=\"spec -value text-right\">Mini<\/td>\n<\/tr>\n<tr>\n<td class=\"spec-key\">Producent<\/td>\n<td class=\"spec-value text-right\">KAPZ AB<\/td>\n<\/tr>\n<\/tbody>\n<\/table>\n<\/div>\n<\/div>\n<\/div>\n<\/div>\n<\/div>","protected":false},"excerpt":{"rendered":"<article class=\"product-text\">I KAPZ Double Mint f\u00e5r du nikotin av normal styrka i p\u00e5sar i miniformat. Mintsmaken blandas med pepparmint och mynta, d\u00e4r en del av smaken finns i en kapsel.<\/p>\n<\/article>\n<div class=\"buy-pane\">\n<div class=\"tab-content buy-tabs-content\">\n<div id=\"buy\" class=\"tab-pane active\">\n<div>\n<div class=\"variants list\">\n<h2>Om produkten Kapz Double Mint Mini All White Portion<\/h2>\n<p>Kapz Double Mint har en mintsmak som varar l\u00e4nge. Efter n\u00e5gra minuter sm\u00e4lter kapseln i nikotinp\u00e5sen och ger \u00e4nnu en mintkick. Du kan ocks\u00e5 kn\u00e4cka kapseln med t\u00e4nderna f\u00f6r en omedelbar, intensiv mintsmak. De tobaksfria vita nikotinp\u00e5sarna har en nikotinstyrka p\u00e5 2\/4, vilket motsvarar en normal styrka. P\u00e5sarna \u00e4r i ett beh\u00e4ndigt miniformat.<\/p>\n<\/div>\n<\/div>\n<\/div>\n<\/div>\n<\/div>","protected":false},"featured_media":19106,"comment_status":"open","ping_status":"closed","template":"","meta":[],"product_brand":[415],"product_cat":[136,214,137],"product_tag":[],"class_list":{"0":"post-54151","1":"product","2":"type-product","3":"status-publish","4":"has-post-thumbnail","6":"product_brand-kapz","7":"product_cat-all-whites","8":"product_cat-kapz","9":"product_cat-slim","11":"first","12":"instock","13":"taxable","14":"shipping-taxable","15":"purchasable","16":"product-type-variable"},"_links":{"self":[{"href":"https:\/\/snus-malmo.se\/sv\/wp-json\/wp\/v2\/product\/54151","targetHints":{"allow":["GET"]}}],"collection":[{"href":"https:\/\/snus-malmo.se\/sv\/wp-json\/wp\/v2\/product"}],"about":[{"href":"https:\/\/snus-malmo.se\/sv\/wp-json\/wp\/v2\/types\/product"}],"replies":[{"embeddable":true,"href":"https:\/\/snus-malmo.se\/sv\/wp-json\/wp\/v2\/comments?post=54151"}],"version-history":[{"count":0,"href":"https:\/\/snus-malmo.se\/sv\/wp-json\/wp\/v2\/product\/54151\/revisions"}],"wp:featuredmedia":[{"embeddable":true,"href":"https:\/\/snus-malmo.se\/sv\/wp-json\/wp\/v2\/media\/19106"}],"wp:attachment":[{"href":"https:\/\/snus-malmo.se\/sv\/wp-json\/wp\/v2\/media?parent=54151"}],"wp:term":[{"taxonomy":"product_brand","embeddable":true,"href":"https:\/\/snus-malmo.se\/sv\/wp-json\/wp\/v2\/product_brand?post=54151"},{"taxonomy":"product_cat","embeddable":true,"href":"https:\/\/snus-malmo.se\/sv\/wp-json\/wp\/v2\/product_cat?post=54151"},{"taxonomy":"product_tag","embeddable":true,"href":"https:\/\/snus-malmo.se\/sv\/wp-json\/wp\/v2\/product_tag?post=54151"}],"curies":[{"name":"wp","href":"https:\/\/api.w.org\/{rel}","templated":true}]}}