{"id":54152,"date":"2025-05-23T16:57:53","date_gmt":"2025-05-23T16:57:53","guid":{"rendered":"https:\/\/snus-malmo.se\/?post_type=product&#038;p=54152"},"modified":"2025-07-16T22:02:11","modified_gmt":"2025-07-16T22:02:11","slug":"kapz-apple-mint-mini-all-white-portion","status":"publish","type":"product","link":"https:\/\/snus-malmo.se\/sv\/produkt\/kapz-apple-mint-mini-all-white-portion\/","title":{"rendered":"Kapz Apple Mint Mini All White Portion"},"content":{"rendered":"<article class=\"product-text\">Nikotinp\u00e5sarna Kapz Apple Mint \u00e4r en innovativ produkt inom vitt snus med en nikotinstyrka p\u00e5 2\/4, vilket klassas som normal styrka. Smaken \u00e4r gr\u00f6nt \u00e4pple i kombination av mint.<\/article>\n<div class=\"buy-pane\">\n<div class=\"tab-content buy-tabs-content\">\n<div id=\"buy\" class=\"tab-pane active\">\n<div>\n<div class=\"variants list\">\n<h2>Om produkten Kapz Apple Mint Mini All White Portion<\/h2>\n<p>Kapz Apple Mint har en helt ny teknologi f\u00f6r snabb och fullst\u00e4ndig fris\u00e4ttning av nikotinet. Dessutom har p\u00e5sarna en smakkapsel som du kan kn\u00e4cka med t\u00e4nderna, eller s\u00e5 kan du v\u00e4nta tills den sm\u00e4lter under l\u00e4ppen. Kapselfunktionen ger en varaktig och unik smakupplevelse. \u00c4ppelsmaken kommer f\u00f6rst medan mintsmaken g\u00f6mmer sig i kapseln f\u00f6r senare release.<\/p>\n<ul>\n<li>Nikotinstyrka: 9,36 mg\/g<\/li>\n<li>Smak: Gr\u00f6nt \u00e4pple och mint<\/li>\n<li>Format: Mini<\/li>\n<li>Varum\u00e4rke: Kapz<\/li>\n<\/ul>\n<h2>Nikotinstyrka f\u00f6r Kapz Apple Mint<\/h2>\n<p>Kapz Apple Mint \u00e4r nikotinp\u00e5sar med en normal nikotinhalt p\u00e5 tv\u00e5 av fyra pluppar. Produkten inneh\u00e5ller 9,36 mg\/g nikotin som frisl\u00e4pps direkt n\u00e4r du l\u00e4gger in prillan under l\u00e4ppen.<\/p>\n<h2>Kapz vitt snus<\/h2>\n<p>Det nya varum\u00e4rket Kapz kommer \u00e4ven fr\u00e5n en ny tillverkare som erbjuder vitt snus. De anv\u00e4nder innovativ och ny teknik b\u00e5de g\u00e4llande frisl\u00e4ppningen av nikotin och smak. F\u00f6retaget \u00e4r dessutom svenskt med bas i Helsingborg.<\/p>\n<table class=\"product-specs\">\n<thead>\n<tr>\n<th>Fakta om produkten<\/th>\n<th class=\"text-right\"><\/th>\n<\/tr>\n<\/thead>\n<tbody>\n<tr>\n<td class=\"spec-key\">Varum\u00e4rke<\/td>\n<td class=\"spec-value text-right\">Kapz<\/td>\n<\/tr>\n<tr>\n<td class=\"spec-key\">Produkttyp<\/td>\n<td class=\"spec -value text-right\">all white portion<\/td>\n<\/tr>\n<tr>\n<td class=\"spec-key\">Nikotinstyrka<\/td>\n<td class=\"spec -value text-right\">normal<\/td>\n<\/tr>\n<tr>\n<td class=\"spec-key\">Nikotinhalt<\/td>\n<td class=\"spec -value text-right\">9,36 mg\/g<\/td>\n<\/tr>\n<tr>\n<td class=\"spec-key\">Smak<\/td>\n<td class=\"spec -value text-right\">frukt<\/td>\n<\/tr>\n<tr>\n<td class=\"spec-key\">Inneh\u00e5ll\/f\u00f6rpackning<\/td>\n<td class=\"spec -value text-right\">8,5 g<\/td>\n<\/tr>\n<tr>\n<td class=\"spec-key\">Snustyp<\/td>\n<td class=\"spec -value text-right\">All White Portion<\/td>\n<\/tr>\n<tr>\n<td class=\"spec-key\">Format<\/td>\n<td class=\"spec -value text-right\">Mini<\/td>\n<\/tr>\n<tr>\n<td class=\"spec-key\">Producent<\/td>\n<td class=\"spec-value text-right\">KAPZ AB<\/td>\n<\/tr>\n<\/tbody>\n<\/table>\n<\/div>\n<\/div>\n<\/div>\n<\/div>\n<\/div>","protected":false},"excerpt":{"rendered":"<article class=\"product-text\">Nikotinp\u00e5sarna Kapz Apple Mint \u00e4r en innovativ produkt inom vitt snus med en nikotinstyrka p\u00e5 2\/4, vilket klassas som normal styrka. Smaken \u00e4r gr\u00f6nt \u00e4pple i kombination av mint.<\/article>\n<div class=\"buy-pane\">\n<div class=\"tab-content buy-tabs-content\">\n<div id=\"buy\" class=\"tab-pane active\">\n<div>\n<div class=\"variants list\">\n<h2>Om produkten Kapz Apple Mint Mini All White Portion<\/h2>\n<p>Kapz Apple Mint har en helt ny teknologi f\u00f6r snabb och fullst\u00e4ndig fris\u00e4ttning av nikotinet. Dessutom har p\u00e5sarna en smakkapsel som du kan kn\u00e4cka med t\u00e4nderna, eller s\u00e5 kan du v\u00e4nta tills den sm\u00e4lter under l\u00e4ppen. Kapselfunktionen ger en varaktig och unik smakupplevelse. \u00c4ppelsmaken kommer f\u00f6rst medan mintsmaken g\u00f6mmer sig i kapseln f\u00f6r senare release.<\/p>\n<\/div>\n<\/div>\n<\/div>\n<\/div>\n<\/div>","protected":false},"featured_media":19109,"comment_status":"open","ping_status":"closed","template":"","meta":[],"product_brand":[415],"product_cat":[136,214,137],"product_tag":[],"class_list":{"0":"post-54152","1":"product","2":"type-product","3":"status-publish","4":"has-post-thumbnail","6":"product_brand-kapz","7":"product_cat-all-whites","8":"product_cat-kapz","9":"product_cat-slim","11":"first","12":"instock","13":"taxable","14":"shipping-taxable","15":"purchasable","16":"product-type-variable"},"_links":{"self":[{"href":"https:\/\/snus-malmo.se\/sv\/wp-json\/wp\/v2\/product\/54152","targetHints":{"allow":["GET"]}}],"collection":[{"href":"https:\/\/snus-malmo.se\/sv\/wp-json\/wp\/v2\/product"}],"about":[{"href":"https:\/\/snus-malmo.se\/sv\/wp-json\/wp\/v2\/types\/product"}],"replies":[{"embeddable":true,"href":"https:\/\/snus-malmo.se\/sv\/wp-json\/wp\/v2\/comments?post=54152"}],"version-history":[{"count":0,"href":"https:\/\/snus-malmo.se\/sv\/wp-json\/wp\/v2\/product\/54152\/revisions"}],"wp:featuredmedia":[{"embeddable":true,"href":"https:\/\/snus-malmo.se\/sv\/wp-json\/wp\/v2\/media\/19109"}],"wp:attachment":[{"href":"https:\/\/snus-malmo.se\/sv\/wp-json\/wp\/v2\/media?parent=54152"}],"wp:term":[{"taxonomy":"product_brand","embeddable":true,"href":"https:\/\/snus-malmo.se\/sv\/wp-json\/wp\/v2\/product_brand?post=54152"},{"taxonomy":"product_cat","embeddable":true,"href":"https:\/\/snus-malmo.se\/sv\/wp-json\/wp\/v2\/product_cat?post=54152"},{"taxonomy":"product_tag","embeddable":true,"href":"https:\/\/snus-malmo.se\/sv\/wp-json\/wp\/v2\/product_tag?post=54152"}],"curies":[{"name":"wp","href":"https:\/\/api.w.org\/{rel}","templated":true}]}}