{"id":54185,"date":"2025-05-23T16:57:56","date_gmt":"2025-05-23T16:57:56","guid":{"rendered":"https:\/\/snus-malmo.se\/?post_type=product&#038;p=54185"},"modified":"2025-08-05T00:05:32","modified_gmt":"2025-08-05T00:05:32","slug":"nordic-spirit-frosty-berry-x-strong","status":"publish","type":"product","link":"https:\/\/snus-malmo.se\/sv\/produkt\/nordic-spirit-frosty-berry-x-strong\/","title":{"rendered":"Nordic Spirit Frosty Berry X-Strong"},"content":{"rendered":"<div class=\"product__description rte quick-add-hidden\">\n<article class=\"product-text\">\n<article class=\"product-text\">Nordic Spirit Frosty Berry X-Strong \u00e4r en product fr\u00e5n varum\u00e4rket Nordic Spirit, med smak av pepparmint och fruktiga b\u00e4r. Produkten kommer i slimformat har extra stark styrka, inneh\u00e5ller 20 portioner per dosa och klassificeras som vitt snus.<\/article>\n<\/article>\n<\/div>\n<div>\n<form id=\"product-form-template--23480589386069__main\" class=\"form\" accept-charset=\"UTF-8\" action=\"https:\/\/www.isnus.se\/cart\/add\" enctype=\"multipart\/form-data\" method=\"post\" novalidate=\"novalidate\" data-type=\"add-to-cart-form\">\n<div class=\"product-form__buttons\">\n<div class=\"shopify-payment-button\" data-shopify=\"payment-button\">\n<div class=\"wallet-button-fade-in wallet-button-wrapper\"><button class=\"shopify-payment-button__button shopify-payment-button__button--unbranded\" type=\"button\">K\u00f6p nu<\/button><\/div>\n<\/div>\n<\/div>\n<\/form>\n<\/div>\n<div class=\"product__description rte quick-add-hidden\">\n<article class=\"product-text\">\n<article class=\"product-text\">Nordic Spirit Frosty Berry X-Strong \u00e4r en product fr\u00e5n varum\u00e4rket Nordic Spirit, med smak av pepparmint och fruktiga b\u00e4r. Produkten kommer i slimformat har extra stark styrka, inneh\u00e5ller 20 portioner per dosa och klassificeras som vitt snus.<\/article>\n<\/article>\n<\/div>","protected":false},"excerpt":{"rendered":"<div>\n<form id=\"product-form-template--23480589386069__main\" class=\"form\" accept-charset=\"UTF-8\" action=\"https:\/\/www.isnus.se\/cart\/add\" enctype=\"multipart\/form-data\" method=\"post\" novalidate=\"novalidate\" data-type=\"add-to-cart-form\">\n<div class=\"product-form__buttons\">\n<div class=\"shopify-payment-button\" data-shopify=\"payment-button\">\n<div class=\"wallet-button-fade-in wallet-button-wrapper\"><button class=\"shopify-payment-button__button shopify-payment-button__button--unbranded\" type=\"button\">K\u00f6p nu<\/button><\/div>\n<\/div>\n<\/div>\n<\/form>\n<\/div>\n<div class=\"product__description rte quick-add-hidden\">\n<article class=\"product-text\">\n<article class=\"product-text\">Nordic Spirit Frosty Berry X-Strong \u00e4r en product fr\u00e5n varum\u00e4rket Nordic Spirit, med smak av pepparmint och fruktiga b\u00e4r. Produkten kommer i slimformat har extra stark styrka, inneh\u00e5ller 20 portioner per dosa och klassificeras som vitt snus.<\/article>\n<\/article>\n<\/div>","protected":false},"featured_media":26629,"comment_status":"open","ping_status":"closed","template":"","meta":[],"product_brand":[],"product_cat":[136],"product_tag":[],"class_list":{"0":"post-54185","1":"product","2":"type-product","3":"status-publish","4":"has-post-thumbnail","6":"product_cat-all-whites","8":"first","9":"instock","10":"taxable","11":"shipping-taxable","12":"purchasable","13":"product-type-variable"},"_links":{"self":[{"href":"https:\/\/snus-malmo.se\/sv\/wp-json\/wp\/v2\/product\/54185","targetHints":{"allow":["GET"]}}],"collection":[{"href":"https:\/\/snus-malmo.se\/sv\/wp-json\/wp\/v2\/product"}],"about":[{"href":"https:\/\/snus-malmo.se\/sv\/wp-json\/wp\/v2\/types\/product"}],"replies":[{"embeddable":true,"href":"https:\/\/snus-malmo.se\/sv\/wp-json\/wp\/v2\/comments?post=54185"}],"version-history":[{"count":0,"href":"https:\/\/snus-malmo.se\/sv\/wp-json\/wp\/v2\/product\/54185\/revisions"}],"wp:featuredmedia":[{"embeddable":true,"href":"https:\/\/snus-malmo.se\/sv\/wp-json\/wp\/v2\/media\/26629"}],"wp:attachment":[{"href":"https:\/\/snus-malmo.se\/sv\/wp-json\/wp\/v2\/media?parent=54185"}],"wp:term":[{"taxonomy":"product_brand","embeddable":true,"href":"https:\/\/snus-malmo.se\/sv\/wp-json\/wp\/v2\/product_brand?post=54185"},{"taxonomy":"product_cat","embeddable":true,"href":"https:\/\/snus-malmo.se\/sv\/wp-json\/wp\/v2\/product_cat?post=54185"},{"taxonomy":"product_tag","embeddable":true,"href":"https:\/\/snus-malmo.se\/sv\/wp-json\/wp\/v2\/product_tag?post=54185"}],"curies":[{"name":"wp","href":"https:\/\/api.w.org\/{rel}","templated":true}]}}