{"id":54235,"date":"2025-05-23T16:57:59","date_gmt":"2025-05-23T16:57:59","guid":{"rendered":"https:\/\/snus-malmo.se\/?post_type=product&#038;p=54235"},"modified":"2025-11-24T20:33:22","modified_gmt":"2025-11-24T20:33:22","slug":"velo-zesty-elderflower","status":"publish","type":"product","link":"https:\/\/snus-malmo.se\/sv\/produkt\/velo-zesty-elderflower\/","title":{"rendered":"VELO Zesty Elderflower"},"content":{"rendered":"<h1>VELO Zesty Elderflower<\/h1>\n<h2 data-start=\"249\" data-end=\"316\">VELO Zesty Elderflower \u2013 Blommig fl\u00e4der med frisk citruskarakt\u00e4r<\/h2>\n<p data-start=\"318\" data-end=\"626\"><strong data-start=\"318\" data-end=\"344\">VELO Zesty Elderflower<\/strong> \u00e4r ett <strong data-start=\"352\" data-end=\"377\">tobaksfritt vitt snus<\/strong> med en <strong data-start=\"385\" data-end=\"436\">unik och uppfriskande smak av fl\u00e4der och citrus<\/strong>. Den blommiga fl\u00e4dern kombineras med livlig citrus i en balanserad smakprofil som k\u00e4nns <strong data-start=\"525\" data-end=\"555\">somrig, elegant och fr\u00e4sch<\/strong> \u2013 ett sp\u00e4nnande alternativ f\u00f6r dig som s\u00f6ker n\u00e5got ut\u00f6ver det vanliga.<\/p>\n<p data-start=\"628\" data-end=\"802\">Med sin <strong data-start=\"636\" data-end=\"651\">slim-format<\/strong> ligger portionsp\u00e5sarna diskret och bekv\u00e4mt under l\u00e4ppen. Ett perfekt val f\u00f6r dig som vill ha <strong data-start=\"745\" data-end=\"801\">en mild men karakt\u00e4rsfull smak i ett stilrent format<\/strong>.<\/p>\n<hr data-start=\"804\" data-end=\"807\" \/>\n<h3 data-start=\"809\" data-end=\"851\">\u2714\ufe0f F\u00f6rdelar med VELO Zesty Elderflower<\/h3>\n<ul data-start=\"853\" data-end=\"1079\">\n<li data-start=\"853\" data-end=\"894\">\n<p data-start=\"855\" data-end=\"894\"><strong data-start=\"855\" data-end=\"892\">Elegant smak av fl\u00e4der och citrus<\/strong><\/p>\n<\/li>\n<li data-start=\"895\" data-end=\"945\">\n<p data-start=\"897\" data-end=\"945\"><strong data-start=\"897\" data-end=\"943\">Slim-format \u2013 diskret, bekv\u00e4mt och modernt<\/strong><\/p>\n<\/li>\n<li data-start=\"946\" data-end=\"987\">\n<p data-start=\"948\" data-end=\"987\"><strong data-start=\"948\" data-end=\"985\">Tobaksfritt vitt snus med nikotin<\/strong><\/p>\n<\/li>\n<li data-start=\"988\" data-end=\"1028\">\n<p data-start=\"990\" data-end=\"1028\"><strong data-start=\"990\" data-end=\"1026\">Frisk, blommig smak med karakt\u00e4r<\/strong><\/p>\n<\/li>\n<li data-start=\"1029\" data-end=\"1079\">\n<p data-start=\"1031\" data-end=\"1079\"><strong data-start=\"1031\" data-end=\"1079\">Tillverkat av British American Tobacco (BAT)<\/strong><\/p>\n<\/li>\n<\/ul>\n<hr data-start=\"1081\" data-end=\"1084\" \/>\n<h3 data-start=\"1086\" data-end=\"1116\">\ud83c\udf3c Produktspecifikationer:<\/h3>\n<ul data-start=\"1118\" data-end=\"1357\">\n<li data-start=\"1118\" data-end=\"1157\">\n<p data-start=\"1120\" data-end=\"1157\"><strong data-start=\"1120\" data-end=\"1132\">Produkt:<\/strong> VELO Zesty Elderflower<\/p>\n<\/li>\n<li data-start=\"1158\" data-end=\"1189\">\n<p data-start=\"1160\" data-end=\"1189\"><strong data-start=\"1160\" data-end=\"1169\">Smak:<\/strong> Fl\u00e4der och citrus<\/p>\n<\/li>\n<li data-start=\"1190\" data-end=\"1226\">\n<p data-start=\"1192\" data-end=\"1226\"><strong data-start=\"1192\" data-end=\"1200\">Typ:<\/strong> Vitt snus (tobaksfritt)<\/p>\n<\/li>\n<li data-start=\"1227\" data-end=\"1247\">\n<p data-start=\"1229\" data-end=\"1247\"><strong data-start=\"1229\" data-end=\"1240\">Format:<\/strong> Slim<\/p>\n<\/li>\n<li data-start=\"1248\" data-end=\"1270\">\n<p data-start=\"1250\" data-end=\"1270\"><strong data-start=\"1250\" data-end=\"1261\">Styrka:<\/strong> Normal<\/p>\n<\/li>\n<li data-start=\"1271\" data-end=\"1307\">\n<p data-start=\"1273\" data-end=\"1307\"><strong data-start=\"1273\" data-end=\"1302\">Antal portioner per dosa:<\/strong> 20<\/p>\n<\/li>\n<li data-start=\"1308\" data-end=\"1357\">\n<p data-start=\"1310\" data-end=\"1357\"><strong data-start=\"1310\" data-end=\"1326\">Tillverkare:<\/strong> British American Tobacco (BAT)<\/p>\n<\/li>\n<\/ul>\n<hr data-start=\"1359\" data-end=\"1362\" \/>\n<h2 data-start=\"1364\" data-end=\"1409\">\ud83c\udf08 Hela VELO-sortimentet \u2013 Smaker f\u00f6r alla<\/h2>\n<p data-start=\"1411\" data-end=\"1547\">VELO erbjuder ett brett utbud av smaker \u2013 fr\u00e5n svalkande mint till fruktiga explosioner och nikotinfria alternativ. H\u00e4r \u00e4r hela utbudet:<\/p>\n<ul data-start=\"1549\" data-end=\"3478\">\n<li data-start=\"1549\" data-end=\"1612\">\n<p data-start=\"1551\" data-end=\"1612\"><strong data-start=\"1551\" data-end=\"1577\">VELO Arctic Grapefruit<\/strong> \u2013 Frisk grapefrukt med kylig ton<\/p>\n<\/li>\n<li data-start=\"1613\" data-end=\"1668\">\n<p data-start=\"1615\" data-end=\"1668\"><strong data-start=\"1615\" data-end=\"1638\">VELO Blue Raspberry<\/strong> \u2013 S\u00f6t och syrlig bl\u00e5 hallon<\/p>\n<\/li>\n<li data-start=\"1669\" data-end=\"1719\">\n<p data-start=\"1671\" data-end=\"1719\"><strong data-start=\"1671\" data-end=\"1692\">VELO Blushy Berry<\/strong> \u2013 Mjuk smak av ljusa b\u00e4r<\/p>\n<\/li>\n<li data-start=\"1720\" data-end=\"1773\">\n<p data-start=\"1722\" data-end=\"1773\"><strong data-start=\"1722\" data-end=\"1743\">VELO Breezy Mango<\/strong> \u2013 L\u00e4tt och tropisk mangoton<\/p>\n<\/li>\n<li data-start=\"1774\" data-end=\"1833\">\n<p data-start=\"1776\" data-end=\"1833\"><strong data-start=\"1776\" data-end=\"1806\">VELO Bright Spearmint Mini<\/strong> \u2013 Mild och s\u00f6t spearmint<\/p>\n<\/li>\n<li data-start=\"1834\" data-end=\"1902\">\n<p data-start=\"1836\" data-end=\"1902\"><strong data-start=\"1836\" data-end=\"1867\">VELO Crispy Peppermint Mini<\/strong> \u2013 Stark pepparmint i mini-format<\/p>\n<\/li>\n<li data-start=\"1903\" data-end=\"1979\">\n<p data-start=\"1905\" data-end=\"1979\"><strong data-start=\"1905\" data-end=\"1936\">VELO Crispy Peppermint Slim<\/strong> \u2013 Klassisk pepparmint med kylande effekt<\/p>\n<\/li>\n<li data-start=\"1980\" data-end=\"2053\">\n<p data-start=\"1982\" data-end=\"2053\"><strong data-start=\"1982\" data-end=\"2013\">VELO Crispy Peppermint Zero<\/strong> \u2013 Tobaksfri och nikotinfri pepparmint<\/p>\n<\/li>\n<li data-start=\"2054\" data-end=\"2137\">\n<p data-start=\"2056\" data-end=\"2137\"><strong data-start=\"2056\" data-end=\"2092\">VELO Freezing Peppermint 10,9 MG<\/strong> \u2013 Isig och frisk pepparmint, medium styrka<\/p>\n<\/li>\n<li data-start=\"2138\" data-end=\"2210\">\n<p data-start=\"2140\" data-end=\"2210\"><strong data-start=\"2140\" data-end=\"2174\">VELO Freezing Peppermint 14 MG<\/strong> \u2013 Iskall pepparmint, stark styrka<\/p>\n<\/li>\n<li data-start=\"2211\" data-end=\"2280\">\n<p data-start=\"2213\" data-end=\"2280\"><strong data-start=\"2213\" data-end=\"2247\">VELO Freezing Peppermint 17 MG<\/strong> \u2013 Maxad kyla och nikotinstyrka<\/p>\n<\/li>\n<li data-start=\"2281\" data-end=\"2346\">\n<p data-start=\"2283\" data-end=\"2346\"><strong data-start=\"2283\" data-end=\"2307\">VELO Green Spearmint<\/strong> \u2013 Fr\u00e4sch spearmint med mjuk karakt\u00e4r<\/p>\n<\/li>\n<li data-start=\"2347\" data-end=\"2415\">\n<p data-start=\"2349\" data-end=\"2415\"><strong data-start=\"2349\" data-end=\"2375\">VELO Groovy Grape Mini<\/strong> \u2013 L\u00e4tt och s\u00f6t druvsmak i mini-format<\/p>\n<\/li>\n<li data-start=\"2416\" data-end=\"2468\">\n<p data-start=\"2418\" data-end=\"2468\"><strong data-start=\"2418\" data-end=\"2438\">VELO Icy Berries<\/strong> \u2013 B\u00e4rmix med kylande k\u00e4nsla<\/p>\n<\/li>\n<li data-start=\"2469\" data-end=\"2525\">\n<p data-start=\"2471\" data-end=\"2525\"><strong data-start=\"2471\" data-end=\"2490\">VELO Icy Cherry<\/strong> \u2013 S\u00f6t k\u00f6rsb\u00e4rssmak med sval mint<\/p>\n<\/li>\n<li data-start=\"2526\" data-end=\"2579\">\n<p data-start=\"2528\" data-end=\"2579\"><strong data-start=\"2528\" data-end=\"2547\">VELO Lime Flame<\/strong> \u2013 Syrlig lime med citrussting<\/p>\n<\/li>\n<li data-start=\"2580\" data-end=\"2638\">\n<p data-start=\"2582\" data-end=\"2638\"><strong data-start=\"2582\" data-end=\"2602\">VELO Mango Flame<\/strong> \u2013 Fruktig mango med kryddig hetta<\/p>\n<\/li>\n<li data-start=\"2639\" data-end=\"2697\">\n<p data-start=\"2641\" data-end=\"2697\"><strong data-start=\"2641\" data-end=\"2670\">VELO McLaren Sweet Papaya<\/strong> \u2013 Exotisk och s\u00f6t papaya<\/p>\n<\/li>\n<li data-start=\"2698\" data-end=\"2754\">\n<p data-start=\"2700\" data-end=\"2754\"><strong data-start=\"2700\" data-end=\"2721\">VELO Orange Spark<\/strong> \u2013 Frisk apelsin med citruskick<\/p>\n<\/li>\n<li data-start=\"2755\" data-end=\"2827\">\n<p data-start=\"2757\" data-end=\"2827\"><strong data-start=\"2757\" data-end=\"2782\">VELO Peppermint Storm<\/strong> \u2013 Intensiv pepparmint med kraftfull effekt<\/p>\n<\/li>\n<li data-start=\"2828\" data-end=\"2887\">\n<p data-start=\"2830\" data-end=\"2887\"><strong data-start=\"2830\" data-end=\"2855\">VELO Punchy Lime Mini<\/strong> \u2013 Skarp lime i kompakt format<\/p>\n<\/li>\n<li data-start=\"2888\" data-end=\"2955\">\n<p data-start=\"2890\" data-end=\"2955\"><strong data-start=\"2890\" data-end=\"2916\">VELO Purple Grape Mini<\/strong> \u2013 S\u00f6t och saftig druva i mini-format<\/p>\n<\/li>\n<li data-start=\"2956\" data-end=\"3026\">\n<p data-start=\"2958\" data-end=\"3026\"><strong data-start=\"2958\" data-end=\"2986\">VELO Purple Grape Strong<\/strong> \u2013 Djup druvsmak med stark nikotinkick<\/p>\n<\/li>\n<li data-start=\"3027\" data-end=\"3090\">\n<p data-start=\"3029\" data-end=\"3090\"><strong data-start=\"3029\" data-end=\"3053\">VELO Salty Liquorice<\/strong> \u2013 Saltlakrits med kraftig karakt\u00e4r<\/p>\n<\/li>\n<li data-start=\"3091\" data-end=\"3154\">\n<p data-start=\"3093\" data-end=\"3154\"><strong data-start=\"3093\" data-end=\"3123\">VELO Simply Spearmint Mini<\/strong> \u2013 Enkel och fr\u00e4sch spearmint<\/p>\n<\/li>\n<li data-start=\"3155\" data-end=\"3220\">\n<p data-start=\"3157\" data-end=\"3220\"><strong data-start=\"3157\" data-end=\"3180\">VELO Sour Lime Mini<\/strong> \u2013 Syrlig lime med tydlig citrusprofil<\/p>\n<\/li>\n<li data-start=\"3221\" data-end=\"3288\">\n<p data-start=\"3223\" data-end=\"3288\"><strong data-start=\"3223\" data-end=\"3252\">VELO Tropical Mango 14 MG<\/strong> \u2013 S\u00f6t mango med tropisk fyllighet<\/p>\n<\/li>\n<li data-start=\"3289\" data-end=\"3342\">\n<p data-start=\"3291\" data-end=\"3342\"><strong data-start=\"3291\" data-end=\"3319\">VELO Tropical Mango Zero<\/strong> \u2013 Mango utan nikotin<\/p>\n<\/li>\n<li data-start=\"3343\" data-end=\"3408\">\n<p data-start=\"3345\" data-end=\"3408\"><strong data-start=\"3345\" data-end=\"3376\">VELO Wintry Watermelon Mini<\/strong> \u2013 Vattenmelon med mintig kyla<\/p>\n<\/li>\n<li data-start=\"3409\" data-end=\"3478\">\n<p data-start=\"3411\" data-end=\"3478\"><strong data-start=\"3411\" data-end=\"3437\">VELO Zesty Elderflower<\/strong> \u2013 Blommig fl\u00e4der med frisk citrusnyans<\/p>\n<\/li>\n<\/ul>\n<hr data-start=\"3480\" data-end=\"3483\" \/>\n<h2 data-start=\"3485\" data-end=\"3538\">\ud83d\ude80 K\u00f6p VELO Zesty Elderflower online hos Veloop.se<\/h2>\n<p data-start=\"3540\" data-end=\"3708\">Vill du ha en <strong data-start=\"3554\" data-end=\"3596\">sofistikerad och somrig smakupplevelse<\/strong>? VELO Zesty Elderflower \u00e4r ett <strong data-start=\"3628\" data-end=\"3694\">perfekt val f\u00f6r dig som gillar fr\u00e4sch citrus och florala toner<\/strong> \u2013 utan tobak.<\/p>\n<p data-start=\"3710\" data-end=\"3820\">\ud83d\uded2 <strong data-start=\"3713\" data-end=\"3820\"><a class=\"\" href=\"https:\/\/snus-malmo.se\/sv\/produkt-kategori\/velo\/\" target=\"_new\" rel=\"noopener\" data-start=\"3715\" data-end=\"3818\">Klicka hem din favorit fr\u00e5n VELO idag \u2013 bara hos Veloop.se!<\/a><\/strong><\/p>","protected":false},"excerpt":{"rendered":"<h1>VELO Zesty Elderflower<\/h1>\n<h2>VELO Zesty Elderflower \u2013 Fl\u00e4der &amp; citrus i slim-format | Veloop.se<\/h2>\n<p>VELO Zesty Elderflower \u2013 tobaksfritt snus med smak av fl\u00e4der och citrus. Slim-format, fr\u00e4sch k\u00e4nsla och stilren smak. K\u00f6p hos Veloop.se!<\/p>\n<p>\ud83d\uded2 <strong data-start=\"3713\" data-end=\"3820\"><a class=\"\" href=\"https:\/\/snus-malmo.se\/sv\/produkt-kategori\/velo\/\" target=\"_new\" rel=\"noopener\" data-start=\"3715\" data-end=\"3818\">Klicka hem din favorit fr\u00e5n VELO idag \u2013 bara hos Veloop.se!<\/a><\/strong><\/p>","protected":false},"featured_media":60571,"comment_status":"open","ping_status":"closed","template":"","meta":[],"product_brand":[326],"product_cat":[136,137,255],"product_tag":[],"class_list":{"0":"post-54235","1":"product","2":"type-product","3":"status-publish","4":"has-post-thumbnail","6":"product_brand-velo","7":"product_cat-all-whites","8":"product_cat-slim","9":"product_cat-velo","11":"first","12":"instock","13":"taxable","14":"shipping-taxable","15":"purchasable","16":"product-type-variable"},"_links":{"self":[{"href":"https:\/\/snus-malmo.se\/sv\/wp-json\/wp\/v2\/product\/54235","targetHints":{"allow":["GET"]}}],"collection":[{"href":"https:\/\/snus-malmo.se\/sv\/wp-json\/wp\/v2\/product"}],"about":[{"href":"https:\/\/snus-malmo.se\/sv\/wp-json\/wp\/v2\/types\/product"}],"replies":[{"embeddable":true,"href":"https:\/\/snus-malmo.se\/sv\/wp-json\/wp\/v2\/comments?post=54235"}],"version-history":[{"count":0,"href":"https:\/\/snus-malmo.se\/sv\/wp-json\/wp\/v2\/product\/54235\/revisions"}],"wp:featuredmedia":[{"embeddable":true,"href":"https:\/\/snus-malmo.se\/sv\/wp-json\/wp\/v2\/media\/60571"}],"wp:attachment":[{"href":"https:\/\/snus-malmo.se\/sv\/wp-json\/wp\/v2\/media?parent=54235"}],"wp:term":[{"taxonomy":"product_brand","embeddable":true,"href":"https:\/\/snus-malmo.se\/sv\/wp-json\/wp\/v2\/product_brand?post=54235"},{"taxonomy":"product_cat","embeddable":true,"href":"https:\/\/snus-malmo.se\/sv\/wp-json\/wp\/v2\/product_cat?post=54235"},{"taxonomy":"product_tag","embeddable":true,"href":"https:\/\/snus-malmo.se\/sv\/wp-json\/wp\/v2\/product_tag?post=54235"}],"curies":[{"name":"wp","href":"https:\/\/api.w.org\/{rel}","templated":true}]}}