{"id":54236,"date":"2025-05-23T16:57:59","date_gmt":"2025-05-23T16:57:59","guid":{"rendered":"https:\/\/snus-malmo.se\/?post_type=product&#038;p=54236"},"modified":"2025-11-24T20:33:24","modified_gmt":"2025-11-24T20:33:24","slug":"velo-salty-liquorice","status":"publish","type":"product","link":"https:\/\/snus-malmo.se\/sv\/produkt\/velo-salty-liquorice\/","title":{"rendered":"VELO Salty Liquorice"},"content":{"rendered":"<h1>VELO Salty Liquorice<\/h1>\n<h2 data-start=\"220\" data-end=\"291\">VELO Salty Liquorice \u2013 Klassisk lakrits med salt twist i slim-format<\/h2>\n<p data-start=\"293\" data-end=\"608\"><strong data-start=\"293\" data-end=\"317\">VELO Salty Liquorice<\/strong> \u00e4r ett <strong data-start=\"325\" data-end=\"350\">tobaksfritt vitt snus<\/strong> med en <strong data-start=\"358\" data-end=\"391\">distinkt smak av salt lakrits<\/strong> \u2013 perfekt f\u00f6r dig som \u00e4lskar den klassiska, nordiska lakritskarakt\u00e4ren med djup s\u00e4lta och kraftfull intensitet. Kombinationen av salmiak och nikotin skapar en upplevelse som \u00e4r b\u00e5de <strong data-start=\"574\" data-end=\"607\">markant, fyllig och l\u00e5ngvarig<\/strong>.<\/p>\n<p data-start=\"610\" data-end=\"782\">Portionerna kommer i <strong data-start=\"631\" data-end=\"646\">slim-format<\/strong>, vilket g\u00f6r att de sitter bekv\u00e4mt och diskret under l\u00e4ppen \u2013 ett smart val f\u00f6r dig som vill njuta av <strong data-start=\"748\" data-end=\"781\">karakt\u00e4rsfull smak utan tobak<\/strong>.<\/p>\n<hr data-start=\"784\" data-end=\"787\" \/>\n<h3 data-start=\"789\" data-end=\"829\">\u2714\ufe0f F\u00f6rdelar med VELO Salty Liquorice<\/h3>\n<ul data-start=\"831\" data-end=\"1077\">\n<li data-start=\"831\" data-end=\"876\">\n<p data-start=\"833\" data-end=\"876\"><strong data-start=\"833\" data-end=\"874\">Intensiv smak av salt lakrits\/salmiak<\/strong><\/p>\n<\/li>\n<li data-start=\"877\" data-end=\"926\">\n<p data-start=\"879\" data-end=\"926\"><strong data-start=\"879\" data-end=\"924\">Slim-format \u2013 smidig och diskret passform<\/strong><\/p>\n<\/li>\n<li data-start=\"927\" data-end=\"968\">\n<p data-start=\"929\" data-end=\"968\"><strong data-start=\"929\" data-end=\"966\">Tobaksfritt vitt snus med nikotin<\/strong><\/p>\n<\/li>\n<li data-start=\"969\" data-end=\"1021\">\n<p data-start=\"971\" data-end=\"1021\"><strong data-start=\"971\" data-end=\"1019\">Tillverkad av British American Tobacco (BAT)<\/strong><\/p>\n<\/li>\n<li data-start=\"1022\" data-end=\"1077\">\n<p data-start=\"1024\" data-end=\"1077\"><strong data-start=\"1024\" data-end=\"1077\">Passar dig som \u00e4lskar dj\u00e4rva och klassiska smaker<\/strong><\/p>\n<\/li>\n<\/ul>\n<hr data-start=\"1079\" data-end=\"1082\" \/>\n<h3 data-start=\"1084\" data-end=\"1113\">\u26ab Produktspecifikationer:<\/h3>\n<ul data-start=\"1115\" data-end=\"1356\">\n<li data-start=\"1115\" data-end=\"1152\">\n<p data-start=\"1117\" data-end=\"1152\"><strong data-start=\"1117\" data-end=\"1129\">Produkt:<\/strong> VELO Salty Liquorice<\/p>\n<\/li>\n<li data-start=\"1153\" data-end=\"1189\">\n<p data-start=\"1155\" data-end=\"1189\"><strong data-start=\"1155\" data-end=\"1164\">Smak:<\/strong> Salt lakrits \/ salmiak<\/p>\n<\/li>\n<li data-start=\"1190\" data-end=\"1226\">\n<p data-start=\"1192\" data-end=\"1226\"><strong data-start=\"1192\" data-end=\"1200\">Typ:<\/strong> Vitt snus (tobaksfritt)<\/p>\n<\/li>\n<li data-start=\"1227\" data-end=\"1247\">\n<p data-start=\"1229\" data-end=\"1247\"><strong data-start=\"1229\" data-end=\"1240\">Format:<\/strong> Slim<\/p>\n<\/li>\n<li data-start=\"1248\" data-end=\"1269\">\n<p data-start=\"1250\" data-end=\"1269\"><strong data-start=\"1250\" data-end=\"1261\">Styrka:<\/strong> Stark<\/p>\n<\/li>\n<li data-start=\"1270\" data-end=\"1306\">\n<p data-start=\"1272\" data-end=\"1306\"><strong data-start=\"1272\" data-end=\"1301\">Antal portioner per dosa:<\/strong> 20<\/p>\n<\/li>\n<li data-start=\"1307\" data-end=\"1356\">\n<p data-start=\"1309\" data-end=\"1356\"><strong data-start=\"1309\" data-end=\"1325\">Tillverkare:<\/strong> British American Tobacco (BAT)<\/p>\n<\/li>\n<\/ul>\n<hr data-start=\"1358\" data-end=\"1361\" \/>\n<h2 data-start=\"1363\" data-end=\"1412\">\ud83c\udf08 Uppt\u00e4ck hela VELO-sortimentet hos Veloop.se<\/h2>\n<p data-start=\"1414\" data-end=\"1537\">Letar du efter andra smaker fr\u00e5n VELO? H\u00e4r hittar du b\u00e5de mintiga klassiker, fruktiga favoriter och nikotinfria alternativ:<\/p>\n<ul data-start=\"1539\" data-end=\"3468\">\n<li data-start=\"1539\" data-end=\"1602\">\n<p data-start=\"1541\" data-end=\"1602\"><strong data-start=\"1541\" data-end=\"1567\">VELO Arctic Grapefruit<\/strong> \u2013 Frisk grapefrukt med kylig ton<\/p>\n<\/li>\n<li data-start=\"1603\" data-end=\"1658\">\n<p data-start=\"1605\" data-end=\"1658\"><strong data-start=\"1605\" data-end=\"1628\">VELO Blue Raspberry<\/strong> \u2013 S\u00f6t och syrlig bl\u00e5 hallon<\/p>\n<\/li>\n<li data-start=\"1659\" data-end=\"1709\">\n<p data-start=\"1661\" data-end=\"1709\"><strong data-start=\"1661\" data-end=\"1682\">VELO Blushy Berry<\/strong> \u2013 Mjuk smak av ljusa b\u00e4r<\/p>\n<\/li>\n<li data-start=\"1710\" data-end=\"1763\">\n<p data-start=\"1712\" data-end=\"1763\"><strong data-start=\"1712\" data-end=\"1733\">VELO Breezy Mango<\/strong> \u2013 L\u00e4tt och tropisk mangoton<\/p>\n<\/li>\n<li data-start=\"1764\" data-end=\"1823\">\n<p data-start=\"1766\" data-end=\"1823\"><strong data-start=\"1766\" data-end=\"1796\">VELO Bright Spearmint Mini<\/strong> \u2013 Mild och s\u00f6t spearmint<\/p>\n<\/li>\n<li data-start=\"1824\" data-end=\"1892\">\n<p data-start=\"1826\" data-end=\"1892\"><strong data-start=\"1826\" data-end=\"1857\">VELO Crispy Peppermint Mini<\/strong> \u2013 Stark pepparmint i mini-format<\/p>\n<\/li>\n<li data-start=\"1893\" data-end=\"1969\">\n<p data-start=\"1895\" data-end=\"1969\"><strong data-start=\"1895\" data-end=\"1926\">VELO Crispy Peppermint Slim<\/strong> \u2013 Klassisk pepparmint med kylande effekt<\/p>\n<\/li>\n<li data-start=\"1970\" data-end=\"2043\">\n<p data-start=\"1972\" data-end=\"2043\"><strong data-start=\"1972\" data-end=\"2003\">VELO Crispy Peppermint Zero<\/strong> \u2013 Tobaksfri och nikotinfri pepparmint<\/p>\n<\/li>\n<li data-start=\"2044\" data-end=\"2127\">\n<p data-start=\"2046\" data-end=\"2127\"><strong data-start=\"2046\" data-end=\"2082\">VELO Freezing Peppermint 10,9 MG<\/strong> \u2013 Isig och frisk pepparmint, medium styrka<\/p>\n<\/li>\n<li data-start=\"2128\" data-end=\"2200\">\n<p data-start=\"2130\" data-end=\"2200\"><strong data-start=\"2130\" data-end=\"2164\">VELO Freezing Peppermint 14 MG<\/strong> \u2013 Iskall pepparmint, stark styrka<\/p>\n<\/li>\n<li data-start=\"2201\" data-end=\"2270\">\n<p data-start=\"2203\" data-end=\"2270\"><strong data-start=\"2203\" data-end=\"2237\">VELO Freezing Peppermint 17 MG<\/strong> \u2013 Maxad kyla och nikotinstyrka<\/p>\n<\/li>\n<li data-start=\"2271\" data-end=\"2336\">\n<p data-start=\"2273\" data-end=\"2336\"><strong data-start=\"2273\" data-end=\"2297\">VELO Green Spearmint<\/strong> \u2013 Fr\u00e4sch spearmint med mjuk karakt\u00e4r<\/p>\n<\/li>\n<li data-start=\"2337\" data-end=\"2405\">\n<p data-start=\"2339\" data-end=\"2405\"><strong data-start=\"2339\" data-end=\"2365\">VELO Groovy Grape Mini<\/strong> \u2013 L\u00e4tt och s\u00f6t druvsmak i mini-format<\/p>\n<\/li>\n<li data-start=\"2406\" data-end=\"2458\">\n<p data-start=\"2408\" data-end=\"2458\"><strong data-start=\"2408\" data-end=\"2428\">VELO Icy Berries<\/strong> \u2013 B\u00e4rmix med kylande k\u00e4nsla<\/p>\n<\/li>\n<li data-start=\"2459\" data-end=\"2515\">\n<p data-start=\"2461\" data-end=\"2515\"><strong data-start=\"2461\" data-end=\"2480\">VELO Icy Cherry<\/strong> \u2013 S\u00f6t k\u00f6rsb\u00e4rssmak med sval mint<\/p>\n<\/li>\n<li data-start=\"2516\" data-end=\"2569\">\n<p data-start=\"2518\" data-end=\"2569\"><strong data-start=\"2518\" data-end=\"2537\">VELO Lime Flame<\/strong> \u2013 Syrlig lime med citrussting<\/p>\n<\/li>\n<li data-start=\"2570\" data-end=\"2628\">\n<p data-start=\"2572\" data-end=\"2628\"><strong data-start=\"2572\" data-end=\"2592\">VELO Mango Flame<\/strong> \u2013 Fruktig mango med kryddig hetta<\/p>\n<\/li>\n<li data-start=\"2629\" data-end=\"2687\">\n<p data-start=\"2631\" data-end=\"2687\"><strong data-start=\"2631\" data-end=\"2660\">VELO McLaren Sweet Papaya<\/strong> \u2013 Exotisk och s\u00f6t papaya<\/p>\n<\/li>\n<li data-start=\"2688\" data-end=\"2744\">\n<p data-start=\"2690\" data-end=\"2744\"><strong data-start=\"2690\" data-end=\"2711\">VELO Orange Spark<\/strong> \u2013 Frisk apelsin med citruskick<\/p>\n<\/li>\n<li data-start=\"2745\" data-end=\"2817\">\n<p data-start=\"2747\" data-end=\"2817\"><strong data-start=\"2747\" data-end=\"2772\">VELO Peppermint Storm<\/strong> \u2013 Intensiv pepparmint med kraftfull effekt<\/p>\n<\/li>\n<li data-start=\"2818\" data-end=\"2877\">\n<p data-start=\"2820\" data-end=\"2877\"><strong data-start=\"2820\" data-end=\"2845\">VELO Punchy Lime Mini<\/strong> \u2013 Skarp lime i kompakt format<\/p>\n<\/li>\n<li data-start=\"2878\" data-end=\"2945\">\n<p data-start=\"2880\" data-end=\"2945\"><strong data-start=\"2880\" data-end=\"2906\">VELO Purple Grape Mini<\/strong> \u2013 S\u00f6t och saftig druva i mini-format<\/p>\n<\/li>\n<li data-start=\"2946\" data-end=\"3016\">\n<p data-start=\"2948\" data-end=\"3016\"><strong data-start=\"2948\" data-end=\"2976\">VELO Purple Grape Strong<\/strong> \u2013 Djup druvsmak med stark nikotinkick<\/p>\n<\/li>\n<li data-start=\"3017\" data-end=\"3080\">\n<p data-start=\"3019\" data-end=\"3080\"><strong data-start=\"3019\" data-end=\"3043\">VELO Salty Liquorice<\/strong> \u2013 Saltlakrits med kraftig karakt\u00e4r<\/p>\n<\/li>\n<li data-start=\"3081\" data-end=\"3144\">\n<p data-start=\"3083\" data-end=\"3144\"><strong data-start=\"3083\" data-end=\"3113\">VELO Simply Spearmint Mini<\/strong> \u2013 Enkel och fr\u00e4sch spearmint<\/p>\n<\/li>\n<li data-start=\"3145\" data-end=\"3210\">\n<p data-start=\"3147\" data-end=\"3210\"><strong data-start=\"3147\" data-end=\"3170\">VELO Sour Lime Mini<\/strong> \u2013 Syrlig lime med tydlig citrusprofil<\/p>\n<\/li>\n<li data-start=\"3211\" data-end=\"3278\">\n<p data-start=\"3213\" data-end=\"3278\"><strong data-start=\"3213\" data-end=\"3242\">VELO Tropical Mango 14 MG<\/strong> \u2013 S\u00f6t mango med tropisk fyllighet<\/p>\n<\/li>\n<li data-start=\"3279\" data-end=\"3332\">\n<p data-start=\"3281\" data-end=\"3332\"><strong data-start=\"3281\" data-end=\"3309\">VELO Tropical Mango Zero<\/strong> \u2013 Mango utan nikotin<\/p>\n<\/li>\n<li data-start=\"3333\" data-end=\"3398\">\n<p data-start=\"3335\" data-end=\"3398\"><strong data-start=\"3335\" data-end=\"3366\">VELO Wintry Watermelon Mini<\/strong> \u2013 Vattenmelon med mintig kyla<\/p>\n<\/li>\n<li data-start=\"3399\" data-end=\"3468\">\n<p data-start=\"3401\" data-end=\"3468\"><strong data-start=\"3401\" data-end=\"3427\">VELO Zesty Elderflower<\/strong> \u2013 Blommig fl\u00e4der med frisk citrusnyans<\/p>\n<\/li>\n<\/ul>\n<hr data-start=\"3470\" data-end=\"3473\" \/>\n<h2 data-start=\"3475\" data-end=\"3526\">\ud83d\ude80 K\u00f6p VELO Salty Liquorice online hos Veloop.se<\/h2>\n<p data-start=\"3528\" data-end=\"3668\">Sugen p\u00e5 en kraftfull lakritsupplevelse? <strong data-start=\"3569\" data-end=\"3593\">VELO Salty Liquorice<\/strong> ger dig intensiv salmiaksmak utan tobak \u2013 i en diskret och bekv\u00e4m portion.<\/p>\n<p data-start=\"3670\" data-end=\"3780\">\ud83d\uded2 <strong data-start=\"3673\" data-end=\"3780\"><a class=\"\" href=\"https:\/\/snus-malmo.se\/sv\/produkt-kategori\/velo\/\" target=\"_new\" rel=\"noopener\" data-start=\"3675\" data-end=\"3778\">Klicka hem din favorit fr\u00e5n VELO idag \u2013 bara hos Veloop.se!<\/a><\/strong><\/p>","protected":false},"excerpt":{"rendered":"<h1>VELO Salty Liquorice<\/h1>\n<h2>VELO Salty Liquorice \u2013 Salt lakritssmak i slim-format | Veloop.se<\/h2>\n<p>VELO Salty Liquorice \u2013 tobaksfritt snus med intensiv smak av salmiak och lakrits. Slim-format med stark nikotinhalt. K\u00f6p hos Veloop.se!<\/p>\n<p>\ud83d\uded2 <strong data-start=\"3673\" data-end=\"3780\"><a class=\"\" href=\"https:\/\/snus-malmo.se\/sv\/produkt-kategori\/velo\/\" target=\"_new\" rel=\"noopener\" data-start=\"3675\" data-end=\"3778\">Klicka hem din favorit fr\u00e5n VELO idag \u2013 bara hos Veloop.se!<\/a><\/strong><\/p>\n<p>&nbsp;<\/p>","protected":false},"featured_media":60577,"comment_status":"open","ping_status":"closed","template":"","meta":[],"product_brand":[326],"product_cat":[136,137,255],"product_tag":[],"class_list":{"0":"post-54236","1":"product","2":"type-product","3":"status-publish","4":"has-post-thumbnail","6":"product_brand-velo","7":"product_cat-all-whites","8":"product_cat-slim","9":"product_cat-velo","11":"first","12":"instock","13":"taxable","14":"shipping-taxable","15":"purchasable","16":"product-type-variable"},"_links":{"self":[{"href":"https:\/\/snus-malmo.se\/sv\/wp-json\/wp\/v2\/product\/54236","targetHints":{"allow":["GET"]}}],"collection":[{"href":"https:\/\/snus-malmo.se\/sv\/wp-json\/wp\/v2\/product"}],"about":[{"href":"https:\/\/snus-malmo.se\/sv\/wp-json\/wp\/v2\/types\/product"}],"replies":[{"embeddable":true,"href":"https:\/\/snus-malmo.se\/sv\/wp-json\/wp\/v2\/comments?post=54236"}],"version-history":[{"count":0,"href":"https:\/\/snus-malmo.se\/sv\/wp-json\/wp\/v2\/product\/54236\/revisions"}],"wp:featuredmedia":[{"embeddable":true,"href":"https:\/\/snus-malmo.se\/sv\/wp-json\/wp\/v2\/media\/60577"}],"wp:attachment":[{"href":"https:\/\/snus-malmo.se\/sv\/wp-json\/wp\/v2\/media?parent=54236"}],"wp:term":[{"taxonomy":"product_brand","embeddable":true,"href":"https:\/\/snus-malmo.se\/sv\/wp-json\/wp\/v2\/product_brand?post=54236"},{"taxonomy":"product_cat","embeddable":true,"href":"https:\/\/snus-malmo.se\/sv\/wp-json\/wp\/v2\/product_cat?post=54236"},{"taxonomy":"product_tag","embeddable":true,"href":"https:\/\/snus-malmo.se\/sv\/wp-json\/wp\/v2\/product_tag?post=54236"}],"curies":[{"name":"wp","href":"https:\/\/api.w.org\/{rel}","templated":true}]}}