{"id":54237,"date":"2025-05-23T16:57:59","date_gmt":"2025-05-23T16:57:59","guid":{"rendered":"https:\/\/snus-malmo.se\/?post_type=product&#038;p=54237"},"modified":"2025-07-27T22:48:47","modified_gmt":"2025-07-27T22:48:47","slug":"purple-grape-strong","status":"publish","type":"product","link":"https:\/\/snus-malmo.se\/sv\/produkt\/purple-grape-strong\/","title":{"rendered":"Purple Grape Strong"},"content":{"rendered":"<h1>Purple Grape Strong<\/h1>\n<h2 data-start=\"250\" data-end=\"322\">VELO Purple Grape Strong \u2013 Kraftfull druvsmak med stark nikotineffekt<\/h2>\n<p data-start=\"324\" data-end=\"657\"><strong data-start=\"324\" data-end=\"352\">VELO Purple Grape Strong<\/strong> \u00e4r ett <strong data-start=\"360\" data-end=\"385\">tobaksfritt vitt snus<\/strong> med en <strong data-start=\"393\" data-end=\"432\">fyllig och s\u00f6t smak av m\u00f6rka druvor<\/strong>, kombinerat med en <strong data-start=\"452\" data-end=\"473\">stark nikotinkick<\/strong> som ger en tydlig och l\u00e5ngvarig upplevelse. Den intensiva smaken av saftiga vindruvor m\u00f6ter en ren nikotineffekt \u2013 perfekt f\u00f6r dig som s\u00f6ker <strong data-start=\"615\" data-end=\"656\">fruktig karakt\u00e4r med kraftfull styrka<\/strong>.<\/p>\n<p data-start=\"659\" data-end=\"835\">Formatet \u00e4r <strong data-start=\"671\" data-end=\"679\">slim<\/strong>, vilket g\u00f6r portionerna smidiga att b\u00e4ra och bekv\u00e4ma under l\u00e4ppen. Ett perfekt val f\u00f6r dig som gillar fruktiga snusvarianter men inte vill tumma p\u00e5 effekt.<\/p>\n<hr data-start=\"837\" data-end=\"840\" \/>\n<h3 data-start=\"842\" data-end=\"886\">\u2714\ufe0f F\u00f6rdelar med VELO Purple Grape Strong<\/h3>\n<ul data-start=\"888\" data-end=\"1103\">\n<li data-start=\"888\" data-end=\"920\">\n<p data-start=\"890\" data-end=\"920\"><strong data-start=\"890\" data-end=\"918\">Fyllig och djup druvsmak<\/strong><\/p>\n<\/li>\n<li data-start=\"921\" data-end=\"967\">\n<p data-start=\"923\" data-end=\"967\"><strong data-start=\"923\" data-end=\"965\">Stark nikotinstyrka f\u00f6r vana anv\u00e4ndare<\/strong><\/p>\n<\/li>\n<li data-start=\"968\" data-end=\"1008\">\n<p data-start=\"970\" data-end=\"1008\"><strong data-start=\"970\" data-end=\"1006\">Slim-format f\u00f6r diskret passform<\/strong><\/p>\n<\/li>\n<li data-start=\"1009\" data-end=\"1047\">\n<p data-start=\"1011\" data-end=\"1047\"><strong data-start=\"1011\" data-end=\"1045\">Tobaksfritt vitt snus fr\u00e5n BAT<\/strong><\/p>\n<\/li>\n<li data-start=\"1048\" data-end=\"1103\">\n<p data-start=\"1050\" data-end=\"1103\"><strong data-start=\"1050\" data-end=\"1103\">Perfekt f\u00f6r dig som vill ha frukt och kraft i ett<\/strong><\/p>\n<\/li>\n<\/ul>\n<hr data-start=\"1105\" data-end=\"1108\" \/>\n<h3 data-start=\"1110\" data-end=\"1140\">\ud83c\udf47 Produktspecifikationer:<\/h3>\n<ul data-start=\"1142\" data-end=\"1375\">\n<li data-start=\"1142\" data-end=\"1183\">\n<p data-start=\"1144\" data-end=\"1183\"><strong data-start=\"1144\" data-end=\"1156\">Produkt:<\/strong> VELO Purple Grape Strong<\/p>\n<\/li>\n<li data-start=\"1184\" data-end=\"1208\">\n<p data-start=\"1186\" data-end=\"1208\"><strong data-start=\"1186\" data-end=\"1195\">Smak:<\/strong> M\u00f6rk druva<\/p>\n<\/li>\n<li data-start=\"1209\" data-end=\"1245\">\n<p data-start=\"1211\" data-end=\"1245\"><strong data-start=\"1211\" data-end=\"1219\">Typ:<\/strong> Vitt snus (tobaksfritt)<\/p>\n<\/li>\n<li data-start=\"1246\" data-end=\"1266\">\n<p data-start=\"1248\" data-end=\"1266\"><strong data-start=\"1248\" data-end=\"1259\">Format:<\/strong> Slim<\/p>\n<\/li>\n<li data-start=\"1267\" data-end=\"1288\">\n<p data-start=\"1269\" data-end=\"1288\"><strong data-start=\"1269\" data-end=\"1280\">Styrka:<\/strong> Stark<\/p>\n<\/li>\n<li data-start=\"1289\" data-end=\"1325\">\n<p data-start=\"1291\" data-end=\"1325\"><strong data-start=\"1291\" data-end=\"1320\">Antal portioner per dosa:<\/strong> 20<\/p>\n<\/li>\n<li data-start=\"1326\" data-end=\"1375\">\n<p data-start=\"1328\" data-end=\"1375\"><strong data-start=\"1328\" data-end=\"1344\">Tillverkare:<\/strong> British American Tobacco (BAT)<\/p>\n<\/li>\n<\/ul>\n<hr data-start=\"1377\" data-end=\"1380\" \/>\n<h2 data-start=\"1382\" data-end=\"1443\">\ud83c\udf08 Hela VELO-sortimentet \u2013 K\u00f6p alla favoriter p\u00e5 Veloop.se<\/h2>\n<p data-start=\"1445\" data-end=\"1526\">Oavsett om du f\u00f6redrar mint, frukt eller nikotinfritt \u2013 h\u00e4r \u00e4r hela VELO-utbudet:<\/p>\n<ul data-start=\"1528\" data-end=\"3457\">\n<li data-start=\"1528\" data-end=\"1591\">\n<p data-start=\"1530\" data-end=\"1591\"><strong data-start=\"1530\" data-end=\"1556\">VELO Arctic Grapefruit<\/strong> \u2013 Frisk grapefrukt med kylig ton<\/p>\n<\/li>\n<li data-start=\"1592\" data-end=\"1647\">\n<p data-start=\"1594\" data-end=\"1647\"><strong data-start=\"1594\" data-end=\"1617\">VELO Blue Raspberry<\/strong> \u2013 S\u00f6t och syrlig bl\u00e5 hallon<\/p>\n<\/li>\n<li data-start=\"1648\" data-end=\"1698\">\n<p data-start=\"1650\" data-end=\"1698\"><strong data-start=\"1650\" data-end=\"1671\">VELO Blushy Berry<\/strong> \u2013 Mjuk smak av ljusa b\u00e4r<\/p>\n<\/li>\n<li data-start=\"1699\" data-end=\"1752\">\n<p data-start=\"1701\" data-end=\"1752\"><strong data-start=\"1701\" data-end=\"1722\">VELO Breezy Mango<\/strong> \u2013 L\u00e4tt och tropisk mangoton<\/p>\n<\/li>\n<li data-start=\"1753\" data-end=\"1812\">\n<p data-start=\"1755\" data-end=\"1812\"><strong data-start=\"1755\" data-end=\"1785\">VELO Bright Spearmint Mini<\/strong> \u2013 Mild och s\u00f6t spearmint<\/p>\n<\/li>\n<li data-start=\"1813\" data-end=\"1881\">\n<p data-start=\"1815\" data-end=\"1881\"><strong data-start=\"1815\" data-end=\"1846\">VELO Crispy Peppermint Mini<\/strong> \u2013 Stark pepparmint i mini-format<\/p>\n<\/li>\n<li data-start=\"1882\" data-end=\"1958\">\n<p data-start=\"1884\" data-end=\"1958\"><strong data-start=\"1884\" data-end=\"1915\">VELO Crispy Peppermint Slim<\/strong> \u2013 Klassisk pepparmint med kylande effekt<\/p>\n<\/li>\n<li data-start=\"1959\" data-end=\"2032\">\n<p data-start=\"1961\" data-end=\"2032\"><strong data-start=\"1961\" data-end=\"1992\">VELO Crispy Peppermint Zero<\/strong> \u2013 Tobaksfri och nikotinfri pepparmint<\/p>\n<\/li>\n<li data-start=\"2033\" data-end=\"2116\">\n<p data-start=\"2035\" data-end=\"2116\"><strong data-start=\"2035\" data-end=\"2071\">VELO Freezing Peppermint 10,9 MG<\/strong> \u2013 Isig och frisk pepparmint, medium styrka<\/p>\n<\/li>\n<li data-start=\"2117\" data-end=\"2189\">\n<p data-start=\"2119\" data-end=\"2189\"><strong data-start=\"2119\" data-end=\"2153\">VELO Freezing Peppermint 14 MG<\/strong> \u2013 Iskall pepparmint, stark styrka<\/p>\n<\/li>\n<li data-start=\"2190\" data-end=\"2259\">\n<p data-start=\"2192\" data-end=\"2259\"><strong data-start=\"2192\" data-end=\"2226\">VELO Freezing Peppermint 17 MG<\/strong> \u2013 Maxad kyla och nikotinstyrka<\/p>\n<\/li>\n<li data-start=\"2260\" data-end=\"2325\">\n<p data-start=\"2262\" data-end=\"2325\"><strong data-start=\"2262\" data-end=\"2286\">VELO Green Spearmint<\/strong> \u2013 Fr\u00e4sch spearmint med mjuk karakt\u00e4r<\/p>\n<\/li>\n<li data-start=\"2326\" data-end=\"2394\">\n<p data-start=\"2328\" data-end=\"2394\"><strong data-start=\"2328\" data-end=\"2354\">VELO Groovy Grape Mini<\/strong> \u2013 L\u00e4tt och s\u00f6t druvsmak i mini-format<\/p>\n<\/li>\n<li data-start=\"2395\" data-end=\"2447\">\n<p data-start=\"2397\" data-end=\"2447\"><strong data-start=\"2397\" data-end=\"2417\">VELO Icy Berries<\/strong> \u2013 B\u00e4rmix med kylande k\u00e4nsla<\/p>\n<\/li>\n<li data-start=\"2448\" data-end=\"2504\">\n<p data-start=\"2450\" data-end=\"2504\"><strong data-start=\"2450\" data-end=\"2469\">VELO Icy Cherry<\/strong> \u2013 S\u00f6t k\u00f6rsb\u00e4rssmak med sval mint<\/p>\n<\/li>\n<li data-start=\"2505\" data-end=\"2558\">\n<p data-start=\"2507\" data-end=\"2558\"><strong data-start=\"2507\" data-end=\"2526\">VELO Lime Flame<\/strong> \u2013 Syrlig lime med citrussting<\/p>\n<\/li>\n<li data-start=\"2559\" data-end=\"2617\">\n<p data-start=\"2561\" data-end=\"2617\"><strong data-start=\"2561\" data-end=\"2581\">VELO Mango Flame<\/strong> \u2013 Fruktig mango med kryddig hetta<\/p>\n<\/li>\n<li data-start=\"2618\" data-end=\"2676\">\n<p data-start=\"2620\" data-end=\"2676\"><strong data-start=\"2620\" data-end=\"2649\">VELO McLaren Sweet Papaya<\/strong> \u2013 Exotisk och s\u00f6t papaya<\/p>\n<\/li>\n<li data-start=\"2677\" data-end=\"2733\">\n<p data-start=\"2679\" data-end=\"2733\"><strong data-start=\"2679\" data-end=\"2700\">VELO Orange Spark<\/strong> \u2013 Frisk apelsin med citruskick<\/p>\n<\/li>\n<li data-start=\"2734\" data-end=\"2806\">\n<p data-start=\"2736\" data-end=\"2806\"><strong data-start=\"2736\" data-end=\"2761\">VELO Peppermint Storm<\/strong> \u2013 Intensiv pepparmint med kraftfull effekt<\/p>\n<\/li>\n<li data-start=\"2807\" data-end=\"2866\">\n<p data-start=\"2809\" data-end=\"2866\"><strong data-start=\"2809\" data-end=\"2834\">VELO Punchy Lime Mini<\/strong> \u2013 Skarp lime i kompakt format<\/p>\n<\/li>\n<li data-start=\"2867\" data-end=\"2934\">\n<p data-start=\"2869\" data-end=\"2934\"><strong data-start=\"2869\" data-end=\"2895\">VELO Purple Grape Mini<\/strong> \u2013 S\u00f6t och saftig druva i mini-format<\/p>\n<\/li>\n<li data-start=\"2935\" data-end=\"3005\">\n<p data-start=\"2937\" data-end=\"3005\"><strong data-start=\"2937\" data-end=\"2965\">VELO Purple Grape Strong<\/strong> \u2013 Djup druvsmak med stark nikotinkick<\/p>\n<\/li>\n<li data-start=\"3006\" data-end=\"3069\">\n<p data-start=\"3008\" data-end=\"3069\"><strong data-start=\"3008\" data-end=\"3032\">VELO Salty Liquorice<\/strong> \u2013 Saltlakrits med kraftig karakt\u00e4r<\/p>\n<\/li>\n<li data-start=\"3070\" data-end=\"3133\">\n<p data-start=\"3072\" data-end=\"3133\"><strong data-start=\"3072\" data-end=\"3102\">VELO Simply Spearmint Mini<\/strong> \u2013 Enkel och fr\u00e4sch spearmint<\/p>\n<\/li>\n<li data-start=\"3134\" data-end=\"3199\">\n<p data-start=\"3136\" data-end=\"3199\"><strong data-start=\"3136\" data-end=\"3159\">VELO Sour Lime Mini<\/strong> \u2013 Syrlig lime med tydlig citrusprofil<\/p>\n<\/li>\n<li data-start=\"3200\" data-end=\"3267\">\n<p data-start=\"3202\" data-end=\"3267\"><strong data-start=\"3202\" data-end=\"3231\">VELO Tropical Mango 14 MG<\/strong> \u2013 S\u00f6t mango med tropisk fyllighet<\/p>\n<\/li>\n<li data-start=\"3268\" data-end=\"3321\">\n<p data-start=\"3270\" data-end=\"3321\"><strong data-start=\"3270\" data-end=\"3298\">VELO Tropical Mango Zero<\/strong> \u2013 Mango utan nikotin<\/p>\n<\/li>\n<li data-start=\"3322\" data-end=\"3387\">\n<p data-start=\"3324\" data-end=\"3387\"><strong data-start=\"3324\" data-end=\"3355\">VELO Wintry Watermelon Mini<\/strong> \u2013 Vattenmelon med mintig kyla<\/p>\n<\/li>\n<li data-start=\"3388\" data-end=\"3457\">\n<p data-start=\"3390\" data-end=\"3457\"><strong data-start=\"3390\" data-end=\"3416\">VELO Zesty Elderflower<\/strong> \u2013 Blommig fl\u00e4der med frisk citrusnyans<\/p>\n<\/li>\n<\/ul>\n<hr data-start=\"3459\" data-end=\"3462\" \/>\n<h2 data-start=\"3464\" data-end=\"3512\">\ud83d\ude80 K\u00f6p VELO Purple Grape Strong hos Veloop.se<\/h2>\n<p data-start=\"3514\" data-end=\"3721\">Vill du ha ett snus som kombinerar <strong data-start=\"3549\" data-end=\"3580\">s\u00f6t druvsmak med h\u00f6g styrka<\/strong>? D\u00e5 \u00e4r VELO Purple Grape Strong n\u00e5got f\u00f6r dig. Slim-formatet och den fruktiga karakt\u00e4ren g\u00f6r det till ett popul\u00e4rt val bland VELO-anv\u00e4ndare.<\/p>\n<p data-start=\"3723\" data-end=\"3833\">\ud83d\uded2 <strong data-start=\"3726\" data-end=\"3833\"><a class=\"\" href=\"https:\/\/snus-malmo.se\/sv\/produkt-kategori\/velo\/\" target=\"_new\" rel=\"noopener\" data-start=\"3728\" data-end=\"3831\">Klicka hem din favorit fr\u00e5n VELO idag \u2013 bara hos Veloop.se!<\/a><\/strong><\/p>","protected":false},"excerpt":{"rendered":"<h1>Purple Grape Strong<\/h1>\n<h2>VELO Purple Grape Strong \u2013 Stark druvsmak | Veloop.se<\/h2>\n<p>VELO Purple Grape Strong \u2013 tobaksfritt snus med s\u00f6t och kraftfull druvsmak. Slim-format med h\u00f6g nikotinhalt. K\u00f6p online hos Veloop.se!<\/p>\n<p><strong data-start=\"3726\" data-end=\"3833\"><a class=\"\" href=\"https:\/\/snus-malmo.se\/sv\/produkt-kategori\/velo\/\" target=\"_new\" rel=\"noopener\" data-start=\"3728\" data-end=\"3831\">Klicka hem din favorit fr\u00e5n VELO idag \u2013 bara hos Veloop.se!<\/a><\/strong><\/p>\n<p>&nbsp;<\/p>","protected":false},"featured_media":60585,"comment_status":"open","ping_status":"closed","template":"","meta":[],"product_brand":[326],"product_cat":[136,137,255],"product_tag":[],"class_list":{"0":"post-54237","1":"product","2":"type-product","3":"status-publish","4":"has-post-thumbnail","6":"product_brand-velo","7":"product_cat-all-whites","8":"product_cat-slim","9":"product_cat-velo","11":"first","12":"instock","13":"taxable","14":"shipping-taxable","15":"purchasable","16":"product-type-variable"},"_links":{"self":[{"href":"https:\/\/snus-malmo.se\/sv\/wp-json\/wp\/v2\/product\/54237","targetHints":{"allow":["GET"]}}],"collection":[{"href":"https:\/\/snus-malmo.se\/sv\/wp-json\/wp\/v2\/product"}],"about":[{"href":"https:\/\/snus-malmo.se\/sv\/wp-json\/wp\/v2\/types\/product"}],"replies":[{"embeddable":true,"href":"https:\/\/snus-malmo.se\/sv\/wp-json\/wp\/v2\/comments?post=54237"}],"version-history":[{"count":0,"href":"https:\/\/snus-malmo.se\/sv\/wp-json\/wp\/v2\/product\/54237\/revisions"}],"wp:featuredmedia":[{"embeddable":true,"href":"https:\/\/snus-malmo.se\/sv\/wp-json\/wp\/v2\/media\/60585"}],"wp:attachment":[{"href":"https:\/\/snus-malmo.se\/sv\/wp-json\/wp\/v2\/media?parent=54237"}],"wp:term":[{"taxonomy":"product_brand","embeddable":true,"href":"https:\/\/snus-malmo.se\/sv\/wp-json\/wp\/v2\/product_brand?post=54237"},{"taxonomy":"product_cat","embeddable":true,"href":"https:\/\/snus-malmo.se\/sv\/wp-json\/wp\/v2\/product_cat?post=54237"},{"taxonomy":"product_tag","embeddable":true,"href":"https:\/\/snus-malmo.se\/sv\/wp-json\/wp\/v2\/product_tag?post=54237"}],"curies":[{"name":"wp","href":"https:\/\/api.w.org\/{rel}","templated":true}]}}