{"id":54241,"date":"2025-05-23T16:57:59","date_gmt":"2025-05-23T16:57:59","guid":{"rendered":"https:\/\/snus-malmo.se\/?post_type=product&#038;p=54241"},"modified":"2025-11-29T10:38:43","modified_gmt":"2025-11-29T10:38:43","slug":"kelly-white-sweet-peach-mini-strong","status":"publish","type":"product","link":"https:\/\/snus-malmo.se\/sv\/produkt\/kelly-white-sweet-peach-mini-strong\/","title":{"rendered":"Kelly White Sweet Peach Mini Strong"},"content":{"rendered":"<article class=\"product-text\">Kelly White Sweet Peach Mini Strong \u00e4r en produkt fr\u00e5n Kelly White med en smak av frukt. Den \u00e4r definierad som stark och kommer i ett mini-format. Produkten inneh\u00e5ller 20 portioner per f\u00f6rpackning och \u00e4r ett vit snus.<\/p>\n<\/article>\n<div class=\"buy-pane\">\n<div class=\"tab-content buy-tabs-content\">\n<div id=\"buy\" class=\"tab-pane active\">\n<div>\n<div class=\"variants list\">\n<h2>Om produkten Kelly White Sweet Peach Mini Strong<\/h2>\n<p>Kelly White Sweet Peach Mini Strong tillh\u00f6r varum\u00e4rket Kelly White, tillverkat av White Industries AB. Det handlar om en vit snusprodukt i mini-format, vilket inneb\u00e4r att dimensionerna \u00e4r mindre \u00e4n konventionella snusprodukter. Kelly White Sweet Peach Mini Strong \u00e4r fri fr\u00e5n tobak men inneh\u00e5ller nikotin, vilket g\u00f6r den stark i styrka.<\/p>\n<h2>Kelly White Sweet Peach Mini Strong<\/h2>\n<p>Kelly White Sweet Peach Mini Strong \u00e4r en vit snus som huvudsakligen har en fruktig smak av persika. Det \u00e4r en miniformatprodukt och karakteriseras som stark. Den inneh\u00e5ller 7,0 mg nikotin per portion, med ett totalt nikotininneh\u00e5ll p\u00e5 14,0 mg\/g.<\/p>\n<h3>Information om Kelly White Sweet Peach Mini Strong:<\/h3>\n<ul>\n<li>Klass: Vitt Snus<\/li>\n<li>Smakkategori: Frukt<\/li>\n<li>Styrkedimension: Stark<\/li>\n<li>Tillverkare: White Industries AB<\/li>\n<li>Nikotin Mg\/portion: 7,0<\/li>\n<li>Antal portioner per f\u00f6rpackning: 20<\/li>\n<\/ul>\n<h3>Om Kelly White<\/h3>\n<p>Kelly White \u00e4r ett varum\u00e4rke inom snusindustrin. Varum\u00e4rket erbjuder en rad olika smaker och styrkor.<\/p>\n<\/div>\n<\/div>\n<\/div>\n<\/div>\n<\/div>","protected":false},"excerpt":{"rendered":"<h2>Om produkten Kelly White Sweet Peach Mini Strong<\/h2>\n<p>Kelly White Sweet Peach Mini Strong tillh\u00f6r varum\u00e4rket Kelly White, tillverkat av White Industries AB. Det handlar om en vit snusprodukt i mini-format, vilket inneb\u00e4r att dimensionerna \u00e4r mindre \u00e4n konventionella snusprodukter. Kelly White Sweet Peach Mini Strong \u00e4r fri fr\u00e5n tobak men inneh\u00e5ller nikotin, vilket g\u00f6r den stark i styrka.<\/p>\n<h2>Kelly White Sweet Peach Mini Strong<\/h2>\n<p>Kelly White Sweet Peach Mini Strong \u00e4r en vit snus som huvudsakligen har en fruktig smak av persika. Det \u00e4r en miniformatprodukt och karakteriseras som stark. Den inneh\u00e5ller 7,0 mg nikotin per portion, med ett totalt nikotininneh\u00e5ll p\u00e5 14,0 mg\/g.<\/p>\n<h3>Information om Kelly White Sweet Peach Mini Strong:<\/h3>","protected":false},"featured_media":19315,"comment_status":"open","ping_status":"closed","template":"","meta":[],"product_brand":[],"product_cat":[136,215,79],"product_tag":[],"class_list":{"0":"post-54241","1":"product","2":"type-product","3":"status-publish","4":"has-post-thumbnail","6":"product_cat-all-whites","7":"product_cat-kelly","8":"product_cat-mini-portion","10":"first","11":"instock","12":"taxable","13":"shipping-taxable","14":"purchasable","15":"product-type-variable"},"_links":{"self":[{"href":"https:\/\/snus-malmo.se\/sv\/wp-json\/wp\/v2\/product\/54241","targetHints":{"allow":["GET"]}}],"collection":[{"href":"https:\/\/snus-malmo.se\/sv\/wp-json\/wp\/v2\/product"}],"about":[{"href":"https:\/\/snus-malmo.se\/sv\/wp-json\/wp\/v2\/types\/product"}],"replies":[{"embeddable":true,"href":"https:\/\/snus-malmo.se\/sv\/wp-json\/wp\/v2\/comments?post=54241"}],"version-history":[{"count":0,"href":"https:\/\/snus-malmo.se\/sv\/wp-json\/wp\/v2\/product\/54241\/revisions"}],"wp:featuredmedia":[{"embeddable":true,"href":"https:\/\/snus-malmo.se\/sv\/wp-json\/wp\/v2\/media\/19315"}],"wp:attachment":[{"href":"https:\/\/snus-malmo.se\/sv\/wp-json\/wp\/v2\/media?parent=54241"}],"wp:term":[{"taxonomy":"product_brand","embeddable":true,"href":"https:\/\/snus-malmo.se\/sv\/wp-json\/wp\/v2\/product_brand?post=54241"},{"taxonomy":"product_cat","embeddable":true,"href":"https:\/\/snus-malmo.se\/sv\/wp-json\/wp\/v2\/product_cat?post=54241"},{"taxonomy":"product_tag","embeddable":true,"href":"https:\/\/snus-malmo.se\/sv\/wp-json\/wp\/v2\/product_tag?post=54241"}],"curies":[{"name":"wp","href":"https:\/\/api.w.org\/{rel}","templated":true}]}}