{"id":54243,"date":"2025-05-23T16:57:59","date_gmt":"2025-05-23T16:57:59","guid":{"rendered":"https:\/\/snus-malmo.se\/?post_type=product&#038;p=54243"},"modified":"2025-07-16T15:56:00","modified_gmt":"2025-07-16T15:56:00","slug":"ace-x-honeydew-black-pepper-strong","status":"publish","type":"product","link":"https:\/\/snus-malmo.se\/sv\/produkt\/ace-x-honeydew-black-pepper-strong\/","title":{"rendered":"ACE X Honeydew Black Pepper Strong"},"content":{"rendered":"<article class=\"product-text\">ACE X Honeydew Black Pepper Strong \u00e4r en produkt fr\u00e5n Ace Superwhite med smaker av\u00a0<strong>honungsmelon och svartpeppar<\/strong>. Produkten klassificeras som stark och kommer i slim-format. Den inneh\u00e5ller 20 portioner per dosa och \u00e4r ett vitt snus.<\/p>\n<\/article>\n<div class=\"buy-pane\">\n<div class=\"tab-content buy-tabs-content\">\n<div id=\"buy\" class=\"tab-pane active\">\n<div>\n<div class=\"variants list\">\n<h2>Om produkten ACE X Honeydew Black Pepper Strong<\/h2>\n<p>ACE X Honeydew Black Pepper Strong \u00e4r en produkt som tillh\u00f6r varum\u00e4rket Ace Superwhite och tillverkas av Ministry of Snus. Det \u00e4r en produkt som faller under kategorin vitt snus i slim-format. Den inneh\u00e5ller ingen tobak men inneh\u00e5ller nikotin. Produkten klassificeras som stark.<\/p>\n<h2>ACE X Honeydew Black Pepper Strong: Smak och Styrka<\/h2>\n<p>ACE X Honeydew Black Pepper Strong, ett vitt snus med smaker av honungsmelon och svartpeppar. Det presenteras i slim-format och har en stark styrka. Nikotinhalten \u00e4r 8 mg\/portion och 16 mg\/g.<\/p>\n<h3>Format: Slim<\/h3>\n<p>ACE X Honeydew Black Pepper Strong presenteras i slim-format.<\/p>\n<h3>Information om ACE X Honeydew Black Pepper Strong:<\/h3>\n<ul>\n<li><strong>Kategori:<\/strong>\u00a0Vitt Snus<\/li>\n<li><strong>Smak:<\/strong>\u00a0Honungsmelon, svartpeppar<\/li>\n<li><strong>Styrka:<\/strong>\u00a0Stark<\/li>\n<li><strong>Tillverkare:<\/strong>\u00a0Ministry of Snus<\/li>\n<li><strong>Nikotin mg\/portion:<\/strong>\u00a08 mg<\/li>\n<li><strong>Antal prillor per dosa:<\/strong>\u00a020<\/li>\n<\/ul>\n<h3>Information om Ace Superwhite<\/h3>\n<p>Ace Superwhite \u00e4r ett varum\u00e4rke som \u00e4gs av det danska f\u00f6retaget Ministry of Snus. Som en del av Ministry&#8217;s produktlinje av rena nikotinprodukter, har Ace Superwhite blivit etablerad tack vare sitt engagemang f\u00f6r transparens i att tillverka dessa produkter, och erbjuder ett alternativ till traditionella tobaksprodukter.<\/p>\n<\/div>\n<\/div>\n<\/div>\n<\/div>\n<\/div>","protected":false},"excerpt":{"rendered":"<article class=\"product-text\">ACE X Honeydew Black Pepper Strong \u00e4r en produkt fr\u00e5n Ace Superwhite med smaker av\u00a0<strong>honungsmelon och svartpeppar<\/strong>. Produkten klassificeras som stark och kommer i slim-format. Den inneh\u00e5ller 20 portioner per dosa och \u00e4r ett vitt snus.<\/p>\n<\/article>\n<div class=\"buy-pane\">\n<div class=\"tab-content buy-tabs-content\">\n<div id=\"buy\" class=\"tab-pane active\">\n<div>\n<div class=\"variants list\">\n<h2>Om produkten ACE X Honeydew Black Pepper Strong<\/h2>\n<p>ACE X Honeydew Black Pepper Strong \u00e4r en produkt som tillh\u00f6r varum\u00e4rket Ace Superwhite och tillverkas av Ministry of Snus. Det \u00e4r en produkt som faller under kategorin vitt snus i slim-format. Den inneh\u00e5ller ingen tobak men inneh\u00e5ller nikotin. Produkten klassificeras som stark.<\/p>\n<\/div>\n<\/div>\n<\/div>\n<\/div>\n<\/div>","protected":false},"featured_media":19346,"comment_status":"open","ping_status":"closed","template":"","meta":[],"product_brand":[],"product_cat":[136],"product_tag":[],"class_list":{"0":"post-54243","1":"product","2":"type-product","3":"status-publish","4":"has-post-thumbnail","6":"product_cat-all-whites","8":"first","9":"instock","10":"taxable","11":"shipping-taxable","12":"purchasable","13":"product-type-variable"},"_links":{"self":[{"href":"https:\/\/snus-malmo.se\/sv\/wp-json\/wp\/v2\/product\/54243","targetHints":{"allow":["GET"]}}],"collection":[{"href":"https:\/\/snus-malmo.se\/sv\/wp-json\/wp\/v2\/product"}],"about":[{"href":"https:\/\/snus-malmo.se\/sv\/wp-json\/wp\/v2\/types\/product"}],"replies":[{"embeddable":true,"href":"https:\/\/snus-malmo.se\/sv\/wp-json\/wp\/v2\/comments?post=54243"}],"version-history":[{"count":0,"href":"https:\/\/snus-malmo.se\/sv\/wp-json\/wp\/v2\/product\/54243\/revisions"}],"wp:featuredmedia":[{"embeddable":true,"href":"https:\/\/snus-malmo.se\/sv\/wp-json\/wp\/v2\/media\/19346"}],"wp:attachment":[{"href":"https:\/\/snus-malmo.se\/sv\/wp-json\/wp\/v2\/media?parent=54243"}],"wp:term":[{"taxonomy":"product_brand","embeddable":true,"href":"https:\/\/snus-malmo.se\/sv\/wp-json\/wp\/v2\/product_brand?post=54243"},{"taxonomy":"product_cat","embeddable":true,"href":"https:\/\/snus-malmo.se\/sv\/wp-json\/wp\/v2\/product_cat?post=54243"},{"taxonomy":"product_tag","embeddable":true,"href":"https:\/\/snus-malmo.se\/sv\/wp-json\/wp\/v2\/product_tag?post=54243"}],"curies":[{"name":"wp","href":"https:\/\/api.w.org\/{rel}","templated":true}]}}