{"id":54256,"date":"2025-05-23T16:58:00","date_gmt":"2025-05-23T16:58:00","guid":{"rendered":"https:\/\/snus-malmo.se\/?post_type=product&#038;p=54256"},"modified":"2025-07-24T01:37:17","modified_gmt":"2025-07-24T01:37:17","slug":"ignite-watermelon-all-white","status":"publish","type":"product","link":"https:\/\/snus-malmo.se\/sv\/produkt\/ignite-watermelon-all-white\/","title":{"rendered":"IGNITE Watermelon All White"},"content":{"rendered":"<h2><strong>IGNITE Watermelon All White<\/strong><\/h2>\n<p>H\u00e4r introducerar vi IGNITE Watermelon All White, en premium nikotinprodukt fri fr\u00e5n tobak och r\u00f6k. Inspirerade av Dan Bilzerians s\u00f6kande efter det extraordin\u00e4ra, f\u00e5ngar dessa vita nikotinp\u00e5sar essensen av mod och beslutsamhet som definierar IGNITE. Denna snusprodukt har en normalh\u00f6g nikotinhalt p\u00e5 12 mg\/g och levereras i en dosa med 20 st slimmade prillor. Slim-formatet g\u00f6r prillorna mindre och smalare \u00e4n vanligt, vilket ger en bekv\u00e4m passform med en diskret profil.<\/p>\n<p>Tillverkad i Sverige &#8211; Skickligt framtagen och tillverkad i Sverige. IGNITE kombinerar \u00e5rhundraden av erfarenhet med innovativa tekniker f\u00f6r att skapa den ultimata produkten. Varje p\u00e5se genomg\u00e5r tester av tredje part f\u00f6r att s\u00e4kerst\u00e4lla kvalitet.<\/p>\n<p><strong>Information om Ignite Watermelon:<\/strong><\/p>\n<ul>\n<li>Smak: Vattenmelon<\/li>\n<li>Format: Slim<\/li>\n<li>Nikotinhalt\/g: 12 mg<\/li>\n<li>Antal portioner per dosa: 20 st<\/li>\n<li>Vikt: 14g<\/li>\n<li>Tillverkare: SWP SWEDEN<\/li>\n<\/ul>","protected":false},"excerpt":{"rendered":"<h2><strong>IGNITE Watermelon All White<\/strong><\/h2>\n<p>H\u00e4r introducerar vi IGNITE Watermelon All White, en premium nikotinprodukt fri fr\u00e5n tobak och r\u00f6k. Inspirerade av Dan Bilzerians s\u00f6kande efter det extraordin\u00e4ra, f\u00e5ngar dessa vita nikotinp\u00e5sar essensen av mod och beslutsamhet som definierar IGNITE. Denna snusprodukt har en normalh\u00f6g nikotinhalt p\u00e5 12 mg\/g och levereras i en dosa med 20 st slimmade prillor. Slim-formatet g\u00f6r prillorna mindre och smalare \u00e4n vanligt, vilket ger en bekv\u00e4m passform med en diskret profil.<\/p>","protected":false},"featured_media":19382,"comment_status":"open","ping_status":"closed","template":"","meta":[],"product_brand":[],"product_cat":[136],"product_tag":[],"class_list":{"0":"post-54256","1":"product","2":"type-product","3":"status-publish","4":"has-post-thumbnail","6":"product_cat-all-whites","8":"first","9":"instock","10":"taxable","11":"shipping-taxable","12":"product-type-variable"},"_links":{"self":[{"href":"https:\/\/snus-malmo.se\/sv\/wp-json\/wp\/v2\/product\/54256","targetHints":{"allow":["GET"]}}],"collection":[{"href":"https:\/\/snus-malmo.se\/sv\/wp-json\/wp\/v2\/product"}],"about":[{"href":"https:\/\/snus-malmo.se\/sv\/wp-json\/wp\/v2\/types\/product"}],"replies":[{"embeddable":true,"href":"https:\/\/snus-malmo.se\/sv\/wp-json\/wp\/v2\/comments?post=54256"}],"version-history":[{"count":0,"href":"https:\/\/snus-malmo.se\/sv\/wp-json\/wp\/v2\/product\/54256\/revisions"}],"wp:featuredmedia":[{"embeddable":true,"href":"https:\/\/snus-malmo.se\/sv\/wp-json\/wp\/v2\/media\/19382"}],"wp:attachment":[{"href":"https:\/\/snus-malmo.se\/sv\/wp-json\/wp\/v2\/media?parent=54256"}],"wp:term":[{"taxonomy":"product_brand","embeddable":true,"href":"https:\/\/snus-malmo.se\/sv\/wp-json\/wp\/v2\/product_brand?post=54256"},{"taxonomy":"product_cat","embeddable":true,"href":"https:\/\/snus-malmo.se\/sv\/wp-json\/wp\/v2\/product_cat?post=54256"},{"taxonomy":"product_tag","embeddable":true,"href":"https:\/\/snus-malmo.se\/sv\/wp-json\/wp\/v2\/product_tag?post=54256"}],"curies":[{"name":"wp","href":"https:\/\/api.w.org\/{rel}","templated":true}]}}