{"id":54260,"date":"2025-05-23T16:58:00","date_gmt":"2025-05-23T16:58:00","guid":{"rendered":"https:\/\/snus-malmo.se\/?post_type=product&#038;p=54260"},"modified":"2025-07-24T01:36:56","modified_gmt":"2025-07-24T01:36:56","slug":"ignite-banana-strawberry-all-white","status":"publish","type":"product","link":"https:\/\/snus-malmo.se\/sv\/produkt\/ignite-banana-strawberry-all-white\/","title":{"rendered":"IGNITE Banana Strawberry All White"},"content":{"rendered":"<h2><strong>IGNITE Banana Strawberry All White<\/strong><\/h2>\n<p>IGNITE Banana Strawberry All White \u00e4r ett tobaksfritt snus med en smak av banan och jordgubbar.<\/p>\n<p>IGNITE All White erbjuder tobaksfria nikotinp\u00e5sar som \u00e4r speciellt utformade f\u00f6r en behaglig nikotinanv\u00e4ndning utan tobakens n\u00e4rvaro. Med en h\u00f6g nikotinstyrka p\u00e5 22 mg\/g ger IGNITE Banana Strawberry en kraftfull nikotinkick i slimmat format. Produkten levereras i en dosa med 20 smala prillor som passar bekv\u00e4mt under l\u00e4ppen.<\/p>\n<p>IGNITE ALL WHITE str\u00e4var efter att erbjuda h\u00f6gkvalitativa produkter som tillverkas med noggrant utvalda ingredienser f\u00f6r att s\u00e4kerst\u00e4lla en premiumprodukt.<\/p>\n<p><strong>Information om Ignite Banana Strawberry:<\/strong><\/p>\n<ul>\n<li>Smak: Banan, jordgubb<\/li>\n<li>Format: Slim<\/li>\n<li>Nikotinhalt\/g: 22 mg<\/li>\n<li>Antal portioner per dosa: 20 st<\/li>\n<li>Vikt: 14g<\/li>\n<li>Tillverkare: SWP SWEDEN<\/li>\n<\/ul>","protected":false},"excerpt":{"rendered":"<h2><strong>IGNITE Banana Strawberry All White<\/strong><\/h2>\n<p>IGNITE Banana Strawberry All White \u00e4r ett tobaksfritt snus med en smak av banan och jordgubbar.<\/p>\n<p>IGNITE All White erbjuder tobaksfria nikotinp\u00e5sar som \u00e4r speciellt utformade f\u00f6r en behaglig nikotinanv\u00e4ndning utan tobakens n\u00e4rvaro. Med en h\u00f6g nikotinstyrka p\u00e5 22 mg\/g ger IGNITE Banana Strawberry en kraftfull nikotinkick i slimmat format. Produkten levereras i en dosa med 20 smala prillor som passar bekv\u00e4mt under l\u00e4ppen.<\/p>","protected":false},"featured_media":19389,"comment_status":"open","ping_status":"closed","template":"","meta":[],"product_brand":[],"product_cat":[136],"product_tag":[],"class_list":{"0":"post-54260","1":"product","2":"type-product","3":"status-publish","4":"has-post-thumbnail","6":"product_cat-all-whites","8":"first","9":"instock","10":"taxable","11":"shipping-taxable","12":"product-type-variable"},"_links":{"self":[{"href":"https:\/\/snus-malmo.se\/sv\/wp-json\/wp\/v2\/product\/54260","targetHints":{"allow":["GET"]}}],"collection":[{"href":"https:\/\/snus-malmo.se\/sv\/wp-json\/wp\/v2\/product"}],"about":[{"href":"https:\/\/snus-malmo.se\/sv\/wp-json\/wp\/v2\/types\/product"}],"replies":[{"embeddable":true,"href":"https:\/\/snus-malmo.se\/sv\/wp-json\/wp\/v2\/comments?post=54260"}],"version-history":[{"count":0,"href":"https:\/\/snus-malmo.se\/sv\/wp-json\/wp\/v2\/product\/54260\/revisions"}],"wp:featuredmedia":[{"embeddable":true,"href":"https:\/\/snus-malmo.se\/sv\/wp-json\/wp\/v2\/media\/19389"}],"wp:attachment":[{"href":"https:\/\/snus-malmo.se\/sv\/wp-json\/wp\/v2\/media?parent=54260"}],"wp:term":[{"taxonomy":"product_brand","embeddable":true,"href":"https:\/\/snus-malmo.se\/sv\/wp-json\/wp\/v2\/product_brand?post=54260"},{"taxonomy":"product_cat","embeddable":true,"href":"https:\/\/snus-malmo.se\/sv\/wp-json\/wp\/v2\/product_cat?post=54260"},{"taxonomy":"product_tag","embeddable":true,"href":"https:\/\/snus-malmo.se\/sv\/wp-json\/wp\/v2\/product_tag?post=54260"}],"curies":[{"name":"wp","href":"https:\/\/api.w.org\/{rel}","templated":true}]}}