{"id":54281,"date":"2025-05-23T16:58:02","date_gmt":"2025-05-23T16:58:02","guid":{"rendered":"https:\/\/snus-malmo.se\/?post_type=product&#038;p=54281"},"modified":"2025-11-29T10:48:19","modified_gmt":"2025-11-29T10:48:19","slug":"on-grapefruit-spritz-strong","status":"publish","type":"product","link":"https:\/\/snus-malmo.se\/sv\/produkt\/on-grapefruit-spritz-strong\/","title":{"rendered":"On! Grapefruit Spritz Strong"},"content":{"rendered":"<article class=\"product-text\">Nikotinp\u00e5sarna On! Grapefruit Spritz Strong har smak av citrus och \u00e4r av typen all white. Det h\u00e4r \u00e4r ett On! snus med stark nikotinstyrka och extra sm\u00e5 prillor i miniformat.<\/article>\n<article class=\"product-text\">\n<h2>Om produkten On! Grapefruit Spritz Strong<\/h2>\n<p><strong>Om On! Grapefruit Spritz Strong<\/strong><br \/>\nOn! Grapefruit Spritz Strong \u00e4r helt vita nikotinportioner med smak av grapefrukt i kombination med en antydan av vita vinb\u00e4r. Portionerna har ett litet format och i varje dosa ryms 20 stycken prillor. P\u00e5sarna har ett fuktigt inneh\u00e5ll samt en torr, perforerad yta vilket ger en successiv frisl\u00e4ppning av smak. Dosan \u00e4r fyrkantig och \u00e4r l\u00e4tt att k\u00e4nna igen.<\/p>\n<ul>\n<li>Varum\u00e4rke: On!<\/li>\n<li>Tillverkare: R\u00e5\u00e5<\/li>\n<li>Format: Mini<\/li>\n<li>Smak: Citrus<\/li>\n<li>Produkttyp: All white-portion<\/li>\n<li>Antal portioner per dosa: 20<\/li>\n<li>Nikotinhalt: 19 mg\/g<\/li>\n<li>Styrka: Stark<\/li>\n<\/ul>\n<p><strong>Nikotinstyrka i On! Grapefruit Spritz Strong<\/strong><br \/>\nGrapefruit Spritz Strong fr\u00e5n On! \u00e4r nikotinp\u00e5sar som har en styrka klassificerad som stark. De h\u00e4r prillorna inneh\u00e5ller 19 milligram nikotin per gram och \u00e4r helt fria fr\u00e5n tobak.<\/p>\n<p><strong>On! med stark styrka<\/strong><br \/>\nVarum\u00e4rket On! erbjuder tobaksfria produkter som inneh\u00e5ller nikotin. De har flera smakkombinationer och styrkor p\u00e5 sina helvita prillor, d\u00e4ribland Grapefruit Spritz med nikotinstyrka 3\/4.<\/p>\n<div class=\"row\">\n<table class=\"product-specs\">\n<thead>\n<tr>\n<th>Fakta om produkten<\/th>\n<th class=\"text-right\"><\/th>\n<\/tr>\n<\/thead>\n<tbody>\n<tr>\n<td class=\"spec-key\">Varum\u00e4rke<\/td>\n<td class=\"spec-value text-right\">On!<\/td>\n<\/tr>\n<tr>\n<td class=\"spec-key\">Produkttyp<\/td>\n<td class=\"spec -value text-right\">all white portion<\/td>\n<\/tr>\n<tr>\n<td class=\"spec-key\">Nikotinstyrka<\/td>\n<td class=\"spec -value text-right\">Stark<\/td>\n<\/tr>\n<tr>\n<td class=\"spec-key\">Nikotinhalt<\/td>\n<td class=\"spec -value text-right\">11 mg\/g<\/td>\n<\/tr>\n<tr>\n<td class=\"spec-key\">Smak<\/td>\n<td class=\"spec -value text-right\">Citrus<\/td>\n<\/tr>\n<tr>\n<td class=\"spec-key\">Inneh\u00e5ll\/f\u00f6rpackning<\/td>\n<td class=\"spec -value text-right\">6,5 g<\/td>\n<\/tr>\n<tr>\n<td class=\"spec-key\">Snustyp<\/td>\n<td class=\"spec -value text-right\">White Dry Mini Portion<\/td>\n<\/tr>\n<tr>\n<td class=\"spec-key\">Format<\/td>\n<td class=\"spec -value text-right\">Mini<\/td>\n<\/tr>\n<tr>\n<td class=\"spec-key\">Producent<\/td>\n<td class=\"spec-value text-right\">R\u00e5\u00e5 S<\/td>\n<\/tr>\n<\/tbody>\n<\/table>\n<\/div>\n<\/article>","protected":false},"excerpt":{"rendered":"<article class=\"product-text\">Nikotinp\u00e5sarna On! Grapefruit Spritz Strong har smak av citrus och \u00e4r av typen all white. Det h\u00e4r \u00e4r ett On! snus med stark nikotinstyrka och extra sm\u00e5 prillor i miniformat.<\/article>\n<article class=\"product-text\">\n<h2>Om produkten On! Grapefruit Spritz Strong<\/h2>\n<p><strong>Om On! Grapefruit Spritz Strong<\/strong><br \/>\nOn! Grapefruit Spritz Strong \u00e4r helt vita nikotinportioner med smak av grapefrukt i kombination med en antydan av vita vinb\u00e4r. Portionerna har ett litet format och i varje dosa ryms 20 stycken prillor. P\u00e5sarna har ett fuktigt inneh\u00e5ll samt en torr, perforerad yta vilket ger en successiv frisl\u00e4ppning av smak. Dosan \u00e4r fyrkantig och \u00e4r l\u00e4tt att k\u00e4nna igen.<\/p>\n<\/article>","protected":false},"featured_media":19406,"comment_status":"open","ping_status":"closed","template":"","meta":[],"product_brand":[],"product_cat":[136,79,110],"product_tag":[],"class_list":{"0":"post-54281","1":"product","2":"type-product","3":"status-publish","4":"has-post-thumbnail","6":"product_cat-all-whites","7":"product_cat-mini-portion","8":"product_cat-on","10":"first","11":"instock","12":"taxable","13":"shipping-taxable","14":"purchasable","15":"product-type-variable"},"_links":{"self":[{"href":"https:\/\/snus-malmo.se\/sv\/wp-json\/wp\/v2\/product\/54281","targetHints":{"allow":["GET"]}}],"collection":[{"href":"https:\/\/snus-malmo.se\/sv\/wp-json\/wp\/v2\/product"}],"about":[{"href":"https:\/\/snus-malmo.se\/sv\/wp-json\/wp\/v2\/types\/product"}],"replies":[{"embeddable":true,"href":"https:\/\/snus-malmo.se\/sv\/wp-json\/wp\/v2\/comments?post=54281"}],"version-history":[{"count":0,"href":"https:\/\/snus-malmo.se\/sv\/wp-json\/wp\/v2\/product\/54281\/revisions"}],"wp:featuredmedia":[{"embeddable":true,"href":"https:\/\/snus-malmo.se\/sv\/wp-json\/wp\/v2\/media\/19406"}],"wp:attachment":[{"href":"https:\/\/snus-malmo.se\/sv\/wp-json\/wp\/v2\/media?parent=54281"}],"wp:term":[{"taxonomy":"product_brand","embeddable":true,"href":"https:\/\/snus-malmo.se\/sv\/wp-json\/wp\/v2\/product_brand?post=54281"},{"taxonomy":"product_cat","embeddable":true,"href":"https:\/\/snus-malmo.se\/sv\/wp-json\/wp\/v2\/product_cat?post=54281"},{"taxonomy":"product_tag","embeddable":true,"href":"https:\/\/snus-malmo.se\/sv\/wp-json\/wp\/v2\/product_tag?post=54281"}],"curies":[{"name":"wp","href":"https:\/\/api.w.org\/{rel}","templated":true}]}}