{"id":54284,"date":"2025-05-23T16:58:02","date_gmt":"2025-05-23T16:58:02","guid":{"rendered":"https:\/\/snus-malmo.se\/?post_type=product&#038;p=54284"},"modified":"2025-07-16T22:01:47","modified_gmt":"2025-07-16T22:01:47","slug":"kapz-spicy-licorice-ice-mini-strong","status":"publish","type":"product","link":"https:\/\/snus-malmo.se\/sv\/produkt\/kapz-spicy-licorice-ice-mini-strong\/","title":{"rendered":"Kapz Spicy Licorice Ice Mini Strong"},"content":{"rendered":"<article class=\"product-text\">Nikotinp\u00e5sarna Kapz Spicy Licorice Ice har ett miniformat och en smak av bland annat lakrits. Precis som alla prillor av Kapz snus \u00e4r de h\u00e4r helt fria fr\u00e5n tobak.<\/article>\n<div class=\"buy-pane\">\n<div class=\"tab-content buy-tabs-content\">\n<div id=\"buy\" class=\"tab-pane active\">\n<div>\n<div class=\"variants list\">\n<h2>Om produkten Kapz Spicy Licorice Ice Mini Strong<\/h2>\n<p><strong>All white Kapz Spicy Licorice Ice<\/strong><br \/>\nPrillan Kapz Spicy Licorice Ice \u00e4r skapad med en ny teknologi, d\u00e4r p\u00e5sen inneh\u00e5ller en kapsel som avger en tydlig smak av mint. I de h\u00e4r nikotinp\u00e5sarna finns \u00e4ven smakaromer av saltlakrits, salmiak och mentol i kombination med en antydan av chili. En dosa inneh\u00e5ller 20 stycken all white-portionsp\u00e5sar. I locket finns ett extra fack f\u00f6r anv\u00e4nda prillor.<\/p>\n<ul>\n<li>Varum\u00e4rke: Kapz<\/li>\n<li>Tillverkare: Kapz AB<\/li>\n<li>Smak: Lakrits<\/li>\n<li>Format: Mini<\/li>\n<li>Antal per dosa: 20<\/li>\n<li>Produkttyp: All white<\/li>\n<li>Nikotinhalt: 18.6 mg\/g<\/li>\n<li>Styrka: Stark<\/li>\n<\/ul>\n<p><strong>Nikotinhalt i Kapz Spicy Licorice Ice<\/strong><br \/>\nSpicy Licorice Ice nikotinp\u00e5sar har ett nikotininneh\u00e5ll p\u00e5 18,6 milligram nikotin per gram. De h\u00e4r prillorna fr\u00e5n Kapz snus har en halt av nikotin som klassas som stark nikotinstyrka.<\/p>\n<p><strong>Om Kapz snus stark styrka<\/strong><br \/>\nKapz \u00e4r ett svenskt m\u00e4rke som tillverkar tobaksfri snus i flera olika smaker och styrka. Kapz Spicy Licorice Ice med nikotinstyrka 3\/4 \u00e4r en av sorterna.<\/p>\n<div class=\"row\">\n<table class=\"product-specs\">\n<thead>\n<tr>\n<th>Fakta om produkten<\/th>\n<th class=\"text-right\"><\/th>\n<\/tr>\n<\/thead>\n<tbody>\n<tr>\n<td class=\"spec-key\">Varum\u00e4rke<\/td>\n<td class=\"spec-value text-right\">Kapz<\/td>\n<\/tr>\n<tr>\n<td class=\"spec-key\">Produkttyp<\/td>\n<td class=\"spec -value text-right\">all white portion<\/td>\n<\/tr>\n<tr>\n<td class=\"spec-key\">Nikotinstyrka<\/td>\n<td class=\"spec -value text-right\">Stark<\/td>\n<\/tr>\n<tr>\n<td class=\"spec-key\">Nikotinhalt<\/td>\n<td class=\"spec -value text-right\">\n<table class=\"product-specs\">\n<tbody>\n<tr>\n<td class=\"spec -value text-right\">18,6 mg\/g<\/td>\n<\/tr>\n<\/tbody>\n<\/table>\n<\/td>\n<\/tr>\n<tr>\n<td class=\"spec-key\">Smak<\/td>\n<td class=\"spec -value text-right\">Lakrits<\/td>\n<\/tr>\n<tr>\n<td class=\"spec-key\">Inneh\u00e5ll\/f\u00f6rpackning<\/td>\n<td class=\"spec -value text-right\">8,5 g<\/td>\n<\/tr>\n<tr>\n<td class=\"spec-key\">Snustyp<\/td>\n<td class=\"spec -value text-right\">All White Portion<\/td>\n<\/tr>\n<tr>\n<td class=\"spec-key\">Format<\/td>\n<td class=\"spec -value text-right\">Mini<\/td>\n<\/tr>\n<tr>\n<td class=\"spec-key\">Producent<\/td>\n<td class=\"spec-value text-right\">KAPZ AB<\/td>\n<\/tr>\n<\/tbody>\n<\/table>\n<\/div>\n<\/div>\n<\/div>\n<\/div>\n<\/div>\n<\/div>","protected":false},"excerpt":{"rendered":"<article class=\"product-text\">Nikotinp\u00e5sarna Kapz Spicy Licorice Ice har ett miniformat och en smak av bland annat lakrits. Precis som alla prillor av Kapz snus \u00e4r de h\u00e4r helt fria fr\u00e5n tobak.<\/article>\n<div class=\"buy-pane\">\n<div class=\"tab-content buy-tabs-content\">\n<div id=\"buy\" class=\"tab-pane active\">\n<div>\n<div class=\"variants list\">\n<h2>Om produkten Kapz Spicy Licorice Ice Mini Strong<\/h2>\n<p><strong>All white Kapz Spicy Licorice Ice<\/strong><br \/>\nPrillan Kapz Spicy Licorice Ice \u00e4r skapad med en ny teknologi, d\u00e4r p\u00e5sen inneh\u00e5ller en kapsel som avger en tydlig smak av mint. I de h\u00e4r nikotinp\u00e5sarna finns \u00e4ven smakaromer av saltlakrits, salmiak och mentol i kombination med en antydan av chili. En dosa inneh\u00e5ller 20 stycken all white-portionsp\u00e5sar. I locket finns ett extra fack f\u00f6r anv\u00e4nda prillor.<\/p>\n<\/div>\n<\/div>\n<\/div>\n<\/div>\n<\/div>","protected":false},"featured_media":19424,"comment_status":"open","ping_status":"closed","template":"","meta":[],"product_brand":[415],"product_cat":[136,214,137],"product_tag":[],"class_list":{"0":"post-54284","1":"product","2":"type-product","3":"status-publish","4":"has-post-thumbnail","6":"product_brand-kapz","7":"product_cat-all-whites","8":"product_cat-kapz","9":"product_cat-slim","11":"first","12":"instock","13":"taxable","14":"shipping-taxable","15":"purchasable","16":"product-type-variable"},"_links":{"self":[{"href":"https:\/\/snus-malmo.se\/sv\/wp-json\/wp\/v2\/product\/54284","targetHints":{"allow":["GET"]}}],"collection":[{"href":"https:\/\/snus-malmo.se\/sv\/wp-json\/wp\/v2\/product"}],"about":[{"href":"https:\/\/snus-malmo.se\/sv\/wp-json\/wp\/v2\/types\/product"}],"replies":[{"embeddable":true,"href":"https:\/\/snus-malmo.se\/sv\/wp-json\/wp\/v2\/comments?post=54284"}],"version-history":[{"count":0,"href":"https:\/\/snus-malmo.se\/sv\/wp-json\/wp\/v2\/product\/54284\/revisions"}],"wp:featuredmedia":[{"embeddable":true,"href":"https:\/\/snus-malmo.se\/sv\/wp-json\/wp\/v2\/media\/19424"}],"wp:attachment":[{"href":"https:\/\/snus-malmo.se\/sv\/wp-json\/wp\/v2\/media?parent=54284"}],"wp:term":[{"taxonomy":"product_brand","embeddable":true,"href":"https:\/\/snus-malmo.se\/sv\/wp-json\/wp\/v2\/product_brand?post=54284"},{"taxonomy":"product_cat","embeddable":true,"href":"https:\/\/snus-malmo.se\/sv\/wp-json\/wp\/v2\/product_cat?post=54284"},{"taxonomy":"product_tag","embeddable":true,"href":"https:\/\/snus-malmo.se\/sv\/wp-json\/wp\/v2\/product_tag?post=54284"}],"curies":[{"name":"wp","href":"https:\/\/api.w.org\/{rel}","templated":true}]}}