{"id":54290,"date":"2025-05-23T16:58:03","date_gmt":"2025-05-23T16:58:03","guid":{"rendered":"https:\/\/snus-malmo.se\/?post_type=product&#038;p=54290"},"modified":"2025-07-16T22:01:17","modified_gmt":"2025-07-16T22:01:17","slug":"kapz-frosty-mint-mini-extra-strong","status":"publish","type":"product","link":"https:\/\/snus-malmo.se\/sv\/produkt\/kapz-frosty-mint-mini-extra-strong\/","title":{"rendered":"Kapz Frosty Mint Mini Extra Strong"},"content":{"rendered":"<article class=\"product-text\">Nikotinp\u00e5sen Kapz Frosty Mint Mini Extra Strong \u00e4r en ny typ av prilla fr\u00e5n Kapz snus. P\u00e5sen med miniformat har smak av mint och en extra stark halt av nikotin.<\/article>\n<div class=\"buy-pane\">\n<div class=\"tab-content buy-tabs-content\">\n<div id=\"buy\" class=\"tab-pane active\">\n<div>\n<div class=\"variants list\">\n<h2>Om produkten Kapz Frosty Mint Mini Extra Strong<\/h2>\n<p><strong>Kapz Frosty Mint Mini Extra Strong med smakkapsel<\/strong><br \/>\nFrosty Mint Mini Extra Strong \u00e4r nikotinp\u00e5sar som inneh\u00e5ller en smakkapsel. Kapseln ger en stark smak av mint till prillan. Nikotinp\u00e5sen inneh\u00e5ller ingen tobak och \u00e4r tillverkad av v\u00e4xtfiber och aromer. I en dosa Kapz Frosty Mint Mini Extra Strong finns 20 stycken prillor. Anv\u00e4nda portioner kan f\u00f6rvaras i ett fack i dosans lock.<\/p>\n<ul>\n<li>Varum\u00e4rke: Kapz<\/li>\n<li>Tillverkare: Kapz AB<\/li>\n<li>Format: Mini<\/li>\n<li>Smak: Mint<\/li>\n<li>Produkttyp: All white<\/li>\n<li>Antal per dosa: 20<\/li>\n<li>Nikotinhalt: 27.9 mg\/g<\/li>\n<li>Styrka: Extra stark<\/li>\n<\/ul>\n<p><strong>Nikotinhalt i Kapz Frosty Mint Mini Extra Strong<\/strong><br \/>\nDe h\u00e4r helvita prillorna har en extra stark nikotinstyrka och \u00e4r helt tobaksfria. Kapz Frosty Mint Mini Extra Strong nikotinp\u00e5sar har ett nikotininneh\u00e5ll p\u00e5 27,9 milligram nikotin per gram.<\/p>\n<p><strong>Om Kapz snus extra stark styrka<\/strong><br \/>\nDet svensktillverkade varum\u00e4rket Kapz har ett urval av tobaksfria nikotinp\u00e5sar med olika smak och styrka. Varianten Kapz Frosty Mint Mini Extra Strong har nikotinstyrka 4\/4 och tillh\u00f6r m\u00e4rkets starkaste nikotinprodukter.<\/p>\n<table class=\"product-specs\">\n<thead>\n<tr>\n<th>Fakta om produkten<\/th>\n<th class=\"text-right\"><\/th>\n<\/tr>\n<\/thead>\n<tbody>\n<tr>\n<td class=\"spec-key\">Varum\u00e4rke<\/td>\n<td class=\"spec-value text-right\">Kapz<\/td>\n<\/tr>\n<tr>\n<td class=\"spec-key\">Produkttyp<\/td>\n<td class=\"spec -value text-right\">all white portion<\/td>\n<\/tr>\n<tr>\n<td class=\"spec-key\">Nikotinstyrka<\/td>\n<td class=\"spec -value text-right\">Extra Strong<\/td>\n<\/tr>\n<tr>\n<td class=\"spec-key\">Nikotinhalt<\/td>\n<td class=\"spec -value text-right\">9,36 mg\/g<\/td>\n<\/tr>\n<tr>\n<td class=\"spec-key\">Smak<\/td>\n<td class=\"spec -value text-right\">frukt<\/td>\n<\/tr>\n<tr>\n<td class=\"spec-key\">Inneh\u00e5ll\/f\u00f6rpackning<\/td>\n<td class=\"spec -value text-right\">8,5 g<\/td>\n<\/tr>\n<tr>\n<td class=\"spec-key\">Snustyp<\/td>\n<td class=\"spec -value text-right\">All White Portion<\/td>\n<\/tr>\n<tr>\n<td class=\"spec-key\">Format<\/td>\n<td class=\"spec -value text-right\">Mini<\/td>\n<\/tr>\n<tr>\n<td class=\"spec-key\">Producent<\/td>\n<td class=\"spec-value text-right\">KAPZ AB<\/td>\n<\/tr>\n<\/tbody>\n<\/table>\n<\/div>\n<\/div>\n<\/div>\n<\/div>\n<\/div>","protected":false},"excerpt":{"rendered":"<article class=\"product-text\">Nikotinp\u00e5sen Kapz Frosty Mint Mini Extra Strong \u00e4r en ny typ av prilla fr\u00e5n Kapz snus. P\u00e5sen med miniformat har smak av mint och en extra stark halt av nikotin.<\/article>\n<div class=\"buy-pane\">\n<div class=\"tab-content buy-tabs-content\">\n<div id=\"buy\" class=\"tab-pane active\">\n<div>\n<div class=\"variants list\">\n<h2>Om produkten Kapz Frosty Mint Mini Extra Strong<\/h2>\n<p><strong>Kapz Frosty Mint Mini Extra Strong med smakkapsel<\/strong><br \/>\nFrosty Mint Mini Extra Strong \u00e4r nikotinp\u00e5sar som inneh\u00e5ller en smakkapsel. Kapseln ger en stark smak av mint till prillan. Nikotinp\u00e5sen inneh\u00e5ller ingen tobak och \u00e4r tillverkad av v\u00e4xtfiber och aromer. I en dosa Kapz Frosty Mint Mini Extra Strong finns 20 stycken prillor. Anv\u00e4nda portioner kan f\u00f6rvaras i ett fack i dosans lock.<\/p>\n<\/div>\n<\/div>\n<\/div>\n<\/div>\n<\/div>","protected":false},"featured_media":19434,"comment_status":"open","ping_status":"closed","template":"","meta":[],"product_brand":[415],"product_cat":[136,214,137],"product_tag":[],"class_list":{"0":"post-54290","1":"product","2":"type-product","3":"status-publish","4":"has-post-thumbnail","6":"product_brand-kapz","7":"product_cat-all-whites","8":"product_cat-kapz","9":"product_cat-slim","11":"first","12":"instock","13":"taxable","14":"shipping-taxable","15":"purchasable","16":"product-type-variable"},"_links":{"self":[{"href":"https:\/\/snus-malmo.se\/sv\/wp-json\/wp\/v2\/product\/54290","targetHints":{"allow":["GET"]}}],"collection":[{"href":"https:\/\/snus-malmo.se\/sv\/wp-json\/wp\/v2\/product"}],"about":[{"href":"https:\/\/snus-malmo.se\/sv\/wp-json\/wp\/v2\/types\/product"}],"replies":[{"embeddable":true,"href":"https:\/\/snus-malmo.se\/sv\/wp-json\/wp\/v2\/comments?post=54290"}],"version-history":[{"count":0,"href":"https:\/\/snus-malmo.se\/sv\/wp-json\/wp\/v2\/product\/54290\/revisions"}],"wp:featuredmedia":[{"embeddable":true,"href":"https:\/\/snus-malmo.se\/sv\/wp-json\/wp\/v2\/media\/19434"}],"wp:attachment":[{"href":"https:\/\/snus-malmo.se\/sv\/wp-json\/wp\/v2\/media?parent=54290"}],"wp:term":[{"taxonomy":"product_brand","embeddable":true,"href":"https:\/\/snus-malmo.se\/sv\/wp-json\/wp\/v2\/product_brand?post=54290"},{"taxonomy":"product_cat","embeddable":true,"href":"https:\/\/snus-malmo.se\/sv\/wp-json\/wp\/v2\/product_cat?post=54290"},{"taxonomy":"product_tag","embeddable":true,"href":"https:\/\/snus-malmo.se\/sv\/wp-json\/wp\/v2\/product_tag?post=54290"}],"curies":[{"name":"wp","href":"https:\/\/api.w.org\/{rel}","templated":true}]}}