{"id":54303,"date":"2025-05-23T16:58:03","date_gmt":"2025-05-23T16:58:03","guid":{"rendered":"https:\/\/snus-malmo.se\/?post_type=product&#038;p=54303"},"modified":"2025-11-22T09:30:04","modified_gmt":"2025-11-22T09:30:04","slug":"klint-blaklint-slim-x-strong","status":"publish","type":"product","link":"https:\/\/snus-malmo.se\/sv\/produkt\/klint-blaklint-slim-x-strong\/","title":{"rendered":"Klint Bl\u00e5klint Slim X-Strong"},"content":{"rendered":"<div class=\"product__description rte quick-add-hidden\">\n<article class=\"product-text\">Nikotinp\u00e5sen Klint Bl\u00e5klint Slim X-Strong har smaker inspirerade fr\u00e5n den svenska skogen. Bl\u00e5klint X-Strong \u00e4r en extra stark all white p\u00e5se med smakblandning av bl\u00e5b\u00e4r, skogsb\u00e4r och viol.<\/article>\n<div class=\"buy-pane\">\n<div class=\"tab-content buy-tabs-content\">\n<div id=\"buy\" class=\"tab-pane active\">\n<div>\n<div class=\"variants list\">\n<h2>Om produkten Klint Bl\u00e5klint Slim X-Strong<\/h2>\n<p>Klint Bl\u00e5klint Slim X-Strong \u00e4r en nikotinprodukt som \u00e4r all white. Portionerna kommer i ett slimmat format som allts\u00e5 \u00e4r mindre \u00e4n vanliga p\u00e5sar och de ligger d\u00e4rf\u00f6r mer diskret under din l\u00e4pp. Nikotinp\u00e5sarna \u00e4r tillverkade av v\u00e4xtfiber, aromer, vatten och nikotin.<\/p>\n<ul>\n<li>Varum\u00e4rke: Klint<\/li>\n<li>Smak: B\u00e4r<\/li>\n<li>Format: Slim<\/li>\n<li>Portioner per dosa: 20<\/li>\n<li>Tillverkare: Habit Factory<\/li>\n<\/ul>\n<p><strong><big>Nikotinstyrka i Klint Bl\u00e5klint Slim X-Strong<\/big><\/strong><\/p>\n<p>Klint Bl\u00e5klint X-Strong \u00e4r en av de starkare nikotinp\u00e5sarna fr\u00e5n varum\u00e4rket Klint som tillverkas av Habit Factory. Nikotinniv\u00e5n i p\u00e5sarna \u00e4r 20 milligram per gram och de \u00e4r d\u00e4rmed l\u00e4mpligast f\u00f6r dig som \u00e4r van med all white portioner.<\/p>\n<p><strong><big>Varum\u00e4rket Klint<\/big><\/strong><\/p>\n<p>Du hittar flera olika nikotinp\u00e5sar med extra stark styrka bland nikotinprodukterna fr\u00e5n\u00a0<strong>Klint\u00a0<\/strong>Nikotinp\u00e5sen Bl\u00e5klint X-Strong har nikotinstyrka 4\/4. I sortimentet finns ocks\u00e5 nikotinp\u00e5sar med normal samt stark nikotinstyrka och varierande smaker.<\/p>\n<table class=\"product-specs\">\n<thead>\n<tr>\n<th>Fakta om produkten<\/th>\n<th class=\"text-right\"><\/th>\n<\/tr>\n<\/thead>\n<tbody>\n<tr>\n<td class=\"spec-key\">Varum\u00e4rke<\/td>\n<td class=\"spec-value text-right\">Klint<\/td>\n<\/tr>\n<tr>\n<td class=\"spec-key\">Produkttyp<\/td>\n<td class=\"spec -value text-right\">all white portion<\/td>\n<\/tr>\n<tr>\n<td class=\"spec-key\">Nikotinstyrka<\/td>\n<td class=\"spec -value text-right\">extra stark<\/td>\n<\/tr>\n<tr>\n<td class=\"spec-key\">Nikotinhalt<\/td>\n<td class=\"spec -value text-right\">20 mg\/g<\/td>\n<\/tr>\n<tr>\n<td class=\"spec-key\">Smak<\/td>\n<td class=\"spec -value text-right\">b\u00e4r<\/td>\n<\/tr>\n<tr>\n<td class=\"spec-key\">Inneh\u00e5ll\/f\u00f6rpackning<\/td>\n<td class=\"spec -value text-right\">14 g<\/td>\n<\/tr>\n<tr>\n<td class=\"spec-key\">Snustyp<\/td>\n<td class=\"spec -value text-right\">Slim All White Extra Strong<\/td>\n<\/tr>\n<tr>\n<td class=\"spec-key\">Format<\/td>\n<td class=\"spec -value text-right\">Slim<\/td>\n<\/tr>\n<tr>\n<td class=\"spec-key\">Producent<\/td>\n<td class=\"spec-value text-right\">Habit Factory In Sweden AB<\/td>\n<\/tr>\n<\/tbody>\n<\/table>\n<\/div>\n<\/div>\n<\/div>\n<\/div>\n<\/div>\n<\/div>\n<p>&nbsp;<\/p>","protected":false},"excerpt":{"rendered":"<article class=\"product-text\">Nikotinp\u00e5sen Klint Bl\u00e5klint Slim X-Strong har smaker inspirerade fr\u00e5n den svenska skogen. Bl\u00e5klint X-Strong \u00e4r en extra stark all white p\u00e5se med smakblandning av bl\u00e5b\u00e4r, skogsb\u00e4r och viol.<\/article>\n<div class=\"buy-pane\">\n<div class=\"tab-content buy-tabs-content\">\n<div id=\"buy\" class=\"tab-pane active\">\n<div>\n<div class=\"variants list\">\n<h2>Om produkten Klint Bl\u00e5klint Slim X-Strong<\/h2>\n<p>Klint Bl\u00e5klint Slim X-Strong \u00e4r en nikotinprodukt som \u00e4r all white. Portionerna kommer i ett slimmat format som allts\u00e5 \u00e4r mindre \u00e4n vanliga p\u00e5sar och de ligger d\u00e4rf\u00f6r mer diskret under din l\u00e4pp. Nikotinp\u00e5sarna \u00e4r tillverkade av v\u00e4xtfiber, aromer, vatten och nikotin.<\/p>\n<\/div>\n<\/div>\n<\/div>\n<\/div>\n<\/div>","protected":false},"featured_media":19496,"comment_status":"open","ping_status":"closed","template":"","meta":[],"product_brand":[],"product_cat":[136,355,98,137],"product_tag":[],"class_list":{"0":"post-54303","1":"product","2":"type-product","3":"status-publish","4":"has-post-thumbnail","6":"product_cat-all-whites","7":"product_cat-extra-strongextra-stark","8":"product_cat-klint","9":"product_cat-slim","11":"first","12":"instock","13":"taxable","14":"shipping-taxable","15":"purchasable","16":"product-type-variable"},"_links":{"self":[{"href":"https:\/\/snus-malmo.se\/sv\/wp-json\/wp\/v2\/product\/54303","targetHints":{"allow":["GET"]}}],"collection":[{"href":"https:\/\/snus-malmo.se\/sv\/wp-json\/wp\/v2\/product"}],"about":[{"href":"https:\/\/snus-malmo.se\/sv\/wp-json\/wp\/v2\/types\/product"}],"replies":[{"embeddable":true,"href":"https:\/\/snus-malmo.se\/sv\/wp-json\/wp\/v2\/comments?post=54303"}],"version-history":[{"count":0,"href":"https:\/\/snus-malmo.se\/sv\/wp-json\/wp\/v2\/product\/54303\/revisions"}],"wp:featuredmedia":[{"embeddable":true,"href":"https:\/\/snus-malmo.se\/sv\/wp-json\/wp\/v2\/media\/19496"}],"wp:attachment":[{"href":"https:\/\/snus-malmo.se\/sv\/wp-json\/wp\/v2\/media?parent=54303"}],"wp:term":[{"taxonomy":"product_brand","embeddable":true,"href":"https:\/\/snus-malmo.se\/sv\/wp-json\/wp\/v2\/product_brand?post=54303"},{"taxonomy":"product_cat","embeddable":true,"href":"https:\/\/snus-malmo.se\/sv\/wp-json\/wp\/v2\/product_cat?post=54303"},{"taxonomy":"product_tag","embeddable":true,"href":"https:\/\/snus-malmo.se\/sv\/wp-json\/wp\/v2\/product_tag?post=54303"}],"curies":[{"name":"wp","href":"https:\/\/api.w.org\/{rel}","templated":true}]}}