{"id":54304,"date":"2025-05-23T16:58:03","date_gmt":"2025-05-23T16:58:03","guid":{"rendered":"https:\/\/snus-malmo.se\/?post_type=product&#038;p=54304"},"modified":"2025-07-16T22:00:46","modified_gmt":"2025-07-16T22:00:46","slug":"kapz-lemon-mint-mini-all-white-portion","status":"publish","type":"product","link":"https:\/\/snus-malmo.se\/sv\/produkt\/kapz-lemon-mint-mini-all-white-portion\/","title":{"rendered":"Kapz Lemon Mint Mini All White Portion"},"content":{"rendered":"<article class=\"product-text\">Den h\u00e4r produkten \u00e4r tobaksfria vita nikotinp\u00e5sar med nikotinstyrkan 2\/4. Smaken \u00e4r citron med en mintkick fr\u00e5n kapseln som ligger g\u00f6md i p\u00e5sen. Kapz Lemon Mint \u00e4r en helt ny produkt p\u00e5 marknaden.<\/p>\n<\/article>\n<div class=\"buy-pane\">\n<div class=\"tab-content buy-tabs-content\">\n<div id=\"buy\" class=\"tab-pane active\">\n<div>\n<div class=\"variants list\">\n<h2>Om produkten Kapz Lemon Mint Mini All White Portion<\/h2>\n<p>Kapz Lemon Mint sl\u00e4pper snabbt ut nikotinet tack vare en ny teknologi. N\u00e4r du l\u00e4gger in den slimmade portionsp\u00e5sen k\u00e4nner du direkt en citronsmak, v\u00e4ntar du ett tag s\u00e5 sm\u00e4lter kapseln och frig\u00f6r mintsmaken. Du kan \u00e4ven kn\u00e4cka kapseln med dina t\u00e4nder om du inte vill v\u00e4nta. I en dosa f\u00e5r du 20 stycken nikotinp\u00e5sar i miniformat.<\/p>\n<ul>\n<li>Smak: Citron och mint<\/li>\n<li>Nikotinstyrka: 9,36 mg per gram<\/li>\n<li>Varum\u00e4rke: Kapz<\/li>\n<\/ul>\n<h2>Nikotinstyrka f\u00f6r Kapz Lemon Mint<\/h2>\n<p>De h\u00e4r \u00e4r nikotinp\u00e5sar fr\u00e5n Kapz som inneh\u00e5ller 9,36 mg nikotin per gram. Det klassas som normal styrka och p\u00e5 dosan ser du att den har tv\u00e5 av fyra pluppar i nikotinstyrka.<\/p>\n<h2>Kapz tillverkar vitt snus<\/h2>\n<p>Varum\u00e4rket\u00a0Kapz\u00a0kommer fr\u00e5n en helt ny producent av vitt snus. Produkten \u00e4r d\u00e4rmed helt ny p\u00e5 marknaden och deras klickkapslar g\u00f6r onekligen dem unika. Deras bas \u00e4r i Sverige, s\u00e5 nikotinp\u00e5sarna \u00e4r n\u00e4rproducerade.<\/p>\n<table class=\"product-specs\">\n<thead>\n<tr>\n<th>Fakta om produkten<\/th>\n<th class=\"text-right\"><\/th>\n<\/tr>\n<\/thead>\n<tbody>\n<tr>\n<td class=\"spec-key\">Varum\u00e4rke<\/td>\n<td class=\"spec-value text-right\">Kapz<\/td>\n<\/tr>\n<tr>\n<td class=\"spec-key\">Produkttyp<\/td>\n<td class=\"spec -value text-right\">all white portion<\/td>\n<\/tr>\n<tr>\n<td class=\"spec-key\">Nikotinstyrka<\/td>\n<td class=\"spec -value text-right\">normal<\/td>\n<\/tr>\n<tr>\n<td class=\"spec-key\">Nikotinhalt<\/td>\n<td class=\"spec -value text-right\">9,36 mg\/g<\/td>\n<\/tr>\n<tr>\n<td class=\"spec-key\">Smak<\/td>\n<td class=\"spec -value text-right\">citrus<\/td>\n<\/tr>\n<tr>\n<td class=\"spec-key\">Inneh\u00e5ll\/f\u00f6rpackning<\/td>\n<td class=\"spec -value text-right\">8,5 g<\/td>\n<\/tr>\n<tr>\n<td class=\"spec-key\">Snustyp<\/td>\n<td class=\"spec -value text-right\">All White Portion<\/td>\n<\/tr>\n<tr>\n<td class=\"spec-key\">Format<\/td>\n<td class=\"spec -value text-right\">Mini<\/td>\n<\/tr>\n<tr>\n<td class=\"spec-key\">Producent<\/td>\n<td class=\"spec-value text-right\">KAPZ AB<\/td>\n<\/tr>\n<\/tbody>\n<\/table>\n<\/div>\n<\/div>\n<\/div>\n<\/div>\n<\/div>","protected":false},"excerpt":{"rendered":"<article class=\"product-text\">Den h\u00e4r produkten \u00e4r tobaksfria vita nikotinp\u00e5sar med nikotinstyrkan 2\/4. Smaken \u00e4r citron med en mintkick fr\u00e5n kapseln som ligger g\u00f6md i p\u00e5sen. Kapz Lemon Mint \u00e4r en helt ny produkt p\u00e5 marknaden.<\/p>\n<\/article>\n<div class=\"buy-pane\">\n<div class=\"tab-content buy-tabs-content\">\n<div id=\"buy\" class=\"tab-pane active\">\n<div>\n<div class=\"variants list\">\n<h2>Om produkten Kapz Lemon Mint Mini All White Portion<\/h2>\n<p>Kapz Lemon Mint sl\u00e4pper snabbt ut nikotinet tack vare en ny teknologi. N\u00e4r du l\u00e4gger in den slimmade portionsp\u00e5sen k\u00e4nner du direkt en citronsmak, v\u00e4ntar du ett tag s\u00e5 sm\u00e4lter kapseln och frig\u00f6r mintsmaken. Du kan \u00e4ven kn\u00e4cka kapseln med dina t\u00e4nder om du inte vill v\u00e4nta. I en dosa f\u00e5r du 20 stycken nikotinp\u00e5sar i miniformat.<\/p>\n<\/div>\n<\/div>\n<\/div>\n<\/div>\n<\/div>","protected":false},"featured_media":19499,"comment_status":"open","ping_status":"closed","template":"","meta":[],"product_brand":[415],"product_cat":[136,214,137],"product_tag":[],"class_list":{"0":"post-54304","1":"product","2":"type-product","3":"status-publish","4":"has-post-thumbnail","6":"product_brand-kapz","7":"product_cat-all-whites","8":"product_cat-kapz","9":"product_cat-slim","11":"first","12":"instock","13":"taxable","14":"shipping-taxable","15":"purchasable","16":"product-type-variable"},"_links":{"self":[{"href":"https:\/\/snus-malmo.se\/sv\/wp-json\/wp\/v2\/product\/54304","targetHints":{"allow":["GET"]}}],"collection":[{"href":"https:\/\/snus-malmo.se\/sv\/wp-json\/wp\/v2\/product"}],"about":[{"href":"https:\/\/snus-malmo.se\/sv\/wp-json\/wp\/v2\/types\/product"}],"replies":[{"embeddable":true,"href":"https:\/\/snus-malmo.se\/sv\/wp-json\/wp\/v2\/comments?post=54304"}],"version-history":[{"count":0,"href":"https:\/\/snus-malmo.se\/sv\/wp-json\/wp\/v2\/product\/54304\/revisions"}],"wp:featuredmedia":[{"embeddable":true,"href":"https:\/\/snus-malmo.se\/sv\/wp-json\/wp\/v2\/media\/19499"}],"wp:attachment":[{"href":"https:\/\/snus-malmo.se\/sv\/wp-json\/wp\/v2\/media?parent=54304"}],"wp:term":[{"taxonomy":"product_brand","embeddable":true,"href":"https:\/\/snus-malmo.se\/sv\/wp-json\/wp\/v2\/product_brand?post=54304"},{"taxonomy":"product_cat","embeddable":true,"href":"https:\/\/snus-malmo.se\/sv\/wp-json\/wp\/v2\/product_cat?post=54304"},{"taxonomy":"product_tag","embeddable":true,"href":"https:\/\/snus-malmo.se\/sv\/wp-json\/wp\/v2\/product_tag?post=54304"}],"curies":[{"name":"wp","href":"https:\/\/api.w.org\/{rel}","templated":true}]}}