{"id":54324,"date":"2025-05-23T16:58:05","date_gmt":"2025-05-23T16:58:05","guid":{"rendered":"https:\/\/snus-malmo.se\/?post_type=product&#038;p=54324"},"modified":"2025-07-24T00:14:36","modified_gmt":"2025-07-24T00:14:36","slug":"hicaff-energy-rush-nikotinfritt-snus","status":"publish","type":"product","link":"https:\/\/snus-malmo.se\/sv\/produkt\/hicaff-energy-rush-nikotinfritt-snus\/","title":{"rendered":"Hicaff Energy Rush Nikotinfritt Snus"},"content":{"rendered":"<article class=\"product-text\">M\u00e4rket f\u00f6r Hicaff Energy Rush Nikotinfritt Snus \u00e4r Hicaff och den distinkta egenskapen \u00e4r\u00a0<strong>annan smak<\/strong>. Kategoriseras som nikotinfri och varan presenteras i slim format. Antalet prillor per dosa \u00e4r 20. Det \u00e4r en nikotinfri vara.<\/p>\n<\/article>\n<div class=\"buy-pane\">\n<div class=\"tab-content buy-tabs-content\">\n<div id=\"buy\" class=\"tab-pane active\">\n<div>\n<div class=\"variants list\">\n<h2>Om produkten Hicaff Energy Rush Nikotinfritt Snus<\/h2>\n<p>Hicaff Energy Rush Nikotinfritt Snus \u00e4r ett snus utan nikotin fr\u00e5n varum\u00e4rket Hicaff, tillverkat av Microzero AB. Produkten inneh\u00e5ller inte tobak eller nikotin, men koffein \u00e4r inkluderat. Snuset \u00e4r tillg\u00e4ngligt i slim-format vilket erbjuder diskretion.\u00a0Styrkan\u00a0av denna produkt definieras som utan nikotin, vilket g\u00f6r det till ett alternativ f\u00f6r dem som vill undvika nikotin men fortfarande \u00f6nskar att anv\u00e4nda en prilla.<\/p>\n<h2>Hicaff Energy Rush Nikotinfritt Snus: Karakt\u00e4r &amp; Utan Nikotin<\/h2>\n<p>Hicaff Energy Rush Nikotinfritt Snus \u00e4r en produkt utan nikotin med en distinkt smakkarakt\u00e4r. Snuset tillhandah\u00e5lls i slim-format som ger en bekv\u00e4m och diskret anv\u00e4ndning. Produkten definieras som utan nikotin.<\/p>\n<h3>PORTIONS Format: Slim<\/h3>\n<p>Hicaff Energy Rush Nikotinfritt Snus tillhandah\u00e5lls i slim-format, vilket erbjuder diskretion vid anv\u00e4ndning.<\/p>\n<h3>Information om Hicaff Energy Rush Nikotinfritt Snus:<\/h3>\n<ul>\n<li><strong>Kategori:<\/strong>\u00a0Utan nikotin<\/li>\n<li><strong>Snussmak:<\/strong>\u00a0Distinkt<\/li>\n<li><strong>Tillverkare:<\/strong>\u00a0Microzero AB<\/li>\n<li><strong>Antal prillor per dosa:<\/strong>\u00a020<\/li>\n<li><strong>Inneh\u00e5ller Koffein:<\/strong>\u00a0Ja<\/li>\n<li><strong>Fri fr\u00e5n Nikotin:<\/strong>\u00a0Ja<\/li>\n<\/ul>\n<h3>Mer Information om Hicaff<\/h3>\n<p>Hicaff \u00e4r ett varum\u00e4rke som tillverkar produkter utan nikotin. Dessa produkter \u00e4r utvecklade f\u00f6r anv\u00e4ndare som \u00f6nskar anv\u00e4nda snus utan nikotin.<\/p>\n<\/div>\n<\/div>\n<\/div>\n<\/div>\n<\/div>","protected":false},"excerpt":{"rendered":"<article class=\"product-text\">M\u00e4rket f\u00f6r Hicaff Energy Rush Nikotinfritt Snus \u00e4r Hicaff och den distinkta egenskapen \u00e4r\u00a0<strong>annan smak<\/strong>. Kategoriseras som nikotinfri och varan presenteras i slim format. Antalet prillor per dosa \u00e4r 20. Det \u00e4r en nikotinfri vara.<\/p>\n<\/article>\n<div class=\"buy-pane\">\n<div class=\"tab-content buy-tabs-content\">\n<div id=\"buy\" class=\"tab-pane active\">\n<div>\n<div class=\"variants list\">\n<h2>Om produkten Hicaff Energy Rush Nikotinfritt Snus<\/h2>\n<p>Hicaff Energy Rush Nikotinfritt Snus \u00e4r ett snus utan nikotin fr\u00e5n varum\u00e4rket Hicaff, tillverkat av Microzero AB. Produkten inneh\u00e5ller inte tobak eller nikotin, men koffein \u00e4r inkluderat. Snuset \u00e4r tillg\u00e4ngligt i slim-format vilket erbjuder diskretion.\u00a0Styrkan\u00a0av denna produkt definieras som utan nikotin, vilket g\u00f6r det till ett alternativ f\u00f6r dem som vill undvika nikotin men fortfarande \u00f6nskar att anv\u00e4nda en prilla.<\/p>\n<\/div>\n<\/div>\n<\/div>\n<\/div>\n<\/div>","protected":false},"featured_media":19619,"comment_status":"open","ping_status":"closed","template":"","meta":[],"product_brand":[],"product_cat":[76],"product_tag":[],"class_list":{"0":"post-54324","1":"product","2":"type-product","3":"status-publish","4":"has-post-thumbnail","6":"product_cat-nikotinfritt-snus","8":"first","9":"instock","10":"taxable","11":"shipping-taxable","12":"purchasable","13":"product-type-variable"},"_links":{"self":[{"href":"https:\/\/snus-malmo.se\/sv\/wp-json\/wp\/v2\/product\/54324","targetHints":{"allow":["GET"]}}],"collection":[{"href":"https:\/\/snus-malmo.se\/sv\/wp-json\/wp\/v2\/product"}],"about":[{"href":"https:\/\/snus-malmo.se\/sv\/wp-json\/wp\/v2\/types\/product"}],"replies":[{"embeddable":true,"href":"https:\/\/snus-malmo.se\/sv\/wp-json\/wp\/v2\/comments?post=54324"}],"version-history":[{"count":0,"href":"https:\/\/snus-malmo.se\/sv\/wp-json\/wp\/v2\/product\/54324\/revisions"}],"wp:featuredmedia":[{"embeddable":true,"href":"https:\/\/snus-malmo.se\/sv\/wp-json\/wp\/v2\/media\/19619"}],"wp:attachment":[{"href":"https:\/\/snus-malmo.se\/sv\/wp-json\/wp\/v2\/media?parent=54324"}],"wp:term":[{"taxonomy":"product_brand","embeddable":true,"href":"https:\/\/snus-malmo.se\/sv\/wp-json\/wp\/v2\/product_brand?post=54324"},{"taxonomy":"product_cat","embeddable":true,"href":"https:\/\/snus-malmo.se\/sv\/wp-json\/wp\/v2\/product_cat?post=54324"},{"taxonomy":"product_tag","embeddable":true,"href":"https:\/\/snus-malmo.se\/sv\/wp-json\/wp\/v2\/product_tag?post=54324"}],"curies":[{"name":"wp","href":"https:\/\/api.w.org\/{rel}","templated":true}]}}