{"id":54329,"date":"2025-05-23T16:58:05","date_gmt":"2025-05-23T16:58:05","guid":{"rendered":"https:\/\/snus-malmo.se\/?post_type=product&#038;p=54329"},"modified":"2025-08-05T20:04:14","modified_gmt":"2025-08-05T20:04:14","slug":"fuzion-watermelon-nikotinfritt-snus","status":"publish","type":"product","link":"https:\/\/snus-malmo.se\/sv\/produkt\/fuzion-watermelon-nikotinfritt-snus\/","title":{"rendered":"Fuzion Watermelon Nikotinfritt Snus"},"content":{"rendered":"<article class=\"product-text\">Fuzion Watermelon Nikotinfritt Snus \u00e4r en nikotinfri artikel fr\u00e5n\u00a0<strong>Fuzion<\/strong>\u00a0med frukt som huvudingrediens. Denna artikel \u00e4r definierad som nikotinfri, presenteras i slim-format och inneh\u00e5ller 20 portioner per dosa.<\/p>\n<\/article>\n<div class=\"buy-pane\">\n<div class=\"tab-content buy-tabs-content\">\n<div id=\"buy\" class=\"tab-pane active\">\n<div>\n<div class=\"variants list\">\n<h2>Om produkten Fuzion Watermelon Nikotinfritt Snus<\/h2>\n<p>Fuzion Watermelon Nikotinfritt Snus \u00e4r en artikel fr\u00e5n Fuzion, framst\u00e4lld av Kurbits Snus AB. Denna artikel \u00e4r fri fr\u00e5n nikotin och presenteras i slim-format. Den inneh\u00e5ller vare sig tobak eller nikotin men innefattar koffein. Denna artikel definieras som nikotinfri, mer information finns\u00a0h\u00e4r.<\/p>\n<h2>Information om Fuzion Watermelon Nikotinfritt Snus<\/h2>\n<p>Fuzion Watermelon Nikotinfritt Snus \u00e4r en nikotinfri artikel med frukt som huvudsaklig ingrediens. Artikeln presenteras i slim-format och dess styrka \u00e4r definierad som nikotinfri.<\/p>\n<h3>Produktformat: Slim<\/h3>\n<p>Fuzion Watermelon Nikotinfritt Snus levereras i slim-format, ett mindre och mer diskret format.<\/p>\n<h3>Detaljer om Fuzion Watermelon Nikotinfritt Snus:<\/h3>\n<ul>\n<li><strong>Kategori:<\/strong>\u00a0Nikotinfri<\/li>\n<li><strong>Huvudingrediens:<\/strong>\u00a0Frukt<\/li>\n<li><strong>Framst\u00e4llare:<\/strong>\u00a0Kurbits Snus AB<\/li>\n<li><strong>Antal portioner per dosa:<\/strong>\u00a020<\/li>\n<li><strong>Inneh\u00e5ller Koffein:<\/strong>\u00a0Ja, 50,0<\/li>\n<li><strong>Fri fr\u00e5n Nikotin:<\/strong>\u00a0Ja<\/li>\n<\/ul>\n<h3>Information om Fuzion<\/h3>\n<p>Fuzion \u00e4r ett namn kopplat till framst\u00e4llning av nikotinfria snusartiklar. De inriktar sig p\u00e5 att framst\u00e4lla artiklar med varierande ingredienser f\u00f6r att tillgodose diverse preferenser.<\/p>\n<\/div>\n<\/div>\n<\/div>\n<\/div>\n<\/div>","protected":false},"excerpt":{"rendered":"<article class=\"product-text\">Fuzion Watermelon Nikotinfritt Snus \u00e4r en nikotinfri artikel fr\u00e5n\u00a0<strong>Fuzion<\/strong>\u00a0med frukt som huvudingrediens. Denna artikel \u00e4r definierad som nikotinfri, presenteras i slim-format och inneh\u00e5ller 20 portioner per dosa.<\/p>\n<\/article>\n<div class=\"buy-pane\">\n<div class=\"tab-content buy-tabs-content\">\n<div id=\"buy\" class=\"tab-pane active\">\n<div>\n<div class=\"variants list\">\n<h2>Om produkten Fuzion Watermelon Nikotinfritt Snus<\/h2>\n<p>Fuzion Watermelon Nikotinfritt Snus \u00e4r en artikel fr\u00e5n Fuzion, framst\u00e4lld av Kurbits Snus AB. Denna artikel \u00e4r fri fr\u00e5n nikotin och presenteras i slim-format. Den inneh\u00e5ller vare sig tobak eller nikotin men innefattar koffein. Denna artikel definieras som nikotinfri, mer information finns\u00a0h\u00e4r.<\/p>\n<\/div>\n<\/div>\n<\/div>\n<\/div>\n<\/div>","protected":false},"featured_media":19697,"comment_status":"open","ping_status":"closed","template":"","meta":[],"product_brand":[],"product_cat":[76],"product_tag":[],"class_list":{"0":"post-54329","1":"product","2":"type-product","3":"status-publish","4":"has-post-thumbnail","6":"product_cat-nikotinfritt-snus","8":"first","9":"instock","10":"taxable","11":"shipping-taxable","12":"purchasable","13":"product-type-variable"},"_links":{"self":[{"href":"https:\/\/snus-malmo.se\/sv\/wp-json\/wp\/v2\/product\/54329","targetHints":{"allow":["GET"]}}],"collection":[{"href":"https:\/\/snus-malmo.se\/sv\/wp-json\/wp\/v2\/product"}],"about":[{"href":"https:\/\/snus-malmo.se\/sv\/wp-json\/wp\/v2\/types\/product"}],"replies":[{"embeddable":true,"href":"https:\/\/snus-malmo.se\/sv\/wp-json\/wp\/v2\/comments?post=54329"}],"version-history":[{"count":0,"href":"https:\/\/snus-malmo.se\/sv\/wp-json\/wp\/v2\/product\/54329\/revisions"}],"wp:featuredmedia":[{"embeddable":true,"href":"https:\/\/snus-malmo.se\/sv\/wp-json\/wp\/v2\/media\/19697"}],"wp:attachment":[{"href":"https:\/\/snus-malmo.se\/sv\/wp-json\/wp\/v2\/media?parent=54329"}],"wp:term":[{"taxonomy":"product_brand","embeddable":true,"href":"https:\/\/snus-malmo.se\/sv\/wp-json\/wp\/v2\/product_brand?post=54329"},{"taxonomy":"product_cat","embeddable":true,"href":"https:\/\/snus-malmo.se\/sv\/wp-json\/wp\/v2\/product_cat?post=54329"},{"taxonomy":"product_tag","embeddable":true,"href":"https:\/\/snus-malmo.se\/sv\/wp-json\/wp\/v2\/product_tag?post=54329"}],"curies":[{"name":"wp","href":"https:\/\/api.w.org\/{rel}","templated":true}]}}