{"id":54334,"date":"2025-05-23T16:58:06","date_gmt":"2025-05-23T16:58:06","guid":{"rendered":"https:\/\/snus-malmo.se\/?post_type=product&#038;p=54334"},"modified":"2025-08-05T00:05:27","modified_gmt":"2025-08-05T00:05:27","slug":"prillan-portion-nikotinfri","status":"publish","type":"product","link":"https:\/\/snus-malmo.se\/sv\/produkt\/prillan-portion-nikotinfri\/","title":{"rendered":"Prillan Portion Nikotinfri"},"content":{"rendered":"<div class=\"product__description rte quick-add-hidden\">\n<article class=\"product-text\">G\u00f6r ditt eget nikotinfria portionssnus med Prillan Portion Nikotinfri.<\/article>\n<div class=\"buy-pane\">\n<div class=\"tab-content buy-tabs-content\">\n<div id=\"buy\" class=\"tab-pane active\">\n<div>\n<div><\/div>\n<div>\n<div class=\"row stock-sku\">\n<p>Prillan Portion Nikotinfri \u00e4r ett snus som levererar en\u00a0\u00e4kta k\u00e4nsla, men \u00e4r helt fri fr\u00e5n tobak och nikotin. Snuset har ist\u00e4llet svart te\u00a0som bas. Ger dig ca 10 dosor nikotinfritt portionssnus. Instruktioner och\u00a0tillbeh\u00f6r f\u00f6r att f\u00e5 ett f\u00e4rdigt portionssnus, utan tobak och nikotin, ing\u00e5r i paketet.<\/p>\n<p>Portionssnussatserna \u00e4r mycket enkla att tillreda. Tills\u00e4tt bara\u00a0eventuell smak\u00a0och vatten.<\/p>\n<p>&#8211; Tills\u00e4tt vatten och eventuell smak.<br \/>\n&#8211; L\u00e5t st\u00e5 i kylsk\u00e5p i 12 timmar.<br \/>\n&#8211; Ger 10 dosor ca\u00a020 portioner vardera<br \/>\n&#8211; Inga f\u00f6rkunskaper kr\u00e4vs.<br \/>\n&#8211; Denna produkt \u00e4r helt fri fr\u00e5n tobak och nikotin.<br \/>\n&#8211; Inneh\u00e5ller te och pH-reglerande medel<\/p>\n<table class=\"product-specs\">\n<thead>\n<tr>\n<th>Fakta om produkten<\/th>\n<th class=\"text-right\"><\/th>\n<\/tr>\n<\/thead>\n<tbody>\n<tr>\n<td class=\"spec-key\">Varum\u00e4rke<\/td>\n<td class=\"spec-value text-right\">Prillan<\/td>\n<\/tr>\n<tr>\n<td class=\"spec-key\">Produkttyp<\/td>\n<td class=\"spec -value text-right\">snussats portion<\/td>\n<\/tr>\n<tr>\n<td class=\"spec-key\">Nikotinstyrka<\/td>\n<td class=\"spec -value text-right\">Nikotinfri<\/td>\n<\/tr>\n<tr>\n<td class=\"spec-key\">F\u00e4rdiga dosor<\/td>\n<td class=\"spec -value text-right\">0<\/td>\n<\/tr>\n<tr>\n<td class=\"spec-key\">Producent<\/td>\n<td class=\"spec-value text-right\">Prillan<\/td>\n<\/tr>\n<\/tbody>\n<\/table>\n<\/div>\n<\/div>\n<\/div>\n<\/div>\n<\/div>\n<\/div>\n<\/div>\n<p>&nbsp;<\/p>","protected":false},"excerpt":{"rendered":"<article class=\"product-text\">G\u00f6r ditt eget nikotinfria portionssnus med Prillan Portion Nikotinfri.<\/article>\n<div class=\"buy-pane\">\n<div class=\"tab-content buy-tabs-content\">\n<div id=\"buy\" class=\"tab-pane active\">\n<div>\n<div><\/div>\n<div>\n<div class=\"row stock-sku\">\n<p>Prillan Portion Nikotinfri \u00e4r ett snus som levererar en\u00a0\u00e4kta k\u00e4nsla, men \u00e4r helt fri fr\u00e5n tobak och nikotin. Snuset har ist\u00e4llet svart te\u00a0som bas. Ger dig ca 10 dosor nikotinfritt portionssnus. Instruktioner och\u00a0tillbeh\u00f6r f\u00f6r att f\u00e5 ett f\u00e4rdigt portionssnus, utan tobak och nikotin, ing\u00e5r i paketet.<\/p>\n<p>Portionssnussatserna \u00e4r mycket enkla att tillreda. Tills\u00e4tt bara\u00a0eventuell smak\u00a0och vatten.<\/p>\n<\/div>\n<\/div>\n<\/div>\n<\/div>\n<\/div>\n<\/div>","protected":false},"featured_media":19705,"comment_status":"open","ping_status":"closed","template":"","meta":[],"product_brand":[],"product_cat":[76,113,368,138,282],"product_tag":[],"class_list":{"0":"post-54334","1":"product","2":"type-product","3":"status-publish","4":"has-post-thumbnail","6":"product_cat-nikotinfritt-snus","7":"product_cat-prillan","8":"product_cat-snus-tobakssnus-traditionellt-snus","9":"product_cat-snussatser-portion","10":"product_cat-snustillbehor","12":"first","13":"instock","14":"taxable","15":"shipping-taxable","16":"purchasable","17":"product-type-simple"},"_links":{"self":[{"href":"https:\/\/snus-malmo.se\/sv\/wp-json\/wp\/v2\/product\/54334","targetHints":{"allow":["GET"]}}],"collection":[{"href":"https:\/\/snus-malmo.se\/sv\/wp-json\/wp\/v2\/product"}],"about":[{"href":"https:\/\/snus-malmo.se\/sv\/wp-json\/wp\/v2\/types\/product"}],"replies":[{"embeddable":true,"href":"https:\/\/snus-malmo.se\/sv\/wp-json\/wp\/v2\/comments?post=54334"}],"version-history":[{"count":0,"href":"https:\/\/snus-malmo.se\/sv\/wp-json\/wp\/v2\/product\/54334\/revisions"}],"wp:featuredmedia":[{"embeddable":true,"href":"https:\/\/snus-malmo.se\/sv\/wp-json\/wp\/v2\/media\/19705"}],"wp:attachment":[{"href":"https:\/\/snus-malmo.se\/sv\/wp-json\/wp\/v2\/media?parent=54334"}],"wp:term":[{"taxonomy":"product_brand","embeddable":true,"href":"https:\/\/snus-malmo.se\/sv\/wp-json\/wp\/v2\/product_brand?post=54334"},{"taxonomy":"product_cat","embeddable":true,"href":"https:\/\/snus-malmo.se\/sv\/wp-json\/wp\/v2\/product_cat?post=54334"},{"taxonomy":"product_tag","embeddable":true,"href":"https:\/\/snus-malmo.se\/sv\/wp-json\/wp\/v2\/product_tag?post=54334"}],"curies":[{"name":"wp","href":"https:\/\/api.w.org\/{rel}","templated":true}]}}