{"id":54335,"date":"2025-05-23T16:58:06","date_gmt":"2025-05-23T16:58:06","guid":{"rendered":"https:\/\/snus-malmo.se\/?post_type=product&#038;p=54335"},"modified":"2025-07-26T00:44:12","modified_gmt":"2025-07-26T00:44:12","slug":"onico-mini-nikotinfritt-snus-2","status":"publish","type":"product","link":"https:\/\/snus-malmo.se\/sv\/produkt\/onico-mini-nikotinfritt-snus-2\/","title":{"rendered":"Onico Mini Nikotinfritt Snus"},"content":{"rendered":"<article class=\"product-text\">Onico Mini \u00e4r ett nikotinfritt snus i miniformat med en traditionell snussmak. Baserad p\u00e5 v\u00e4xtfibrer och helt fri fr\u00e5n tobak och nikotin.<\/article>\n<article class=\"product-text\">Onico Mini \u00e4r ett nikotinfritt snus tillverkat av v\u00e4xtfibrer fr\u00e5n havre och kakao. Onico Mini \u00e4r helt fritt fr\u00e5n tobak och nikotin och passar d\u00e4rf\u00f6r bra till den som vill sluta snusa helt eller forts\u00e4tta snusa under graviditet eller amning.<\/p>\n<p>Onico Mini \u00e4r klassiskt smaksatt och har en n\u00e5got pepprig palett med en underton av citrus.<\/p>\n<table class=\"product-specs\">\n<thead>\n<tr>\n<th>Fakta om produkten<\/th>\n<th class=\"text-right\"><\/th>\n<\/tr>\n<\/thead>\n<tbody>\n<tr>\n<td class=\"spec-key\">Varum\u00e4rke<\/td>\n<td class=\"spec-value text-right\">Onico<\/td>\n<\/tr>\n<tr>\n<td class=\"spec-key\">Produkttyp<\/td>\n<td class=\"spec -value text-right\">white portion<\/td>\n<\/tr>\n<tr>\n<td class=\"spec-key\">Nikotinstyrka<\/td>\n<td class=\"spec -value text-right\">Nikotinfri<\/td>\n<\/tr>\n<tr>\n<td class=\"spec-key\">Nikotinhalt<\/td>\n<td class=\"spec -value text-right\">0 mg\/g<\/td>\n<\/tr>\n<tr>\n<td class=\"spec-key\">Smak<\/td>\n<td class=\"spec -value text-right\">Traditionell<\/td>\n<\/tr>\n<tr>\n<td class=\"spec-key\">Inneh\u00e5ll\/f\u00f6rpackning<\/td>\n<td class=\"spec -value text-right\">10 g<\/td>\n<\/tr>\n<tr>\n<td class=\"spec-key\">Snustyp<\/td>\n<td class=\"spec -value text-right\">Nikotinfritt Snus, Mini<\/td>\n<\/tr>\n<tr>\n<td class=\"spec-key\">Format<\/td>\n<td class=\"spec -value text-right\">Mini<\/td>\n<\/tr>\n<tr>\n<td class=\"spec-key\">Producent<\/td>\n<td class=\"spec-value text-right\">Swedish Match<\/td>\n<\/tr>\n<\/tbody>\n<\/table>\n<\/article>","protected":false},"excerpt":{"rendered":"<article class=\"product-text\">Onico Mini \u00e4r ett nikotinfritt snus i miniformat med en traditionell snussmak. Baserad p\u00e5 v\u00e4xtfibrer och helt fri fr\u00e5n tobak och nikotin.<\/article>\n<article class=\"product-text\">Onico Mini \u00e4r ett nikotinfritt snus tillverkat av v\u00e4xtfibrer fr\u00e5n havre och kakao. Onico Mini \u00e4r helt fritt fr\u00e5n tobak och nikotin och passar d\u00e4rf\u00f6r bra till den som vill sluta snusa helt eller forts\u00e4tta snusa under graviditet eller amning.<\/p>\n<p>Onico Mini \u00e4r klassiskt smaksatt och har en n\u00e5got pepprig palett med en underton av citrus.<\/p>\n<\/article>","protected":false},"featured_media":19711,"comment_status":"open","ping_status":"closed","template":"","meta":[],"product_brand":[374],"product_cat":[76],"product_tag":[],"class_list":{"0":"post-54335","1":"product","2":"type-product","3":"status-publish","4":"has-post-thumbnail","6":"product_brand-onico","7":"product_cat-nikotinfritt-snus","9":"first","10":"instock","11":"taxable","12":"shipping-taxable","13":"purchasable","14":"product-type-variable"},"_links":{"self":[{"href":"https:\/\/snus-malmo.se\/sv\/wp-json\/wp\/v2\/product\/54335","targetHints":{"allow":["GET"]}}],"collection":[{"href":"https:\/\/snus-malmo.se\/sv\/wp-json\/wp\/v2\/product"}],"about":[{"href":"https:\/\/snus-malmo.se\/sv\/wp-json\/wp\/v2\/types\/product"}],"replies":[{"embeddable":true,"href":"https:\/\/snus-malmo.se\/sv\/wp-json\/wp\/v2\/comments?post=54335"}],"version-history":[{"count":0,"href":"https:\/\/snus-malmo.se\/sv\/wp-json\/wp\/v2\/product\/54335\/revisions"}],"wp:featuredmedia":[{"embeddable":true,"href":"https:\/\/snus-malmo.se\/sv\/wp-json\/wp\/v2\/media\/19711"}],"wp:attachment":[{"href":"https:\/\/snus-malmo.se\/sv\/wp-json\/wp\/v2\/media?parent=54335"}],"wp:term":[{"taxonomy":"product_brand","embeddable":true,"href":"https:\/\/snus-malmo.se\/sv\/wp-json\/wp\/v2\/product_brand?post=54335"},{"taxonomy":"product_cat","embeddable":true,"href":"https:\/\/snus-malmo.se\/sv\/wp-json\/wp\/v2\/product_cat?post=54335"},{"taxonomy":"product_tag","embeddable":true,"href":"https:\/\/snus-malmo.se\/sv\/wp-json\/wp\/v2\/product_tag?post=54335"}],"curies":[{"name":"wp","href":"https:\/\/api.w.org\/{rel}","templated":true}]}}