{"id":54362,"date":"2025-05-23T16:58:08","date_gmt":"2025-05-23T16:58:08","guid":{"rendered":"https:\/\/snus-malmo.se\/?post_type=product&#038;p=54362"},"modified":"2025-08-05T20:04:14","modified_gmt":"2025-08-05T20:04:14","slug":"fuzion-raspberry-liquorice-nikotinfritt-snus","status":"publish","type":"product","link":"https:\/\/snus-malmo.se\/sv\/produkt\/fuzion-raspberry-liquorice-nikotinfritt-snus\/","title":{"rendered":"Fuzion Raspberry Liquorice Nikotinfritt Snus"},"content":{"rendered":"<div class=\"product__description rte quick-add-hidden\">\n<article class=\"product-text\">Fuzion Raspberry Liquorice Nikotinfritt Snus \u00e4r en\u00a0<strong>Fuzion<\/strong>\u00a0produkt med en kombination av hallon och lakritsaromer. Snuset \u00e4r klassificerat som Nikotinfritt. Formatet \u00e4r slim och varje dosa inneh\u00e5ller 20 portioner. Produkttypen definieras som Nikotinfritt.<\/p>\n<\/article>\n<div class=\"buy-pane\">\n<div class=\"tab-content buy-tabs-content\">\n<div id=\"buy\" class=\"tab-pane active\">\n<div>\n<div class=\"variants list\">\n<h2>Om produkten Fuzion Raspberry Liquorice Nikotinfritt Snus<\/h2>\n<p>Fuzion Raspberry Liquorice Nikotinfritt Snus \u00e4r en produkt som kommer fr\u00e5n Kurbits Snus AB. Fuzion \u00e4r varum\u00e4rket och produkten klassificeras som Nikotinfritt. Snuset \u00e4r av formatet Slim, vilket inneb\u00e4r att det \u00e4r smalare \u00e4n standardstorlek p\u00e5 snus. Produkten inneh\u00e5ller inte tobak eller nikotin men inkluderar koffein. Styrkan p\u00e5 denna produkt definieras som Nikotinfritt, mer information finns\u00a0h\u00e4r.<\/p>\n<h2>Fuzion Raspberry Liquorice Nikotinfritt Snus: Karakt\u00e4ristik &amp; Funktioner<\/h2>\n<p>Fuzion Raspberry Liquorice Nikotinfritt Snus \u00e4r en Nikotinfri produkt med hallon &#8211; och lakritsaromer. Snuset \u00e4r av formatet Slim och styrkan definieras som Nikotinfritt.<\/p>\n<h3>Portionsformat: Slim<\/h3>\n<p>Fuzion Raspberry Liquorice Nikotinfritt Snus levereras i Slim-format, det vill s\u00e4ga att portionerna \u00e4r smalare \u00e4n konventionellt snus.<\/p>\n<h3>Information om Fuzion Raspberry Liquorice Nikotinfritt Snus:<\/h3>\n<ul>\n<li><strong>Klassificering:<\/strong>\u00a0Nikotinfritt<\/li>\n<li><strong>Aroma:<\/strong>\u00a0Hallon, Lakrits<\/li>\n<li><strong>Tillverkare:<\/strong>\u00a0Kurbits Snus AB<\/li>\n<li><strong>Antal portioner per ask:<\/strong>\u00a020<\/li>\n<li><strong>Inneh\u00e5ller Koffein:<\/strong>\u00a0Ja, 50,0 mg per portion<\/li>\n<\/ul>\n<h3>Om varum\u00e4rket Fuzion<\/h3>\n<p>Fuzion \u00e4r ett k\u00e4nt varum\u00e4rke inom snusbranschen som g\u00f6r produkter i kategorin Nikotinfritt. Kurbits Snus AB \u00e4r tillverkaren av dessa produkter.<\/p>\n<\/div>\n<\/div>\n<\/div>\n<\/div>\n<\/div>\n<\/div>\n<p>&nbsp;<\/p>","protected":false},"excerpt":{"rendered":"<article class=\"product-text\">Fuzion Raspberry Liquorice Nikotinfritt Snus \u00e4r en\u00a0<strong>Fuzion<\/strong>\u00a0produkt med en kombination av hallon och lakritsaromer. Snuset \u00e4r klassificerat som Nikotinfritt. Formatet \u00e4r slim och varje dosa inneh\u00e5ller 20 portioner. Produkttypen definieras som Nikotinfritt.<\/p>\n<\/article>\n<div class=\"buy-pane\">\n<div class=\"tab-content buy-tabs-content\">\n<div id=\"buy\" class=\"tab-pane active\">\n<div>\n<div class=\"variants list\">\n<h2>Om produkten Fuzion Raspberry Liquorice Nikotinfritt Snus<\/h2>\n<p>Fuzion Raspberry Liquorice Nikotinfritt Snus \u00e4r en produkt som kommer fr\u00e5n Kurbits Snus AB. Fuzion \u00e4r varum\u00e4rket och produkten klassificeras som Nikotinfritt. Snuset \u00e4r av formatet Slim, vilket inneb\u00e4r att det \u00e4r smalare \u00e4n standardstorlek p\u00e5 snus. Produkten inneh\u00e5ller inte tobak eller nikotin men inkluderar koffein. Styrkan p\u00e5 denna produkt definieras som Nikotinfritt, mer information finns\u00a0h\u00e4r.<\/p>\n<\/div>\n<\/div>\n<\/div>\n<\/div>\n<\/div>","protected":false},"featured_media":19741,"comment_status":"open","ping_status":"closed","template":"","meta":[],"product_brand":[],"product_cat":[76],"product_tag":[],"class_list":{"0":"post-54362","1":"product","2":"type-product","3":"status-publish","4":"has-post-thumbnail","6":"product_cat-nikotinfritt-snus","8":"first","9":"instock","10":"taxable","11":"shipping-taxable","12":"purchasable","13":"product-type-variable"},"_links":{"self":[{"href":"https:\/\/snus-malmo.se\/sv\/wp-json\/wp\/v2\/product\/54362","targetHints":{"allow":["GET"]}}],"collection":[{"href":"https:\/\/snus-malmo.se\/sv\/wp-json\/wp\/v2\/product"}],"about":[{"href":"https:\/\/snus-malmo.se\/sv\/wp-json\/wp\/v2\/types\/product"}],"replies":[{"embeddable":true,"href":"https:\/\/snus-malmo.se\/sv\/wp-json\/wp\/v2\/comments?post=54362"}],"version-history":[{"count":0,"href":"https:\/\/snus-malmo.se\/sv\/wp-json\/wp\/v2\/product\/54362\/revisions"}],"wp:featuredmedia":[{"embeddable":true,"href":"https:\/\/snus-malmo.se\/sv\/wp-json\/wp\/v2\/media\/19741"}],"wp:attachment":[{"href":"https:\/\/snus-malmo.se\/sv\/wp-json\/wp\/v2\/media?parent=54362"}],"wp:term":[{"taxonomy":"product_brand","embeddable":true,"href":"https:\/\/snus-malmo.se\/sv\/wp-json\/wp\/v2\/product_brand?post=54362"},{"taxonomy":"product_cat","embeddable":true,"href":"https:\/\/snus-malmo.se\/sv\/wp-json\/wp\/v2\/product_cat?post=54362"},{"taxonomy":"product_tag","embeddable":true,"href":"https:\/\/snus-malmo.se\/sv\/wp-json\/wp\/v2\/product_tag?post=54362"}],"curies":[{"name":"wp","href":"https:\/\/api.w.org\/{rel}","templated":true}]}}