{"id":54372,"date":"2025-05-23T16:58:09","date_gmt":"2025-05-23T16:58:09","guid":{"rendered":"https:\/\/snus-malmo.se\/?post_type=product&#038;p=54372"},"modified":"2025-08-20T07:31:12","modified_gmt":"2025-08-20T07:31:12","slug":"lewa-apple-spruce-nikotinfritt-snus","status":"publish","type":"product","link":"https:\/\/snus-malmo.se\/sv\/produkt\/lewa-apple-spruce-nikotinfritt-snus\/","title":{"rendered":"LEWA Apple Spruce Nikotinfritt Snus"},"content":{"rendered":"<h1 data-start=\"112\" data-end=\"203\"><strong data-start=\"118\" data-end=\"203\">LEWA Apple Spruce Nikotinfritt Snus \u2013 En frisk smak av \u00e4pple och gran med koffein<\/strong><\/h1>\n<p data-start=\"205\" data-end=\"575\">Letar du efter ett snus som \u00e4r b\u00e5de tobaks- och nikotinfritt men \u00e4nd\u00e5 erbjuder en uppfriskande smakupplevelse och en energigivande effekt? <strong data-start=\"344\" data-end=\"383\">LEWA Apple Spruce Nikotinfritt Snus<\/strong> \u00e4r det perfekta valet f\u00f6r dig som vill ha en <strong data-start=\"429\" data-end=\"465\">unik blandning av \u00e4pple och gran<\/strong>, samtidigt som du f\u00e5r en <strong data-start=\"491\" data-end=\"512\">uppiggande effekt<\/strong> fr\u00e5n <strong data-start=\"518\" data-end=\"546\">20 mg koffein per prilla<\/strong> \u2013 motsvarande en kopp kaffe.<\/p>\n<p data-start=\"577\" data-end=\"899\">Med en <strong data-start=\"584\" data-end=\"603\">frisk \u00e4ppelsmak<\/strong> kombinerad med en <strong data-start=\"622\" data-end=\"647\">behaglig granbarrston<\/strong> f\u00e5r du en smakupplevelse som k\u00e4nns b\u00e5de naturlig och uppfriskande. <strong data-start=\"715\" data-end=\"736\">LEWA Apple Spruce<\/strong> \u00e4r helt fritt fr\u00e5n nikotin och tobak, vilket g\u00f6r det till ett h\u00e4lsosammare alternativ till traditionellt snus, men utan att f\u00f6rlora k\u00e4nslan av en klassisk prilla.<\/p>\n<hr data-start=\"901\" data-end=\"904\" \/>\n<h2 data-start=\"906\" data-end=\"965\">\u2b50 <strong data-start=\"912\" data-end=\"965\">Varf\u00f6r v\u00e4lja LEWA Apple Spruce Nikotinfritt Snus?<\/strong><\/h2>\n<ul data-start=\"967\" data-end=\"1430\">\n<li data-start=\"967\" data-end=\"1076\">\n<p data-start=\"969\" data-end=\"1076\"><strong data-start=\"969\" data-end=\"1006\">Helt fritt fr\u00e5n nikotin och tobak<\/strong> \u2013 ett utm\u00e4rkt val f\u00f6r dig som vill sluta snusa eller undvika nikotin.<\/p>\n<\/li>\n<li data-start=\"1077\" data-end=\"1173\">\n<p data-start=\"1079\" data-end=\"1173\"><strong data-start=\"1079\" data-end=\"1100\">Uppiggande effekt<\/strong> \u2013 varje portion inneh\u00e5ller <strong data-start=\"1128\" data-end=\"1145\">20 mg koffein<\/strong>, motsvarande en kopp kaffe.<\/p>\n<\/li>\n<li data-start=\"1174\" data-end=\"1250\">\n<p data-start=\"1176\" data-end=\"1250\"><strong data-start=\"1176\" data-end=\"1208\">Frisk smak av \u00e4pple och gran<\/strong> \u2013 en fr\u00e4sch och naturn\u00e4ra smakupplevelse.<\/p>\n<\/li>\n<li data-start=\"1251\" data-end=\"1352\">\n<p data-start=\"1253\" data-end=\"1352\"><strong data-start=\"1253\" data-end=\"1271\">Funktion Pouch<\/strong> \u2013 innovativt snusform som g\u00f6r det enkelt att njuta av smakerna under l\u00e4ngre tid.<\/p>\n<\/li>\n<li data-start=\"1353\" data-end=\"1430\">\n<p data-start=\"1355\" data-end=\"1430\"><strong data-start=\"1355\" data-end=\"1390\">Inga s\u00f6tningsmedel eller socker<\/strong> \u2013 ett renare och mer naturligt snusval.<\/p>\n<\/li>\n<\/ul>\n<hr data-start=\"1432\" data-end=\"1435\" \/>\n<h2 data-start=\"1437\" data-end=\"1499\">\ud83d\udc64 <strong data-start=\"1444\" data-end=\"1499\">Vem passar LEWA Apple Spruce Nikotinfritt Snus f\u00f6r?<\/strong><\/h2>\n<p data-start=\"1501\" data-end=\"1538\"><strong data-start=\"1501\" data-end=\"1522\">LEWA Apple Spruce<\/strong> passar dig som:<\/p>\n<ul data-start=\"1539\" data-end=\"1867\">\n<li data-start=\"1539\" data-end=\"1600\">\n<p data-start=\"1541\" data-end=\"1600\">Vill <strong data-start=\"1546\" data-end=\"1567\">sluta med nikotin<\/strong> men saknar k\u00e4nslan av en prilla.<\/p>\n<\/li>\n<li data-start=\"1601\" data-end=\"1669\">\n<p data-start=\"1603\" data-end=\"1669\">S\u00f6ker ett <strong data-start=\"1613\" data-end=\"1632\">snus utan tobak<\/strong> som har en fr\u00e4sch och naturlig smak.<\/p>\n<\/li>\n<li data-start=\"1670\" data-end=\"1739\">\n<p data-start=\"1672\" data-end=\"1739\">Beh\u00f6ver en <strong data-start=\"1683\" data-end=\"1699\">koffeinboost<\/strong> f\u00f6r att h\u00e5lla energin uppe under dagen.<\/p>\n<\/li>\n<li data-start=\"1740\" data-end=\"1804\">\n<p data-start=\"1742\" data-end=\"1804\">Letar efter ett <strong data-start=\"1758\" data-end=\"1783\">alternativ till kaffe<\/strong> eller energidrycker.<\/p>\n<\/li>\n<li data-start=\"1805\" data-end=\"1867\">\n<p data-start=\"1807\" data-end=\"1867\">Vill ha ett <strong data-start=\"1819\" data-end=\"1866\">diskret, funktionellt och h\u00e4lsosamt snusval<\/strong>.<\/p>\n<\/li>\n<\/ul>\n<hr data-start=\"1869\" data-end=\"1872\" \/>\n<h2 data-start=\"1874\" data-end=\"1938\">\ud83d\uded2 <strong data-start=\"1881\" data-end=\"1938\">K\u00f6p LEWA Apple Spruce Nikotinfritt Snus hos Veloop.se<\/strong><\/h2>\n<p data-start=\"1940\" data-end=\"2210\">Hos <strong data-start=\"1944\" data-end=\"1957\">Veloop.se<\/strong>, din onlinebutik f\u00f6r snus och tobak, hittar du ett brett sortiment av <strong data-start=\"2028\" data-end=\"2057\">nikotinfria snusprodukter<\/strong> som LEWA. Vi erbjuder snabba leveranser, bra priser och produkter f\u00f6r alla behov \u2013 oavsett om du snusar dagligen eller bara s\u00f6ker ett koffeinalternativ.<\/p>\n<p data-start=\"2212\" data-end=\"2532\">Kolla g\u00e4rna in v\u00e5rt <a class=\"decorated-link\" href=\"https:\/\/snus-malmo.se\/sv\/nikotinfritt-snus\/\" target=\"_new\" rel=\"noopener\" data-start=\"2232\" data-end=\"2305\"><strong data-start=\"2233\" data-end=\"2266\">nikotinfri snus-sortiment h\u00e4r<\/strong><\/a> f\u00f6r att hitta fler alternativ som passar just dig!<br data-start=\"2356\" data-end=\"2359\" \/>Om du \u00e4r ett fan av <strong data-start=\"2379\" data-end=\"2387\">LEWA<\/strong> och deras innovativa snusprodukter, titta p\u00e5 v\u00e5rt <a class=\"decorated-link\" href=\"https:\/\/snus-malmo.se\/sv\/lewa\/\" target=\"_new\" rel=\"noopener\" data-start=\"2438\" data-end=\"2487\"><strong data-start=\"2439\" data-end=\"2461\">LEWA sortiment h\u00e4r<\/strong><\/a> f\u00f6r att uppt\u00e4cka fler fantastiska produkter.<\/p>","protected":false},"excerpt":{"rendered":"<h1 data-start=\"112\" data-end=\"203\"><strong data-start=\"118\" data-end=\"203\">LEWA Apple Spruce Nikotinfritt Snus \u2013 En frisk smak av \u00e4pple och gran med koffein<\/strong><\/h1>\n<p>Nikotinfritt snus med smak av \u00e4pple och gran samt koffein fr\u00e5n LEWA. Uppfriskande och energigivande prilla utan nikotin eller tobak. K\u00f6p online hos Veloop.se.<\/p>\n<p>Kolla g\u00e4rna in v\u00e5rt <a class=\"decorated-link\" href=\"https:\/\/snus-malmo.se\/sv\/nikotinfritt-snus\/\" target=\"_new\" rel=\"noopener\" data-start=\"2232\" data-end=\"2305\"><strong data-start=\"2233\" data-end=\"2266\">nikotinfri snus-sortiment h\u00e4r<\/strong><\/a> f\u00f6r att hitta fler alternativ som passar just dig!<br data-start=\"2356\" data-end=\"2359\" \/>Om du \u00e4r ett fan av <strong data-start=\"2379\" data-end=\"2387\">LEWA<\/strong> och deras innovativa snusprodukter, titta p\u00e5 v\u00e5rt <a class=\"decorated-link\" href=\"https:\/\/snus-malmo.se\/sv\/lewa\/\" target=\"_new\" rel=\"noopener\" data-start=\"2438\" data-end=\"2487\"><strong data-start=\"2439\" data-end=\"2461\">LEWA sortiment h\u00e4r<\/strong><\/a> f\u00f6r att uppt\u00e4cka fler fantastiska produkter.<\/p>","protected":false},"featured_media":67103,"comment_status":"open","ping_status":"closed","template":"","meta":[],"product_brand":[421],"product_cat":[136,324,102,76,137],"product_tag":[],"class_list":{"0":"post-54372","1":"product","2":"type-product","3":"status-publish","4":"has-post-thumbnail","6":"product_brand-lewa","7":"product_cat-all-whites","8":"product_cat-functional-pouches-caffeine-energy-pouch","9":"product_cat-lewa","10":"product_cat-nikotinfritt-snus","11":"product_cat-slim","13":"first","14":"instock","15":"taxable","16":"shipping-taxable","17":"purchasable","18":"product-type-variable"},"_links":{"self":[{"href":"https:\/\/snus-malmo.se\/sv\/wp-json\/wp\/v2\/product\/54372","targetHints":{"allow":["GET"]}}],"collection":[{"href":"https:\/\/snus-malmo.se\/sv\/wp-json\/wp\/v2\/product"}],"about":[{"href":"https:\/\/snus-malmo.se\/sv\/wp-json\/wp\/v2\/types\/product"}],"replies":[{"embeddable":true,"href":"https:\/\/snus-malmo.se\/sv\/wp-json\/wp\/v2\/comments?post=54372"}],"version-history":[{"count":0,"href":"https:\/\/snus-malmo.se\/sv\/wp-json\/wp\/v2\/product\/54372\/revisions"}],"wp:featuredmedia":[{"embeddable":true,"href":"https:\/\/snus-malmo.se\/sv\/wp-json\/wp\/v2\/media\/67103"}],"wp:attachment":[{"href":"https:\/\/snus-malmo.se\/sv\/wp-json\/wp\/v2\/media?parent=54372"}],"wp:term":[{"taxonomy":"product_brand","embeddable":true,"href":"https:\/\/snus-malmo.se\/sv\/wp-json\/wp\/v2\/product_brand?post=54372"},{"taxonomy":"product_cat","embeddable":true,"href":"https:\/\/snus-malmo.se\/sv\/wp-json\/wp\/v2\/product_cat?post=54372"},{"taxonomy":"product_tag","embeddable":true,"href":"https:\/\/snus-malmo.se\/sv\/wp-json\/wp\/v2\/product_tag?post=54372"}],"curies":[{"name":"wp","href":"https:\/\/api.w.org\/{rel}","templated":true}]}}