{"id":54399,"date":"2025-05-23T16:58:11","date_gmt":"2025-05-23T16:58:11","guid":{"rendered":"https:\/\/snus-malmo.se\/?post_type=product&#038;p=54399"},"modified":"2025-08-05T20:04:14","modified_gmt":"2025-08-05T20:04:14","slug":"tropical-mango-zero","status":"publish","type":"product","link":"https:\/\/snus-malmo.se\/sv\/produkt\/tropical-mango-zero\/","title":{"rendered":"Tropical Mango Zero"},"content":{"rendered":"<h1>Tropical Mango Zero<\/h1>\n<h2 data-start=\"229\" data-end=\"302\">VELO Tropical Mango Zero \u2013 Tobaksfritt snus med s\u00f6t mango utan nikotin<\/h2>\n<p data-start=\"304\" data-end=\"593\"><strong data-start=\"304\" data-end=\"332\">VELO Tropical Mango Zero<\/strong> \u00e4r ett tobaksfritt vitt snus med en h\u00e4rligt <strong data-start=\"377\" data-end=\"406\">s\u00f6t och tropisk mangosmak<\/strong>, helt utan nikotin. Perfekt f\u00f6r dig som vill njuta av fruktig smak och fr\u00e4sch k\u00e4nsla utan nikotinens effekt. Detta snus i <strong data-start=\"529\" data-end=\"544\">slim-format<\/strong> ger en diskret och bekv\u00e4m anv\u00e4ndning hela dagen.<\/p>\n<p data-start=\"595\" data-end=\"783\">Med VELO Tropical Mango Zero f\u00e5r du den exotiska smaken av mango, kombinerad med en mild friskhet, helt utan tobak och nikotin \u2013 ett utm\u00e4rkt val f\u00f6r dig som vill ha smak utan kompromisser.<\/p>\n<hr data-start=\"785\" data-end=\"788\" \/>\n<h3 data-start=\"790\" data-end=\"834\">\u2714\ufe0f F\u00f6rdelar med VELO Tropical Mango Zero<\/h3>\n<ul data-start=\"836\" data-end=\"1057\">\n<li data-start=\"836\" data-end=\"869\">\n<p data-start=\"838\" data-end=\"869\"><strong data-start=\"838\" data-end=\"867\">S\u00f6t och exotisk mangosmak<\/strong><\/p>\n<\/li>\n<li data-start=\"870\" data-end=\"922\">\n<p data-start=\"872\" data-end=\"922\"><strong data-start=\"872\" data-end=\"920\">Nikotinfri \u2013 perfekt f\u00f6r nikotinfri njutning<\/strong><\/p>\n<\/li>\n<li data-start=\"923\" data-end=\"976\">\n<p data-start=\"925\" data-end=\"976\"><strong data-start=\"925\" data-end=\"974\">Slim-format f\u00f6r bekv\u00e4m och diskret anv\u00e4ndning<\/strong><\/p>\n<\/li>\n<li data-start=\"977\" data-end=\"1006\">\n<p data-start=\"979\" data-end=\"1006\"><strong data-start=\"979\" data-end=\"1004\">Tobaksfritt vitt snus<\/strong><\/p>\n<\/li>\n<li data-start=\"1007\" data-end=\"1057\">\n<p data-start=\"1009\" data-end=\"1057\"><strong data-start=\"1009\" data-end=\"1057\">Tillverkad av British American Tobacco (BAT)<\/strong><\/p>\n<\/li>\n<\/ul>\n<hr data-start=\"1059\" data-end=\"1062\" \/>\n<h3 data-start=\"1064\" data-end=\"1094\">\ud83e\udd6d Produktspecifikationer:<\/h3>\n<ul data-start=\"1096\" data-end=\"1358\">\n<li data-start=\"1096\" data-end=\"1137\">\n<p data-start=\"1098\" data-end=\"1137\"><strong data-start=\"1098\" data-end=\"1110\">Produkt:<\/strong> VELO Tropical Mango Zero<\/p>\n<\/li>\n<li data-start=\"1138\" data-end=\"1169\">\n<p data-start=\"1140\" data-end=\"1169\"><strong data-start=\"1140\" data-end=\"1149\">Smak:<\/strong> S\u00f6t tropisk mango<\/p>\n<\/li>\n<li data-start=\"1170\" data-end=\"1223\">\n<p data-start=\"1172\" data-end=\"1223\"><strong data-start=\"1172\" data-end=\"1180\">Typ:<\/strong> Vitt snus (tobaksfritt och nikotinfritt)<\/p>\n<\/li>\n<li data-start=\"1224\" data-end=\"1244\">\n<p data-start=\"1226\" data-end=\"1244\"><strong data-start=\"1226\" data-end=\"1237\">Format:<\/strong> Slim<\/p>\n<\/li>\n<li data-start=\"1245\" data-end=\"1271\">\n<p data-start=\"1247\" data-end=\"1271\"><strong data-start=\"1247\" data-end=\"1258\">Styrka:<\/strong> Nikotinfri<\/p>\n<\/li>\n<li data-start=\"1272\" data-end=\"1308\">\n<p data-start=\"1274\" data-end=\"1308\"><strong data-start=\"1274\" data-end=\"1303\">Antal portioner per dosa:<\/strong> 20<\/p>\n<\/li>\n<li data-start=\"1309\" data-end=\"1358\">\n<p data-start=\"1311\" data-end=\"1358\"><strong data-start=\"1311\" data-end=\"1327\">Tillverkare:<\/strong> British American Tobacco (BAT)<\/p>\n<\/li>\n<\/ul>\n<hr data-start=\"1360\" data-end=\"1363\" \/>\n<h2 data-start=\"1365\" data-end=\"1414\">\ud83c\udf08 Uppt\u00e4ck hela VELO-sortimentet hos Veloop.se<\/h2>\n<p data-start=\"1416\" data-end=\"1557\">Vi har hela VELO-familjen med smaker f\u00f6r alla preferenser \u2013 fr\u00e5n fr\u00e4scha mintvarianter till fruktiga favoriter och starkare nikotinprodukter:<\/p>\n<ul data-start=\"1559\" data-end=\"3488\">\n<li data-start=\"1559\" data-end=\"1622\">\n<p data-start=\"1561\" data-end=\"1622\"><strong data-start=\"1561\" data-end=\"1587\">VELO Arctic Grapefruit<\/strong> \u2013 Frisk grapefrukt med kylig ton<\/p>\n<\/li>\n<li data-start=\"1623\" data-end=\"1678\">\n<p data-start=\"1625\" data-end=\"1678\"><strong data-start=\"1625\" data-end=\"1648\">VELO Blue Raspberry<\/strong> \u2013 S\u00f6t och syrlig bl\u00e5 hallon<\/p>\n<\/li>\n<li data-start=\"1679\" data-end=\"1729\">\n<p data-start=\"1681\" data-end=\"1729\"><strong data-start=\"1681\" data-end=\"1702\">VELO Blushy Berry<\/strong> \u2013 Mjuk smak av ljusa b\u00e4r<\/p>\n<\/li>\n<li data-start=\"1730\" data-end=\"1783\">\n<p data-start=\"1732\" data-end=\"1783\"><strong data-start=\"1732\" data-end=\"1753\">VELO Breezy Mango<\/strong> \u2013 L\u00e4tt och tropisk mangoton<\/p>\n<\/li>\n<li data-start=\"1784\" data-end=\"1843\">\n<p data-start=\"1786\" data-end=\"1843\"><strong data-start=\"1786\" data-end=\"1816\">VELO Bright Spearmint Mini<\/strong> \u2013 Mild och s\u00f6t spearmint<\/p>\n<\/li>\n<li data-start=\"1844\" data-end=\"1912\">\n<p data-start=\"1846\" data-end=\"1912\"><strong data-start=\"1846\" data-end=\"1877\">VELO Crispy Peppermint Mini<\/strong> \u2013 Stark pepparmint i mini-format<\/p>\n<\/li>\n<li data-start=\"1913\" data-end=\"1989\">\n<p data-start=\"1915\" data-end=\"1989\"><strong data-start=\"1915\" data-end=\"1946\">VELO Crispy Peppermint Slim<\/strong> \u2013 Klassisk pepparmint med kylande effekt<\/p>\n<\/li>\n<li data-start=\"1990\" data-end=\"2063\">\n<p data-start=\"1992\" data-end=\"2063\"><strong data-start=\"1992\" data-end=\"2023\">VELO Crispy Peppermint Zero<\/strong> \u2013 Tobaksfri och nikotinfri pepparmint<\/p>\n<\/li>\n<li data-start=\"2064\" data-end=\"2147\">\n<p data-start=\"2066\" data-end=\"2147\"><strong data-start=\"2066\" data-end=\"2102\">VELO Freezing Peppermint 10,9 MG<\/strong> \u2013 Isig och frisk pepparmint, medium styrka<\/p>\n<\/li>\n<li data-start=\"2148\" data-end=\"2220\">\n<p data-start=\"2150\" data-end=\"2220\"><strong data-start=\"2150\" data-end=\"2184\">VELO Freezing Peppermint 14 MG<\/strong> \u2013 Iskall pepparmint, stark styrka<\/p>\n<\/li>\n<li data-start=\"2221\" data-end=\"2290\">\n<p data-start=\"2223\" data-end=\"2290\"><strong data-start=\"2223\" data-end=\"2257\">VELO Freezing Peppermint 17 MG<\/strong> \u2013 Maxad kyla och nikotinstyrka<\/p>\n<\/li>\n<li data-start=\"2291\" data-end=\"2356\">\n<p data-start=\"2293\" data-end=\"2356\"><strong data-start=\"2293\" data-end=\"2317\">VELO Green Spearmint<\/strong> \u2013 Fr\u00e4sch spearmint med mjuk karakt\u00e4r<\/p>\n<\/li>\n<li data-start=\"2357\" data-end=\"2425\">\n<p data-start=\"2359\" data-end=\"2425\"><strong data-start=\"2359\" data-end=\"2385\">VELO Groovy Grape Mini<\/strong> \u2013 L\u00e4tt och s\u00f6t druvsmak i mini-format<\/p>\n<\/li>\n<li data-start=\"2426\" data-end=\"2478\">\n<p data-start=\"2428\" data-end=\"2478\"><strong data-start=\"2428\" data-end=\"2448\">VELO Icy Berries<\/strong> \u2013 B\u00e4rmix med kylande k\u00e4nsla<\/p>\n<\/li>\n<li data-start=\"2479\" data-end=\"2535\">\n<p data-start=\"2481\" data-end=\"2535\"><strong data-start=\"2481\" data-end=\"2500\">VELO Icy Cherry<\/strong> \u2013 S\u00f6t k\u00f6rsb\u00e4rssmak med sval mint<\/p>\n<\/li>\n<li data-start=\"2536\" data-end=\"2589\">\n<p data-start=\"2538\" data-end=\"2589\"><strong data-start=\"2538\" data-end=\"2557\">VELO Lime Flame<\/strong> \u2013 Syrlig lime med citrussting<\/p>\n<\/li>\n<li data-start=\"2590\" data-end=\"2648\">\n<p data-start=\"2592\" data-end=\"2648\"><strong data-start=\"2592\" data-end=\"2612\">VELO Mango Flame<\/strong> \u2013 Fruktig mango med kryddig hetta<\/p>\n<\/li>\n<li data-start=\"2649\" data-end=\"2707\">\n<p data-start=\"2651\" data-end=\"2707\"><strong data-start=\"2651\" data-end=\"2680\">VELO McLaren Sweet Papaya<\/strong> \u2013 Exotisk och s\u00f6t papaya<\/p>\n<\/li>\n<li data-start=\"2708\" data-end=\"2764\">\n<p data-start=\"2710\" data-end=\"2764\"><strong data-start=\"2710\" data-end=\"2731\">VELO Orange Spark<\/strong> \u2013 Frisk apelsin med citruskick<\/p>\n<\/li>\n<li data-start=\"2765\" data-end=\"2837\">\n<p data-start=\"2767\" data-end=\"2837\"><strong data-start=\"2767\" data-end=\"2792\">VELO Peppermint Storm<\/strong> \u2013 Intensiv pepparmint med kraftfull effekt<\/p>\n<\/li>\n<li data-start=\"2838\" data-end=\"2897\">\n<p data-start=\"2840\" data-end=\"2897\"><strong data-start=\"2840\" data-end=\"2865\">VELO Punchy Lime Mini<\/strong> \u2013 Skarp lime i kompakt format<\/p>\n<\/li>\n<li data-start=\"2898\" data-end=\"2965\">\n<p data-start=\"2900\" data-end=\"2965\"><strong data-start=\"2900\" data-end=\"2926\">VELO Purple Grape Mini<\/strong> \u2013 S\u00f6t och saftig druva i mini-format<\/p>\n<\/li>\n<li data-start=\"2966\" data-end=\"3036\">\n<p data-start=\"2968\" data-end=\"3036\"><strong data-start=\"2968\" data-end=\"2996\">VELO Purple Grape Strong<\/strong> \u2013 Djup druvsmak med stark nikotinkick<\/p>\n<\/li>\n<li data-start=\"3037\" data-end=\"3100\">\n<p data-start=\"3039\" data-end=\"3100\"><strong data-start=\"3039\" data-end=\"3063\">VELO Salty Liquorice<\/strong> \u2013 Saltlakrits med kraftig karakt\u00e4r<\/p>\n<\/li>\n<li data-start=\"3101\" data-end=\"3164\">\n<p data-start=\"3103\" data-end=\"3164\"><strong data-start=\"3103\" data-end=\"3133\">VELO Simply Spearmint Mini<\/strong> \u2013 Enkel och fr\u00e4sch spearmint<\/p>\n<\/li>\n<li data-start=\"3165\" data-end=\"3230\">\n<p data-start=\"3167\" data-end=\"3230\"><strong data-start=\"3167\" data-end=\"3190\">VELO Sour Lime Mini<\/strong> \u2013 Syrlig lime med tydlig citrusprofil<\/p>\n<\/li>\n<li data-start=\"3231\" data-end=\"3298\">\n<p data-start=\"3233\" data-end=\"3298\"><strong data-start=\"3233\" data-end=\"3262\">VELO Tropical Mango 14 MG<\/strong> \u2013 S\u00f6t mango med tropisk fyllighet<\/p>\n<\/li>\n<li data-start=\"3299\" data-end=\"3352\">\n<p data-start=\"3301\" data-end=\"3352\"><strong data-start=\"3301\" data-end=\"3329\">VELO Tropical Mango Zero<\/strong> \u2013 Mango utan nikotin<\/p>\n<\/li>\n<li data-start=\"3353\" data-end=\"3418\">\n<p data-start=\"3355\" data-end=\"3418\"><strong data-start=\"3355\" data-end=\"3386\">VELO Wintry Watermelon Mini<\/strong> \u2013 Vattenmelon med mintig kyla<\/p>\n<\/li>\n<li data-start=\"3419\" data-end=\"3488\">\n<p data-start=\"3421\" data-end=\"3488\"><strong data-start=\"3421\" data-end=\"3447\">VELO Zesty Elderflower<\/strong> \u2013 Blommig fl\u00e4der med frisk citrusnyans<\/p>\n<\/li>\n<\/ul>\n<hr data-start=\"3490\" data-end=\"3493\" \/>\n<h2 data-start=\"3495\" data-end=\"3547\">\ud83d\ude80 Best\u00e4ll VELO Tropical Mango Zero hos Veloop.se<\/h2>\n<p data-start=\"3549\" data-end=\"3734\">Vill du njuta av <strong data-start=\"3566\" data-end=\"3610\">exotisk mangosmak utan nikotin och tobak<\/strong>? VELO Tropical Mango Zero \u00e4r det perfekta valet. Best\u00e4ll enkelt och tryggt hos Veloop.se \u2013 alltid med uppdaterat sortiment!<\/p>\n<p data-start=\"3736\" data-end=\"3846\">\ud83d\uded2 <strong data-start=\"3739\" data-end=\"3846\"><a class=\"\" href=\"https:\/\/snus-malmo.se\/sv\/produkt-kategori\/velo\/\" target=\"_new\" rel=\"noopener\" data-start=\"3741\" data-end=\"3844\">Klicka hem din favorit fr\u00e5n VELO idag \u2013 bara hos Veloop.se!<\/a><\/strong><\/p>","protected":false},"excerpt":{"rendered":"<h1>Tropical Mango Zero<\/h1>\n<h2>VELO Tropical Mango Zero \u2013 Nikotinfritt vitt snus | Veloop.se<\/h2>\n<p>VELO Tropical Mango Zero \u2013 tobaksfritt och nikotinfritt snus med s\u00f6t mango. Slim-format och fr\u00e4sch smak. K\u00f6p online hos Veloop.se!<\/p>\n<p>\ud83d\uded2 <strong data-start=\"3739\" data-end=\"3846\"><a class=\"\" href=\"https:\/\/snus-malmo.se\/sv\/produkt-kategori\/velo\/\" target=\"_new\" rel=\"noopener\" data-start=\"3741\" data-end=\"3844\">Klicka hem din favorit fr\u00e5n VELO idag \u2013 bara hos Veloop.se!<\/a><\/strong><\/p>\n<p>&nbsp;<\/p>","protected":false},"featured_media":60503,"comment_status":"open","ping_status":"closed","template":"","meta":[],"product_brand":[326],"product_cat":[136,76,137,255],"product_tag":[],"class_list":{"0":"post-54399","1":"product","2":"type-product","3":"status-publish","4":"has-post-thumbnail","6":"product_brand-velo","7":"product_cat-all-whites","8":"product_cat-nikotinfritt-snus","9":"product_cat-slim","10":"product_cat-velo","12":"first","13":"instock","14":"taxable","15":"shipping-taxable","16":"purchasable","17":"product-type-variable"},"_links":{"self":[{"href":"https:\/\/snus-malmo.se\/sv\/wp-json\/wp\/v2\/product\/54399","targetHints":{"allow":["GET"]}}],"collection":[{"href":"https:\/\/snus-malmo.se\/sv\/wp-json\/wp\/v2\/product"}],"about":[{"href":"https:\/\/snus-malmo.se\/sv\/wp-json\/wp\/v2\/types\/product"}],"replies":[{"embeddable":true,"href":"https:\/\/snus-malmo.se\/sv\/wp-json\/wp\/v2\/comments?post=54399"}],"version-history":[{"count":0,"href":"https:\/\/snus-malmo.se\/sv\/wp-json\/wp\/v2\/product\/54399\/revisions"}],"wp:featuredmedia":[{"embeddable":true,"href":"https:\/\/snus-malmo.se\/sv\/wp-json\/wp\/v2\/media\/60503"}],"wp:attachment":[{"href":"https:\/\/snus-malmo.se\/sv\/wp-json\/wp\/v2\/media?parent=54399"}],"wp:term":[{"taxonomy":"product_brand","embeddable":true,"href":"https:\/\/snus-malmo.se\/sv\/wp-json\/wp\/v2\/product_brand?post=54399"},{"taxonomy":"product_cat","embeddable":true,"href":"https:\/\/snus-malmo.se\/sv\/wp-json\/wp\/v2\/product_cat?post=54399"},{"taxonomy":"product_tag","embeddable":true,"href":"https:\/\/snus-malmo.se\/sv\/wp-json\/wp\/v2\/product_tag?post=54399"}],"curies":[{"name":"wp","href":"https:\/\/api.w.org\/{rel}","templated":true}]}}