{"id":54400,"date":"2025-05-23T16:58:11","date_gmt":"2025-05-23T16:58:11","guid":{"rendered":"https:\/\/snus-malmo.se\/?post_type=product&#038;p=54400"},"modified":"2025-11-24T20:33:28","modified_gmt":"2025-11-24T20:33:28","slug":"velo-crispy-peppermint-zero","status":"publish","type":"product","link":"https:\/\/snus-malmo.se\/sv\/produkt\/velo-crispy-peppermint-zero\/","title":{"rendered":"VELO Crispy Peppermint Zero"},"content":{"rendered":"<h1><strong data-start=\"2012\" data-end=\"2043\">VELO Crispy Peppermint Zero<\/strong><\/h1>\n<h2 data-start=\"253\" data-end=\"326\">VELO Crispy Peppermint Zero \u2013 Nikotinfritt snus med krispig pepparmint<\/h2>\n<p data-start=\"328\" data-end=\"597\"><strong data-start=\"328\" data-end=\"359\">VELO Crispy Peppermint Zero<\/strong> \u00e4r ett <strong data-start=\"367\" data-end=\"405\">tobaks- och nikotinfritt vitt snus<\/strong> med en uppfriskande och <strong data-start=\"430\" data-end=\"460\">krispig smak av pepparmint<\/strong>. Det h\u00e4r \u00e4r den perfekta produkten f\u00f6r dig som vill njuta av samma fr\u00e4sch\u00f6r och k\u00e4nsla som andra VELO-produkter \u2013 men helt utan nikotin.<\/p>\n<p data-start=\"599\" data-end=\"865\">Smaken \u00e4r identisk med klassiska <strong data-start=\"632\" data-end=\"658\">VELO Crispy Peppermint<\/strong>, men h\u00e4r f\u00e5r du upplevelsen utan n\u00e5gon nikotineffekt. Slim-formatet g\u00f6r portionsp\u00e5sarna <strong data-start=\"747\" data-end=\"771\">diskreta och bekv\u00e4ma<\/strong>, vilket passar perfekt f\u00f6r dig som s\u00f6ker en fr\u00e4sch k\u00e4nsla under dagen, utan tillsatt nikotin.<\/p>\n<hr data-start=\"867\" data-end=\"870\" \/>\n<h3 data-start=\"872\" data-end=\"919\">\u2714\ufe0f F\u00f6rdelar med VELO Crispy Peppermint Zero<\/h3>\n<ul data-start=\"921\" data-end=\"1138\">\n<li data-start=\"921\" data-end=\"962\">\n<p data-start=\"923\" data-end=\"962\"><strong data-start=\"923\" data-end=\"960\">Fr\u00e4sch och krispig pepparmintsmak<\/strong><\/p>\n<\/li>\n<li data-start=\"963\" data-end=\"995\">\n<p data-start=\"965\" data-end=\"995\"><strong data-start=\"965\" data-end=\"993\">Nikotinfri och tobaksfri<\/strong><\/p>\n<\/li>\n<li data-start=\"996\" data-end=\"1038\">\n<p data-start=\"998\" data-end=\"1038\"><strong data-start=\"998\" data-end=\"1036\">Slim-format f\u00f6r diskret anv\u00e4ndning<\/strong><\/p>\n<\/li>\n<li data-start=\"1039\" data-end=\"1087\">\n<p data-start=\"1041\" data-end=\"1087\"><strong data-start=\"1041\" data-end=\"1085\">Samma smak som originalet \u2013 utan nikotin<\/strong><\/p>\n<\/li>\n<li data-start=\"1088\" data-end=\"1138\">\n<p data-start=\"1090\" data-end=\"1138\"><strong data-start=\"1090\" data-end=\"1138\">Tillverkad av British American Tobacco (BAT)<\/strong><\/p>\n<\/li>\n<\/ul>\n<hr data-start=\"1140\" data-end=\"1143\" \/>\n<h3 data-start=\"1145\" data-end=\"1175\">\u2744\ufe0f Produktspecifikationer:<\/h3>\n<ul data-start=\"1177\" data-end=\"1431\">\n<li data-start=\"1177\" data-end=\"1221\">\n<p data-start=\"1179\" data-end=\"1221\"><strong data-start=\"1179\" data-end=\"1191\">Produkt:<\/strong> VELO Crispy Peppermint Zero<\/p>\n<\/li>\n<li data-start=\"1222\" data-end=\"1246\">\n<p data-start=\"1224\" data-end=\"1246\"><strong data-start=\"1224\" data-end=\"1233\">Smak:<\/strong> Pepparmint<\/p>\n<\/li>\n<li data-start=\"1247\" data-end=\"1296\">\n<p data-start=\"1249\" data-end=\"1296\"><strong data-start=\"1249\" data-end=\"1257\">Typ:<\/strong> Vitt snus (tobaks- och nikotinfritt)<\/p>\n<\/li>\n<li data-start=\"1297\" data-end=\"1317\">\n<p data-start=\"1299\" data-end=\"1317\"><strong data-start=\"1299\" data-end=\"1310\">Format:<\/strong> Slim<\/p>\n<\/li>\n<li data-start=\"1318\" data-end=\"1344\">\n<p data-start=\"1320\" data-end=\"1344\"><strong data-start=\"1320\" data-end=\"1331\">Styrka:<\/strong> Nikotinfri<\/p>\n<\/li>\n<li data-start=\"1345\" data-end=\"1381\">\n<p data-start=\"1347\" data-end=\"1381\"><strong data-start=\"1347\" data-end=\"1376\">Antal portioner per dosa:<\/strong> 20<\/p>\n<\/li>\n<li data-start=\"1382\" data-end=\"1431\">\n<p data-start=\"1384\" data-end=\"1431\"><strong data-start=\"1384\" data-end=\"1400\">Tillverkare:<\/strong> British American Tobacco (BAT)<\/p>\n<\/li>\n<\/ul>\n<hr data-start=\"1433\" data-end=\"1436\" \/>\n<h2 data-start=\"1438\" data-end=\"1488\">\ud83c\udf08 Utforska hela VELO-sortimentet hos Veloop.se<\/h2>\n<p data-start=\"1490\" data-end=\"1640\">Oavsett om du s\u00f6ker <strong data-start=\"1510\" data-end=\"1530\">mintig fr\u00e4schhet<\/strong>, <strong data-start=\"1532\" data-end=\"1550\">fruktiga toner<\/strong> eller <strong data-start=\"1557\" data-end=\"1583\">nikotinfria alternativ<\/strong>, s\u00e5 hittar du din favorit bland f\u00f6ljande VELO-produkter:<\/p>\n<ul data-start=\"1642\" data-end=\"3571\">\n<li data-start=\"1642\" data-end=\"1705\">\n<p data-start=\"1644\" data-end=\"1705\"><strong data-start=\"1644\" data-end=\"1670\">VELO Arctic Grapefruit<\/strong> \u2013 Frisk grapefrukt med kylig ton<\/p>\n<\/li>\n<li data-start=\"1706\" data-end=\"1761\">\n<p data-start=\"1708\" data-end=\"1761\"><strong data-start=\"1708\" data-end=\"1731\">VELO Blue Raspberry<\/strong> \u2013 S\u00f6t och syrlig bl\u00e5 hallon<\/p>\n<\/li>\n<li data-start=\"1762\" data-end=\"1812\">\n<p data-start=\"1764\" data-end=\"1812\"><strong data-start=\"1764\" data-end=\"1785\">VELO Blushy Berry<\/strong> \u2013 Mjuk smak av ljusa b\u00e4r<\/p>\n<\/li>\n<li data-start=\"1813\" data-end=\"1866\">\n<p data-start=\"1815\" data-end=\"1866\"><strong data-start=\"1815\" data-end=\"1836\">VELO Breezy Mango<\/strong> \u2013 L\u00e4tt och tropisk mangoton<\/p>\n<\/li>\n<li data-start=\"1867\" data-end=\"1926\">\n<p data-start=\"1869\" data-end=\"1926\"><strong data-start=\"1869\" data-end=\"1899\">VELO Bright Spearmint Mini<\/strong> \u2013 Mild och s\u00f6t spearmint<\/p>\n<\/li>\n<li data-start=\"1927\" data-end=\"1995\">\n<p data-start=\"1929\" data-end=\"1995\"><strong data-start=\"1929\" data-end=\"1960\">VELO Crispy Peppermint Mini<\/strong> \u2013 Stark pepparmint i mini-format<\/p>\n<\/li>\n<li data-start=\"1996\" data-end=\"2072\">\n<p data-start=\"1998\" data-end=\"2072\"><strong data-start=\"1998\" data-end=\"2029\">VELO Crispy Peppermint Slim<\/strong> \u2013 Klassisk pepparmint med kylande effekt<\/p>\n<\/li>\n<li data-start=\"2073\" data-end=\"2146\">\n<p data-start=\"2075\" data-end=\"2146\"><strong data-start=\"2075\" data-end=\"2106\">VELO Crispy Peppermint Zero<\/strong> \u2013 Tobaksfri och nikotinfri pepparmint<\/p>\n<\/li>\n<li data-start=\"2147\" data-end=\"2230\">\n<p data-start=\"2149\" data-end=\"2230\"><strong data-start=\"2149\" data-end=\"2185\">VELO Freezing Peppermint 10,9 MG<\/strong> \u2013 Isig och frisk pepparmint, medium styrka<\/p>\n<\/li>\n<li data-start=\"2231\" data-end=\"2303\">\n<p data-start=\"2233\" data-end=\"2303\"><strong data-start=\"2233\" data-end=\"2267\">VELO Freezing Peppermint 14 MG<\/strong> \u2013 Iskall pepparmint, stark styrka<\/p>\n<\/li>\n<li data-start=\"2304\" data-end=\"2373\">\n<p data-start=\"2306\" data-end=\"2373\"><strong data-start=\"2306\" data-end=\"2340\">VELO Freezing Peppermint 17 MG<\/strong> \u2013 Maxad kyla och nikotinstyrka<\/p>\n<\/li>\n<li data-start=\"2374\" data-end=\"2439\">\n<p data-start=\"2376\" data-end=\"2439\"><strong data-start=\"2376\" data-end=\"2400\">VELO Green Spearmint<\/strong> \u2013 Fr\u00e4sch spearmint med mjuk karakt\u00e4r<\/p>\n<\/li>\n<li data-start=\"2440\" data-end=\"2508\">\n<p data-start=\"2442\" data-end=\"2508\"><strong data-start=\"2442\" data-end=\"2468\">VELO Groovy Grape Mini<\/strong> \u2013 L\u00e4tt och s\u00f6t druvsmak i mini-format<\/p>\n<\/li>\n<li data-start=\"2509\" data-end=\"2561\">\n<p data-start=\"2511\" data-end=\"2561\"><strong data-start=\"2511\" data-end=\"2531\">VELO Icy Berries<\/strong> \u2013 B\u00e4rmix med kylande k\u00e4nsla<\/p>\n<\/li>\n<li data-start=\"2562\" data-end=\"2618\">\n<p data-start=\"2564\" data-end=\"2618\"><strong data-start=\"2564\" data-end=\"2583\">VELO Icy Cherry<\/strong> \u2013 S\u00f6t k\u00f6rsb\u00e4rssmak med sval mint<\/p>\n<\/li>\n<li data-start=\"2619\" data-end=\"2672\">\n<p data-start=\"2621\" data-end=\"2672\"><strong data-start=\"2621\" data-end=\"2640\">VELO Lime Flame<\/strong> \u2013 Syrlig lime med citrussting<\/p>\n<\/li>\n<li data-start=\"2673\" data-end=\"2731\">\n<p data-start=\"2675\" data-end=\"2731\"><strong data-start=\"2675\" data-end=\"2695\">VELO Mango Flame<\/strong> \u2013 Fruktig mango med kryddig hetta<\/p>\n<\/li>\n<li data-start=\"2732\" data-end=\"2790\">\n<p data-start=\"2734\" data-end=\"2790\"><strong data-start=\"2734\" data-end=\"2763\">VELO McLaren Sweet Papaya<\/strong> \u2013 Exotisk och s\u00f6t papaya<\/p>\n<\/li>\n<li data-start=\"2791\" data-end=\"2847\">\n<p data-start=\"2793\" data-end=\"2847\"><strong data-start=\"2793\" data-end=\"2814\">VELO Orange Spark<\/strong> \u2013 Frisk apelsin med citruskick<\/p>\n<\/li>\n<li data-start=\"2848\" data-end=\"2920\">\n<p data-start=\"2850\" data-end=\"2920\"><strong data-start=\"2850\" data-end=\"2875\">VELO Peppermint Storm<\/strong> \u2013 Intensiv pepparmint med kraftfull effekt<\/p>\n<\/li>\n<li data-start=\"2921\" data-end=\"2980\">\n<p data-start=\"2923\" data-end=\"2980\"><strong data-start=\"2923\" data-end=\"2948\">VELO Punchy Lime Mini<\/strong> \u2013 Skarp lime i kompakt format<\/p>\n<\/li>\n<li data-start=\"2981\" data-end=\"3048\">\n<p data-start=\"2983\" data-end=\"3048\"><strong data-start=\"2983\" data-end=\"3009\">VELO Purple Grape Mini<\/strong> \u2013 S\u00f6t och saftig druva i mini-format<\/p>\n<\/li>\n<li data-start=\"3049\" data-end=\"3119\">\n<p data-start=\"3051\" data-end=\"3119\"><strong data-start=\"3051\" data-end=\"3079\">VELO Purple Grape Strong<\/strong> \u2013 Djup druvsmak med stark nikotinkick<\/p>\n<\/li>\n<li data-start=\"3120\" data-end=\"3183\">\n<p data-start=\"3122\" data-end=\"3183\"><strong data-start=\"3122\" data-end=\"3146\">VELO Salty Liquorice<\/strong> \u2013 Saltlakrits med kraftig karakt\u00e4r<\/p>\n<\/li>\n<li data-start=\"3184\" data-end=\"3247\">\n<p data-start=\"3186\" data-end=\"3247\"><strong data-start=\"3186\" data-end=\"3216\">VELO Simply Spearmint Mini<\/strong> \u2013 Enkel och fr\u00e4sch spearmint<\/p>\n<\/li>\n<li data-start=\"3248\" data-end=\"3313\">\n<p data-start=\"3250\" data-end=\"3313\"><strong data-start=\"3250\" data-end=\"3273\">VELO Sour Lime Mini<\/strong> \u2013 Syrlig lime med tydlig citrusprofil<\/p>\n<\/li>\n<li data-start=\"3314\" data-end=\"3381\">\n<p data-start=\"3316\" data-end=\"3381\"><strong data-start=\"3316\" data-end=\"3345\">VELO Tropical Mango 14 MG<\/strong> \u2013 S\u00f6t mango med tropisk fyllighet<\/p>\n<\/li>\n<li data-start=\"3382\" data-end=\"3435\">\n<p data-start=\"3384\" data-end=\"3435\"><strong data-start=\"3384\" data-end=\"3412\">VELO Tropical Mango Zero<\/strong> \u2013 Mango utan nikotin<\/p>\n<\/li>\n<li data-start=\"3436\" data-end=\"3501\">\n<p data-start=\"3438\" data-end=\"3501\"><strong data-start=\"3438\" data-end=\"3469\">VELO Wintry Watermelon Mini<\/strong> \u2013 Vattenmelon med mintig kyla<\/p>\n<\/li>\n<li data-start=\"3502\" data-end=\"3571\">\n<p data-start=\"3504\" data-end=\"3571\"><strong data-start=\"3504\" data-end=\"3530\">VELO Zesty Elderflower<\/strong> \u2013 Blommig fl\u00e4der med frisk citrusnyans<\/p>\n<\/li>\n<\/ul>\n<hr data-start=\"3573\" data-end=\"3576\" \/>\n<h2 data-start=\"3578\" data-end=\"3633\">\ud83d\ude80 Best\u00e4ll VELO Crispy Peppermint Zero hos Veloop.se<\/h2>\n<p data-start=\"3635\" data-end=\"3807\">Vill du ha den <strong data-start=\"3650\" data-end=\"3702\">klassiska VELO-smaken av pepparmint utan nikotin<\/strong>? D\u00e5 \u00e4r VELO Crispy Peppermint Zero r\u00e4tt val f\u00f6r dig. En fr\u00e4sch upplevelse \u2013 helt utan tobak och nikotin!<\/p>\n<p data-start=\"3809\" data-end=\"3919\">\ud83d\uded2 <strong data-start=\"3812\" data-end=\"3919\"><a class=\"\" href=\"https:\/\/snus-malmo.se\/sv\/produkt-kategori\/velo\/\" target=\"_new\" rel=\"noopener\" data-start=\"3814\" data-end=\"3917\">Klicka hem din favorit fr\u00e5n VELO idag \u2013 bara hos Veloop.se!<\/a><\/strong><\/p>","protected":false},"excerpt":{"rendered":"<h1><strong data-start=\"2012\" data-end=\"2043\">VELO Crispy Peppermint Zero<\/strong><\/h1>\n<h2>VELO Crispy Peppermint Zero \u2013 Nikotinfritt snus | Veloop.se<\/h2>\n<p>VELO Crispy Peppermint Zero \u2013 fr\u00e4sch pepparmint helt utan nikotin. Tobaksfritt snus i slim-format. K\u00f6p nikotinfritt snus online p\u00e5 Veloop.se!<\/p>\n<p>\ud83d\uded2 <strong data-start=\"3812\" data-end=\"3919\"><a class=\"\" href=\"https:\/\/snus-malmo.se\/sv\/produkt-kategori\/velo\/\" target=\"_new\" rel=\"noopener\" data-start=\"3814\" data-end=\"3917\">Klicka hem din favorit fr\u00e5n VELO idag \u2013 bara hos Veloop.se!<\/a><\/strong><\/p>","protected":false},"featured_media":60504,"comment_status":"open","ping_status":"closed","template":"","meta":[],"product_brand":[326],"product_cat":[136,76,137,255],"product_tag":[],"class_list":{"0":"post-54400","1":"product","2":"type-product","3":"status-publish","4":"has-post-thumbnail","6":"product_brand-velo","7":"product_cat-all-whites","8":"product_cat-nikotinfritt-snus","9":"product_cat-slim","10":"product_cat-velo","12":"first","13":"instock","14":"taxable","15":"shipping-taxable","16":"purchasable","17":"product-type-variable"},"_links":{"self":[{"href":"https:\/\/snus-malmo.se\/sv\/wp-json\/wp\/v2\/product\/54400","targetHints":{"allow":["GET"]}}],"collection":[{"href":"https:\/\/snus-malmo.se\/sv\/wp-json\/wp\/v2\/product"}],"about":[{"href":"https:\/\/snus-malmo.se\/sv\/wp-json\/wp\/v2\/types\/product"}],"replies":[{"embeddable":true,"href":"https:\/\/snus-malmo.se\/sv\/wp-json\/wp\/v2\/comments?post=54400"}],"version-history":[{"count":0,"href":"https:\/\/snus-malmo.se\/sv\/wp-json\/wp\/v2\/product\/54400\/revisions"}],"wp:featuredmedia":[{"embeddable":true,"href":"https:\/\/snus-malmo.se\/sv\/wp-json\/wp\/v2\/media\/60504"}],"wp:attachment":[{"href":"https:\/\/snus-malmo.se\/sv\/wp-json\/wp\/v2\/media?parent=54400"}],"wp:term":[{"taxonomy":"product_brand","embeddable":true,"href":"https:\/\/snus-malmo.se\/sv\/wp-json\/wp\/v2\/product_brand?post=54400"},{"taxonomy":"product_cat","embeddable":true,"href":"https:\/\/snus-malmo.se\/sv\/wp-json\/wp\/v2\/product_cat?post=54400"},{"taxonomy":"product_tag","embeddable":true,"href":"https:\/\/snus-malmo.se\/sv\/wp-json\/wp\/v2\/product_tag?post=54400"}],"curies":[{"name":"wp","href":"https:\/\/api.w.org\/{rel}","templated":true}]}}