{"id":54402,"date":"2025-05-23T16:58:11","date_gmt":"2025-05-23T16:58:11","guid":{"rendered":"https:\/\/snus-malmo.se\/?post_type=product&#038;p=54402"},"modified":"2025-08-05T20:04:14","modified_gmt":"2025-08-05T20:04:14","slug":"fuzion-sweet-cola-nikotinfritt-snus","status":"publish","type":"product","link":"https:\/\/snus-malmo.se\/sv\/produkt\/fuzion-sweet-cola-nikotinfritt-snus\/","title":{"rendered":"Fuzion Sweet Cola Nikotinfritt Snus"},"content":{"rendered":"<article class=\"product-text\"><strong>Fuzion Sweet Cola Nikotinfritt Snus<\/strong>\u00a0\u00e4r en produkt fr\u00e5n Fuzion med attribut av\u00a0<strong>Cola<\/strong>. Denna nikotinfria produkt presenteras i ett slim format och inkluderar 20 portioner per f\u00f6rpackning.<\/p>\n<\/article>\n<div class=\"buy-pane\">\n<div class=\"tab-content buy-tabs-content\">\n<div id=\"buy\" class=\"tab-pane active\">\n<div>\n<div class=\"variants list\">\n<h2>Om produkten Fuzion Sweet Cola Nikotinfritt Snus<\/h2>\n<p>Fuzion Sweet Cola Nikotinfritt Snus \u00e4r en produkt fr\u00e5n Fuzion, tillverkad av Kurbits Snus AB. Detta representerar en\u00a0nikotinfri\u00a0produkt, vilket inneb\u00e4r att den inte inneh\u00e5ller tobak eller nikotin. Produkten presenteras i ett slim-format och inkluderar koffein. Denna produkt kategoriseras som nikotinfri.<\/p>\n<h2>Fuzion Sweet Cola Nikotinfritt Snus: Karakteristika &amp; Klassificering<\/h2>\n<p>Denna produkt \u00e4r en nikotinfri snus med en \u00f6verv\u00e4gande karakt\u00e4r av cola. Produkten levereras i slim-format. Klassificeringen av denna produkt \u00e4r nikotinfri.<\/p>\n<h3>Format: Slim<\/h3>\n<p>Fuzion Sweet Cola Nikotinfritt Snus levereras i ett slim-format.<\/p>\n<h3>Information om Fuzion Sweet Cola Nikotinfritt Snus:<\/h3>\n<ul>\n<li><strong>Kategori:<\/strong>\u00a0Nikotinfri<\/li>\n<li><strong>Snussmak:<\/strong>\u00a0Cola<\/li>\n<li><strong>Tillverkare:<\/strong>\u00a0Kurbits Snus AB<\/li>\n<li><strong>Antal prillor per dosa:<\/strong>\u00a020<\/li>\n<li><strong>Koffeinhalt:<\/strong>\u00a050 mg\/portion<\/li>\n<\/ul>\n<h3>Information om Fuzion<\/h3>\n<p>Fuzion \u00e4r ett varum\u00e4rke som avser ett utbud av snusprodukter, inklusive Fuzion Sweet Cola Nikotinfritt Snus. Deras produkter \u00e4r associerade med kvalitet och innovativa smaker.<\/p>\n<\/div>\n<\/div>\n<\/div>\n<\/div>\n<\/div>","protected":false},"excerpt":{"rendered":"<article class=\"product-text\"><strong>Fuzion Sweet Cola Nikotinfritt Snus<\/strong>\u00a0\u00e4r en produkt fr\u00e5n Fuzion med attribut av\u00a0<strong>Cola<\/strong>. Denna nikotinfria produkt presenteras i ett slim format och inkluderar 20 portioner per f\u00f6rpackning.<\/p>\n<\/article>\n<div class=\"buy-pane\">\n<div class=\"tab-content buy-tabs-content\">\n<div id=\"buy\" class=\"tab-pane active\">\n<div>\n<div class=\"variants list\">\n<h2>Om produkten Fuzion Sweet Cola Nikotinfritt Snus<\/h2>\n<p>Fuzion Sweet Cola Nikotinfritt Snus \u00e4r en produkt fr\u00e5n Fuzion, tillverkad av Kurbits Snus AB. Detta representerar en\u00a0nikotinfri\u00a0produkt, vilket inneb\u00e4r att den inte inneh\u00e5ller tobak eller nikotin. Produkten presenteras i ett slim-format och inkluderar koffein. Denna produkt kategoriseras som nikotinfri.<\/p>\n<\/div>\n<\/div>\n<\/div>\n<\/div>\n<\/div>","protected":false},"featured_media":19808,"comment_status":"open","ping_status":"closed","template":"","meta":[],"product_brand":[],"product_cat":[76],"product_tag":[],"class_list":{"0":"post-54402","1":"product","2":"type-product","3":"status-publish","4":"has-post-thumbnail","6":"product_cat-nikotinfritt-snus","8":"first","9":"instock","10":"taxable","11":"shipping-taxable","12":"purchasable","13":"product-type-variable"},"_links":{"self":[{"href":"https:\/\/snus-malmo.se\/sv\/wp-json\/wp\/v2\/product\/54402","targetHints":{"allow":["GET"]}}],"collection":[{"href":"https:\/\/snus-malmo.se\/sv\/wp-json\/wp\/v2\/product"}],"about":[{"href":"https:\/\/snus-malmo.se\/sv\/wp-json\/wp\/v2\/types\/product"}],"replies":[{"embeddable":true,"href":"https:\/\/snus-malmo.se\/sv\/wp-json\/wp\/v2\/comments?post=54402"}],"version-history":[{"count":0,"href":"https:\/\/snus-malmo.se\/sv\/wp-json\/wp\/v2\/product\/54402\/revisions"}],"wp:featuredmedia":[{"embeddable":true,"href":"https:\/\/snus-malmo.se\/sv\/wp-json\/wp\/v2\/media\/19808"}],"wp:attachment":[{"href":"https:\/\/snus-malmo.se\/sv\/wp-json\/wp\/v2\/media?parent=54402"}],"wp:term":[{"taxonomy":"product_brand","embeddable":true,"href":"https:\/\/snus-malmo.se\/sv\/wp-json\/wp\/v2\/product_brand?post=54402"},{"taxonomy":"product_cat","embeddable":true,"href":"https:\/\/snus-malmo.se\/sv\/wp-json\/wp\/v2\/product_cat?post=54402"},{"taxonomy":"product_tag","embeddable":true,"href":"https:\/\/snus-malmo.se\/sv\/wp-json\/wp\/v2\/product_tag?post=54402"}],"curies":[{"name":"wp","href":"https:\/\/api.w.org\/{rel}","templated":true}]}}