{"id":54407,"date":"2025-05-23T16:58:11","date_gmt":"2025-05-23T16:58:11","guid":{"rendered":"https:\/\/snus-malmo.se\/?post_type=product&#038;p=54407"},"modified":"2025-08-05T20:04:14","modified_gmt":"2025-08-05T20:04:14","slug":"fuzion-fresh-mint-nikotinfritt-snus","status":"publish","type":"product","link":"https:\/\/snus-malmo.se\/sv\/produkt\/fuzion-fresh-mint-nikotinfritt-snus\/","title":{"rendered":"Fuzion Fresh Mint Nikotinfritt Snus"},"content":{"rendered":"<article class=\"product-text\">Fuzion Mint Nikotinfritt Snus \u00e4r en produkt med\u00a0<strong>Mint<\/strong>\u00a0smak, som \u00e4r fri fr\u00e5n nikotin, tillverkad av Fuzion. Produkten distribueras i Slim-format och varje f\u00f6rpackning inneh\u00e5ller 20 portioner.<\/p>\n<\/article>\n<div class=\"buy-pane\">\n<div class=\"tab-content buy-tabs-content\">\n<div id=\"buy\" class=\"tab-pane active\">\n<div>\n<div class=\"variants list\">\n<h2>Om produkten Fuzion Fresh Mint Nikotinfritt Snus<\/h2>\n<p>Fuzion Mint Nikotinfritt Snus \u00e4r ett produkt utan nikotin fr\u00e5n varum\u00e4rket Fuzion, som tillverkas av Kurbits Snus AB. Detta \u00e4r en nikotinfri\u00a0produkt\u00a0och den inneh\u00e5ller varken tobak eller nikotin\u00a0men inneh\u00e5ller koffein. Formatet p\u00e5 produkten \u00e4r slim. Definitionen av styrka f\u00f6r denna produkt \u00e4r nikotinfri, och mer information om nikotinfritt snus kan hittas\u00a0h\u00e4r.<\/p>\n<h2>Fuzion Mint Nikotinfritt Snus: Smakbeskrivning &amp; Styrka<\/h2>\n<p>Fuzion Mint Nikotinfritt Snus \u00e4r en produkt utan nikotin med mintsmak. Produktens format kan beskrivas som slim och styrkedefinitionen f\u00f6r denna produkt \u00e4r nikotinfri.<\/p>\n<h3>Produktformat: Slim<\/h3>\n<p>Fuzion Mint Nikotinfritt Snus distribueras i slim-format.<\/p>\n<h3>Information om Fuzion Mint Nikotinfritt Snus:<\/h3>\n<ul>\n<li><strong>Klassificering:<\/strong>\u00a0Nikotinfritt<\/li>\n<li><strong>Produktens Smak:<\/strong>\u00a0Mint<\/li>\n<li><strong>Fabricant:<\/strong>\u00a0Kurbits Snus AB<\/li>\n<li><strong>Antal portioner per f\u00f6rpackning:<\/strong>\u00a020<\/li>\n<li><strong>Koffeinhalt:<\/strong>\u00a050 mg\/portion<\/li>\n<li><strong>Nikotinhalt:<\/strong>\u00a00 mg\/g<\/li>\n<\/ul>\n<h3>Information om Fuzion<\/h3>\n<p>Fuzion \u00e4r varum\u00e4rket som \u00e4r anknutet till nikotinfria snusprodukter. Samtliga produker under varum\u00e4rket Fuzion tillverkas med fokus p\u00e5 kvalit\u00e9 och noggrannhet.<\/p>\n<\/div>\n<\/div>\n<\/div>\n<\/div>\n<\/div>","protected":false},"excerpt":{"rendered":"<article class=\"product-text\">Fuzion Mint Nikotinfritt Snus \u00e4r en produkt med\u00a0<strong>Mint<\/strong>\u00a0smak, som \u00e4r fri fr\u00e5n nikotin, tillverkad av Fuzion. Produkten distribueras i Slim-format och varje f\u00f6rpackning inneh\u00e5ller 20 portioner.<\/p>\n<\/article>\n<div class=\"buy-pane\">\n<div class=\"tab-content buy-tabs-content\">\n<div id=\"buy\" class=\"tab-pane active\">\n<div>\n<div class=\"variants list\">\n<h2>Om produkten Fuzion Fresh Mint Nikotinfritt Snus<\/h2>\n<p>Fuzion Mint Nikotinfritt Snus \u00e4r ett produkt utan nikotin fr\u00e5n varum\u00e4rket Fuzion, som tillverkas av Kurbits Snus AB. Detta \u00e4r en nikotinfri\u00a0produkt\u00a0och den inneh\u00e5ller varken tobak eller nikotin\u00a0men inneh\u00e5ller koffein. Formatet p\u00e5 produkten \u00e4r slim. Definitionen av styrka f\u00f6r denna produkt \u00e4r nikotinfri, och mer information om nikotinfritt snus kan hittas\u00a0h\u00e4r.<\/p>\n<\/div>\n<\/div>\n<\/div>\n<\/div>\n<\/div>","protected":false},"featured_media":19816,"comment_status":"open","ping_status":"closed","template":"","meta":[],"product_brand":[],"product_cat":[76],"product_tag":[],"class_list":{"0":"post-54407","1":"product","2":"type-product","3":"status-publish","4":"has-post-thumbnail","6":"product_cat-nikotinfritt-snus","8":"first","9":"instock","10":"taxable","11":"shipping-taxable","12":"purchasable","13":"product-type-variable"},"_links":{"self":[{"href":"https:\/\/snus-malmo.se\/sv\/wp-json\/wp\/v2\/product\/54407","targetHints":{"allow":["GET"]}}],"collection":[{"href":"https:\/\/snus-malmo.se\/sv\/wp-json\/wp\/v2\/product"}],"about":[{"href":"https:\/\/snus-malmo.se\/sv\/wp-json\/wp\/v2\/types\/product"}],"replies":[{"embeddable":true,"href":"https:\/\/snus-malmo.se\/sv\/wp-json\/wp\/v2\/comments?post=54407"}],"version-history":[{"count":0,"href":"https:\/\/snus-malmo.se\/sv\/wp-json\/wp\/v2\/product\/54407\/revisions"}],"wp:featuredmedia":[{"embeddable":true,"href":"https:\/\/snus-malmo.se\/sv\/wp-json\/wp\/v2\/media\/19816"}],"wp:attachment":[{"href":"https:\/\/snus-malmo.se\/sv\/wp-json\/wp\/v2\/media?parent=54407"}],"wp:term":[{"taxonomy":"product_brand","embeddable":true,"href":"https:\/\/snus-malmo.se\/sv\/wp-json\/wp\/v2\/product_brand?post=54407"},{"taxonomy":"product_cat","embeddable":true,"href":"https:\/\/snus-malmo.se\/sv\/wp-json\/wp\/v2\/product_cat?post=54407"},{"taxonomy":"product_tag","embeddable":true,"href":"https:\/\/snus-malmo.se\/sv\/wp-json\/wp\/v2\/product_tag?post=54407"}],"curies":[{"name":"wp","href":"https:\/\/api.w.org\/{rel}","templated":true}]}}