{"id":54417,"date":"2025-05-23T16:58:12","date_gmt":"2025-05-23T16:58:12","guid":{"rendered":"https:\/\/snus-malmo.se\/?post_type=product&#038;p=54417"},"modified":"2025-08-20T07:15:54","modified_gmt":"2025-08-20T07:15:54","slug":"lewa-wintermint-nikotinfritt-snus","status":"publish","type":"product","link":"https:\/\/snus-malmo.se\/sv\/produkt\/lewa-wintermint-nikotinfritt-snus\/","title":{"rendered":"LEWA Wintermint Nikotinfritt Snus"},"content":{"rendered":"<h1 data-start=\"110\" data-end=\"191\"><strong data-start=\"116\" data-end=\"191\">LEWA Wintermint Nikotinfritt Snus \u2013 Frisk vinterfr\u00e4sch smak med koffein<\/strong><\/h1>\n<p data-start=\"193\" data-end=\"581\">Letar du efter ett snus som b\u00e5de \u00e4r tobaks- och nikotinfritt, men som \u00e4nd\u00e5 ger en uppiggande och fr\u00e4sch smakupplevelse? <strong data-start=\"313\" data-end=\"350\">LEWA Wintermint Nikotinfritt Snus<\/strong> \u00e4r det perfekta valet f\u00f6r dig som s\u00f6ker en <strong data-start=\"394\" data-end=\"422\">vinterfrisk smak av mint<\/strong> med en uppiggande effekt. Varje portion inneh\u00e5ller <strong data-start=\"474\" data-end=\"491\">20 mg koffein<\/strong>, vilket motsvarar en kopp kaffe, och ger dig den energiboost du beh\u00f6ver under hela dagen.<\/p>\n<p data-start=\"583\" data-end=\"956\">Den kalla, uppfriskande mintsmaken i kombination med en liten kylande effekt ger en <strong data-start=\"667\" data-end=\"699\">nyttig och fr\u00e4sch upplevelse<\/strong>. LEWA Wintermint \u00e4r helt fritt fr\u00e5n <strong data-start=\"736\" data-end=\"747\">nikotin<\/strong> och <strong data-start=\"752\" data-end=\"761\">tobak<\/strong>, vilket g\u00f6r det till ett utm\u00e4rkt alternativ f\u00f6r dig som vill sluta med nikotin eller helt undvika tobak. K\u00e4nslan av en prilla \u00e4r kvar, men utan de skadliga \u00e4mnena som finns i traditionellt snus.<\/p>\n<hr data-start=\"958\" data-end=\"961\" \/>\n<h2 data-start=\"963\" data-end=\"1020\">\u2b50 <strong data-start=\"969\" data-end=\"1020\">Varf\u00f6r v\u00e4lja LEWA Wintermint Nikotinfritt Snus?<\/strong><\/h2>\n<ul data-start=\"1022\" data-end=\"1489\">\n<li data-start=\"1022\" data-end=\"1134\">\n<p data-start=\"1024\" data-end=\"1134\"><strong data-start=\"1024\" data-end=\"1061\">Helt fritt fr\u00e5n nikotin och tobak<\/strong> \u2013 ett bra alternativ f\u00f6r dig som vill sluta snusa eller undvika nikotin.<\/p>\n<\/li>\n<li data-start=\"1135\" data-end=\"1231\">\n<p data-start=\"1137\" data-end=\"1231\"><strong data-start=\"1137\" data-end=\"1158\">Uppiggande effekt<\/strong> \u2013 varje portion inneh\u00e5ller <strong data-start=\"1186\" data-end=\"1203\">20 mg koffein<\/strong>, motsvarande en kopp kaffe.<\/p>\n<\/li>\n<li data-start=\"1232\" data-end=\"1318\">\n<p data-start=\"1234\" data-end=\"1318\"><strong data-start=\"1234\" data-end=\"1258\">Frisk wintermintsmak<\/strong> \u2013 den kalla mintsmaken ger en sval och uppfriskande k\u00e4nsla.<\/p>\n<\/li>\n<li data-start=\"1319\" data-end=\"1411\">\n<p data-start=\"1321\" data-end=\"1411\"><strong data-start=\"1321\" data-end=\"1339\">Funktion Pouch<\/strong> \u2013 innovativt snusform som g\u00f6r det enklare att njuta l\u00e4ngre av smakerna.<\/p>\n<\/li>\n<li data-start=\"1412\" data-end=\"1489\">\n<p data-start=\"1414\" data-end=\"1489\"><strong data-start=\"1414\" data-end=\"1449\">Inga s\u00f6tningsmedel eller socker<\/strong> \u2013 ett renare och mer naturligt snusval.<\/p>\n<\/li>\n<\/ul>\n<hr data-start=\"1491\" data-end=\"1494\" \/>\n<h2 data-start=\"1496\" data-end=\"1556\">\ud83d\udc64 <strong data-start=\"1503\" data-end=\"1556\">Vem passar LEWA Wintermint Nikotinfritt Snus f\u00f6r?<\/strong><\/h2>\n<p data-start=\"1558\" data-end=\"1593\"><strong data-start=\"1558\" data-end=\"1577\">LEWA Wintermint<\/strong> passar dig som:<\/p>\n<ul data-start=\"1594\" data-end=\"1917\">\n<li data-start=\"1594\" data-end=\"1655\">\n<p data-start=\"1596\" data-end=\"1655\">Vill <strong data-start=\"1601\" data-end=\"1622\">sluta med nikotin<\/strong> men saknar k\u00e4nslan av en prilla.<\/p>\n<\/li>\n<li data-start=\"1656\" data-end=\"1719\">\n<p data-start=\"1658\" data-end=\"1719\">S\u00f6ker ett <strong data-start=\"1668\" data-end=\"1687\">snus utan tobak<\/strong> med en fr\u00e4sch och kylande smak.<\/p>\n<\/li>\n<li data-start=\"1720\" data-end=\"1789\">\n<p data-start=\"1722\" data-end=\"1789\">Beh\u00f6ver en <strong data-start=\"1733\" data-end=\"1749\">koffeinboost<\/strong> f\u00f6r att h\u00e5lla energin uppe under dagen.<\/p>\n<\/li>\n<li data-start=\"1790\" data-end=\"1854\">\n<p data-start=\"1792\" data-end=\"1854\">Letar efter ett <strong data-start=\"1808\" data-end=\"1833\">alternativ till kaffe<\/strong> eller energidrycker.<\/p>\n<\/li>\n<li data-start=\"1855\" data-end=\"1917\">\n<p data-start=\"1857\" data-end=\"1917\">Vill ha ett <strong data-start=\"1869\" data-end=\"1916\">diskret, funktionellt och h\u00e4lsosamt snusval<\/strong>.<\/p>\n<\/li>\n<\/ul>\n<hr data-start=\"1919\" data-end=\"1922\" \/>\n<h2 data-start=\"1924\" data-end=\"1986\">\ud83d\uded2 <strong data-start=\"1931\" data-end=\"1986\">K\u00f6p LEWA Wintermint Nikotinfritt Snus hos Veloop.se<\/strong><\/h2>\n<p data-start=\"1988\" data-end=\"2258\">Hos <strong data-start=\"1992\" data-end=\"2005\">Veloop.se<\/strong>, din onlinebutik f\u00f6r snus och tobak, hittar du ett brett sortiment av <strong data-start=\"2076\" data-end=\"2105\">nikotinfria snusprodukter<\/strong> som LEWA. Vi erbjuder snabba leveranser, bra priser och produkter f\u00f6r alla behov \u2013 oavsett om du snusar dagligen eller bara s\u00f6ker ett koffeinalternativ.<\/p>\n<p data-start=\"2260\" data-end=\"2580\">Kolla g\u00e4rna in v\u00e5rt <a class=\"decorated-link\" href=\"https:\/\/snus-malmo.se\/sv\/nikotinfritt-snus\/\" target=\"_new\" rel=\"noopener\" data-start=\"2280\" data-end=\"2353\"><strong data-start=\"2281\" data-end=\"2314\">nikotinfri snus-sortiment h\u00e4r<\/strong><\/a> f\u00f6r att hitta fler alternativ som passar just dig!<br data-start=\"2404\" data-end=\"2407\" \/>Om du \u00e4r ett fan av <strong data-start=\"2427\" data-end=\"2435\">LEWA<\/strong> och deras innovativa snusprodukter, titta p\u00e5 v\u00e5rt <a class=\"decorated-link\" href=\"https:\/\/snus-malmo.se\/sv\/lewa\/\" target=\"_new\" rel=\"noopener\" data-start=\"2486\" data-end=\"2535\"><strong data-start=\"2487\" data-end=\"2509\">LEWA sortiment h\u00e4r<\/strong><\/a> f\u00f6r att uppt\u00e4cka fler fantastiska produkter.<\/p>","protected":false},"excerpt":{"rendered":"<h1 data-start=\"110\" data-end=\"191\"><strong data-start=\"116\" data-end=\"191\">LEWA Wintermint Nikotinfritt Snus \u2013 Frisk vinterfr\u00e4sch smak med koffein<\/strong><\/h1>\n<p>Nikotinfritt snus med uppfriskande wintermintsmak och koffein fr\u00e5n LEWA. Sval och energigivande prilla utan nikotin eller tobak. K\u00f6p online hos Veloop.se.<\/p>\n<p>Kolla g\u00e4rna in v\u00e5rt <a class=\"decorated-link\" href=\"https:\/\/snus-malmo.se\/sv\/nikotinfritt-snus\/\" target=\"_new\" rel=\"noopener\" data-start=\"2280\" data-end=\"2353\"><strong data-start=\"2281\" data-end=\"2314\">nikotinfri snus-sortiment h\u00e4r<\/strong><\/a> f\u00f6r att hitta fler alternativ som passar just dig!<br data-start=\"2404\" data-end=\"2407\" \/>Om du \u00e4r ett fan av <strong data-start=\"2427\" data-end=\"2435\">LEWA<\/strong> och deras innovativa snusprodukter, titta p\u00e5 v\u00e5rt <a class=\"decorated-link\" href=\"https:\/\/snus-malmo.se\/sv\/lewa\/\" target=\"_new\" rel=\"noopener\" data-start=\"2486\" data-end=\"2535\"><strong data-start=\"2487\" data-end=\"2509\">LEWA sortiment h\u00e4r<\/strong><\/a> f\u00f6r att uppt\u00e4cka fler fantastiska produkter.<\/p>","protected":false},"featured_media":67106,"comment_status":"open","ping_status":"closed","template":"","meta":[],"product_brand":[421],"product_cat":[136,324,102,76,137],"product_tag":[],"class_list":{"0":"post-54417","1":"product","2":"type-product","3":"status-publish","4":"has-post-thumbnail","6":"product_brand-lewa","7":"product_cat-all-whites","8":"product_cat-functional-pouches-caffeine-energy-pouch","9":"product_cat-lewa","10":"product_cat-nikotinfritt-snus","11":"product_cat-slim","13":"first","14":"instock","15":"taxable","16":"shipping-taxable","17":"purchasable","18":"product-type-variable"},"_links":{"self":[{"href":"https:\/\/snus-malmo.se\/sv\/wp-json\/wp\/v2\/product\/54417","targetHints":{"allow":["GET"]}}],"collection":[{"href":"https:\/\/snus-malmo.se\/sv\/wp-json\/wp\/v2\/product"}],"about":[{"href":"https:\/\/snus-malmo.se\/sv\/wp-json\/wp\/v2\/types\/product"}],"replies":[{"embeddable":true,"href":"https:\/\/snus-malmo.se\/sv\/wp-json\/wp\/v2\/comments?post=54417"}],"version-history":[{"count":0,"href":"https:\/\/snus-malmo.se\/sv\/wp-json\/wp\/v2\/product\/54417\/revisions"}],"wp:featuredmedia":[{"embeddable":true,"href":"https:\/\/snus-malmo.se\/sv\/wp-json\/wp\/v2\/media\/67106"}],"wp:attachment":[{"href":"https:\/\/snus-malmo.se\/sv\/wp-json\/wp\/v2\/media?parent=54417"}],"wp:term":[{"taxonomy":"product_brand","embeddable":true,"href":"https:\/\/snus-malmo.se\/sv\/wp-json\/wp\/v2\/product_brand?post=54417"},{"taxonomy":"product_cat","embeddable":true,"href":"https:\/\/snus-malmo.se\/sv\/wp-json\/wp\/v2\/product_cat?post=54417"},{"taxonomy":"product_tag","embeddable":true,"href":"https:\/\/snus-malmo.se\/sv\/wp-json\/wp\/v2\/product_tag?post=54417"}],"curies":[{"name":"wp","href":"https:\/\/api.w.org\/{rel}","templated":true}]}}