{"id":54422,"date":"2025-05-23T16:58:12","date_gmt":"2025-05-23T16:58:12","guid":{"rendered":"https:\/\/snus-malmo.se\/?post_type=product&#038;p=54422"},"modified":"2025-08-20T07:22:08","modified_gmt":"2025-08-20T07:22:08","slug":"lewa-liquorice-raspberries-nikotinfritt-snus","status":"publish","type":"product","link":"https:\/\/snus-malmo.se\/sv\/produkt\/lewa-liquorice-raspberries-nikotinfritt-snus\/","title":{"rendered":"LEWA Liquorice Raspberries Nikotinfritt Snus"},"content":{"rendered":"<h1 data-start=\"111\" data-end=\"205\"><strong data-start=\"117\" data-end=\"205\">LEWA Liquorice Raspberries Nikotinfritt Snus \u2013 En smakfull kombination med koffein<\/strong><\/h1>\n<p data-start=\"207\" data-end=\"586\">Letar du efter ett snus som \u00e4r b\u00e5de tobaks- och nikotinfritt, men som \u00e4nd\u00e5 erbjuder en sp\u00e4nnande smakupplevelse och uppiggande effekt? <strong data-start=\"342\" data-end=\"392\">LEWA Liquorice &amp; Raspberries Nikotinfritt Snus<\/strong> \u00e4r ett perfekt val f\u00f6r dig som vill ha en <strong data-start=\"435\" data-end=\"477\">unik kombination av lakrits och hallon<\/strong>, samtidigt som du f\u00e5r den uppiggande effekten fr\u00e5n <strong data-start=\"529\" data-end=\"557\">20 mg koffein per prilla<\/strong> \u2013 motsvarande en kopp kaffe.<\/p>\n<p data-start=\"588\" data-end=\"922\">Den smakfulla blandningen av <strong data-start=\"617\" data-end=\"628\">lakrits<\/strong> och <strong data-start=\"633\" data-end=\"643\">hallon<\/strong> ger en balanserad och fruktig upplevelse, medan koffeinet ger dig en energiboost utan att beh\u00f6va anv\u00e4nda nikotin eller tobak. <strong data-start=\"770\" data-end=\"802\">LEWA Liquorice &amp; Raspberries<\/strong> \u00e4r ett bra alternativ f\u00f6r den som s\u00f6ker ett h\u00e4lsosammare snusval, samtidigt som man beh\u00e5ller den klassiska snusk\u00e4nslan.<\/p>\n<hr data-start=\"924\" data-end=\"927\" \/>\n<h2 data-start=\"929\" data-end=\"999\">\u2b50 <strong data-start=\"935\" data-end=\"999\">Varf\u00f6r v\u00e4lja LEWA Liquorice Raspberries Nikotinfritt Snus?<\/strong><\/h2>\n<ul data-start=\"1001\" data-end=\"1487\">\n<li data-start=\"1001\" data-end=\"1117\">\n<p data-start=\"1003\" data-end=\"1117\"><strong data-start=\"1003\" data-end=\"1040\">Helt fritt fr\u00e5n nikotin och tobak<\/strong> \u2013 ett utm\u00e4rkt alternativ f\u00f6r dig som vill sluta snusa eller undvika nikotin.<\/p>\n<\/li>\n<li data-start=\"1118\" data-end=\"1214\">\n<p data-start=\"1120\" data-end=\"1214\"><strong data-start=\"1120\" data-end=\"1141\">Uppiggande effekt<\/strong> \u2013 varje portion inneh\u00e5ller <strong data-start=\"1169\" data-end=\"1186\">20 mg koffein<\/strong>, motsvarande en kopp kaffe.<\/p>\n<\/li>\n<li data-start=\"1215\" data-end=\"1307\">\n<p data-start=\"1217\" data-end=\"1307\"><strong data-start=\"1217\" data-end=\"1252\">Unik smak av lakrits och hallon<\/strong> \u2013 f\u00f6r dig som vill ha en sp\u00e4nnande och fruktig prilla.<\/p>\n<\/li>\n<li data-start=\"1308\" data-end=\"1409\">\n<p data-start=\"1310\" data-end=\"1409\"><strong data-start=\"1310\" data-end=\"1328\">Funktion Pouch<\/strong> \u2013 innovativt snusform som ger en l\u00e5ngvarig smakupplevelse och bekv\u00e4m anv\u00e4ndning.<\/p>\n<\/li>\n<li data-start=\"1410\" data-end=\"1487\">\n<p data-start=\"1412\" data-end=\"1487\"><strong data-start=\"1412\" data-end=\"1447\">Inga s\u00f6tningsmedel eller socker<\/strong> \u2013 ett mer naturligt och renare snusval.<\/p>\n<\/li>\n<\/ul>\n<hr data-start=\"1489\" data-end=\"1492\" \/>\n<h2 data-start=\"1494\" data-end=\"1567\">\ud83d\udc64 <strong data-start=\"1501\" data-end=\"1567\">Vem passar LEWA Liquorice Raspberries Nikotinfritt Snus f\u00f6r?<\/strong><\/h2>\n<p data-start=\"1569\" data-end=\"1617\"><strong data-start=\"1569\" data-end=\"1601\">LEWA Liquorice &amp; Raspberries<\/strong> passar dig som:<\/p>\n<ul data-start=\"1618\" data-end=\"1960\">\n<li data-start=\"1618\" data-end=\"1692\">\n<p data-start=\"1620\" data-end=\"1692\">Vill <strong data-start=\"1625\" data-end=\"1646\">sluta med nikotin<\/strong> men fortfarande vill ha k\u00e4nslan av en prilla.<\/p>\n<\/li>\n<li data-start=\"1693\" data-end=\"1762\">\n<p data-start=\"1695\" data-end=\"1762\">S\u00f6ker ett <strong data-start=\"1705\" data-end=\"1724\">snus utan tobak<\/strong> och vill prova en ny, sp\u00e4nnande smak.<\/p>\n<\/li>\n<li data-start=\"1763\" data-end=\"1832\">\n<p data-start=\"1765\" data-end=\"1832\">Beh\u00f6ver en <strong data-start=\"1776\" data-end=\"1792\">koffeinboost<\/strong> f\u00f6r att h\u00e5lla energin uppe under dagen.<\/p>\n<\/li>\n<li data-start=\"1833\" data-end=\"1897\">\n<p data-start=\"1835\" data-end=\"1897\">Letar efter ett <strong data-start=\"1851\" data-end=\"1876\">alternativ till kaffe<\/strong> eller energidrycker.<\/p>\n<\/li>\n<li data-start=\"1898\" data-end=\"1960\">\n<p data-start=\"1900\" data-end=\"1960\">Vill ha ett <strong data-start=\"1912\" data-end=\"1959\">diskret, funktionellt och h\u00e4lsosamt snusval<\/strong>.<\/p>\n<\/li>\n<\/ul>\n<hr data-start=\"1962\" data-end=\"1965\" \/>\n<h2 data-start=\"1967\" data-end=\"2042\">\ud83d\uded2 <strong data-start=\"1974\" data-end=\"2042\">K\u00f6p LEWA Liquorice Raspberries Nikotinfritt Snus hos Veloop.se<\/strong><\/h2>\n<p data-start=\"2044\" data-end=\"2314\">Hos <strong data-start=\"2048\" data-end=\"2061\">Veloop.se<\/strong>, din onlinebutik f\u00f6r snus och tobak, hittar du ett brett sortiment av <strong data-start=\"2132\" data-end=\"2161\">nikotinfria snusprodukter<\/strong> som LEWA. Vi erbjuder snabba leveranser, bra priser och produkter f\u00f6r alla behov \u2013 oavsett om du snusar dagligen eller bara s\u00f6ker ett koffeinalternativ.<\/p>\n<p data-start=\"2316\" data-end=\"2636\">Kolla g\u00e4rna in v\u00e5rt <a class=\"decorated-link\" href=\"https:\/\/snus-malmo.se\/sv\/nikotinfritt-snus\/\" target=\"_new\" rel=\"noopener\" data-start=\"2336\" data-end=\"2409\"><strong data-start=\"2337\" data-end=\"2370\">nikotinfri snus-sortiment h\u00e4r<\/strong><\/a> f\u00f6r att hitta fler alternativ som passar just dig!<br data-start=\"2460\" data-end=\"2463\" \/>Om du \u00e4r ett fan av <strong data-start=\"2483\" data-end=\"2491\">LEWA<\/strong> och deras innovativa snusprodukter, titta p\u00e5 v\u00e5rt <a class=\"decorated-link\" href=\"https:\/\/snus-malmo.se\/sv\/lewa\/\" target=\"_new\" rel=\"noopener\" data-start=\"2542\" data-end=\"2591\"><strong data-start=\"2543\" data-end=\"2565\">LEWA sortiment h\u00e4r<\/strong><\/a> f\u00f6r att uppt\u00e4cka fler fantastiska produkter.<\/p>","protected":false},"excerpt":{"rendered":"<h1 data-start=\"111\" data-end=\"205\"><strong data-start=\"117\" data-end=\"205\">LEWA Liquorice Raspberries Nikotinfritt Snus \u2013 En smakfull kombination med koffein<\/strong><\/h1>\n<p>Nikotinfritt snus med smak av lakrits och hallon samt koffein fr\u00e5n LEWA. Fruktig och uppiggande prilla utan nikotin eller tobak. K\u00f6p online hos Veloop.se.<\/p>\n<p>Kolla g\u00e4rna in v\u00e5rt <a class=\"decorated-link\" href=\"https:\/\/snus-malmo.se\/sv\/nikotinfritt-snus\/\" target=\"_new\" rel=\"noopener\" data-start=\"2336\" data-end=\"2409\"><strong data-start=\"2337\" data-end=\"2370\">nikotinfri snus-sortiment h\u00e4r<\/strong><\/a> f\u00f6r att hitta fler alternativ som passar just dig!<br data-start=\"2460\" data-end=\"2463\" \/>Om du \u00e4r ett fan av <strong data-start=\"2483\" data-end=\"2491\">LEWA<\/strong> och deras innovativa snusprodukter, titta p\u00e5 v\u00e5rt <a class=\"decorated-link\" href=\"https:\/\/snus-malmo.se\/sv\/lewa\/\" target=\"_new\" rel=\"noopener\" data-start=\"2542\" data-end=\"2591\"><strong data-start=\"2543\" data-end=\"2565\">LEWA sortiment h\u00e4r<\/strong><\/a> f\u00f6r att uppt\u00e4cka fler fantastiska produkter.<\/p>","protected":false},"featured_media":67102,"comment_status":"open","ping_status":"closed","template":"","meta":[],"product_brand":[421],"product_cat":[136,324,102,76,137],"product_tag":[],"class_list":{"0":"post-54422","1":"product","2":"type-product","3":"status-publish","4":"has-post-thumbnail","6":"product_brand-lewa","7":"product_cat-all-whites","8":"product_cat-functional-pouches-caffeine-energy-pouch","9":"product_cat-lewa","10":"product_cat-nikotinfritt-snus","11":"product_cat-slim","13":"first","14":"instock","15":"taxable","16":"shipping-taxable","17":"purchasable","18":"product-type-variable"},"_links":{"self":[{"href":"https:\/\/snus-malmo.se\/sv\/wp-json\/wp\/v2\/product\/54422","targetHints":{"allow":["GET"]}}],"collection":[{"href":"https:\/\/snus-malmo.se\/sv\/wp-json\/wp\/v2\/product"}],"about":[{"href":"https:\/\/snus-malmo.se\/sv\/wp-json\/wp\/v2\/types\/product"}],"replies":[{"embeddable":true,"href":"https:\/\/snus-malmo.se\/sv\/wp-json\/wp\/v2\/comments?post=54422"}],"version-history":[{"count":0,"href":"https:\/\/snus-malmo.se\/sv\/wp-json\/wp\/v2\/product\/54422\/revisions"}],"wp:featuredmedia":[{"embeddable":true,"href":"https:\/\/snus-malmo.se\/sv\/wp-json\/wp\/v2\/media\/67102"}],"wp:attachment":[{"href":"https:\/\/snus-malmo.se\/sv\/wp-json\/wp\/v2\/media?parent=54422"}],"wp:term":[{"taxonomy":"product_brand","embeddable":true,"href":"https:\/\/snus-malmo.se\/sv\/wp-json\/wp\/v2\/product_brand?post=54422"},{"taxonomy":"product_cat","embeddable":true,"href":"https:\/\/snus-malmo.se\/sv\/wp-json\/wp\/v2\/product_cat?post=54422"},{"taxonomy":"product_tag","embeddable":true,"href":"https:\/\/snus-malmo.se\/sv\/wp-json\/wp\/v2\/product_tag?post=54422"}],"curies":[{"name":"wp","href":"https:\/\/api.w.org\/{rel}","templated":true}]}}