{"id":54423,"date":"2025-05-23T16:58:12","date_gmt":"2025-05-23T16:58:12","guid":{"rendered":"https:\/\/snus-malmo.se\/?post_type=product&#038;p=54423"},"modified":"2025-08-20T07:27:05","modified_gmt":"2025-08-20T07:27:05","slug":"lewa-cola-lime-nikotinfritt-snus","status":"publish","type":"product","link":"https:\/\/snus-malmo.se\/sv\/produkt\/lewa-cola-lime-nikotinfritt-snus\/","title":{"rendered":"LEWA Cola Lime Nikotinfritt Snus"},"content":{"rendered":"<h1 data-start=\"97\" data-end=\"184\"><strong data-start=\"103\" data-end=\"184\">LEWA Cola Lime Nikotinfritt Snus \u2013 En uppfriskande smakupplevelse med koffein<\/strong><\/h1>\n<p data-start=\"186\" data-end=\"563\">Letar du efter ett snus som \u00e4r b\u00e5de tobaks- och nikotinfritt, men \u00e4nd\u00e5 erbjuder en unik smakupplevelse och en energigivande effekt? <strong data-start=\"318\" data-end=\"354\">LEWA Cola Lime Nikotinfritt Snus<\/strong> \u00e4r det perfekta valet f\u00f6r dig som vill ha en <strong data-start=\"400\" data-end=\"427\">frisk och s\u00f6t cola-smak<\/strong> med en <strong data-start=\"435\" data-end=\"454\">syrlig limekick<\/strong>, samtidigt som du f\u00e5r den uppiggande effekten fr\u00e5n <strong data-start=\"506\" data-end=\"534\">20 mg koffein per prilla<\/strong> \u2013 motsvarande en kopp kaffe.<\/p>\n<p data-start=\"565\" data-end=\"914\">Med en h\u00e4rlig blandning av <strong data-start=\"592\" data-end=\"609\">cola och lime<\/strong> f\u00e5r du en smakupplevelse som \u00e4r b\u00e5de fr\u00e4sch och exotisk. Och eftersom snuset \u00e4r fritt fr\u00e5n nikotin och tobak, f\u00e5r du k\u00e4nslan av en klassisk prilla utan de skadliga \u00e4mnena. <strong data-start=\"782\" data-end=\"800\">LEWA Cola Lime<\/strong> \u00e4r ett perfekt val f\u00f6r den som vill ha en <strong data-start=\"843\" data-end=\"868\">nyttigare snusvariant<\/strong> men inte vill ge avkall p\u00e5 smak eller effekt.<\/p>\n<hr data-start=\"916\" data-end=\"919\" \/>\n<h2 data-start=\"921\" data-end=\"977\">\u2b50 <strong data-start=\"927\" data-end=\"977\">Varf\u00f6r v\u00e4lja LEWA Cola Lime Nikotinfritt Snus?<\/strong><\/h2>\n<ul data-start=\"979\" data-end=\"1445\">\n<li data-start=\"979\" data-end=\"1095\">\n<p data-start=\"981\" data-end=\"1095\"><strong data-start=\"981\" data-end=\"1018\">Helt fritt fr\u00e5n nikotin och tobak<\/strong> \u2013 det b\u00e4sta alternativet f\u00f6r dig som vill sluta snusa eller undvika nikotin.<\/p>\n<\/li>\n<li data-start=\"1096\" data-end=\"1192\">\n<p data-start=\"1098\" data-end=\"1192\"><strong data-start=\"1098\" data-end=\"1119\">Uppiggande effekt<\/strong> \u2013 varje portion inneh\u00e5ller <strong data-start=\"1147\" data-end=\"1164\">20 mg koffein<\/strong>, motsvarande en kopp kaffe.<\/p>\n<\/li>\n<li data-start=\"1193\" data-end=\"1265\">\n<p data-start=\"1195\" data-end=\"1265\"><strong data-start=\"1195\" data-end=\"1223\">Frisk cola och lime-smak<\/strong> \u2013 en sp\u00e4nnande och syrlig smakupplevelse.<\/p>\n<\/li>\n<li data-start=\"1266\" data-end=\"1367\">\n<p data-start=\"1268\" data-end=\"1367\"><strong data-start=\"1268\" data-end=\"1286\">Funktion Pouch<\/strong> \u2013 innovativt snusform som g\u00f6r det enkelt att njuta av smakerna under l\u00e4ngre tid.<\/p>\n<\/li>\n<li data-start=\"1368\" data-end=\"1445\">\n<p data-start=\"1370\" data-end=\"1445\"><strong data-start=\"1370\" data-end=\"1405\">Inga s\u00f6tningsmedel eller socker<\/strong> \u2013 ett renare och mer naturligt snusval.<\/p>\n<\/li>\n<\/ul>\n<hr data-start=\"1447\" data-end=\"1450\" \/>\n<h2 data-start=\"1452\" data-end=\"1511\">\ud83d\udc64 <strong data-start=\"1459\" data-end=\"1511\">Vem passar LEWA Cola Lime Nikotinfritt Snus f\u00f6r?<\/strong><\/h2>\n<p data-start=\"1513\" data-end=\"1547\"><strong data-start=\"1513\" data-end=\"1531\">LEWA Cola Lime<\/strong> passar dig som:<\/p>\n<ul data-start=\"1548\" data-end=\"1888\">\n<li data-start=\"1548\" data-end=\"1609\">\n<p data-start=\"1550\" data-end=\"1609\">Vill <strong data-start=\"1555\" data-end=\"1576\">sluta med nikotin<\/strong> men saknar k\u00e4nslan av en prilla.<\/p>\n<\/li>\n<li data-start=\"1610\" data-end=\"1690\">\n<p data-start=\"1612\" data-end=\"1690\">S\u00f6ker ett <strong data-start=\"1622\" data-end=\"1641\">snus utan tobak<\/strong> som samtidigt har en unik och uppfriskande smak.<\/p>\n<\/li>\n<li data-start=\"1691\" data-end=\"1760\">\n<p data-start=\"1693\" data-end=\"1760\">Beh\u00f6ver en <strong data-start=\"1704\" data-end=\"1720\">koffeinboost<\/strong> f\u00f6r att h\u00e5lla energin uppe under dagen.<\/p>\n<\/li>\n<li data-start=\"1761\" data-end=\"1825\">\n<p data-start=\"1763\" data-end=\"1825\">Letar efter ett <strong data-start=\"1779\" data-end=\"1804\">alternativ till kaffe<\/strong> eller energidrycker.<\/p>\n<\/li>\n<li data-start=\"1826\" data-end=\"1888\">\n<p data-start=\"1828\" data-end=\"1888\">Vill ha ett <strong data-start=\"1840\" data-end=\"1887\">diskret, funktionellt och h\u00e4lsosamt snusval<\/strong>.<\/p>\n<\/li>\n<\/ul>\n<hr data-start=\"1890\" data-end=\"1893\" \/>\n<h2 data-start=\"1895\" data-end=\"1956\">\ud83d\uded2 <strong data-start=\"1902\" data-end=\"1956\">K\u00f6p LEWA Cola Lime Nikotinfritt Snus hos Veloop.se<\/strong><\/h2>\n<p data-start=\"1958\" data-end=\"2228\">Hos <strong data-start=\"1962\" data-end=\"1975\">Veloop.se<\/strong>, din onlinebutik f\u00f6r snus och tobak, hittar du ett brett sortiment av <strong data-start=\"2046\" data-end=\"2075\">nikotinfria snusprodukter<\/strong> som LEWA. Vi erbjuder snabba leveranser, bra priser och produkter f\u00f6r alla behov \u2013 oavsett om du snusar dagligen eller bara s\u00f6ker ett koffeinalternativ.<\/p>\n<p data-start=\"2230\" data-end=\"2550\">Kolla g\u00e4rna in v\u00e5rt <a class=\"decorated-link\" href=\"https:\/\/snus-malmo.se\/sv\/nikotinfritt-snus\/\" target=\"_new\" rel=\"noopener\" data-start=\"2250\" data-end=\"2323\"><strong data-start=\"2251\" data-end=\"2284\">nikotinfri snus-sortiment h\u00e4r<\/strong><\/a> f\u00f6r att hitta fler alternativ som passar just dig!<br data-start=\"2374\" data-end=\"2377\" \/>Om du \u00e4r ett fan av <strong data-start=\"2397\" data-end=\"2405\">LEWA<\/strong> och deras innovativa snusprodukter, titta p\u00e5 v\u00e5rt <a class=\"decorated-link\" href=\"https:\/\/snus-malmo.se\/sv\/lewa\/\" target=\"_new\" rel=\"noopener\" data-start=\"2456\" data-end=\"2505\"><strong data-start=\"2457\" data-end=\"2479\">LEWA sortiment h\u00e4r<\/strong><\/a> f\u00f6r att uppt\u00e4cka fler fantastiska produkter.<\/p>","protected":false},"excerpt":{"rendered":"<h1 data-start=\"97\" data-end=\"184\"><strong data-start=\"103\" data-end=\"184\">LEWA Cola Lime Nikotinfritt Snus \u2013 En uppfriskande smakupplevelse med koffein<\/strong><\/h1>\n<p>Nikotinfritt snus med cola-limesmak och koffein fr\u00e5n LEWA. Fr\u00e4sch och uppiggande prilla utan nikotin eller tobak. K\u00f6p online hos Veloop.se.<\/p>\n<p>Kolla g\u00e4rna in v\u00e5rt <a class=\"decorated-link\" href=\"https:\/\/snus-malmo.se\/sv\/nikotinfritt-snus\/\" target=\"_new\" rel=\"noopener\" data-start=\"2250\" data-end=\"2323\"><strong data-start=\"2251\" data-end=\"2284\">nikotinfri snus-sortiment h\u00e4r<\/strong><\/a> f\u00f6r att hitta fler alternativ som passar just dig!<br data-start=\"2374\" data-end=\"2377\" \/>Om du \u00e4r ett fan av <strong data-start=\"2397\" data-end=\"2405\">LEWA<\/strong> och deras innovativa snusprodukter, titta p\u00e5 v\u00e5rt <a class=\"decorated-link\" href=\"https:\/\/snus-malmo.se\/sv\/lewa\/\" target=\"_new\" rel=\"noopener\" data-start=\"2456\" data-end=\"2505\"><strong data-start=\"2457\" data-end=\"2479\">LEWA sortiment h\u00e4r<\/strong><\/a> f\u00f6r att uppt\u00e4cka fler fantastiska produkter.<\/p>","protected":false},"featured_media":67104,"comment_status":"open","ping_status":"closed","template":"","meta":[],"product_brand":[421],"product_cat":[136,324,102,76,137],"product_tag":[],"class_list":{"0":"post-54423","1":"product","2":"type-product","3":"status-publish","4":"has-post-thumbnail","6":"product_brand-lewa","7":"product_cat-all-whites","8":"product_cat-functional-pouches-caffeine-energy-pouch","9":"product_cat-lewa","10":"product_cat-nikotinfritt-snus","11":"product_cat-slim","13":"first","14":"instock","15":"taxable","16":"shipping-taxable","17":"purchasable","18":"product-type-variable"},"_links":{"self":[{"href":"https:\/\/snus-malmo.se\/sv\/wp-json\/wp\/v2\/product\/54423","targetHints":{"allow":["GET"]}}],"collection":[{"href":"https:\/\/snus-malmo.se\/sv\/wp-json\/wp\/v2\/product"}],"about":[{"href":"https:\/\/snus-malmo.se\/sv\/wp-json\/wp\/v2\/types\/product"}],"replies":[{"embeddable":true,"href":"https:\/\/snus-malmo.se\/sv\/wp-json\/wp\/v2\/comments?post=54423"}],"version-history":[{"count":0,"href":"https:\/\/snus-malmo.se\/sv\/wp-json\/wp\/v2\/product\/54423\/revisions"}],"wp:featuredmedia":[{"embeddable":true,"href":"https:\/\/snus-malmo.se\/sv\/wp-json\/wp\/v2\/media\/67104"}],"wp:attachment":[{"href":"https:\/\/snus-malmo.se\/sv\/wp-json\/wp\/v2\/media?parent=54423"}],"wp:term":[{"taxonomy":"product_brand","embeddable":true,"href":"https:\/\/snus-malmo.se\/sv\/wp-json\/wp\/v2\/product_brand?post=54423"},{"taxonomy":"product_cat","embeddable":true,"href":"https:\/\/snus-malmo.se\/sv\/wp-json\/wp\/v2\/product_cat?post=54423"},{"taxonomy":"product_tag","embeddable":true,"href":"https:\/\/snus-malmo.se\/sv\/wp-json\/wp\/v2\/product_tag?post=54423"}],"curies":[{"name":"wp","href":"https:\/\/api.w.org\/{rel}","templated":true}]}}