{"id":54424,"date":"2025-05-23T16:58:12","date_gmt":"2025-05-23T16:58:12","guid":{"rendered":"https:\/\/snus-malmo.se\/?post_type=product&#038;p=54424"},"modified":"2025-07-26T00:43:38","modified_gmt":"2025-07-26T00:43:38","slug":"onico-pepparmint-nikotinfritt-snus-2","status":"publish","type":"product","link":"https:\/\/snus-malmo.se\/sv\/produkt\/onico-pepparmint-nikotinfritt-snus-2\/","title":{"rendered":"Onico Pepparmint Nikotinfritt Snus"},"content":{"rendered":"<article class=\"product-text\">Onico Pepparmint \u00e4r ett nikotinfritt snus smaksatt med mint, vilket ger en frisk och fr\u00e4sch k\u00e4nsla.<\/article>\n<article class=\"product-text\">Onico Pepparmint \u00e4r ett nikotinfritt snus helt baserat\u00a0p\u00e5 v\u00e4xtfibrer av havre och kakao. Snuset \u00e4r smaksatt med en n\u00e5got pepprig mint, vilket ger en frisk och fr\u00e4sch k\u00e4nsla.<\/p>\n<p>Onico \u00e4r helt fritt fr\u00e5n tobak och nikotin och ger en autentisk k\u00e4nsla under l\u00e4ppen.<\/p>\n<p>N\u00e4r det g\u00e4ller snus och amning passar Onico perfekt. Det inneh\u00e5ller inte ginseng och bidrar inte med n\u00e5gra h\u00e4lsorisker.<\/p>\n<table class=\"product-specs\">\n<thead>\n<tr>\n<th>Fakta om produkten<\/th>\n<th class=\"text-right\"><\/th>\n<\/tr>\n<\/thead>\n<tbody>\n<tr>\n<td class=\"spec-key\">Varum\u00e4rke<\/td>\n<td class=\"spec-value text-right\">Onico<\/td>\n<\/tr>\n<tr>\n<td class=\"spec-key\">Produkttyp<\/td>\n<td class=\"spec -value text-right\">white portion<\/td>\n<\/tr>\n<tr>\n<td class=\"spec-key\">Nikotinstyrka<\/td>\n<td class=\"spec -value text-right\">Nikotinfri<\/td>\n<\/tr>\n<tr>\n<td class=\"spec-key\">Nikotinhalt<\/td>\n<td class=\"spec -value text-right\">0 mg\/g<\/td>\n<\/tr>\n<tr>\n<td class=\"spec-key\">Smak<\/td>\n<td class=\"spec -value text-right\">mint<\/td>\n<\/tr>\n<tr>\n<td class=\"spec-key\">Inneh\u00e5ll\/f\u00f6rpackning<\/td>\n<td class=\"spec -value text-right\">24 g<\/td>\n<\/tr>\n<tr>\n<td class=\"spec-key\">Snustyp<\/td>\n<td class=\"spec -value text-right\">Nikotinfritt Portionssnus<\/td>\n<\/tr>\n<tr>\n<td class=\"spec-key\">Format<\/td>\n<td class=\"spec -value text-right\">Normal<\/td>\n<\/tr>\n<tr>\n<td class=\"spec-key\">Producent<\/td>\n<td class=\"spec-value text-right\">Swedish Match<\/td>\n<\/tr>\n<\/tbody>\n<\/table>\n<\/article>","protected":false},"excerpt":{"rendered":"<article class=\"product-text\">Onico Pepparmint \u00e4r ett nikotinfritt snus smaksatt med mint, vilket ger en frisk och fr\u00e4sch k\u00e4nsla.<\/article>\n<article class=\"product-text\">Onico Pepparmint \u00e4r ett nikotinfritt snus helt baserat\u00a0p\u00e5 v\u00e4xtfibrer av havre och kakao. Snuset \u00e4r smaksatt med en n\u00e5got pepprig mint, vilket ger en frisk och fr\u00e4sch k\u00e4nsla.<\/p>\n<p>Onico \u00e4r helt fritt fr\u00e5n tobak och nikotin och ger en autentisk k\u00e4nsla under l\u00e4ppen.<\/p>\n<\/article>","protected":false},"featured_media":19845,"comment_status":"open","ping_status":"closed","template":"","meta":[],"product_brand":[374],"product_cat":[76],"product_tag":[],"class_list":{"0":"post-54424","1":"product","2":"type-product","3":"status-publish","4":"has-post-thumbnail","6":"product_brand-onico","7":"product_cat-nikotinfritt-snus","9":"first","10":"instock","11":"taxable","12":"shipping-taxable","13":"purchasable","14":"product-type-variable"},"_links":{"self":[{"href":"https:\/\/snus-malmo.se\/sv\/wp-json\/wp\/v2\/product\/54424","targetHints":{"allow":["GET"]}}],"collection":[{"href":"https:\/\/snus-malmo.se\/sv\/wp-json\/wp\/v2\/product"}],"about":[{"href":"https:\/\/snus-malmo.se\/sv\/wp-json\/wp\/v2\/types\/product"}],"replies":[{"embeddable":true,"href":"https:\/\/snus-malmo.se\/sv\/wp-json\/wp\/v2\/comments?post=54424"}],"version-history":[{"count":0,"href":"https:\/\/snus-malmo.se\/sv\/wp-json\/wp\/v2\/product\/54424\/revisions"}],"wp:featuredmedia":[{"embeddable":true,"href":"https:\/\/snus-malmo.se\/sv\/wp-json\/wp\/v2\/media\/19845"}],"wp:attachment":[{"href":"https:\/\/snus-malmo.se\/sv\/wp-json\/wp\/v2\/media?parent=54424"}],"wp:term":[{"taxonomy":"product_brand","embeddable":true,"href":"https:\/\/snus-malmo.se\/sv\/wp-json\/wp\/v2\/product_brand?post=54424"},{"taxonomy":"product_cat","embeddable":true,"href":"https:\/\/snus-malmo.se\/sv\/wp-json\/wp\/v2\/product_cat?post=54424"},{"taxonomy":"product_tag","embeddable":true,"href":"https:\/\/snus-malmo.se\/sv\/wp-json\/wp\/v2\/product_tag?post=54424"}],"curies":[{"name":"wp","href":"https:\/\/api.w.org\/{rel}","templated":true}]}}