{"id":54440,"date":"2025-05-23T16:58:14","date_gmt":"2025-05-23T16:58:14","guid":{"rendered":"https:\/\/snus-malmo.se\/?post_type=product&#038;p=54440"},"modified":"2025-07-26T00:41:48","modified_gmt":"2025-07-26T00:41:48","slug":"onico-original-nikotinfritt-snus-2","status":"publish","type":"product","link":"https:\/\/snus-malmo.se\/sv\/produkt\/onico-original-nikotinfritt-snus-2\/","title":{"rendered":"Onico Original Nikotinfritt Snus"},"content":{"rendered":"<article class=\"product-text\">Onico \u00e4r ett snus utan tobak och nikotin. Onico nikotinfritt g\u00e5r bra att anv\u00e4nda som gravid och vid amning. L\u00e4s\u00a0mer.\u00a0Stor nikotinfri prilla med klassisk pepprig smak.<\/article>\n<article class=\"product-text\"><a id=\"Mer information\" name=\"Mer%20information\"><\/a>Onico\u00a0lanserades redan 2008. Som ett nikotinfritt alternativ till klassiskt snus ger den b\u00e5de den r\u00e4tta k\u00e4nslan under l\u00e4ppen och en smak du k\u00e4nner igen. Trots att Onico inte inneh\u00e5ller tobak har prillorna b\u00e5de utseendet och en smak som p\u00e5minner om de klassiska snussorterna. Onico finns idag i fyra varianter: Original, Pepparmint, Original Mini och Lakrits.<\/p>\n<p><strong>Vad inneh\u00e5ller Onico Original?<\/strong><br \/>\nEn dosa Onico inneh\u00e5ller 24 gram nikotinfritt snus. Varje prilla v\u00e4ger 1 gram och har en fukthalt p\u00e5 46%. (F\u00f6r j\u00e4mf\u00f6relse: en prilla G\u00f6teborgs Rap\u00e9 One White Portionssnus v\u00e4ger 0,8 gram och har en fuktighetshalt p\u00e5 45%). Ph-v\u00e4rdet \u00e4r 8,7 (F\u00f6r j\u00e4mf\u00f6relse: General White Portionssnus har ett ph-v\u00e4rde p\u00e5 8,7).<\/p>\n<p><strong>En prilla Onico<\/strong><br \/>\nPrillan har en torrare yta och en mjuk form, bekant fr\u00e5n traditionella vit snus-m\u00e4rken. Storleken p\u00e5 prillan k\u00e4nns ocks\u00e5 igen fr\u00e5n klassiska snussorter.<\/p>\n<p><strong>Onico fick nytt recept och inneh\u00e5ll 2019<\/strong><br \/>\nI b\u00f6rjan av 2019 meddelade tillverkaren Swedish Match att de skulle f\u00f6rb\u00e4ttra Onicos recept. Den st\u00f6rsta f\u00f6r\u00e4ndringen g\u00e4llde den v\u00e4xtfiber som anv\u00e4nds i produkten. Tidigare inneh\u00f6ll Onico bambufiber. Dessa byttes under f\u00f6rsta kvartalet 2019 ut mot kakaofibrer. Detta gav en mer snuslik prilla. Snusjournalen skrev om denna f\u00f6r\u00e4ndring redan i januari 2019. Du kan l\u00e4sa artikeln\u00a0h\u00e4r.\u00a0Inneh\u00e5llsdeklarationen nedan speglar Onicos aktuella inneh\u00e5ll.<\/p>\n<p><strong>Inneh\u00e5llsf\u00f6rteckning Onico Original (Uppdaterad 2019-11-07)<\/strong><\/p>\n<ul>\n<li><strong>Vatten<\/strong><\/li>\n<li><strong>V\u00e4xtfibrer<\/strong>\n<ul>\n<li>Kakaofibrer<\/li>\n<\/ul>\n<\/li>\n<li><strong>Fuktighetsbevarande medel<\/strong>\n<ul>\n<li>E422 (naturligt f\u00f6rekommande, kallas \u00e4ven glycerol)<\/li>\n<li>E1520 (livsmedelstillsats till snus)<\/li>\n<\/ul>\n<\/li>\n<li><strong>Salt<\/strong><\/li>\n<li><strong>Konserveringsmedel<\/strong>\n<ul>\n<li>E325 (salt av mj\u00f6lksyra, framst\u00e4lls syntetiskt eller via j\u00e4sning)<\/li>\n<\/ul>\n<\/li>\n<li><strong>Surhetsreglerande medel<\/strong>\n<ul>\n<li>E504 (magnesit, naturligt f\u00f6rekommande mineral)<\/li>\n<li>E500 (finns naturligt och kallas \u00e4ven soda eller natriumkarbonat)<\/li>\n<\/ul>\n<\/li>\n<li><strong>Aromer<\/strong>\u00a0(bland annat r\u00f6karom)<\/li>\n<li><strong>F\u00e4rg\u00e4mne<\/strong>\n<ul>\n<li>E150c (framst\u00e4lls genom upphettning av socker och \u00e4r det mest anv\u00e4nda f\u00e4rg\u00e4mnet inom livsmedel)<\/li>\n<\/ul>\n<\/li>\n<li><strong>Salmiak<\/strong><\/li>\n<\/ul>\n<p>L\u00e4s mer om E-nummer\u00a0h\u00e4r<\/p>\n<table class=\"product-specs\">\n<thead>\n<tr>\n<th>Fakta om produkten<\/th>\n<th class=\"text-right\"><\/th>\n<\/tr>\n<\/thead>\n<tbody>\n<tr>\n<td class=\"spec-key\">Varum\u00e4rke<\/td>\n<td class=\"spec-value text-right\">Onico<\/td>\n<\/tr>\n<tr>\n<td class=\"spec-key\">Produkttyp<\/td>\n<td class=\"spec -value text-right\">white portion<\/td>\n<\/tr>\n<tr>\n<td class=\"spec-key\">Nikotinstyrka<\/td>\n<td class=\"spec -value text-right\">Nikotinfri<\/td>\n<\/tr>\n<tr>\n<td class=\"spec-key\">Nikotinhalt<\/td>\n<td class=\"spec -value text-right\">0 mg\/g<\/td>\n<\/tr>\n<tr>\n<td class=\"spec-key\">Smak<\/td>\n<td class=\"spec -value text-right\">Traditionell<\/td>\n<\/tr>\n<tr>\n<td class=\"spec-key\">Inneh\u00e5ll\/f\u00f6rpackning<\/td>\n<td class=\"spec -value text-right\">24 g<\/td>\n<\/tr>\n<tr>\n<td class=\"spec-key\">Snustyp<\/td>\n<td class=\"spec -value text-right\">Nikotinfritt Portionssnus<\/td>\n<\/tr>\n<tr>\n<td class=\"spec-key\">Format<\/td>\n<td class=\"spec -value text-right\">Normal<\/td>\n<\/tr>\n<tr>\n<td class=\"spec-key\">Producent<\/td>\n<td class=\"spec-value text-right\">Swedish Match<\/td>\n<\/tr>\n<\/tbody>\n<\/table>\n<\/article>","protected":false},"excerpt":{"rendered":"<article class=\"product-text\">Onico \u00e4r ett snus utan tobak och nikotin. Onico nikotinfritt g\u00e5r bra att anv\u00e4nda som gravid och vid amning. L\u00e4s\u00a0mer.\u00a0Stor nikotinfri prilla med klassisk pepprig smak.<\/article>\n<article class=\"product-text\"><a id=\"Mer information\" name=\"Mer%20information\"><\/a>Onico\u00a0lanserades redan 2008. Som ett nikotinfritt alternativ till klassiskt snus ger den b\u00e5de den r\u00e4tta k\u00e4nslan under l\u00e4ppen och en smak du k\u00e4nner igen. Trots att Onico inte inneh\u00e5ller tobak har prillorna b\u00e5de utseendet och en smak som p\u00e5minner om de klassiska snussorterna. Onico finns idag i fyra varianter: Original, Pepparmint, Original Mini och Lakrits.<\/p>\n<\/article>","protected":false},"featured_media":19853,"comment_status":"open","ping_status":"closed","template":"","meta":[],"product_brand":[374],"product_cat":[76],"product_tag":[],"class_list":{"0":"post-54440","1":"product","2":"type-product","3":"status-publish","4":"has-post-thumbnail","6":"product_brand-onico","7":"product_cat-nikotinfritt-snus","9":"first","10":"instock","11":"taxable","12":"shipping-taxable","13":"purchasable","14":"product-type-variable"},"_links":{"self":[{"href":"https:\/\/snus-malmo.se\/sv\/wp-json\/wp\/v2\/product\/54440","targetHints":{"allow":["GET"]}}],"collection":[{"href":"https:\/\/snus-malmo.se\/sv\/wp-json\/wp\/v2\/product"}],"about":[{"href":"https:\/\/snus-malmo.se\/sv\/wp-json\/wp\/v2\/types\/product"}],"replies":[{"embeddable":true,"href":"https:\/\/snus-malmo.se\/sv\/wp-json\/wp\/v2\/comments?post=54440"}],"version-history":[{"count":0,"href":"https:\/\/snus-malmo.se\/sv\/wp-json\/wp\/v2\/product\/54440\/revisions"}],"wp:featuredmedia":[{"embeddable":true,"href":"https:\/\/snus-malmo.se\/sv\/wp-json\/wp\/v2\/media\/19853"}],"wp:attachment":[{"href":"https:\/\/snus-malmo.se\/sv\/wp-json\/wp\/v2\/media?parent=54440"}],"wp:term":[{"taxonomy":"product_brand","embeddable":true,"href":"https:\/\/snus-malmo.se\/sv\/wp-json\/wp\/v2\/product_brand?post=54440"},{"taxonomy":"product_cat","embeddable":true,"href":"https:\/\/snus-malmo.se\/sv\/wp-json\/wp\/v2\/product_cat?post=54440"},{"taxonomy":"product_tag","embeddable":true,"href":"https:\/\/snus-malmo.se\/sv\/wp-json\/wp\/v2\/product_tag?post=54440"}],"curies":[{"name":"wp","href":"https:\/\/api.w.org\/{rel}","templated":true}]}}