{"id":54445,"date":"2025-05-23T16:58:14","date_gmt":"2025-05-23T16:58:14","guid":{"rendered":"https:\/\/snus-malmo.se\/?post_type=product&#038;p=54445"},"modified":"2025-07-26T00:40:47","modified_gmt":"2025-07-26T00:40:47","slug":"onico-pure-white-slim-nikotinfritt-snus-2","status":"publish","type":"product","link":"https:\/\/snus-malmo.se\/sv\/produkt\/onico-pure-white-slim-nikotinfritt-snus-2\/","title":{"rendered":"Onico Pure White Slim Nikotinfritt Snus"},"content":{"rendered":"<article class=\"product-text\">Nya Onico Pure White Slim har en smak av pepparmint och en hint av eukalyptus och vanilj.<\/article>\n<article class=\"product-text\">Onico Pure White \u00e4r helt nikotinfri och har l\u00e5ngsmala prillor f\u00f6r en mer diskret och b\u00e4ttre passform under l\u00e4ppen. L\u00e5g rinninghet och l\u00e5ngvarig smakupplevelse.<\/p>\n<table class=\"product-specs\">\n<thead>\n<tr>\n<th>Fakta om produkten<\/th>\n<th class=\"text-right\"><\/th>\n<\/tr>\n<\/thead>\n<tbody>\n<tr>\n<td class=\"spec-key\">Varum\u00e4rke<\/td>\n<td class=\"spec-value text-right\">Onico<\/td>\n<\/tr>\n<tr>\n<td class=\"spec-key\">Produkttyp<\/td>\n<td class=\"spec -value text-right\">white portion<\/td>\n<\/tr>\n<tr>\n<td class=\"spec-key\">Nikotinstyrka<\/td>\n<td class=\"spec -value text-right\">Nikotinfri<\/td>\n<\/tr>\n<tr>\n<td class=\"spec-key\">Nikotinhalt<\/td>\n<td class=\"spec -value text-right\">0 mg\/g<\/td>\n<\/tr>\n<tr>\n<td class=\"spec-key\">Smak<\/td>\n<td class=\"spec -value text-right\">mint<\/td>\n<\/tr>\n<tr>\n<td class=\"spec-key\">Inneh\u00e5ll\/f\u00f6rpackning<\/td>\n<td class=\"spec -value text-right\">24 g<\/td>\n<\/tr>\n<tr>\n<td class=\"spec-key\">Snustyp<\/td>\n<td class=\"spec -value text-right\">Nikotinfritt Portionssnus<\/td>\n<\/tr>\n<tr>\n<td class=\"spec-key\">Format<\/td>\n<td class=\"spec -value text-right\">Slim<\/td>\n<\/tr>\n<tr>\n<td class=\"spec-key\">Producent<\/td>\n<td class=\"spec-value text-right\">Swedish Match<\/td>\n<\/tr>\n<\/tbody>\n<\/table>\n<\/article>","protected":false},"excerpt":{"rendered":"<article class=\"product-text\">Nya Onico Pure White Slim har en smak av pepparmint och en hint av eukalyptus och vanilj.<\/article>\n<article class=\"product-text\">Onico Pure White \u00e4r helt nikotinfri och har l\u00e5ngsmala prillor f\u00f6r en mer diskret och b\u00e4ttre passform under l\u00e4ppen. L\u00e5g rinninghet och l\u00e5ngvarig smakupplevelse.<\/p>\n<\/article>","protected":false},"featured_media":19861,"comment_status":"open","ping_status":"closed","template":"","meta":[],"product_brand":[374],"product_cat":[76],"product_tag":[],"class_list":{"0":"post-54445","1":"product","2":"type-product","3":"status-publish","4":"has-post-thumbnail","6":"product_brand-onico","7":"product_cat-nikotinfritt-snus","9":"first","10":"instock","11":"taxable","12":"shipping-taxable","13":"purchasable","14":"product-type-variable"},"_links":{"self":[{"href":"https:\/\/snus-malmo.se\/sv\/wp-json\/wp\/v2\/product\/54445","targetHints":{"allow":["GET"]}}],"collection":[{"href":"https:\/\/snus-malmo.se\/sv\/wp-json\/wp\/v2\/product"}],"about":[{"href":"https:\/\/snus-malmo.se\/sv\/wp-json\/wp\/v2\/types\/product"}],"replies":[{"embeddable":true,"href":"https:\/\/snus-malmo.se\/sv\/wp-json\/wp\/v2\/comments?post=54445"}],"version-history":[{"count":0,"href":"https:\/\/snus-malmo.se\/sv\/wp-json\/wp\/v2\/product\/54445\/revisions"}],"wp:featuredmedia":[{"embeddable":true,"href":"https:\/\/snus-malmo.se\/sv\/wp-json\/wp\/v2\/media\/19861"}],"wp:attachment":[{"href":"https:\/\/snus-malmo.se\/sv\/wp-json\/wp\/v2\/media?parent=54445"}],"wp:term":[{"taxonomy":"product_brand","embeddable":true,"href":"https:\/\/snus-malmo.se\/sv\/wp-json\/wp\/v2\/product_brand?post=54445"},{"taxonomy":"product_cat","embeddable":true,"href":"https:\/\/snus-malmo.se\/sv\/wp-json\/wp\/v2\/product_cat?post=54445"},{"taxonomy":"product_tag","embeddable":true,"href":"https:\/\/snus-malmo.se\/sv\/wp-json\/wp\/v2\/product_tag?post=54445"}],"curies":[{"name":"wp","href":"https:\/\/api.w.org\/{rel}","templated":true}]}}