{"id":54464,"date":"2025-05-23T16:58:15","date_gmt":"2025-05-23T16:58:15","guid":{"rendered":"https:\/\/snus-malmo.se\/?post_type=product&#038;p=54464"},"modified":"2025-07-23T18:39:37","modified_gmt":"2025-07-23T18:39:37","slug":"general-lossnus-senaste-produktionen","status":"publish","type":"product","link":"https:\/\/snus-malmo.se\/sv\/produkt\/general-lossnus-senaste-produktionen\/","title":{"rendered":"General L\u00f6ssnus &#8211; Senaste produktionen"},"content":{"rendered":"<h1 class=\"mb-16 sm:mb-24\">General L\u00f6ssnus &#8211; Senaste produktionen<\/h1>\n<h2 data-start=\"310\" data-end=\"379\">General L\u00f6ssnus \u2013 Senaste produktionen av en svensk snusklassiker<\/h2>\n<p data-start=\"381\" data-end=\"739\"><strong data-start=\"381\" data-end=\"400\">General L\u00f6ssnus<\/strong> \u00e4r en tidl\u00f6s favorit bland traditionella snusare \u2013 nu tillg\u00e4nglig i <strong data-start=\"469\" data-end=\"493\">senaste produktionen<\/strong>, vilket garanterar <strong data-start=\"513\" data-end=\"569\">maximal f\u00e4rskhet, fyllig smak och optimal konsistens<\/strong>. Den klassiska smaken med <strong data-start=\"596\" data-end=\"666\">ljus tobakskarakt\u00e4r, tydlig bergamott och en balanserad pepprighet<\/strong> lever vidare i denna omtyckta l\u00f6ssnus \u2013 precis som den varit sedan 1866.<\/p>\n<p data-start=\"741\" data-end=\"1078\">Med sin <strong data-start=\"749\" data-end=\"790\">mjukformade och l\u00e4ttbakade konsistens<\/strong> \u00e4r General L\u00f6ssnus ett givet val f\u00f6r dig som vill skapa prillor sj\u00e4lv och uppleva snus p\u00e5 det mest traditionella s\u00e4ttet. Produkten levereras nu i <strong data-start=\"937\" data-end=\"994\">uppdaterat skick fr\u00e5n den senaste produktionsomg\u00e5ngen<\/strong>, vilket inneb\u00e4r <strong data-start=\"1011\" data-end=\"1077\">f\u00e4rsk tobak, optimal fukthalt och b\u00e4sta m\u00f6jliga smakutveckling<\/strong>.<\/p>\n<p data-start=\"1080\" data-end=\"1208\">\ud83d\udfe6 Vill du ha samma smak i ett enklare format? Uppt\u00e4ck v\u00e5rt <a class=\"\" href=\"https:\/\/snus-malmo.se\/sv\/white-portion\/\" target=\"_new\" rel=\"noopener\" data-start=\"1140\" data-end=\"1207\"><strong data-start=\"1141\" data-end=\"1172\">White Portion-sortiment h\u00e4r<\/strong><\/a>.<\/p>\n<hr data-start=\"1210\" data-end=\"1213\" \/>\n<h3 data-start=\"1215\" data-end=\"1239\">Produktinformation:<\/h3>\n<ul data-start=\"1241\" data-end=\"1542\">\n<li data-start=\"1241\" data-end=\"1267\">\n<p data-start=\"1243\" data-end=\"1267\"><strong data-start=\"1243\" data-end=\"1257\">Varum\u00e4rke:<\/strong> General<\/p>\n<\/li>\n<li data-start=\"1268\" data-end=\"1295\">\n<p data-start=\"1270\" data-end=\"1295\"><strong data-start=\"1270\" data-end=\"1285\">Produkttyp:<\/strong> L\u00f6ssnus<\/p>\n<\/li>\n<li data-start=\"1296\" data-end=\"1315\">\n<p data-start=\"1298\" data-end=\"1315\"><strong data-start=\"1298\" data-end=\"1309\">Format:<\/strong> L\u00f6s<\/p>\n<\/li>\n<li data-start=\"1316\" data-end=\"1369\">\n<p data-start=\"1318\" data-end=\"1369\"><strong data-start=\"1318\" data-end=\"1333\">Smakprofil:<\/strong> Ljus tobak, Bergamott, Kryddighet<\/p>\n<\/li>\n<li data-start=\"1370\" data-end=\"1392\">\n<p data-start=\"1372\" data-end=\"1392\"><strong data-start=\"1372\" data-end=\"1383\">Styrka:<\/strong> Normal<\/p>\n<\/li>\n<li data-start=\"1393\" data-end=\"1423\">\n<p data-start=\"1395\" data-end=\"1423\"><strong data-start=\"1395\" data-end=\"1411\">Nikotinhalt:<\/strong> ca 0,75 %<\/p>\n<\/li>\n<li data-start=\"1424\" data-end=\"1455\">\n<p data-start=\"1426\" data-end=\"1455\"><strong data-start=\"1426\" data-end=\"1445\">Nettovikt\/dosa:<\/strong> ca 42 g<\/p>\n<\/li>\n<li data-start=\"1456\" data-end=\"1481\">\n<p data-start=\"1458\" data-end=\"1481\"><strong data-start=\"1458\" data-end=\"1471\">Fukthalt:<\/strong> ca 50 %<\/p>\n<\/li>\n<li data-start=\"1482\" data-end=\"1506\">\n<p data-start=\"1484\" data-end=\"1506\"><strong data-start=\"1484\" data-end=\"1497\">pH-v\u00e4rde:<\/strong> ca 8.5<\/p>\n<\/li>\n<li data-start=\"1507\" data-end=\"1542\">\n<p data-start=\"1509\" data-end=\"1542\"><strong data-start=\"1509\" data-end=\"1524\">Produktion:<\/strong> Senaste batchen<\/p>\n<\/li>\n<\/ul>\n<hr data-start=\"1544\" data-end=\"1547\" \/>\n<h3 data-start=\"1549\" data-end=\"1614\">D\u00e4rf\u00f6r v\u00e4ljer snusare General L\u00f6ssnus \u2013 Senaste produktionen:<\/h3>\n<p data-start=\"1616\" data-end=\"1853\">\u2705 Autentisk Generalsmak med tobak och bergamott<br data-start=\"1663\" data-end=\"1666\" \/>\u2705 Levereras f\u00e4rsk fr\u00e5n senaste produktionen<br data-start=\"1709\" data-end=\"1712\" \/>\u2705 L\u00f6ssnus f\u00f6r maximal kontroll och traditionell k\u00e4nsla<br data-start=\"1766\" data-end=\"1769\" \/>\u2705 Perfekt konsistens f\u00f6r enkel bakning<br data-start=\"1807\" data-end=\"1810\" \/>\u2705 Snabb och diskret leverans fr\u00e5n Veloop.se<\/p>\n<hr data-start=\"1855\" data-end=\"1858\" \/>\n<p data-start=\"1860\" data-end=\"2001\">Best\u00e4ll <strong data-start=\"1868\" data-end=\"1910\">General L\u00f6ssnus \u2013 Senaste produktionen<\/strong> fr\u00e5n <strong data-start=\"1916\" data-end=\"1929\">Veloop.se<\/strong> och njut av en f\u00e4rsk, klassisk snus med l\u00e5ng tradition och fyllig smak.<\/p>\n<p>&nbsp;<\/p>","protected":false},"excerpt":{"rendered":"<h1 class=\"mb-16 sm:mb-24\">General L\u00f6ssnus &#8211; Senaste produktionen<\/h1>\n<h2 data-start=\"310\" data-end=\"379\">General L\u00f6ssnus \u2013 Senaste produktionen av en svensk snusklassiker<\/h2>\n<p><strong data-start=\"2026\" data-end=\"2068\">General L\u00f6ssnus \u2013 Senaste produktionen<\/strong> \u00e4r en f\u00e4rsk och traditionell l\u00f6ssnus med klassisk Generalsmak av bergamott och tobak.<br data-start=\"2154\" data-end=\"2157\" \/>\ud83d\udc49 F\u00f6redrar du portionssnus? Se v\u00e5rt <a class=\"\" href=\"https:\/\/snus-malmo.se\/sv\/white-portion\/\" target=\"_new\" rel=\"noopener\" data-start=\"2194\" data-end=\"2261\"><strong data-start=\"2195\" data-end=\"2226\">White Portion-sortiment h\u00e4r<\/strong><\/a>.<\/p>","protected":false},"featured_media":61485,"comment_status":"open","ping_status":"closed","template":"","meta":[],"product_brand":[],"product_cat":[276,368],"product_tag":[],"class_list":{"0":"post-54464","1":"product","2":"type-product","3":"status-publish","4":"has-post-thumbnail","6":"product_cat-los-snus","7":"product_cat-snus-tobakssnus-traditionellt-snus","9":"first","10":"instock","11":"taxable","12":"shipping-taxable","13":"purchasable","14":"product-type-variable"},"_links":{"self":[{"href":"https:\/\/snus-malmo.se\/sv\/wp-json\/wp\/v2\/product\/54464","targetHints":{"allow":["GET"]}}],"collection":[{"href":"https:\/\/snus-malmo.se\/sv\/wp-json\/wp\/v2\/product"}],"about":[{"href":"https:\/\/snus-malmo.se\/sv\/wp-json\/wp\/v2\/types\/product"}],"replies":[{"embeddable":true,"href":"https:\/\/snus-malmo.se\/sv\/wp-json\/wp\/v2\/comments?post=54464"}],"version-history":[{"count":0,"href":"https:\/\/snus-malmo.se\/sv\/wp-json\/wp\/v2\/product\/54464\/revisions"}],"wp:featuredmedia":[{"embeddable":true,"href":"https:\/\/snus-malmo.se\/sv\/wp-json\/wp\/v2\/media\/61485"}],"wp:attachment":[{"href":"https:\/\/snus-malmo.se\/sv\/wp-json\/wp\/v2\/media?parent=54464"}],"wp:term":[{"taxonomy":"product_brand","embeddable":true,"href":"https:\/\/snus-malmo.se\/sv\/wp-json\/wp\/v2\/product_brand?post=54464"},{"taxonomy":"product_cat","embeddable":true,"href":"https:\/\/snus-malmo.se\/sv\/wp-json\/wp\/v2\/product_cat?post=54464"},{"taxonomy":"product_tag","embeddable":true,"href":"https:\/\/snus-malmo.se\/sv\/wp-json\/wp\/v2\/product_tag?post=54464"}],"curies":[{"name":"wp","href":"https:\/\/api.w.org\/{rel}","templated":true}]}}