{"id":54474,"date":"2025-05-23T16:58:17","date_gmt":"2025-05-23T16:58:17","guid":{"rendered":"https:\/\/snus-malmo.se\/?post_type=product&#038;p=54474"},"modified":"2025-10-26T10:22:22","modified_gmt":"2025-10-26T10:22:22","slug":"goteborgs-rape-lossnus","status":"publish","type":"product","link":"https:\/\/snus-malmo.se\/sv\/produkt\/goteborgs-rape-lossnus\/","title":{"rendered":"G\u00f6teborgs Rap\u00e9 L\u00f6ssnus"},"content":{"rendered":"<article class=\"product-text\">G\u00f6teborgs Rap\u00e9 L\u00f6s \u00e4r ett l\u00f6ssnus som har en medelfyllig tobakssmak med viss s\u00f6tma. Med inslag av enb\u00e4r och citrus.<\/article>\n<article class=\"product-text\">G\u00f6teborgs Rap\u00e9 L\u00f6s har kommit att bli en riktig klassiker med sin distinkta smak. Till G\u00f6teborgs Rap\u00e9 anv\u00e4nds tobakssorter fr\u00e5n hela v\u00e4rlden och l\u00f6ssnuset har en medelfyllig tobakskarakt\u00e4r med tydliga inslag av enb\u00e4r, lavendel, citrus och cedertr\u00e4. Det \u00e4r ett l\u00e4ttbakat l\u00f6ssnus som l\u00e4gger sig tillr\u00e4tta under l\u00e4ppen och erbjuder en l\u00e5ngvarig smakupplevelse.<\/p>\n<p>G\u00f6teborgs Rap\u00e9 \u00e4r ett av de st\u00f6rsta och mest v\u00e4lk\u00e4nda varum\u00e4rkena\u00a0p\u00e5 den svenska snusmarknaden. Ordet &#8220;rap\u00e9&#8221; kommer fr\u00e5n\u00a0franskan\u00a0och\u00a0betyder &#8220;rivet&#8221;, vilket ans\u00e5gs vara en exklusiv snuskvalitet p\u00e5 1700-talet.<\/p>\n<p>G\u00f6teborgs Rap\u00e9 var det f\u00f6rsta snus som kom i white portion i b\u00f6rjan av 1990-talet.<\/p>\n<table class=\"product-specs\">\n<thead>\n<tr>\n<th>Fakta om produkten<\/th>\n<th class=\"text-right\"><\/th>\n<\/tr>\n<\/thead>\n<tbody>\n<tr>\n<td class=\"spec-key\">Varum\u00e4rke<\/td>\n<td class=\"spec-value text-right\">G\u00f6teborgs Rap\u00e9<\/td>\n<\/tr>\n<tr>\n<td class=\"spec-key\">Produkttyp<\/td>\n<td class=\"spec -value text-right\">l\u00f6ssnus<\/td>\n<\/tr>\n<tr>\n<td class=\"spec-key\">Nikotinstyrka<\/td>\n<td class=\"spec -value text-right\">normal<\/td>\n<\/tr>\n<tr>\n<td class=\"spec-key\">Nikotinhalt<\/td>\n<td class=\"spec -value text-right\">7,5 mg\/g<\/td>\n<\/tr>\n<tr>\n<td class=\"spec-key\">Smak<\/td>\n<td class=\"spec -value text-right\">Enb\u00e4r<\/td>\n<\/tr>\n<tr>\n<td class=\"spec-key\">Inneh\u00e5ll\/f\u00f6rpackning<\/td>\n<td class=\"spec -value text-right\">42 g<\/td>\n<\/tr>\n<tr>\n<td class=\"spec-key\">Snustyp<\/td>\n<td class=\"spec -value text-right\">Snus, L\u00f6s<\/td>\n<\/tr>\n<tr>\n<td class=\"spec-key\">Format<\/td>\n<td class=\"spec -value text-right\">L\u00f6s<\/td>\n<\/tr>\n<tr>\n<td class=\"spec-key\">Kornighet<\/td>\n<td class=\"spec -value text-right\">Grov<\/td>\n<\/tr>\n<tr>\n<td class=\"spec-key\">Producent<\/td>\n<td class=\"spec-value text-right\">Swedish Match<\/td>\n<\/tr>\n<\/tbody>\n<\/table>\n<\/article>","protected":false},"excerpt":{"rendered":"<article class=\"product-text\">G\u00f6teborgs Rap\u00e9 L\u00f6s \u00e4r ett l\u00f6ssnus som har en medelfyllig tobakssmak med viss s\u00f6tma. Med inslag av enb\u00e4r och citrus.<\/article>\n<article class=\"product-text\">G\u00f6teborgs Rap\u00e9 L\u00f6s har kommit att bli en riktig klassiker med sin distinkta smak. Till G\u00f6teborgs Rap\u00e9 anv\u00e4nds tobakssorter fr\u00e5n hela v\u00e4rlden och l\u00f6ssnuset har en medelfyllig tobakskarakt\u00e4r med tydliga inslag av enb\u00e4r, lavendel, citrus och cedertr\u00e4. Det \u00e4r ett l\u00e4ttbakat l\u00f6ssnus som l\u00e4gger sig tillr\u00e4tta under l\u00e4ppen och erbjuder en l\u00e5ngvarig smakupplevelse.<\/p>\n<\/article>","protected":false},"featured_media":19897,"comment_status":"open","ping_status":"closed","template":"","meta":[],"product_brand":[365],"product_cat":[292,276,368],"product_tag":[],"class_list":{"0":"post-54474","1":"product","2":"type-product","3":"status-publish","4":"has-post-thumbnail","6":"product_brand-gteborgs-rap","7":"product_cat-goteborgsrape","8":"product_cat-los-snus","9":"product_cat-snus-tobakssnus-traditionellt-snus","11":"first","12":"instock","13":"taxable","14":"shipping-taxable","15":"purchasable","16":"product-type-variable"},"_links":{"self":[{"href":"https:\/\/snus-malmo.se\/sv\/wp-json\/wp\/v2\/product\/54474","targetHints":{"allow":["GET"]}}],"collection":[{"href":"https:\/\/snus-malmo.se\/sv\/wp-json\/wp\/v2\/product"}],"about":[{"href":"https:\/\/snus-malmo.se\/sv\/wp-json\/wp\/v2\/types\/product"}],"replies":[{"embeddable":true,"href":"https:\/\/snus-malmo.se\/sv\/wp-json\/wp\/v2\/comments?post=54474"}],"version-history":[{"count":0,"href":"https:\/\/snus-malmo.se\/sv\/wp-json\/wp\/v2\/product\/54474\/revisions"}],"wp:featuredmedia":[{"embeddable":true,"href":"https:\/\/snus-malmo.se\/sv\/wp-json\/wp\/v2\/media\/19897"}],"wp:attachment":[{"href":"https:\/\/snus-malmo.se\/sv\/wp-json\/wp\/v2\/media?parent=54474"}],"wp:term":[{"taxonomy":"product_brand","embeddable":true,"href":"https:\/\/snus-malmo.se\/sv\/wp-json\/wp\/v2\/product_brand?post=54474"},{"taxonomy":"product_cat","embeddable":true,"href":"https:\/\/snus-malmo.se\/sv\/wp-json\/wp\/v2\/product_cat?post=54474"},{"taxonomy":"product_tag","embeddable":true,"href":"https:\/\/snus-malmo.se\/sv\/wp-json\/wp\/v2\/product_tag?post=54474"}],"curies":[{"name":"wp","href":"https:\/\/api.w.org\/{rel}","templated":true}]}}