{"id":54478,"date":"2025-05-23T16:58:17","date_gmt":"2025-05-23T16:58:17","guid":{"rendered":"https:\/\/snus-malmo.se\/?post_type=product&#038;p=54478"},"modified":"2025-07-23T23:01:20","modified_gmt":"2025-07-23T23:01:20","slug":"grov-lossnus","status":"publish","type":"product","link":"https:\/\/snus-malmo.se\/sv\/produkt\/grov-lossnus\/","title":{"rendered":"Grov L\u00f6ssnus"},"content":{"rendered":"<p>Grov L\u00f6ssnus \u00e4r ett l\u00f6ssnus som \u00e4r tydligt och traditionellt i sin tobakssmak. Med en ren smak av tobak och avrundad eftersmak.<\/p>\n<p>Precis som namnet antyder \u00e4r Grov L\u00f6ssnus ett grovmalet snus. Det \u00e4r det sj\u00e4lvklara valet f\u00f6r den som \u00f6nskar lite mer k\u00e4nsla under l\u00e4ppen. Du kan k\u00e4nna toner av tr\u00e4 och l\u00e4der, men smaken b\u00e4r \u00e4ven en viss n\u00f6tighet och s\u00f6tma.<\/p>\n<p>Grovsnus L\u00f6s har sitt recept fr\u00e5n 1915. P\u00e5\u00a01800-talet blev det\u00a0snabbt en popul\u00e4r norrl\u00e4nning och det\u00a0\u00e4r det \u00e4n idag.<\/p>\n<table class=\"product-specs\">\n<thead>\n<tr>\n<th>Fakta om produkten<\/th>\n<th class=\"text-right\"><\/th>\n<\/tr>\n<\/thead>\n<tbody>\n<tr>\n<td class=\"spec-key\">Varum\u00e4rke<\/td>\n<td class=\"spec-value text-right\">Grov<\/td>\n<\/tr>\n<tr>\n<td class=\"spec-key\">Produkttyp<\/td>\n<td class=\"spec -value text-right\">l\u00f6ssnus<\/td>\n<\/tr>\n<tr>\n<td class=\"spec-key\">Nikotinstyrka<\/td>\n<td class=\"spec -value text-right\">normal<\/td>\n<\/tr>\n<tr>\n<td class=\"spec-key\">Nikotinhalt<\/td>\n<td class=\"spec -value text-right\">7,5 mg\/g<\/td>\n<\/tr>\n<tr>\n<td class=\"spec-key\">Smak<\/td>\n<td class=\"spec -value text-right\">Traditionell<\/td>\n<\/tr>\n<tr>\n<td class=\"spec-key\">Inneh\u00e5ll\/f\u00f6rpackning<\/td>\n<td class=\"spec -value text-right\">42 g<\/td>\n<\/tr>\n<tr>\n<td class=\"spec-key\">Format<\/td>\n<td class=\"spec -value text-right\">L\u00f6s<\/td>\n<\/tr>\n<tr>\n<td class=\"spec-key\">Kornighet<\/td>\n<td class=\"spec -value text-right\">Grov<\/td>\n<\/tr>\n<tr>\n<td class=\"spec-key\">Producent<\/td>\n<td class=\"spec-value text-right\">Swedish Match<\/td>\n<\/tr>\n<\/tbody>\n<\/table>","protected":false},"excerpt":{"rendered":"<p>Grov L\u00f6ssnus \u00e4r ett l\u00f6ssnus som \u00e4r tydligt och traditionellt i sin tobakssmak. Med en ren smak av tobak och avrundad eftersmak.<\/p>\n<p>Precis som namnet antyder \u00e4r Grov L\u00f6ssnus ett grovmalet snus. Det \u00e4r det sj\u00e4lvklara valet f\u00f6r den som \u00f6nskar lite mer k\u00e4nsla under l\u00e4ppen. Du kan k\u00e4nna toner av tr\u00e4 och l\u00e4der, men smaken b\u00e4r \u00e4ven en viss n\u00f6tighet och s\u00f6tma.<\/p>\n<p>Grovsnus L\u00f6s har sitt recept fr\u00e5n 1915. P\u00e5\u00a01800-talet blev det\u00a0snabbt en popul\u00e4r norrl\u00e4nning och det\u00a0\u00e4r det \u00e4n idag.<\/p>","protected":false},"featured_media":19904,"comment_status":"open","ping_status":"closed","template":"","meta":[],"product_brand":[370],"product_cat":[91,276,368],"product_tag":[],"class_list":{"0":"post-54478","1":"product","2":"type-product","3":"status-publish","4":"has-post-thumbnail","6":"product_brand-grov-snus","7":"product_cat-grov","8":"product_cat-los-snus","9":"product_cat-snus-tobakssnus-traditionellt-snus","11":"first","12":"instock","13":"taxable","14":"shipping-taxable","15":"purchasable","16":"product-type-variable"},"_links":{"self":[{"href":"https:\/\/snus-malmo.se\/sv\/wp-json\/wp\/v2\/product\/54478","targetHints":{"allow":["GET"]}}],"collection":[{"href":"https:\/\/snus-malmo.se\/sv\/wp-json\/wp\/v2\/product"}],"about":[{"href":"https:\/\/snus-malmo.se\/sv\/wp-json\/wp\/v2\/types\/product"}],"replies":[{"embeddable":true,"href":"https:\/\/snus-malmo.se\/sv\/wp-json\/wp\/v2\/comments?post=54478"}],"version-history":[{"count":0,"href":"https:\/\/snus-malmo.se\/sv\/wp-json\/wp\/v2\/product\/54478\/revisions"}],"wp:featuredmedia":[{"embeddable":true,"href":"https:\/\/snus-malmo.se\/sv\/wp-json\/wp\/v2\/media\/19904"}],"wp:attachment":[{"href":"https:\/\/snus-malmo.se\/sv\/wp-json\/wp\/v2\/media?parent=54478"}],"wp:term":[{"taxonomy":"product_brand","embeddable":true,"href":"https:\/\/snus-malmo.se\/sv\/wp-json\/wp\/v2\/product_brand?post=54478"},{"taxonomy":"product_cat","embeddable":true,"href":"https:\/\/snus-malmo.se\/sv\/wp-json\/wp\/v2\/product_cat?post=54478"},{"taxonomy":"product_tag","embeddable":true,"href":"https:\/\/snus-malmo.se\/sv\/wp-json\/wp\/v2\/product_tag?post=54478"}],"curies":[{"name":"wp","href":"https:\/\/api.w.org\/{rel}","templated":true}]}}