{"id":54482,"date":"2025-05-23T16:58:17","date_gmt":"2025-05-23T16:58:17","guid":{"rendered":"https:\/\/snus-malmo.se\/?post_type=product&#038;p=54482"},"modified":"2025-07-23T18:39:02","modified_gmt":"2025-07-23T18:39:02","slug":"general-lossnus-extra-strong","status":"publish","type":"product","link":"https:\/\/snus-malmo.se\/sv\/produkt\/general-lossnus-extra-strong\/","title":{"rendered":"General L\u00f6ssnus Extra Strong"},"content":{"rendered":"<h1 class=\"mb-16 sm:mb-24\">General L\u00f6ssnus Extra Strong<\/h1>\n<h2 data-start=\"432\" data-end=\"497\">General L\u00f6ssnus Extra Strong \u2013 Klassisk smak i kraftfull form<\/h2>\n<p data-start=\"499\" data-end=\"839\"><strong data-start=\"499\" data-end=\"531\">General L\u00f6ssnus Extra Strong<\/strong> \u00e4r valet f\u00f6r den erfarne snusaren som vill ha <strong data-start=\"578\" data-end=\"626\">full kontroll \u00f6ver prillans form och storlek<\/strong>, utan att kompromissa med vare sig smak eller styrka. Den ikoniska <strong data-start=\"694\" data-end=\"755\">Generalsmaken med tobak, bergamott och en l\u00e4tt pepprighet<\/strong> levereras h\u00e4r med <strong data-start=\"774\" data-end=\"799\">extra h\u00f6g nikotinhalt<\/strong>, vilket ger en tydlig och snabb effekt.<\/p>\n<p data-start=\"841\" data-end=\"1108\">Med sin <strong data-start=\"849\" data-end=\"885\">fuktiga och f\u00f6ljsamma konsistens<\/strong> \u00e4r General Extra Strong L\u00f6ssnus l\u00e4tt att baka, oavsett om du f\u00f6redrar en l\u00f6s eller fast prilla. Smaken \u00e4r kraftfull men balanserad \u2013 perfekt f\u00f6r dig som s\u00f6ker en <strong data-start=\"1048\" data-end=\"1107\">traditionell snusupplevelse i sin mest ofiltrerade form<\/strong>.<\/p>\n<p data-start=\"1110\" data-end=\"1225\">\ud83d\udfe6 F\u00f6redrar du portion ist\u00e4llet? Se v\u00e5rt breda <a class=\"\" href=\"https:\/\/snus-malmo.se\/sv\/white-portion\/\" target=\"_new\" rel=\"noopener\" data-start=\"1157\" data-end=\"1224\"><strong data-start=\"1158\" data-end=\"1189\">White Portion-sortiment h\u00e4r<\/strong><\/a>.<\/p>\n<hr data-start=\"1227\" data-end=\"1230\" \/>\n<h3 data-start=\"1232\" data-end=\"1256\">Produktinformation:<\/h3>\n<ul data-start=\"1258\" data-end=\"1527\">\n<li data-start=\"1258\" data-end=\"1284\">\n<p data-start=\"1260\" data-end=\"1284\"><strong data-start=\"1260\" data-end=\"1274\">Varum\u00e4rke:<\/strong> General<\/p>\n<\/li>\n<li data-start=\"1285\" data-end=\"1312\">\n<p data-start=\"1287\" data-end=\"1312\"><strong data-start=\"1287\" data-end=\"1302\">Produkttyp:<\/strong> L\u00f6ssnus<\/p>\n<\/li>\n<li data-start=\"1313\" data-end=\"1332\">\n<p data-start=\"1315\" data-end=\"1332\"><strong data-start=\"1315\" data-end=\"1326\">Format:<\/strong> L\u00f6s<\/p>\n<\/li>\n<li data-start=\"1333\" data-end=\"1386\">\n<p data-start=\"1335\" data-end=\"1386\"><strong data-start=\"1335\" data-end=\"1350\">Smakprofil:<\/strong> Ljus tobak, Bergamott, Kryddighet<\/p>\n<\/li>\n<li data-start=\"1387\" data-end=\"1414\">\n<p data-start=\"1389\" data-end=\"1414\"><strong data-start=\"1389\" data-end=\"1400\">Styrka:<\/strong> Extra Stark<\/p>\n<\/li>\n<li data-start=\"1415\" data-end=\"1444\">\n<p data-start=\"1417\" data-end=\"1444\"><strong data-start=\"1417\" data-end=\"1433\">Nikotinhalt:<\/strong> ca 1,4 %<\/p>\n<\/li>\n<li data-start=\"1445\" data-end=\"1476\">\n<p data-start=\"1447\" data-end=\"1476\"><strong data-start=\"1447\" data-end=\"1466\">Nettovikt\/dosa:<\/strong> ca 42 g<\/p>\n<\/li>\n<li data-start=\"1477\" data-end=\"1502\">\n<p data-start=\"1479\" data-end=\"1502\"><strong data-start=\"1479\" data-end=\"1492\">Fukthalt:<\/strong> ca 50 %<\/p>\n<\/li>\n<li data-start=\"1503\" data-end=\"1527\">\n<p data-start=\"1505\" data-end=\"1527\"><strong data-start=\"1505\" data-end=\"1518\">pH-v\u00e4rde:<\/strong> ca 8.5<\/p>\n<\/li>\n<\/ul>\n<hr data-start=\"1529\" data-end=\"1532\" \/>\n<h3 data-start=\"1534\" data-end=\"1589\">D\u00e4rf\u00f6r v\u00e4ljer snusare General L\u00f6ssnus Extra Strong:<\/h3>\n<p data-start=\"1591\" data-end=\"1850\">\u2705 Klassisk Generalsmak med kraftig nikotineffekt<br data-start=\"1639\" data-end=\"1642\" \/>\u2705 L\u00f6ssnus \u2013 full kontroll \u00f6ver prillans storlek och form<br data-start=\"1698\" data-end=\"1701\" \/>\u2705 Extra stark \u2013 passar vana snusare<br data-start=\"1736\" data-end=\"1739\" \/>\u2705 Fuktig konsistens f\u00f6r enkel formning och rik smak<br data-start=\"1790\" data-end=\"1793\" \/>\u2705 Snabb leverans fr\u00e5n Veloop.se \u2013 alltid diskret &amp; tryggt<\/p>\n<hr data-start=\"1852\" data-end=\"1855\" \/>\n<p data-start=\"1857\" data-end=\"2004\">Best\u00e4ll <strong data-start=\"1865\" data-end=\"1897\">General L\u00f6ssnus Extra Strong<\/strong> fr\u00e5n <strong data-start=\"1903\" data-end=\"1916\">Veloop.se<\/strong> \u2013 en kraftfull tobaksklassiker f\u00f6r dig som uppskattar den rena, starka snusupplevelsen.<\/p>","protected":false},"excerpt":{"rendered":"<h1 class=\"mb-16 sm:mb-24\">General L\u00f6ssnus Extra Strong<\/h1>\n<h2 data-start=\"432\" data-end=\"497\">General L\u00f6ssnus Extra Strong \u2013 Klassisk smak i kraftfull form<\/h2>\n<p><strong data-start=\"2029\" data-end=\"2061\">General L\u00f6ssnus Extra Strong<\/strong> \u00e4r en klassisk och kraftfull l\u00f6ssnus med Generalsmak och h\u00f6g nikotinhalt \u2013 perfekt f\u00f6r dig som gillar tradition och styrka.<br data-start=\"2185\" data-end=\"2188\" \/>\ud83d\udc49 F\u00f6redrar du portion? Kolla v\u00e5rt <a class=\"\" href=\"https:\/\/snus-malmo.se\/sv\/white-portion\/\" target=\"_new\" rel=\"noopener\" data-start=\"2223\" data-end=\"2290\"><strong data-start=\"2224\" data-end=\"2255\">White Portion-sortiment h\u00e4r<\/strong><\/a>.<\/p>","protected":false},"featured_media":61479,"comment_status":"open","ping_status":"closed","template":"","meta":[],"product_brand":[],"product_cat":[355,88,276,368],"product_tag":[],"class_list":{"0":"post-54482","1":"product","2":"type-product","3":"status-publish","4":"has-post-thumbnail","6":"product_cat-extra-strongextra-stark","7":"product_cat-general","8":"product_cat-los-snus","9":"product_cat-snus-tobakssnus-traditionellt-snus","11":"first","12":"instock","13":"taxable","14":"shipping-taxable","15":"purchasable","16":"product-type-variable"},"_links":{"self":[{"href":"https:\/\/snus-malmo.se\/sv\/wp-json\/wp\/v2\/product\/54482","targetHints":{"allow":["GET"]}}],"collection":[{"href":"https:\/\/snus-malmo.se\/sv\/wp-json\/wp\/v2\/product"}],"about":[{"href":"https:\/\/snus-malmo.se\/sv\/wp-json\/wp\/v2\/types\/product"}],"replies":[{"embeddable":true,"href":"https:\/\/snus-malmo.se\/sv\/wp-json\/wp\/v2\/comments?post=54482"}],"version-history":[{"count":0,"href":"https:\/\/snus-malmo.se\/sv\/wp-json\/wp\/v2\/product\/54482\/revisions"}],"wp:featuredmedia":[{"embeddable":true,"href":"https:\/\/snus-malmo.se\/sv\/wp-json\/wp\/v2\/media\/61479"}],"wp:attachment":[{"href":"https:\/\/snus-malmo.se\/sv\/wp-json\/wp\/v2\/media?parent=54482"}],"wp:term":[{"taxonomy":"product_brand","embeddable":true,"href":"https:\/\/snus-malmo.se\/sv\/wp-json\/wp\/v2\/product_brand?post=54482"},{"taxonomy":"product_cat","embeddable":true,"href":"https:\/\/snus-malmo.se\/sv\/wp-json\/wp\/v2\/product_cat?post=54482"},{"taxonomy":"product_tag","embeddable":true,"href":"https:\/\/snus-malmo.se\/sv\/wp-json\/wp\/v2\/product_tag?post=54482"}],"curies":[{"name":"wp","href":"https:\/\/api.w.org\/{rel}","templated":true}]}}