{"id":54487,"date":"2025-05-23T16:58:17","date_gmt":"2025-05-23T16:58:17","guid":{"rendered":"https:\/\/snus-malmo.se\/?post_type=product&#038;p=54487"},"modified":"2025-07-23T23:25:29","modified_gmt":"2025-07-23T23:25:29","slug":"goteborgs-prima-fint-lossnus","status":"publish","type":"product","link":"https:\/\/snus-malmo.se\/sv\/produkt\/goteborgs-prima-fint-lossnus\/","title":{"rendered":"G\u00f6teborgs Prima Fint L\u00f6ssnus"},"content":{"rendered":"<article class=\"product-text\">G\u00f6teborgs Prima Fint \u00e4r ett av de \u00e4ldre snusm\u00e4rkena. Smaken pr\u00e4glas framf\u00f6rallt av rund tobakssmak tillsammans med en viss r\u00f6kighet och inslag av nypon och torkad frukt. En klassiker fr\u00e5n 1919!<\/article>\n<article class=\"product-text\">G\u00f6teborgs Prima Fint L\u00f6s \u00e4r en riktig l\u00e5ngk\u00f6rare som funnits i n\u00e4stan 100\u00a0\u00e5r.\u00a0Aromen h\u00e4mtas fr\u00e5n en\u00a0mild och rund tobak. Tillsammans med en aning s\u00f6tma fr\u00e5n nypon och torkad frukt, och en viss r\u00f6kighet,\u00a0har detta snusats\u00a0i decennier.<\/p>\n<p>G\u00f6teborgs Prima Fint \u00e4r finmalen, vilket g\u00f6r den enkel att baka. Med all s\u00e4kerhet kommer Prima Fint Snus, originellt tillverkad i G\u00f6teborg, finnas i hundra \u00e5r till. Swedish match kallar snuset: &#8220;En riktig trotj\u00e4nare&#8221;.<\/p>\n<table class=\"product-specs\">\n<thead>\n<tr>\n<th>Fakta om produkten<\/th>\n<th class=\"text-right\"><\/th>\n<\/tr>\n<\/thead>\n<tbody>\n<tr>\n<td class=\"spec-key\">Varum\u00e4rke<\/td>\n<td class=\"spec-value text-right\">G\u00f6teborgs Prima Fint<\/td>\n<\/tr>\n<tr>\n<td class=\"spec-key\">Produkttyp<\/td>\n<td class=\"spec -value text-right\">l\u00f6ssnus<\/td>\n<\/tr>\n<tr>\n<td class=\"spec-key\">Nikotinstyrka<\/td>\n<td class=\"spec -value text-right\">normal<\/td>\n<\/tr>\n<tr>\n<td class=\"spec-key\">Nikotinhalt<\/td>\n<td class=\"spec -value text-right\">7,5 mg\/g<\/td>\n<\/tr>\n<tr>\n<td class=\"spec-key\">Smak<\/td>\n<td class=\"spec -value text-right\">Traditionell<\/td>\n<\/tr>\n<tr>\n<td class=\"spec-key\">Inneh\u00e5ll\/f\u00f6rpackning<\/td>\n<td class=\"spec -value text-right\">42 g<\/td>\n<\/tr>\n<tr>\n<td class=\"spec-key\">Snustyp<\/td>\n<td class=\"spec -value text-right\">Snus, L\u00f6s<\/td>\n<\/tr>\n<tr>\n<td class=\"spec-key\">Format<\/td>\n<td class=\"spec -value text-right\">L\u00f6s<\/td>\n<\/tr>\n<tr>\n<td class=\"spec-key\">Kornighet<\/td>\n<td class=\"spec -value text-right\">Fin<\/td>\n<\/tr>\n<tr>\n<td class=\"spec-key\">Producent<\/td>\n<td class=\"spec-value text-right\">Swedish Match<\/td>\n<\/tr>\n<\/tbody>\n<\/table>\n<\/article>","protected":false},"excerpt":{"rendered":"<article class=\"product-text\">G\u00f6teborgs Prima Fint \u00e4r ett av de \u00e4ldre snusm\u00e4rkena. Smaken pr\u00e4glas framf\u00f6rallt av rund tobakssmak tillsammans med en viss r\u00f6kighet och inslag av nypon och torkad frukt. En klassiker fr\u00e5n 1919!<\/article>\n<article class=\"product-text\">G\u00f6teborgs Prima Fint L\u00f6s \u00e4r en riktig l\u00e5ngk\u00f6rare som funnits i n\u00e4stan 100\u00a0\u00e5r.\u00a0Aromen h\u00e4mtas fr\u00e5n en\u00a0mild och rund tobak. Tillsammans med en aning s\u00f6tma fr\u00e5n nypon och torkad frukt, och en viss r\u00f6kighet,\u00a0har detta snusats\u00a0i decennier.<\/p>\n<\/article>","protected":false},"featured_media":19918,"comment_status":"open","ping_status":"closed","template":"","meta":[],"product_brand":[365],"product_cat":[293,292,276,368],"product_tag":[],"class_list":{"0":"post-54487","1":"product","2":"type-product","3":"status-publish","4":"has-post-thumbnail","6":"product_brand-gteborgs-rap","7":"product_cat-goteborgs-prima-fint","8":"product_cat-goteborgsrape","9":"product_cat-los-snus","10":"product_cat-snus-tobakssnus-traditionellt-snus","12":"first","13":"instock","14":"taxable","15":"shipping-taxable","16":"purchasable","17":"product-type-variable"},"_links":{"self":[{"href":"https:\/\/snus-malmo.se\/sv\/wp-json\/wp\/v2\/product\/54487","targetHints":{"allow":["GET"]}}],"collection":[{"href":"https:\/\/snus-malmo.se\/sv\/wp-json\/wp\/v2\/product"}],"about":[{"href":"https:\/\/snus-malmo.se\/sv\/wp-json\/wp\/v2\/types\/product"}],"replies":[{"embeddable":true,"href":"https:\/\/snus-malmo.se\/sv\/wp-json\/wp\/v2\/comments?post=54487"}],"version-history":[{"count":0,"href":"https:\/\/snus-malmo.se\/sv\/wp-json\/wp\/v2\/product\/54487\/revisions"}],"wp:featuredmedia":[{"embeddable":true,"href":"https:\/\/snus-malmo.se\/sv\/wp-json\/wp\/v2\/media\/19918"}],"wp:attachment":[{"href":"https:\/\/snus-malmo.se\/sv\/wp-json\/wp\/v2\/media?parent=54487"}],"wp:term":[{"taxonomy":"product_brand","embeddable":true,"href":"https:\/\/snus-malmo.se\/sv\/wp-json\/wp\/v2\/product_brand?post=54487"},{"taxonomy":"product_cat","embeddable":true,"href":"https:\/\/snus-malmo.se\/sv\/wp-json\/wp\/v2\/product_cat?post=54487"},{"taxonomy":"product_tag","embeddable":true,"href":"https:\/\/snus-malmo.se\/sv\/wp-json\/wp\/v2\/product_tag?post=54487"}],"curies":[{"name":"wp","href":"https:\/\/api.w.org\/{rel}","templated":true}]}}