{"id":54492,"date":"2025-05-23T16:58:18","date_gmt":"2025-05-23T16:58:18","guid":{"rendered":"https:\/\/snus-malmo.se\/?post_type=product&#038;p=54492"},"modified":"2025-07-27T23:04:43","modified_gmt":"2025-07-27T23:04:43","slug":"roda-lacket-lossnus","status":"publish","type":"product","link":"https:\/\/snus-malmo.se\/sv\/produkt\/roda-lacket-lossnus\/","title":{"rendered":"R\u00f6da Lacket L\u00f6ssnus"},"content":{"rendered":"<article class=\"product-text\">R\u00f6da Lacket L\u00f6s \u00e4r ett mycket finkornigt l\u00f6ssnus. Smaken \u00e4r mild och n\u00e5got fruktig med inslag av lakrits.<\/article>\n<article class=\"product-text\">R\u00f6da Lacket L\u00f6s har varit med l\u00e4nge p\u00e5 den svenska snusscenen! Smaken\u00a0har inslag av fruktighet och tobaken \u00e4r relativt mild och br\u00e4nner inte s\u00e5\u00a0starkt. R\u00f6da Lacket \u00e4r k\u00e4nd\u00a0f\u00f6r att vara enkel att baka, vilket beror p\u00e5 att den \u00e4r mycket finkorning.<\/p>\n<table class=\"product-specs\">\n<thead>\n<tr>\n<th>Fakta om produkten<\/th>\n<th class=\"text-right\"><\/th>\n<\/tr>\n<\/thead>\n<tbody>\n<tr>\n<td class=\"spec-key\">Varum\u00e4rke<\/td>\n<td class=\"spec-value text-right\">R\u00f6da Lacket<\/td>\n<\/tr>\n<tr>\n<td class=\"spec-key\">Produkttyp<\/td>\n<td class=\"spec -value text-right\">l\u00f6ssnus<\/td>\n<\/tr>\n<tr>\n<td class=\"spec-key\">Nikotinstyrka<\/td>\n<td class=\"spec -value text-right\">normal<\/td>\n<\/tr>\n<tr>\n<td class=\"spec-key\">Nikotinhalt<\/td>\n<td class=\"spec -value text-right\">7,5 mg\/g<\/td>\n<\/tr>\n<tr>\n<td class=\"spec-key\">Smak<\/td>\n<td class=\"spec -value text-right\">Traditionell<\/td>\n<\/tr>\n<tr>\n<td class=\"spec-key\">Inneh\u00e5ll\/f\u00f6rpackning<\/td>\n<td class=\"spec -value text-right\">42 g<\/td>\n<\/tr>\n<tr>\n<td class=\"spec-key\">Format<\/td>\n<td class=\"spec -value text-right\">L\u00f6s<\/td>\n<\/tr>\n<tr>\n<td class=\"spec-key\">Kornighet<\/td>\n<td class=\"spec -value text-right\">Fin<\/td>\n<\/tr>\n<tr>\n<td class=\"spec-key\">Producent<\/td>\n<td class=\"spec-value text-right\">Swedish Match<\/td>\n<\/tr>\n<\/tbody>\n<\/table>\n<\/article>","protected":false},"excerpt":{"rendered":"<article class=\"product-text\">R\u00f6da Lacket L\u00f6s \u00e4r ett mycket finkornigt l\u00f6ssnus. Smaken \u00e4r mild och n\u00e5got fruktig med inslag av lakrits.<\/article>\n<article class=\"product-text\">R\u00f6da Lacket L\u00f6s har varit med l\u00e4nge p\u00e5 den svenska snusscenen! Smaken\u00a0har inslag av fruktighet och tobaken \u00e4r relativt mild och br\u00e4nner inte s\u00e5\u00a0starkt. R\u00f6da Lacket \u00e4r k\u00e4nd\u00a0f\u00f6r att vara enkel att baka, vilket beror p\u00e5 att den \u00e4r mycket finkorning.<\/p>\n<\/article>","protected":false},"featured_media":19927,"comment_status":"open","ping_status":"closed","template":"","meta":[],"product_brand":[426],"product_cat":[276,286,368],"product_tag":[],"class_list":{"0":"post-54492","1":"product","2":"type-product","3":"status-publish","4":"has-post-thumbnail","6":"product_brand-rda-lacket","7":"product_cat-los-snus","8":"product_cat-roda-lacket-los","9":"product_cat-snus-tobakssnus-traditionellt-snus","11":"first","12":"instock","13":"taxable","14":"shipping-taxable","15":"purchasable","16":"product-type-variable"},"_links":{"self":[{"href":"https:\/\/snus-malmo.se\/sv\/wp-json\/wp\/v2\/product\/54492","targetHints":{"allow":["GET"]}}],"collection":[{"href":"https:\/\/snus-malmo.se\/sv\/wp-json\/wp\/v2\/product"}],"about":[{"href":"https:\/\/snus-malmo.se\/sv\/wp-json\/wp\/v2\/types\/product"}],"replies":[{"embeddable":true,"href":"https:\/\/snus-malmo.se\/sv\/wp-json\/wp\/v2\/comments?post=54492"}],"version-history":[{"count":0,"href":"https:\/\/snus-malmo.se\/sv\/wp-json\/wp\/v2\/product\/54492\/revisions"}],"wp:featuredmedia":[{"embeddable":true,"href":"https:\/\/snus-malmo.se\/sv\/wp-json\/wp\/v2\/media\/19927"}],"wp:attachment":[{"href":"https:\/\/snus-malmo.se\/sv\/wp-json\/wp\/v2\/media?parent=54492"}],"wp:term":[{"taxonomy":"product_brand","embeddable":true,"href":"https:\/\/snus-malmo.se\/sv\/wp-json\/wp\/v2\/product_brand?post=54492"},{"taxonomy":"product_cat","embeddable":true,"href":"https:\/\/snus-malmo.se\/sv\/wp-json\/wp\/v2\/product_cat?post=54492"},{"taxonomy":"product_tag","embeddable":true,"href":"https:\/\/snus-malmo.se\/sv\/wp-json\/wp\/v2\/product_tag?post=54492"}],"curies":[{"name":"wp","href":"https:\/\/api.w.org\/{rel}","templated":true}]}}