{"id":54494,"date":"2025-05-23T16:58:18","date_gmt":"2025-05-23T16:58:18","guid":{"rendered":"https:\/\/snus-malmo.se\/?post_type=product&#038;p=54494"},"modified":"2025-07-25T07:16:32","modified_gmt":"2025-07-25T07:16:32","slug":"mustang-lossnus","status":"publish","type":"product","link":"https:\/\/snus-malmo.se\/sv\/produkt\/mustang-lossnus\/","title":{"rendered":"Mustang L\u00f6ssnus"},"content":{"rendered":"<article class=\"product-text\">Mustang l\u00f6ssnus har en m\u00f6rk och tydlig tobakssmak med inslag av citrus, torkad frukt, lakrits och nypon.<\/article>\n<article class=\"product-text\">Mustang L\u00f6s \u00e4r ett n\u00e5got starkare snus fr\u00e5n Swedish match med cirka 10 mg\/g i nikotinhalt. Smaken \u00e4r m\u00f6rk med tydliga inslag av tobak.<\/article>\n<article class=\"product-text\"><\/article>\n<article class=\"product-text\"><\/article>\n<article class=\"product-text\">\n<table class=\"product-specs\">\n<thead>\n<tr>\n<th>Fakta om produkten<\/th>\n<th class=\"text-right\"><\/th>\n<\/tr>\n<\/thead>\n<tbody>\n<tr>\n<td class=\"spec-key\">Varum\u00e4rke<\/td>\n<td class=\"spec-value text-right\">Mustang<\/td>\n<\/tr>\n<tr>\n<td class=\"spec-key\">Produkttyp<\/td>\n<td class=\"spec -value text-right\">l\u00f6ssnus<\/td>\n<\/tr>\n<tr>\n<td class=\"spec-key\">Nikotinstyrka<\/td>\n<td class=\"spec -value text-right\">normal<\/td>\n<\/tr>\n<tr>\n<td class=\"spec-key\">Nikotinhalt<\/td>\n<td class=\"spec -value text-right\">10 mg\/g<\/td>\n<\/tr>\n<tr>\n<td class=\"spec-key\">Smak<\/td>\n<td class=\"spec -value text-right\">Traditionell<\/td>\n<\/tr>\n<tr>\n<td class=\"spec-key\">Inneh\u00e5ll\/f\u00f6rpackning<\/td>\n<td class=\"spec -value text-right\">42 g<\/td>\n<\/tr>\n<tr>\n<td class=\"spec-key\">Format<\/td>\n<td class=\"spec -value text-right\">L\u00f6s<\/td>\n<\/tr>\n<tr>\n<td class=\"spec-key\">Kornighet<\/td>\n<td class=\"spec -value text-right\">Medel<\/td>\n<\/tr>\n<tr>\n<td class=\"spec-key\">Producent<\/td>\n<td class=\"spec-value text-right\">Swedish Match<\/td>\n<\/tr>\n<\/tbody>\n<\/table>\n<\/article>","protected":false},"excerpt":{"rendered":"<article class=\"product-text\">Mustang l\u00f6ssnus har en m\u00f6rk och tydlig tobakssmak med inslag av citrus, torkad frukt, lakrits och nypon.<\/article>\n<article class=\"product-text\">Mustang L\u00f6s \u00e4r ett n\u00e5got starkare snus fr\u00e5n Swedish match med cirka 10 mg\/g i nikotinhalt. Smaken \u00e4r m\u00f6rk med tydliga inslag av tobak.<\/article>","protected":false},"featured_media":19934,"comment_status":"open","ping_status":"closed","template":"","meta":[],"product_brand":[],"product_cat":[276],"product_tag":[],"class_list":{"0":"post-54494","1":"product","2":"type-product","3":"status-publish","4":"has-post-thumbnail","6":"product_cat-los-snus","8":"first","9":"instock","10":"taxable","11":"shipping-taxable","12":"purchasable","13":"product-type-variable"},"_links":{"self":[{"href":"https:\/\/snus-malmo.se\/sv\/wp-json\/wp\/v2\/product\/54494","targetHints":{"allow":["GET"]}}],"collection":[{"href":"https:\/\/snus-malmo.se\/sv\/wp-json\/wp\/v2\/product"}],"about":[{"href":"https:\/\/snus-malmo.se\/sv\/wp-json\/wp\/v2\/types\/product"}],"replies":[{"embeddable":true,"href":"https:\/\/snus-malmo.se\/sv\/wp-json\/wp\/v2\/comments?post=54494"}],"version-history":[{"count":0,"href":"https:\/\/snus-malmo.se\/sv\/wp-json\/wp\/v2\/product\/54494\/revisions"}],"wp:featuredmedia":[{"embeddable":true,"href":"https:\/\/snus-malmo.se\/sv\/wp-json\/wp\/v2\/media\/19934"}],"wp:attachment":[{"href":"https:\/\/snus-malmo.se\/sv\/wp-json\/wp\/v2\/media?parent=54494"}],"wp:term":[{"taxonomy":"product_brand","embeddable":true,"href":"https:\/\/snus-malmo.se\/sv\/wp-json\/wp\/v2\/product_brand?post=54494"},{"taxonomy":"product_cat","embeddable":true,"href":"https:\/\/snus-malmo.se\/sv\/wp-json\/wp\/v2\/product_cat?post=54494"},{"taxonomy":"product_tag","embeddable":true,"href":"https:\/\/snus-malmo.se\/sv\/wp-json\/wp\/v2\/product_tag?post=54494"}],"curies":[{"name":"wp","href":"https:\/\/api.w.org\/{rel}","templated":true}]}}