{"id":54516,"date":"2025-05-23T16:58:20","date_gmt":"2025-05-23T16:58:20","guid":{"rendered":"https:\/\/snus-malmo.se\/?post_type=product&#038;p=54516"},"modified":"2025-11-22T09:04:55","modified_gmt":"2025-11-22T09:04:55","slug":"dunderprillan-pase","status":"publish","type":"product","link":"https:\/\/snus-malmo.se\/sv\/produkt\/dunderprillan-pase\/","title":{"rendered":"Dunderprillan P\u00e5se"},"content":{"rendered":"<article class=\"product-text\">G\u00f6r ditt eget portionssnus med nya Prillan Brown Gold P\u00e5se! Snusets portioner \u00e4r bruna och smaken \u00e4r tobaksn\u00e4ra. Prillan Brown Gold P\u00e5se fungerar precis som andra Prillan-satser.<br \/>\n<em>Snussatsen inneh\u00e5ller ca 500 portioner (450-500).<\/em><\/article>\n<article class=\"product-text\"><\/article>\n<article class=\"product-text\">Prillan Brown Gold \u00e4r ett portionssnus som du g\u00f6r hemma. Allt du beh\u00f6ver g\u00f6ra \u00e4r att blanda portionerna med vatten, salt och eventuella smaker. Efter blandningen beh\u00f6ver snussatsen bara st\u00e5 i kylen i ca tv\u00e5 dygn.Klart, sv\u00e5rare \u00e4n s\u00e5 blir det inte!<\/p>\n<p><strong>F\u00f6rdelar med att g\u00f6ra eget portionssnus:<\/strong><br \/>\n&#8211; Priset \u00e4r annorlunda, j\u00e4mf\u00f6rt med snus fr\u00e5n aff\u00e4ren.<br \/>\n&#8211; Du best\u00e4mmer sj\u00e4lv smak och torrhet.<br \/>\n&#8211; V\u00e4ldigt enkelt att tillreda!<\/p>\n<p><strong>Tips f\u00f6r en j\u00e4mn f\u00f6rdelning av fukt och smak:<\/strong><br \/>\n1. L\u00f6s upp en r\u00e5gad matsked salt: (ca 20g) i 1.4-1.6 dl hett vatten.<br \/>\n2. H\u00e4ll i snuskrydda (om du valt detta)<br \/>\n3. Anv\u00e4nd en sprayflaska f\u00f6r att f\u00e5 en j\u00e4mnare f\u00f6rdelning av v\u00e4tskan<br \/>\n4. L\u00e5t sedan produkten j\u00e4sa som vanligt i kylsk\u00e5pet i ca 2 dygn.<\/p>\n<p>Antalet prillor kan numera variera n\u00e5got, d\u00e5 varje p\u00e5se m\u00e5ste v\u00e4ga exakt lika mycket.<\/p>\n<table class=\"product-specs\">\n<thead>\n<tr>\n<th>Fakta om produkten<\/th>\n<th class=\"text-right\"><\/th>\n<\/tr>\n<\/thead>\n<tbody>\n<tr>\n<td class=\"spec-key\">Varum\u00e4rke<\/td>\n<td class=\"spec-value text-right\">Prillan<\/td>\n<\/tr>\n<tr>\n<td class=\"spec-key\">Produkttyp<\/td>\n<td class=\"spec -value text-right\">snussats portion<\/td>\n<\/tr>\n<tr>\n<td class=\"spec-key\">Nikotinstyrka<\/td>\n<td class=\"spec -value text-right\">normal<\/td>\n<\/tr>\n<tr>\n<td class=\"spec-key\">Pris\/dosa<\/td>\n<td class=\"spec -value text-right\">Fr\u00e5n 11,9<\/td>\n<\/tr>\n<tr>\n<td class=\"spec-key\">F\u00e4rdiga dosor<\/td>\n<td class=\"spec -value text-right\">21<\/td>\n<\/tr>\n<tr>\n<td class=\"spec-key\">Producent<\/td>\n<td class=\"spec-value text-right\">Prillan<\/td>\n<\/tr>\n<\/tbody>\n<\/table>\n<\/article>","protected":false},"excerpt":{"rendered":"<article class=\"product-text\">G\u00f6r ditt eget portionssnus med nya Prillan Brown Gold P\u00e5se! Snusets portioner \u00e4r bruna och smaken \u00e4r tobaksn\u00e4ra. Prillan Brown Gold P\u00e5se fungerar precis som andra Prillan-satser.<br \/>\n<em>Snussatsen inneh\u00e5ller ca 500 portioner (450-500).<\/em><\/article>\n<article class=\"product-text\"><\/article>\n<article class=\"product-text\">Prillan Brown Gold \u00e4r ett portionssnus som du g\u00f6r hemma. Allt du beh\u00f6ver g\u00f6ra \u00e4r att blanda portionerna med vatten, salt och eventuella smaker. Efter blandningen beh\u00f6ver snussatsen bara st\u00e5 i kylen i ca tv\u00e5 dygn.Klart, sv\u00e5rare \u00e4n s\u00e5 blir det inte!<\/p>\n<p><strong>F\u00f6rdelar med att g\u00f6ra eget portionssnus:<\/strong><br \/>\n&#8211; Priset \u00e4r annorlunda, j\u00e4mf\u00f6rt med snus fr\u00e5n aff\u00e4ren.<br \/>\n&#8211; Du best\u00e4mmer sj\u00e4lv smak och torrhet.<br \/>\n&#8211; V\u00e4ldigt enkelt att tillreda!<\/p>\n<\/article>","protected":false},"featured_media":19974,"comment_status":"open","ping_status":"closed","template":"","meta":[],"product_brand":[],"product_cat":[73,113,368,138,282,354,283],"product_tag":[],"class_list":{"0":"post-54516","1":"product","2":"type-product","3":"status-publish","4":"has-post-thumbnail","6":"product_cat-portionssnus","7":"product_cat-prillan","8":"product_cat-snus-tobakssnus-traditionellt-snus","9":"product_cat-snussatser-portion","10":"product_cat-snustillbehor","11":"product_cat-strongstark","12":"product_cat-tillbehor-gora-eget-snus","14":"first","15":"instock","16":"taxable","17":"shipping-taxable","18":"purchasable","19":"product-type-variable"},"_links":{"self":[{"href":"https:\/\/snus-malmo.se\/sv\/wp-json\/wp\/v2\/product\/54516","targetHints":{"allow":["GET"]}}],"collection":[{"href":"https:\/\/snus-malmo.se\/sv\/wp-json\/wp\/v2\/product"}],"about":[{"href":"https:\/\/snus-malmo.se\/sv\/wp-json\/wp\/v2\/types\/product"}],"replies":[{"embeddable":true,"href":"https:\/\/snus-malmo.se\/sv\/wp-json\/wp\/v2\/comments?post=54516"}],"version-history":[{"count":0,"href":"https:\/\/snus-malmo.se\/sv\/wp-json\/wp\/v2\/product\/54516\/revisions"}],"wp:featuredmedia":[{"embeddable":true,"href":"https:\/\/snus-malmo.se\/sv\/wp-json\/wp\/v2\/media\/19974"}],"wp:attachment":[{"href":"https:\/\/snus-malmo.se\/sv\/wp-json\/wp\/v2\/media?parent=54516"}],"wp:term":[{"taxonomy":"product_brand","embeddable":true,"href":"https:\/\/snus-malmo.se\/sv\/wp-json\/wp\/v2\/product_brand?post=54516"},{"taxonomy":"product_cat","embeddable":true,"href":"https:\/\/snus-malmo.se\/sv\/wp-json\/wp\/v2\/product_cat?post=54516"},{"taxonomy":"product_tag","embeddable":true,"href":"https:\/\/snus-malmo.se\/sv\/wp-json\/wp\/v2\/product_tag?post=54516"}],"curies":[{"name":"wp","href":"https:\/\/api.w.org\/{rel}","templated":true}]}}