{"id":54521,"date":"2025-05-23T16:58:20","date_gmt":"2025-05-23T16:58:20","guid":{"rendered":"https:\/\/snus-malmo.se\/?post_type=product&#038;p=54521"},"modified":"2025-11-22T09:04:32","modified_gmt":"2025-11-22T09:04:32","slug":"prillan-500-pase","status":"publish","type":"product","link":"https:\/\/snus-malmo.se\/sv\/produkt\/prillan-500-pase\/","title":{"rendered":"Prillan 500 p\u00e5se"},"content":{"rendered":"<p>G\u00f6r ditt eget snus med Prillan 500 P\u00e5se! Det \u00e4r enkelt, du blandar bara de f\u00e4rdiga portionerna med vatten och smaks\u00e4tter det efter tycke och smak med v\u00e5ra snuskryddor.<br \/>\n<em>Snussatsen inneh\u00e5ller ca 500 portioner (450-500).<\/em><\/p>\n<p>Prillan 500\u00a0\u00e4r ett f\u00e4rdigt portionssnus som endast beh\u00f6ver blandas med vatten och salt. Du kan \u00e4ven blanda i snusaromer f\u00f6r att f\u00e5 till din favoritsmak.\u00a0N\u00e4r du blandat klart beh\u00f6ver prillorna f\u00f6rvaras ungef\u00e4r tv\u00e5 dygn i kylen. Sen \u00e4r det bara att b\u00f6rja snusa.<\/p>\n<p><strong>Tips f\u00f6r en j\u00e4mn f\u00f6rdelning av fukt och smak:<\/strong><br \/>\n1. L\u00f6s upp en r\u00e5gad matsked salt: (ca 20g) i 1.4-1.6 dl hett vatten.<br \/>\n2. H\u00e4ll i snuskrydda (om du valt detta)<br \/>\n3. Anv\u00e4nd en sprayflaska f\u00f6r att f\u00e5 en j\u00e4mnare f\u00f6rdelning av v\u00e4tskan<br \/>\n4. L\u00e5t sedan produkten j\u00e4sa som vanligt i kylsk\u00e5pet i ca 2 dygn.<\/p>\n<p><strong>F\u00f6rdelarna med att g\u00f6ra eget portionssnus:<\/strong><br \/>\n&#8211; Priset \u00e4r inte detsamma som f\u00e4rdigproducerat snus.<br \/>\n&#8211; Du best\u00e4mmer sj\u00e4lv hur du vill ha ditt snus. Reglera vattenm\u00e4ngden och smaken precis som du vill.<br \/>\n&#8211; Superenkelt!<\/p>\n<p>Antalet prillor kan numera variera n\u00e5got, d\u00e5 det m\u00e5ste vara\u00a0exakt samma vikt p\u00e5 alla portionsp\u00e5sar.<\/p>\n<table class=\"product-specs\">\n<thead>\n<tr>\n<th>Fakta om produkten<\/th>\n<th class=\"text-right\"><\/th>\n<\/tr>\n<\/thead>\n<tbody>\n<tr>\n<td class=\"spec-key\">Varum\u00e4rke<\/td>\n<td class=\"spec-value text-right\">Prillan<\/td>\n<\/tr>\n<tr>\n<td class=\"spec-key\">Produkttyp<\/td>\n<td class=\"spec -value text-right\">snussats portion<\/td>\n<\/tr>\n<tr>\n<td class=\"spec-key\">Nikotinstyrka<\/td>\n<td class=\"spec -value text-right\">normal<\/td>\n<\/tr>\n<tr>\n<td class=\"spec-key\">Pris\/dosa<\/td>\n<td class=\"spec -value text-right\">Fr\u00e5n 11,9 kr<\/td>\n<\/tr>\n<tr>\n<td class=\"spec-key\">F\u00e4rdiga dosor<\/td>\n<td class=\"spec -value text-right\">21<\/td>\n<\/tr>\n<tr>\n<td class=\"spec-key\">Producent<\/td>\n<td class=\"spec-value text-right\">Prillan<\/td>\n<\/tr>\n<\/tbody>\n<\/table>","protected":false},"excerpt":{"rendered":"<p>G\u00f6r ditt eget snus med Prillan 500 P\u00e5se! Det \u00e4r enkelt, du blandar bara de f\u00e4rdiga portionerna med vatten och smaks\u00e4tter det efter tycke och smak med v\u00e5ra snuskryddor.<br \/>\n<em>Snussatsen inneh\u00e5ller ca 500 portioner (450-500).<\/em><\/p>\n<p>Prillan 500\u00a0\u00e4r ett f\u00e4rdigt portionssnus som endast beh\u00f6ver blandas med vatten och salt. Du kan \u00e4ven blanda i snusaromer f\u00f6r att f\u00e5 till din favoritsmak.\u00a0N\u00e4r du blandat klart beh\u00f6ver prillorna f\u00f6rvaras ungef\u00e4r tv\u00e5 dygn i kylen. Sen \u00e4r det bara att b\u00f6rja snusa.<\/p>","protected":false},"featured_media":19977,"comment_status":"open","ping_status":"closed","template":"","meta":[],"product_brand":[],"product_cat":[73,113,368,138,283],"product_tag":[],"class_list":{"0":"post-54521","1":"product","2":"type-product","3":"status-publish","4":"has-post-thumbnail","6":"product_cat-portionssnus","7":"product_cat-prillan","8":"product_cat-snus-tobakssnus-traditionellt-snus","9":"product_cat-snussatser-portion","10":"product_cat-tillbehor-gora-eget-snus","12":"first","13":"instock","14":"taxable","15":"shipping-taxable","16":"purchasable","17":"product-type-variable"},"_links":{"self":[{"href":"https:\/\/snus-malmo.se\/sv\/wp-json\/wp\/v2\/product\/54521","targetHints":{"allow":["GET"]}}],"collection":[{"href":"https:\/\/snus-malmo.se\/sv\/wp-json\/wp\/v2\/product"}],"about":[{"href":"https:\/\/snus-malmo.se\/sv\/wp-json\/wp\/v2\/types\/product"}],"replies":[{"embeddable":true,"href":"https:\/\/snus-malmo.se\/sv\/wp-json\/wp\/v2\/comments?post=54521"}],"version-history":[{"count":0,"href":"https:\/\/snus-malmo.se\/sv\/wp-json\/wp\/v2\/product\/54521\/revisions"}],"wp:featuredmedia":[{"embeddable":true,"href":"https:\/\/snus-malmo.se\/sv\/wp-json\/wp\/v2\/media\/19977"}],"wp:attachment":[{"href":"https:\/\/snus-malmo.se\/sv\/wp-json\/wp\/v2\/media?parent=54521"}],"wp:term":[{"taxonomy":"product_brand","embeddable":true,"href":"https:\/\/snus-malmo.se\/sv\/wp-json\/wp\/v2\/product_brand?post=54521"},{"taxonomy":"product_cat","embeddable":true,"href":"https:\/\/snus-malmo.se\/sv\/wp-json\/wp\/v2\/product_cat?post=54521"},{"taxonomy":"product_tag","embeddable":true,"href":"https:\/\/snus-malmo.se\/sv\/wp-json\/wp\/v2\/product_tag?post=54521"}],"curies":[{"name":"wp","href":"https:\/\/api.w.org\/{rel}","templated":true}]}}