{"id":54531,"date":"2025-05-23T16:58:21","date_gmt":"2025-05-23T16:58:21","guid":{"rendered":"https:\/\/snus-malmo.se\/?post_type=product&#038;p=54531"},"modified":"2025-11-22T09:04:22","modified_gmt":"2025-11-22T09:04:22","slug":"prillan-white-500-pase","status":"publish","type":"product","link":"https:\/\/snus-malmo.se\/sv\/produkt\/prillan-white-500-pase\/","title":{"rendered":"Prillan White 500 p\u00e5se"},"content":{"rendered":"<div class=\"product__description rte quick-add-hidden\">\n<p>G\u00f6r dina egna snusportioner med Prillan White 500 P\u00e5se. Snuset \u00e4r vitt och har en traditionell tobakssmak.<br \/>\n<em>Snussatsen inneh\u00e5ller ca 500 portioner (450-500).<\/em><\/p>\n<h2>Om produkten Prillan White 500 p\u00e5se<\/h2>\n<p>Prillan White 500 ger dig ett white-snus i f\u00e4rdig form efter att portionerna blandats med vatten och salt. Du kan \u00e4ven tills\u00e4tta snuskrydda efter \u00f6nskem\u00e5l. Efter blandning beh\u00f6ver snuset st\u00e5 i kylen i ungef\u00e4r tv\u00e5 dygn. Du kan ocks\u00e5 snusa prillorna som de \u00e4r, utan att tills\u00e4tta vatten.<\/p>\n<p><strong>Tips f\u00f6r en j\u00e4mn f\u00f6rdelning av fukt och smak:<\/strong><br \/>\n1. L\u00f6s upp en r\u00e5gad matsked salt: (ca 20g) i 1.4-1.6 dl hett vatten.<br \/>\n2. H\u00e4ll i snuskrydda (om du valt detta)<br \/>\n3. Anv\u00e4nd en sprayflaska f\u00f6r att f\u00e5 en j\u00e4mnare f\u00f6rdelning av v\u00e4tskan<br \/>\n4. L\u00e5t sedan produkten j\u00e4sa som vanligt i kylsk\u00e5pet i ca 2 dygn.<\/p>\n<p>Antalet prillor kan numera variera n\u00e5got. Detta p\u00e5 grund av att varje p\u00e5se m\u00e5ste v\u00e4ga exakt lika mycket.<\/p>\n<table class=\"product-specs\">\n<thead>\n<tr>\n<th>Fakta om produkten<\/th>\n<th class=\"text-right\"><\/th>\n<\/tr>\n<\/thead>\n<tbody>\n<tr>\n<td class=\"spec-key\">Varum\u00e4rke<\/td>\n<td class=\"spec-value text-right\">Prillan<\/td>\n<\/tr>\n<tr>\n<td class=\"spec-key\">Produkttyp<\/td>\n<td class=\"spec -value text-right\">snussats portion<\/td>\n<\/tr>\n<tr>\n<td class=\"spec-key\">Nikotinstyrka<\/td>\n<td class=\"spec -value text-right\">normal<\/td>\n<\/tr>\n<tr>\n<td class=\"spec-key\">F\u00e4rdiga dosor<\/td>\n<td class=\"spec -value text-right\">21<\/td>\n<\/tr>\n<tr>\n<td class=\"spec-key\">Producent<\/td>\n<td class=\"spec-value text-right\">Prillan<\/td>\n<\/tr>\n<\/tbody>\n<\/table>\n<\/div>\n<p>&nbsp;<\/p>","protected":false},"excerpt":{"rendered":"<p>G\u00f6r dina egna snusportioner med Prillan White 500 P\u00e5se. Snuset \u00e4r vitt och har en traditionell tobakssmak.<br \/>\n<em>Snussatsen inneh\u00e5ller ca 500 portioner (450-500).<\/em><\/p>\n<h2>Om produkten Prillan White 500 p\u00e5se<\/h2>\n<p>Prillan White 500 ger dig ett white-snus i f\u00e4rdig form efter att portionerna blandats med vatten och salt. Du kan \u00e4ven tills\u00e4tta snuskrydda efter \u00f6nskem\u00e5l. Efter blandning beh\u00f6ver snuset st\u00e5 i kylen i ungef\u00e4r tv\u00e5 dygn. Du kan ocks\u00e5 snusa prillorna som de \u00e4r, utan att tills\u00e4tta vatten.<\/p>","protected":false},"featured_media":19993,"comment_status":"open","ping_status":"closed","template":"","meta":[],"product_brand":[],"product_cat":[113,368,138,282,283],"product_tag":[],"class_list":{"0":"post-54531","1":"product","2":"type-product","3":"status-publish","4":"has-post-thumbnail","6":"product_cat-prillan","7":"product_cat-snus-tobakssnus-traditionellt-snus","8":"product_cat-snussatser-portion","9":"product_cat-snustillbehor","10":"product_cat-tillbehor-gora-eget-snus","12":"first","13":"instock","14":"taxable","15":"shipping-taxable","16":"purchasable","17":"product-type-variable"},"_links":{"self":[{"href":"https:\/\/snus-malmo.se\/sv\/wp-json\/wp\/v2\/product\/54531","targetHints":{"allow":["GET"]}}],"collection":[{"href":"https:\/\/snus-malmo.se\/sv\/wp-json\/wp\/v2\/product"}],"about":[{"href":"https:\/\/snus-malmo.se\/sv\/wp-json\/wp\/v2\/types\/product"}],"replies":[{"embeddable":true,"href":"https:\/\/snus-malmo.se\/sv\/wp-json\/wp\/v2\/comments?post=54531"}],"version-history":[{"count":0,"href":"https:\/\/snus-malmo.se\/sv\/wp-json\/wp\/v2\/product\/54531\/revisions"}],"wp:featuredmedia":[{"embeddable":true,"href":"https:\/\/snus-malmo.se\/sv\/wp-json\/wp\/v2\/media\/19993"}],"wp:attachment":[{"href":"https:\/\/snus-malmo.se\/sv\/wp-json\/wp\/v2\/media?parent=54531"}],"wp:term":[{"taxonomy":"product_brand","embeddable":true,"href":"https:\/\/snus-malmo.se\/sv\/wp-json\/wp\/v2\/product_brand?post=54531"},{"taxonomy":"product_cat","embeddable":true,"href":"https:\/\/snus-malmo.se\/sv\/wp-json\/wp\/v2\/product_cat?post=54531"},{"taxonomy":"product_tag","embeddable":true,"href":"https:\/\/snus-malmo.se\/sv\/wp-json\/wp\/v2\/product_tag?post=54531"}],"curies":[{"name":"wp","href":"https:\/\/api.w.org\/{rel}","templated":true}]}}