{"id":54648,"date":"2025-05-23T16:58:30","date_gmt":"2025-05-23T16:58:30","guid":{"rendered":"https:\/\/snus-malmo.se\/?post_type=product&#038;p=54648"},"modified":"2025-11-24T20:32:40","modified_gmt":"2025-11-24T20:32:40","slug":"velo-simply-spearmint-mini","status":"publish","type":"product","link":"https:\/\/snus-malmo.se\/sv\/produkt\/velo-simply-spearmint-mini\/","title":{"rendered":"VELO Simply Spearmint Mini"},"content":{"rendered":"<h1>VELO Simply Spearmint Mini<\/h1>\n<h2 data-start=\"256\" data-end=\"335\">VELO Simply Spearmint Mini \u2013 Mild och fr\u00e4sch spearmint i smidigt mini-format<\/h2>\n<p data-start=\"337\" data-end=\"661\"><strong data-start=\"337\" data-end=\"367\">VELO Simply Spearmint Mini<\/strong> \u00e4r ett <strong data-start=\"375\" data-end=\"400\">tobaksfritt vitt snus<\/strong> med en <strong data-start=\"408\" data-end=\"442\">ren och mjuk smak av spearmint<\/strong> \u2013 ett perfekt val f\u00f6r dig som vill ha en <strong data-start=\"484\" data-end=\"530\">diskret och uppfriskande nikotinupplevelse<\/strong>. Den balanserade smaken av gr\u00f6nmint ger en mjuk kyla utan att ta \u00f6ver \u2013 vilket g\u00f6r den utm\u00e4rkt f\u00f6r b\u00e5de nya och erfarna anv\u00e4ndare.<\/p>\n<p data-start=\"663\" data-end=\"840\">Formatet \u00e4r <strong data-start=\"675\" data-end=\"683\">mini<\/strong>, vilket inneb\u00e4r sm\u00e5, n\u00e4tta portioner som \u00e4r diskreta under l\u00e4ppen men \u00e4nd\u00e5 levererar en tydlig nikotinkick. En <strong data-start=\"795\" data-end=\"820\">fr\u00e4sch vardagsfavorit<\/strong> i ett litet format.<\/p>\n<hr data-start=\"842\" data-end=\"845\" \/>\n<h3 data-start=\"847\" data-end=\"893\">\u2714\ufe0f F\u00f6rdelar med VELO Simply Spearmint Mini<\/h3>\n<ul data-start=\"895\" data-end=\"1142\">\n<li data-start=\"895\" data-end=\"938\">\n<p data-start=\"897\" data-end=\"938\"><strong data-start=\"897\" data-end=\"936\">Mild och uppfriskande spearmintsmak<\/strong><\/p>\n<\/li>\n<li data-start=\"939\" data-end=\"987\">\n<p data-start=\"941\" data-end=\"987\"><strong data-start=\"941\" data-end=\"985\">Mini-format \u2013 litet, diskret och bekv\u00e4mt<\/strong><\/p>\n<\/li>\n<li data-start=\"988\" data-end=\"1033\">\n<p data-start=\"990\" data-end=\"1033\"><strong data-start=\"990\" data-end=\"1031\">Tobaksfritt och vitt snus med nikotin<\/strong><\/p>\n<\/li>\n<li data-start=\"1034\" data-end=\"1091\">\n<p data-start=\"1036\" data-end=\"1091\"><strong data-start=\"1036\" data-end=\"1089\">Perfekt f\u00f6r dig som s\u00f6ker en mild men tydlig smak<\/strong><\/p>\n<\/li>\n<li data-start=\"1092\" data-end=\"1142\">\n<p data-start=\"1094\" data-end=\"1142\"><strong data-start=\"1094\" data-end=\"1142\">Tillverkat av British American Tobacco (BAT)<\/strong><\/p>\n<\/li>\n<\/ul>\n<hr data-start=\"1144\" data-end=\"1147\" \/>\n<h3 data-start=\"1149\" data-end=\"1179\">\ud83c\udf3f Produktspecifikationer:<\/h3>\n<ul data-start=\"1181\" data-end=\"1427\">\n<li data-start=\"1181\" data-end=\"1224\">\n<p data-start=\"1183\" data-end=\"1224\"><strong data-start=\"1183\" data-end=\"1195\">Produkt:<\/strong> VELO Simply Spearmint Mini<\/p>\n<\/li>\n<li data-start=\"1225\" data-end=\"1259\">\n<p data-start=\"1227\" data-end=\"1259\"><strong data-start=\"1227\" data-end=\"1236\">Smak:<\/strong> Spearmint (gr\u00f6nmint)<\/p>\n<\/li>\n<li data-start=\"1260\" data-end=\"1296\">\n<p data-start=\"1262\" data-end=\"1296\"><strong data-start=\"1262\" data-end=\"1270\">Typ:<\/strong> Vitt snus (tobaksfritt)<\/p>\n<\/li>\n<li data-start=\"1297\" data-end=\"1317\">\n<p data-start=\"1299\" data-end=\"1317\"><strong data-start=\"1299\" data-end=\"1310\">Format:<\/strong> Mini<\/p>\n<\/li>\n<li data-start=\"1318\" data-end=\"1340\">\n<p data-start=\"1320\" data-end=\"1340\"><strong data-start=\"1320\" data-end=\"1331\">Styrka:<\/strong> Normal<\/p>\n<\/li>\n<li data-start=\"1341\" data-end=\"1377\">\n<p data-start=\"1343\" data-end=\"1377\"><strong data-start=\"1343\" data-end=\"1372\">Antal portioner per dosa:<\/strong> 20<\/p>\n<\/li>\n<li data-start=\"1378\" data-end=\"1427\">\n<p data-start=\"1380\" data-end=\"1427\"><strong data-start=\"1380\" data-end=\"1396\">Tillverkare:<\/strong> British American Tobacco (BAT)<\/p>\n<\/li>\n<\/ul>\n<hr data-start=\"1429\" data-end=\"1432\" \/>\n<h2 data-start=\"1434\" data-end=\"1483\">\ud83c\udf08 Uppt\u00e4ck hela VELO-sortimentet hos Veloop.se<\/h2>\n<p data-start=\"1485\" data-end=\"1608\">Vill du prova fler smaker fr\u00e5n VELO? H\u00e4r \u00e4r hela det uppdaterade sortimentet \u2013 fr\u00e5n mintigt till fruktigt och nikotinfritt:<\/p>\n<ul data-start=\"1610\" data-end=\"3539\">\n<li data-start=\"1610\" data-end=\"1673\">\n<p data-start=\"1612\" data-end=\"1673\"><strong data-start=\"1612\" data-end=\"1638\">VELO Arctic Grapefruit<\/strong> \u2013 Frisk grapefrukt med kylig ton<\/p>\n<\/li>\n<li data-start=\"1674\" data-end=\"1729\">\n<p data-start=\"1676\" data-end=\"1729\"><strong data-start=\"1676\" data-end=\"1699\">VELO Blue Raspberry<\/strong> \u2013 S\u00f6t och syrlig bl\u00e5 hallon<\/p>\n<\/li>\n<li data-start=\"1730\" data-end=\"1780\">\n<p data-start=\"1732\" data-end=\"1780\"><strong data-start=\"1732\" data-end=\"1753\">VELO Blushy Berry<\/strong> \u2013 Mjuk smak av ljusa b\u00e4r<\/p>\n<\/li>\n<li data-start=\"1781\" data-end=\"1834\">\n<p data-start=\"1783\" data-end=\"1834\"><strong data-start=\"1783\" data-end=\"1804\">VELO Breezy Mango<\/strong> \u2013 L\u00e4tt och tropisk mangoton<\/p>\n<\/li>\n<li data-start=\"1835\" data-end=\"1894\">\n<p data-start=\"1837\" data-end=\"1894\"><strong data-start=\"1837\" data-end=\"1867\">VELO Bright Spearmint Mini<\/strong> \u2013 Mild och s\u00f6t spearmint<\/p>\n<\/li>\n<li data-start=\"1895\" data-end=\"1963\">\n<p data-start=\"1897\" data-end=\"1963\"><strong data-start=\"1897\" data-end=\"1928\">VELO Crispy Peppermint Mini<\/strong> \u2013 Stark pepparmint i mini-format<\/p>\n<\/li>\n<li data-start=\"1964\" data-end=\"2040\">\n<p data-start=\"1966\" data-end=\"2040\"><strong data-start=\"1966\" data-end=\"1997\">VELO Crispy Peppermint Slim<\/strong> \u2013 Klassisk pepparmint med kylande effekt<\/p>\n<\/li>\n<li data-start=\"2041\" data-end=\"2114\">\n<p data-start=\"2043\" data-end=\"2114\"><strong data-start=\"2043\" data-end=\"2074\">VELO Crispy Peppermint Zero<\/strong> \u2013 Tobaksfri och nikotinfri pepparmint<\/p>\n<\/li>\n<li data-start=\"2115\" data-end=\"2198\">\n<p data-start=\"2117\" data-end=\"2198\"><strong data-start=\"2117\" data-end=\"2153\">VELO Freezing Peppermint 10,9 MG<\/strong> \u2013 Isig och frisk pepparmint, medium styrka<\/p>\n<\/li>\n<li data-start=\"2199\" data-end=\"2271\">\n<p data-start=\"2201\" data-end=\"2271\"><strong data-start=\"2201\" data-end=\"2235\">VELO Freezing Peppermint 14 MG<\/strong> \u2013 Iskall pepparmint, stark styrka<\/p>\n<\/li>\n<li data-start=\"2272\" data-end=\"2341\">\n<p data-start=\"2274\" data-end=\"2341\"><strong data-start=\"2274\" data-end=\"2308\">VELO Freezing Peppermint 17 MG<\/strong> \u2013 Maxad kyla och nikotinstyrka<\/p>\n<\/li>\n<li data-start=\"2342\" data-end=\"2407\">\n<p data-start=\"2344\" data-end=\"2407\"><strong data-start=\"2344\" data-end=\"2368\">VELO Green Spearmint<\/strong> \u2013 Fr\u00e4sch spearmint med mjuk karakt\u00e4r<\/p>\n<\/li>\n<li data-start=\"2408\" data-end=\"2476\">\n<p data-start=\"2410\" data-end=\"2476\"><strong data-start=\"2410\" data-end=\"2436\">VELO Groovy Grape Mini<\/strong> \u2013 L\u00e4tt och s\u00f6t druvsmak i mini-format<\/p>\n<\/li>\n<li data-start=\"2477\" data-end=\"2529\">\n<p data-start=\"2479\" data-end=\"2529\"><strong data-start=\"2479\" data-end=\"2499\">VELO Icy Berries<\/strong> \u2013 B\u00e4rmix med kylande k\u00e4nsla<\/p>\n<\/li>\n<li data-start=\"2530\" data-end=\"2586\">\n<p data-start=\"2532\" data-end=\"2586\"><strong data-start=\"2532\" data-end=\"2551\">VELO Icy Cherry<\/strong> \u2013 S\u00f6t k\u00f6rsb\u00e4rssmak med sval mint<\/p>\n<\/li>\n<li data-start=\"2587\" data-end=\"2640\">\n<p data-start=\"2589\" data-end=\"2640\"><strong data-start=\"2589\" data-end=\"2608\">VELO Lime Flame<\/strong> \u2013 Syrlig lime med citrussting<\/p>\n<\/li>\n<li data-start=\"2641\" data-end=\"2699\">\n<p data-start=\"2643\" data-end=\"2699\"><strong data-start=\"2643\" data-end=\"2663\">VELO Mango Flame<\/strong> \u2013 Fruktig mango med kryddig hetta<\/p>\n<\/li>\n<li data-start=\"2700\" data-end=\"2758\">\n<p data-start=\"2702\" data-end=\"2758\"><strong data-start=\"2702\" data-end=\"2731\">VELO McLaren Sweet Papaya<\/strong> \u2013 Exotisk och s\u00f6t papaya<\/p>\n<\/li>\n<li data-start=\"2759\" data-end=\"2815\">\n<p data-start=\"2761\" data-end=\"2815\"><strong data-start=\"2761\" data-end=\"2782\">VELO Orange Spark<\/strong> \u2013 Frisk apelsin med citruskick<\/p>\n<\/li>\n<li data-start=\"2816\" data-end=\"2888\">\n<p data-start=\"2818\" data-end=\"2888\"><strong data-start=\"2818\" data-end=\"2843\">VELO Peppermint Storm<\/strong> \u2013 Intensiv pepparmint med kraftfull effekt<\/p>\n<\/li>\n<li data-start=\"2889\" data-end=\"2948\">\n<p data-start=\"2891\" data-end=\"2948\"><strong data-start=\"2891\" data-end=\"2916\">VELO Punchy Lime Mini<\/strong> \u2013 Skarp lime i kompakt format<\/p>\n<\/li>\n<li data-start=\"2949\" data-end=\"3016\">\n<p data-start=\"2951\" data-end=\"3016\"><strong data-start=\"2951\" data-end=\"2977\">VELO Purple Grape Mini<\/strong> \u2013 S\u00f6t och saftig druva i mini-format<\/p>\n<\/li>\n<li data-start=\"3017\" data-end=\"3087\">\n<p data-start=\"3019\" data-end=\"3087\"><strong data-start=\"3019\" data-end=\"3047\">VELO Purple Grape Strong<\/strong> \u2013 Djup druvsmak med stark nikotinkick<\/p>\n<\/li>\n<li data-start=\"3088\" data-end=\"3151\">\n<p data-start=\"3090\" data-end=\"3151\"><strong data-start=\"3090\" data-end=\"3114\">VELO Salty Liquorice<\/strong> \u2013 Saltlakrits med kraftig karakt\u00e4r<\/p>\n<\/li>\n<li data-start=\"3152\" data-end=\"3215\">\n<p data-start=\"3154\" data-end=\"3215\"><strong data-start=\"3154\" data-end=\"3184\">VELO Simply Spearmint Mini<\/strong> \u2013 Enkel och fr\u00e4sch spearmint<\/p>\n<\/li>\n<li data-start=\"3216\" data-end=\"3281\">\n<p data-start=\"3218\" data-end=\"3281\"><strong data-start=\"3218\" data-end=\"3241\">VELO Sour Lime Mini<\/strong> \u2013 Syrlig lime med tydlig citrusprofil<\/p>\n<\/li>\n<li data-start=\"3282\" data-end=\"3349\">\n<p data-start=\"3284\" data-end=\"3349\"><strong data-start=\"3284\" data-end=\"3313\">VELO Tropical Mango 14 MG<\/strong> \u2013 S\u00f6t mango med tropisk fyllighet<\/p>\n<\/li>\n<li data-start=\"3350\" data-end=\"3403\">\n<p data-start=\"3352\" data-end=\"3403\"><strong data-start=\"3352\" data-end=\"3380\">VELO Tropical Mango Zero<\/strong> \u2013 Mango utan nikotin<\/p>\n<\/li>\n<li data-start=\"3404\" data-end=\"3469\">\n<p data-start=\"3406\" data-end=\"3469\"><strong data-start=\"3406\" data-end=\"3437\">VELO Wintry Watermelon Mini<\/strong> \u2013 Vattenmelon med mintig kyla<\/p>\n<\/li>\n<li data-start=\"3470\" data-end=\"3539\">\n<p data-start=\"3472\" data-end=\"3539\"><strong data-start=\"3472\" data-end=\"3498\">VELO Zesty Elderflower<\/strong> \u2013 Blommig fl\u00e4der med frisk citrusnyans<\/p>\n<\/li>\n<\/ul>\n<hr data-start=\"3541\" data-end=\"3544\" \/>\n<h2 data-start=\"3546\" data-end=\"3603\">\ud83d\ude80 K\u00f6p VELO Simply Spearmint Mini online hos Veloop.se<\/h2>\n<p data-start=\"3605\" data-end=\"3760\">Vill du ha <strong data-start=\"3616\" data-end=\"3650\">mild mint i ett diskret format<\/strong>? VELO Simply Spearmint Mini ger dig en <strong data-start=\"3690\" data-end=\"3729\">fr\u00e4sch nikotinupplevelse utan tobak<\/strong> \u2013 perfekt f\u00f6r alla tillf\u00e4llen.<\/p>\n<p data-start=\"3762\" data-end=\"3872\">\ud83d\uded2 <strong data-start=\"3765\" data-end=\"3872\"><a class=\"\" href=\"https:\/\/snus-malmo.se\/sv\/produkt-kategori\/velo\/\" target=\"_new\" rel=\"noopener\" data-start=\"3767\" data-end=\"3870\">Klicka hem din favorit fr\u00e5n VELO idag \u2013 bara hos Veloop.se!<\/a><\/strong><\/p>","protected":false},"excerpt":{"rendered":"<h1>VELO Simply Spearmint Mini<\/h1>\n<h2>VELO Simply Spearmint Mini \u2013 Mild mint i mini-format | Veloop.se<\/h2>\n<p>VELO Simply Spearmint Mini \u2013 tobaksfritt snus med mild och fr\u00e4sch spearmintsmak. Litet och diskret mini-format. K\u00f6p enkelt hos Veloop.se!<\/p>\n<p>\ud83d\uded2 <strong data-start=\"3765\" data-end=\"3872\"><a class=\"\" href=\"https:\/\/snus-malmo.se\/sv\/produkt-kategori\/velo\/\" target=\"_new\" rel=\"noopener\" data-start=\"3767\" data-end=\"3870\">Klicka hem din favorit fr\u00e5n VELO idag \u2013 bara hos Veloop.se!<\/a><\/strong><\/p>","protected":false},"featured_media":60565,"comment_status":"open","ping_status":"closed","template":"","meta":[],"product_brand":[326],"product_cat":[136,79,255],"product_tag":[],"class_list":{"0":"post-54648","1":"product","2":"type-product","3":"status-publish","4":"has-post-thumbnail","6":"product_brand-velo","7":"product_cat-all-whites","8":"product_cat-mini-portion","9":"product_cat-velo","11":"first","12":"instock","13":"taxable","14":"shipping-taxable","15":"purchasable","16":"product-type-variable"},"_links":{"self":[{"href":"https:\/\/snus-malmo.se\/sv\/wp-json\/wp\/v2\/product\/54648","targetHints":{"allow":["GET"]}}],"collection":[{"href":"https:\/\/snus-malmo.se\/sv\/wp-json\/wp\/v2\/product"}],"about":[{"href":"https:\/\/snus-malmo.se\/sv\/wp-json\/wp\/v2\/types\/product"}],"replies":[{"embeddable":true,"href":"https:\/\/snus-malmo.se\/sv\/wp-json\/wp\/v2\/comments?post=54648"}],"version-history":[{"count":0,"href":"https:\/\/snus-malmo.se\/sv\/wp-json\/wp\/v2\/product\/54648\/revisions"}],"wp:featuredmedia":[{"embeddable":true,"href":"https:\/\/snus-malmo.se\/sv\/wp-json\/wp\/v2\/media\/60565"}],"wp:attachment":[{"href":"https:\/\/snus-malmo.se\/sv\/wp-json\/wp\/v2\/media?parent=54648"}],"wp:term":[{"taxonomy":"product_brand","embeddable":true,"href":"https:\/\/snus-malmo.se\/sv\/wp-json\/wp\/v2\/product_brand?post=54648"},{"taxonomy":"product_cat","embeddable":true,"href":"https:\/\/snus-malmo.se\/sv\/wp-json\/wp\/v2\/product_cat?post=54648"},{"taxonomy":"product_tag","embeddable":true,"href":"https:\/\/snus-malmo.se\/sv\/wp-json\/wp\/v2\/product_tag?post=54648"}],"curies":[{"name":"wp","href":"https:\/\/api.w.org\/{rel}","templated":true}]}}