{"id":54658,"date":"2025-05-23T16:58:30","date_gmt":"2025-05-23T16:58:30","guid":{"rendered":"https:\/\/snus-malmo.se\/?post_type=product&#038;p=54658"},"modified":"2025-08-05T00:05:30","modified_gmt":"2025-08-05T00:05:30","slug":"kapten-vit-portion-mini","status":"publish","type":"product","link":"https:\/\/snus-malmo.se\/sv\/produkt\/kapten-vit-portion-mini\/","title":{"rendered":"Kapten Vit Portion Mini"},"content":{"rendered":"<h1 class=\"mb-16 sm:mb-24\">Kapten Vit Portion Mini<\/h1>\n<h2 data-start=\"243\" data-end=\"313\">Kapten Vit Portion Mini \u2013 Kompakt smak med klassisk tobakskarakt\u00e4r<\/h2>\n<p data-start=\"315\" data-end=\"615\"><strong data-start=\"315\" data-end=\"342\">Kapten Vit Portion Mini<\/strong> \u00e4r en liten, diskret snusportion med en tydlig och klassisk smak av svensk tobak. Den torra ytan och l\u00e5ga fukthalten ger en <strong data-start=\"467\" data-end=\"510\">l\u00e5g rinnighet och l\u00e5ngvarig smakrelease<\/strong>, vilket g\u00f6r den perfekt f\u00f6r dig som vill ha ett smidigt snus som sitter bekv\u00e4mt under l\u00e4ppen hela dagen.<\/p>\n<p data-start=\"617\" data-end=\"763\">Det kompakta mini-formatet \u00e4r l\u00e4tt att hantera och passar utm\u00e4rkt f\u00f6r dig som f\u00f6redrar en mindre prilla utan att tumma p\u00e5 smaken eller kvaliteten.<\/p>\n<p data-start=\"765\" data-end=\"872\">\ud83d\udfe6 Utforska fler vita portioner i v\u00e5rt <a class=\"\" href=\"https:\/\/snus-malmo.se\/sv\/white-portion\/\" target=\"_new\" rel=\"noopener\" data-start=\"804\" data-end=\"871\"><strong data-start=\"805\" data-end=\"836\">White Portion-sortiment h\u00e4r<\/strong><\/a>.<\/p>\n<hr data-start=\"874\" data-end=\"877\" \/>\n<h3 data-start=\"879\" data-end=\"903\">Produktinformation:<\/h3>\n<ul data-start=\"905\" data-end=\"1258\">\n<li data-start=\"905\" data-end=\"930\">\n<p data-start=\"907\" data-end=\"930\"><strong data-start=\"907\" data-end=\"921\">Varum\u00e4rke:<\/strong> Kapten<\/p>\n<\/li>\n<li data-start=\"931\" data-end=\"964\">\n<p data-start=\"933\" data-end=\"964\"><strong data-start=\"933\" data-end=\"948\">Produkttyp:<\/strong> White Portion<\/p>\n<\/li>\n<li data-start=\"965\" data-end=\"985\">\n<p data-start=\"967\" data-end=\"985\"><strong data-start=\"967\" data-end=\"978\">Format:<\/strong> Mini<\/p>\n<\/li>\n<li data-start=\"986\" data-end=\"1036\">\n<p data-start=\"988\" data-end=\"1036\"><strong data-start=\"988\" data-end=\"1003\">Smakprofil:<\/strong> Klassisk tobak, mild och frisk<\/p>\n<\/li>\n<li data-start=\"1037\" data-end=\"1059\">\n<p data-start=\"1039\" data-end=\"1059\"><strong data-start=\"1039\" data-end=\"1050\">Styrka:<\/strong> Normal<\/p>\n<\/li>\n<li data-start=\"1060\" data-end=\"1089\">\n<p data-start=\"1062\" data-end=\"1089\"><strong data-start=\"1062\" data-end=\"1078\">Nikotinhalt:<\/strong> ca 0,8 %<\/p>\n<\/li>\n<li data-start=\"1090\" data-end=\"1125\">\n<p data-start=\"1092\" data-end=\"1125\"><strong data-start=\"1092\" data-end=\"1115\">Nikotin per prilla:<\/strong> ca 5 mg<\/p>\n<\/li>\n<li data-start=\"1126\" data-end=\"1166\">\n<p data-start=\"1128\" data-end=\"1166\"><strong data-start=\"1128\" data-end=\"1155\">Antal prillor per dosa:<\/strong> ca 24 st<\/p>\n<\/li>\n<li data-start=\"1167\" data-end=\"1192\">\n<p data-start=\"1169\" data-end=\"1192\"><strong data-start=\"1169\" data-end=\"1182\">Fukthalt:<\/strong> ca 45 %<\/p>\n<\/li>\n<li data-start=\"1193\" data-end=\"1226\">\n<p data-start=\"1195\" data-end=\"1226\"><strong data-start=\"1195\" data-end=\"1215\">Vikt per prilla:<\/strong> ca 0,5 g<\/p>\n<\/li>\n<li data-start=\"1227\" data-end=\"1258\">\n<p data-start=\"1229\" data-end=\"1258\"><strong data-start=\"1229\" data-end=\"1248\">Nettovikt\/dosa:<\/strong> ca 12 g<\/p>\n<\/li>\n<\/ul>\n<hr data-start=\"1260\" data-end=\"1263\" \/>\n<h3 data-start=\"1265\" data-end=\"1306\">Varf\u00f6r v\u00e4lja Kapten Vit Portion Mini?<\/h3>\n<p data-start=\"1308\" data-end=\"1563\">\u2705 Klassisk svensk tobakssmak i ett diskret mini-format<br data-start=\"1362\" data-end=\"1365\" \/>\u2705 White portion med l\u00e5g rinnighet och l\u00e5ng smakrelease<br data-start=\"1419\" data-end=\"1422\" \/>\u2705 Perfekt f\u00f6r dig som vill ha en liten och bekv\u00e4m prilla<br data-start=\"1478\" data-end=\"1481\" \/>\u2705 Smidigt format som passar hela dagen<br data-start=\"1519\" data-end=\"1522\" \/>\u2705 Snabb och s\u00e4ker leverans fr\u00e5n Veloop.se<\/p>\n<hr data-start=\"1565\" data-end=\"1568\" \/>\n<p data-start=\"1570\" data-end=\"1710\">Best\u00e4ll <strong data-start=\"1578\" data-end=\"1605\">Kapten Vit Portion Mini<\/strong> fr\u00e5n <strong data-start=\"1611\" data-end=\"1624\">Veloop.se<\/strong> och njut av en klassisk snusupplevelse i ett kompakt och fr\u00e4scht vitt portionsformat.<\/p>","protected":false},"excerpt":{"rendered":"<h1 class=\"mb-16 sm:mb-24\">Kapten Vit Portion Mini<\/h1>\n<h2 data-start=\"243\" data-end=\"313\">Kapten Vit Portion Mini \u2013 Kompakt smak med klassisk tobakskarakt\u00e4r<\/h2>\n<p><strong data-start=\"1735\" data-end=\"1762\">Kapten Vit Portion Mini<\/strong> \u00e4r en liten, smakrik vit portion med klassisk tobakssmak och l\u00e5g rinnighet \u2013 perfekt f\u00f6r dig som vill ha en diskret snus.<br data-start=\"1884\" data-end=\"1887\" \/>\ud83d\udc49 Se fler vita portioner i v\u00e5rt <a class=\"\" href=\"https:\/\/snus-malmo.se\/sv\/white-portion\/\" target=\"_new\" rel=\"noopener\" data-start=\"1920\" data-end=\"1987\"><strong data-start=\"1921\" data-end=\"1952\">White Portion-sortiment h\u00e4r<\/strong><\/a>.<\/p>","protected":false},"featured_media":61528,"comment_status":"open","ping_status":"closed","template":"","meta":[],"product_brand":[373],"product_cat":[96,79,73,368,135],"product_tag":[],"class_list":{"0":"post-54658","1":"product","2":"type-product","3":"status-publish","4":"has-post-thumbnail","6":"product_brand-kapten-snus","7":"product_cat-kapten","8":"product_cat-mini-portion","9":"product_cat-portionssnus","10":"product_cat-snus-tobakssnus-traditionellt-snus","11":"product_cat-white-portion","13":"first","14":"instock","15":"taxable","16":"shipping-taxable","17":"purchasable","18":"product-type-variable"},"_links":{"self":[{"href":"https:\/\/snus-malmo.se\/sv\/wp-json\/wp\/v2\/product\/54658","targetHints":{"allow":["GET"]}}],"collection":[{"href":"https:\/\/snus-malmo.se\/sv\/wp-json\/wp\/v2\/product"}],"about":[{"href":"https:\/\/snus-malmo.se\/sv\/wp-json\/wp\/v2\/types\/product"}],"replies":[{"embeddable":true,"href":"https:\/\/snus-malmo.se\/sv\/wp-json\/wp\/v2\/comments?post=54658"}],"version-history":[{"count":0,"href":"https:\/\/snus-malmo.se\/sv\/wp-json\/wp\/v2\/product\/54658\/revisions"}],"wp:featuredmedia":[{"embeddable":true,"href":"https:\/\/snus-malmo.se\/sv\/wp-json\/wp\/v2\/media\/61528"}],"wp:attachment":[{"href":"https:\/\/snus-malmo.se\/sv\/wp-json\/wp\/v2\/media?parent=54658"}],"wp:term":[{"taxonomy":"product_brand","embeddable":true,"href":"https:\/\/snus-malmo.se\/sv\/wp-json\/wp\/v2\/product_brand?post=54658"},{"taxonomy":"product_cat","embeddable":true,"href":"https:\/\/snus-malmo.se\/sv\/wp-json\/wp\/v2\/product_cat?post=54658"},{"taxonomy":"product_tag","embeddable":true,"href":"https:\/\/snus-malmo.se\/sv\/wp-json\/wp\/v2\/product_tag?post=54658"}],"curies":[{"name":"wp","href":"https:\/\/api.w.org\/{rel}","templated":true}]}}